{"id":170,"date":"2022-01-16T13:24:39","date_gmt":"2022-01-16T10:24:39","guid":{"rendered":"http:\/\/softetik.com\/index.php\/contact\/"},"modified":"2025-06-08T16:47:43","modified_gmt":"2025-06-08T13:47:43","slug":"contact","status":"publish","type":"page","link":"https:\/\/foxelektronik.com\/index.php\/contact\/","title":{"rendered":"Contact"},"content":{"rendered":"\t\t<div data-elementor-type=\"wp-page\" data-elementor-id=\"170\" class=\"elementor elementor-170\">\n\t\t\t\t<div class=\"aux-parallax-section elementor-element elementor-element-47f3864 e-flex e-con-boxed e-con e-parent\" data-id=\"47f3864\" data-element_type=\"container\" data-settings=\"{&quot;background_background&quot;:&quot;classic&quot;}\">\n\t\t\t\t\t<div class=\"e-con-inner\">\n\t\t<div class=\"elementor-element elementor-element-bf1eca2 e-con-full e-flex e-con e-child\" data-id=\"bf1eca2\" data-element_type=\"container\">\n\t\t\t\t<div class=\"elementor-element elementor-element-277d14b aux-appear-watch-animation aux-fade-in-up elementor-widget elementor-widget-aux_modern_heading\" data-id=\"277d14b\" data-element_type=\"widget\" data-widget_type=\"aux_modern_heading.default\">\n\t\t\t\t<div class=\"elementor-widget-container\">\n\t\t\t\t\t<section class=\"aux-widget-modern-heading\">\n            <div class=\"aux-widget-inner\"><p class=\"aux-modern-heading-primary\">\u0130leti\u015fim<\/p><h3 class=\"aux-modern-heading-secondary\"><span class=\"aux-head-before\">Bize Ula\u015f\u0131n<\/span><\/h3><div class=\"aux-modern-heading-description\"><p>Sorular\u0131n\u0131z, \u00f6nerileriniz ya da i\u015f birli\u011fi talepleriniz i\u00e7in formu doldurun. En k\u0131sa s\u00fcrede size d\u00f6n\u00fc\u015f yapal\u0131m.<\/p><\/div><\/div>\n        <\/section>\t\t\t\t<\/div>\n\t\t\t\t<\/div>\n\t\t\t\t<\/div>\n\t\t<div class=\"elementor-element elementor-element-e74740f e-con-full e-flex e-con e-child\" data-id=\"e74740f\" data-element_type=\"container\" data-settings=\"{&quot;background_background&quot;:&quot;classic&quot;}\">\n\t\t\t\t<div class=\"elementor-element elementor-element-4a96c87 aux-appear-watch-animation aux-fade-in-right elementor-widget elementor-widget-aux_contact_form\" data-id=\"4a96c87\" data-element_type=\"widget\" data-widget_type=\"aux_contact_form.default\">\n\t\t\t\t<div class=\"elementor-widget-container\">\n\t\t\t\t\t<section class=\"widget-container aux-widget-contact-form aux-parent-au659c4294\">            <div class=\"aux-col-wrapper aux-no-gutter\">\n            <!-- @TODO - The output for element here -->\n\n            \n<div class=\"wpcf7 no-js\" id=\"wpcf7-f159-o1\" lang=\"en-US\" dir=\"ltr\" data-wpcf7-id=\"159\">\n<div class=\"screen-reader-response\"><p role=\"status\" aria-live=\"polite\" aria-atomic=\"true\"><\/p> <ul><\/ul><\/div>\n<form action=\"\/index.php\/wp-json\/wp\/v2\/pages\/170#wpcf7-f159-o1\" method=\"post\" class=\"wpcf7-form init\" aria-label=\"Contact form\" novalidate=\"novalidate\" data-status=\"init\">\n<div style=\"display: none;\">\n<input type=\"hidden\" name=\"_wpcf7\" value=\"159\" \/>\n<input type=\"hidden\" name=\"_wpcf7_version\" value=\"6.0.6\" \/>\n<input type=\"hidden\" name=\"_wpcf7_locale\" value=\"en_US\" \/>\n<input type=\"hidden\" name=\"_wpcf7_unit_tag\" value=\"wpcf7-f159-o1\" \/>\n<input type=\"hidden\" name=\"_wpcf7_container_post\" value=\"0\" \/>\n<input type=\"hidden\" name=\"_wpcf7_posted_data_hash\" value=\"\" \/>\n<\/div>\n<div class=\"part1\">\n<span class=\"wpcf7-form-control-wrap\" data-name=\"Fullname\"><input size=\"40\" maxlength=\"400\" class=\"wpcf7-form-control wpcf7-text wpcf7-validates-as-required\" aria-required=\"true\" aria-invalid=\"false\" placeholder=\"\u0130sim\" value=\"\" type=\"text\" name=\"Fullname\" \/><\/span><span class=\"wpcf7-form-control-wrap\" data-name=\"Email\"><input size=\"40\" maxlength=\"400\" class=\"wpcf7-form-control wpcf7-email wpcf7-validates-as-required wpcf7-text wpcf7-validates-as-email\" aria-required=\"true\" aria-invalid=\"false\" placeholder=\"E-posta\" value=\"\" type=\"email\" name=\"Email\" \/><\/span><span class=\"wpcf7-form-control-wrap\" data-name=\"PhoneNumber\"><input size=\"40\" maxlength=\"400\" class=\"wpcf7-form-control wpcf7-text wpcf7-validates-as-required\" aria-required=\"true\" aria-invalid=\"false\" placeholder=\"Telefon Numaras\u0131\" value=\"\" type=\"text\" name=\"PhoneNumber\" \/><\/span><\/div>\n<span class=\"wpcf7-form-control-wrap\" data-name=\"Message\"><textarea cols=\"40\" rows=\"10\" maxlength=\"2000\" class=\"wpcf7-form-control wpcf7-textarea\" id=\"Message\" aria-invalid=\"false\" placeholder=\"Mesaj\" name=\"Message\"><\/textarea><\/span>\n<input class=\"wpcf7-form-control wpcf7-submit has-spinner Sumbit\" id=\"Sumbit\" type=\"submit\" value=\"G\u00f6nder\" \/><div class=\"wpcf7-response-output\" aria-hidden=\"true\"><\/div>\n<\/form>\n<\/div>\n\n\n            <\/div><!-- aux-col-wrapper -->\n    <\/section><!-- widget-container -->\t\t\t\t<\/div>\n\t\t\t\t<\/div>\n\t\t\t\t<\/div>\n\t\t\t\t\t<\/div>\n\t\t\t\t<\/div>\n\t\t<div class=\"aux-parallax-section elementor-element elementor-element-e50b067 e-flex e-con-boxed e-con e-parent\" data-id=\"e50b067\" data-element_type=\"container\">\n\t\t\t\t\t<div class=\"e-con-inner\">\n\t\t<div class=\"elementor-element elementor-element-7d42d5a aux-appear-watch-animation aux-scale-down e-con-full e-flex e-con e-child\" data-id=\"7d42d5a\" data-element_type=\"container\">\n\t\t<div class=\"elementor-element elementor-element-c415b0b e-con-full e-flex e-con e-child\" data-id=\"c415b0b\" data-element_type=\"container\" data-settings=\"{&quot;background_background&quot;:&quot;classic&quot;}\">\n\t\t<div class=\"elementor-element elementor-element-0483cd7 e-con-full e-flex e-con e-child\" data-id=\"0483cd7\" data-element_type=\"container\">\n\t\t\t\t<div class=\"elementor-element elementor-element-27719dc elementor-widget__width-auto aux-appear-watch-animation aux-fade-in-up elementor-widget elementor-widget-aux_text\" data-id=\"27719dc\" data-element_type=\"widget\" data-widget_type=\"aux_text.default\">\n\t\t\t\t<div class=\"elementor-widget-container\">\n\t\t\t\t\t<section class=\"widget-container aux-widget-text aux-parent-au41e62e89\">        <div class=\"aux-widget-advanced-text aux-wrap-style-simple aux-ico-pos-top aux-text-center aux-text-resp- aux-text-color-dark aux-text-widget-bg-center  \" >\n        \n                            <div class=\"aux-text-widget-header \"  >\n                        <div class=\"aux-ico-box aux-ico-large aux-img-box aux-ico-shape-default aux-ico-clear \">\n                                                                <img decoding=\"async\" width=\"27\" height=\"17\" src=\"image\/gif;base64,R0lGODlhAQABAIAAAAAAAP\/\/\/yH5BAEAAAAALAAAAAABAAEAAAIBRAA7\" class=\"aux-attachment aux-featured-image aux-attachment-id-99 aux-preload aux-blank\" alt=\"demo-attachment-1054-Group-8011\" data-ratio=\"1.59\" data-original-w=\"27\" data-src=\"https:\/\/foxelektronik.com\/wp-content\/uploads\/2022\/01\/Group-8011.svg\" \/>                                                    <\/div>\n                <\/div>\n            \n            <div class=\"aux-text-inner aux-text-widget-content\">\n                                <h4 class=\"col-title\">E-posta<\/h4>\n                                <div class=\"widget-content\">\n                                        <p>info@foxelektronik.com<\/p><p><\/br><\/p>                <\/div>\n                            <\/div>\n        <\/div>\n                    <div class=\"aux-text-widget-footer\">\n                <div class=\"aux-border-shape-none \">\n                                <\/div>\n            <\/div>\n        \n<\/section><!-- widget-container -->\t\t\t\t<\/div>\n\t\t\t\t<\/div>\n\t\t\t\t<\/div>\n\t\t<div class=\"elementor-element elementor-element-9365176 e-con-full e-flex e-con e-child\" data-id=\"9365176\" data-element_type=\"container\">\n\t\t\t\t<div class=\"elementor-element elementor-element-b999441 elementor-widget__width-inherit aux-appear-watch-animation aux-fade-in-up elementor-widget elementor-widget-aux_text\" data-id=\"b999441\" data-element_type=\"widget\" data-widget_type=\"aux_text.default\">\n\t\t\t\t<div class=\"elementor-widget-container\">\n\t\t\t\t\t<section class=\"widget-container aux-widget-text aux-parent-au977791a4\">        <div class=\"aux-widget-advanced-text aux-wrap-style-simple aux-ico-pos-top aux-text-center aux-text-resp- aux-text-color-dark aux-text-widget-bg-center  \" >\n        \n                            <div class=\"aux-text-widget-header \"  >\n                        <div class=\"aux-ico-box aux-ico-large aux-img-box aux-ico-shape-default aux-ico-clear \">\n                                                                <img decoding=\"async\" width=\"30\" height=\"30\" src=\"image\/gif;base64,R0lGODlhAQABAIAAAAAAAP\/\/\/yH5BAEAAAAALAAAAAABAAEAAAIBRAA7\" class=\"aux-attachment aux-featured-image aux-attachment-id-97 aux-preload aux-blank\" alt=\"demo-attachment-1073-telephone\" data-ratio=\"1\" data-original-w=\"30\" data-src=\"https:\/\/foxelektronik.com\/wp-content\/uploads\/2022\/01\/telephone.svg\" \/>                                                    <\/div>\n                <\/div>\n            \n            <div class=\"aux-text-inner aux-text-widget-content\">\n                                <h4 class=\"col-title\">Telefon<\/h4>\n                                <div class=\"widget-content\">\n                                        <p>+90 (212) 599-03-69<\/p><p><\/br><\/p>                <\/div>\n                            <\/div>\n        <\/div>\n                    <div class=\"aux-text-widget-footer\">\n                <div class=\"aux-border-shape-none \">\n                                <\/div>\n            <\/div>\n        \n<\/section><!-- widget-container -->\t\t\t\t<\/div>\n\t\t\t\t<\/div>\n\t\t\t\t<\/div>\n\t\t<div class=\"elementor-element elementor-element-6f12268 e-con-full e-flex e-con e-child\" data-id=\"6f12268\" data-element_type=\"container\">\n\t\t\t\t<div class=\"elementor-element elementor-element-94f60a8 elementor-widget__width-auto aux-appear-watch-animation aux-fade-in-up elementor-widget elementor-widget-aux_text\" data-id=\"94f60a8\" data-element_type=\"widget\" data-widget_type=\"aux_text.default\">\n\t\t\t\t<div class=\"elementor-widget-container\">\n\t\t\t\t\t<section class=\"widget-container aux-widget-text aux-parent-auf8f2976d\">        <div class=\"aux-widget-advanced-text aux-wrap-style-simple aux-ico-pos-top aux-text-center aux-text-resp- aux-text-color-dark aux-text-widget-bg-center  \" >\n        \n                            <div class=\"aux-text-widget-header \"  >\n                        <div class=\"aux-ico-box aux-ico-large aux-img-box aux-ico-shape-default aux-ico-clear \">\n                                                                <img decoding=\"async\" width=\"20\" height=\"26\" src=\"image\/gif;base64,R0lGODlhAQABAIAAAAAAAP\/\/\/yH5BAEAAAAALAAAAAABAAEAAAIBRAA7\" class=\"aux-attachment aux-featured-image aux-attachment-id-98 aux-preload aux-blank\" alt=\"demo-attachment-1069-placeholder1\" data-ratio=\"0.77\" data-original-w=\"20\" data-src=\"https:\/\/foxelektronik.com\/wp-content\/uploads\/2022\/01\/placeholder1.svg\" \/>                                                    <\/div>\n                <\/div>\n            \n            <div class=\"aux-text-inner aux-text-widget-content\">\n                                <h4 class=\"col-title\">Adres<\/h4>\n                                <div class=\"widget-content\">\n                                        <p><a title=\"Ye\u015filova Mh, Zuhal Sk. No:4A\/5 K.4   Fox Plaza  34295 K\u00fc\u00e7\u00fck\u00e7ekmece \/ \u0130stanbul \/ T\u00dcRK\u0130YE\" href=\"https:\/\/goo.gl\/maps\/tCc1GFFUDcgnYipC8\" target=\"_blank\" rel=\"nofollow noopener\">Ye\u015filova Mh, Zuhal Sk. No:4A\/5 K.4 Fox Plaza 34295 K\u00fc\u00e7\u00fck\u00e7ekmece \/ \u0130stanbul \/ T\u00dcRK\u0130YE<\/a><\/p>                <\/div>\n                            <\/div>\n        <\/div>\n                    <div class=\"aux-text-widget-footer\">\n                <div class=\"aux-border-shape-none \">\n                                <\/div>\n            <\/div>\n        \n<\/section><!-- widget-container -->\t\t\t\t<\/div>\n\t\t\t\t<\/div>\n\t\t\t\t<\/div>\n\t\t\t\t<\/div>\n\t\t\t\t<\/div>\n\t\t\t\t\t<\/div>\n\t\t\t\t<\/div>\n\t\t<div class=\"aux-parallax-section elementor-element elementor-element-4c2fc56 e-con-full e-flex e-con e-parent\" data-id=\"4c2fc56\" data-element_type=\"container\">\n\t\t<div class=\"elementor-element elementor-element-2c7569e e-con-full e-flex e-con e-child\" data-id=\"2c7569e\" data-element_type=\"container\">\n\t\t\t\t<div class=\"elementor-element elementor-element-d812077 elementor-widget elementor-widget-aux_gmap\" data-id=\"d812077\" data-element_type=\"widget\" data-widget_type=\"aux_gmap.default\">\n\t\t\t\t<div class=\"elementor-widget-container\">\n\t\t\t\t\t            <div class=\"elementor-alert elementor-alert-danger\" role=\"alert\">\n                <span class=\"elementor-alert-title\">\n                    Google Maps API Key Is Missing.                <\/span>\n                <span class=\"elementor-alert-description\">\n                    In order to use google maps on your website, you have to create an api key and insert it in customizer &quot;Google Maps API Key&quot; field.                <\/span>\n            <\/div>\n        \t\t\t\t<\/div>\n\t\t\t\t<\/div>\n\t\t\t\t<\/div>\n\t\t\t\t<\/div>\n\t\t\t\t<\/div>\n\t\t","protected":false},"excerpt":{"rendered":"<p>\u0130leti\u015fim Bize Ula\u015f\u0131n Sorular\u0131n\u0131z, \u00f6nerileriniz ya da i\u015f birli\u011fi talepleriniz i\u00e7in formu doldurun. En k\u0131sa s\u00fcrede size d\u00f6n\u00fc\u015f yapal\u0131m. E-posta info@foxelektronik.com Telefon +90 (212) 599-03-69 Adres Ye\u015filova Mh, Zuhal Sk. No:4A\/5 K.4 Fox Plaza 34295 K\u00fc\u00e7\u00fck\u00e7ekmece \/ \u0130stanbul \/ T\u00dcRK\u0130YE Google Maps API Key Is Missing. In order to use google maps on your website, [&hellip;]<\/p>\n","protected":false},"author":1,"featured_media":0,"parent":0,"menu_order":0,"comment_status":"closed","ping_status":"closed","template":"templates\/page-builder-content.php","meta":{"footnotes":""},"class_list":["post-170","page","type-page","status-publish","hentry"],"_links":{"self":[{"href":"https:\/\/foxelektronik.com\/index.php\/wp-json\/wp\/v2\/pages\/170","targetHints":{"allow":["GET"]}}],"collection":[{"href":"https:\/\/foxelektronik.com\/index.php\/wp-json\/wp\/v2\/pages"}],"about":[{"href":"https:\/\/foxelektronik.com\/index.php\/wp-json\/wp\/v2\/types\/page"}],"author":[{"embeddable":true,"href":"https:\/\/foxelektronik.com\/index.php\/wp-json\/wp\/v2\/users\/1"}],"replies":[{"embeddable":true,"href":"https:\/\/foxelektronik.com\/index.php\/wp-json\/wp\/v2\/comments?post=170"}],"version-history":[{"count":6,"href":"https:\/\/foxelektronik.com\/index.php\/wp-json\/wp\/v2\/pages\/170\/revisions"}],"predecessor-version":[{"id":906,"href":"https:\/\/foxelektronik.com\/index.php\/wp-json\/wp\/v2\/pages\/170\/revisions\/906"}],"wp:attachment":[{"href":"https:\/\/foxelektronik.com\/index.php\/wp-json\/wp\/v2\/media?parent=170"}],"curies":[{"name":"wp","href":"https:\/\/api.w.org\/{rel}","templated":true}]}}