{"id":171,"date":"2022-01-16T13:23:32","date_gmt":"2022-01-16T10:23:32","guid":{"rendered":"http:\/\/softetik.com\/index.php\/about\/"},"modified":"2025-08-26T17:10:10","modified_gmt":"2025-08-26T14:10:10","slug":"about","status":"publish","type":"page","link":"https:\/\/foxelektronik.com\/index.php\/about\/","title":{"rendered":"About"},"content":{"rendered":"\t\t<div data-elementor-type=\"wp-page\" data-elementor-id=\"171\" class=\"elementor elementor-171\">\n\t\t\t\t<div class=\"aux-parallax-section elementor-element elementor-element-c089d2f e-flex e-con-boxed e-con e-parent\" data-id=\"c089d2f\" data-element_type=\"container\">\n\t\t\t\t\t<div class=\"e-con-inner\">\n\t\t<div class=\"elementor-element elementor-element-8fdf94d e-con-full e-flex e-con e-child\" data-id=\"8fdf94d\" data-element_type=\"container\">\n\t\t\t\t<div class=\"elementor-element elementor-element-29b1f68 elementor-widget elementor-widget-aux_image\" data-id=\"29b1f68\" data-element_type=\"widget\" data-widget_type=\"aux_image.default\">\n\t\t\t\t<div class=\"elementor-widget-container\">\n\t\t\t\t\t<section class=\"widget-container aux-widget-image aux-alignnone aux-parent-au6def62a1\">\n    <div class=\"aux-media-hint-frame \">\n        <div class=\"aux-media-image \" >\n        \n            \n\n            \n            <img fetchpriority=\"high\" decoding=\"async\" width=\"715\" height=\"364\" src=\"https:\/\/foxelektronik.com\/wp-content\/uploads\/2025\/06\/foxlogo-2.png\" class=\"aux-attachment aux-featured-image aux-attachment-id-986\" alt=\"foxlogo\" srcset=\"https:\/\/foxelektronik.com\/wp-content\/uploads\/2025\/06\/foxlogo-2-150x150.png 150w,https:\/\/foxelektronik.com\/wp-content\/uploads\/2025\/06\/foxlogo-2-300x300.png 300w,https:\/\/foxelektronik.com\/wp-content\/uploads\/2025\/06\/foxlogo-2.png 715w\" data-ratio=\"1\" data-original-w=\"715\" sizes=\"(max-width:479px) 480px,(max-width:767px) 768px,(max-width:1023px) 1024px,715px\" \/>            \n                <\/div>\n    <\/div>\n\n<\/section><!-- widget-container -->\t\t\t\t<\/div>\n\t\t\t\t<\/div>\n\t\t\t\t<\/div>\n\t\t<div class=\"elementor-element elementor-element-3bb2152 e-con-full e-flex e-con e-child\" data-id=\"3bb2152\" data-element_type=\"container\" data-settings=\"{&quot;background_background&quot;:&quot;classic&quot;}\">\n\t\t\t\t<div class=\"elementor-element elementor-element-9aa0aa2 aux-appear-watch-animation aux-fade-in-up elementor-widget elementor-widget-aux_modern_heading\" data-id=\"9aa0aa2\" data-element_type=\"widget\" data-widget_type=\"aux_modern_heading.default\">\n\t\t\t\t<div class=\"elementor-widget-container\">\n\t\t\t\t\t<section class=\"aux-widget-modern-heading\">\n            <div class=\"aux-widget-inner\"><p class=\"aux-modern-heading-primary\">Hakk\u0131m\u0131zda<\/p><h3 class=\"aux-modern-heading-secondary\"><span class=\"aux-head-before\">30 y\u0131ll\u0131k ge\u00e7mi\u015fin verdi\u011fi tecr\u00fcbe ile...<\/span><\/h3><div class=\"aux-modern-heading-description\"><p data-start=\"118\" data-end=\"380\">\u00a0 Fox Elektronik Ailesi olarak, siz de\u011ferli m\u00fc\u015fterilerimize 30 y\u0131l\u0131 a\u015fk\u0131n bir s\u00fcredir kaliteli hizmet sunman\u0131n gururunu ya\u015f\u0131yoruz. \u0130leti\u015fim teknolojileri alan\u0131ndaki bilgi birikimimiz ve tecr\u00fcbemizle, her ge\u00e7en g\u00fcn daha g\u00fc\u00e7l\u00fc, daha yenilik\u00e7i bir yap\u0131ya d\u00f6n\u00fc\u015f\u00fcyoruz.<\/p><p data-start=\"382\" data-end=\"684\">\u00a0 M\u00fc\u015fteri memnuniyetini temel ilkemiz olarak benimseyerek, sat\u0131\u015f \u00f6ncesinden sat\u0131\u015f sonras\u0131na kadar her ad\u0131mda g\u00fcvenilir \u00e7\u00f6z\u00fcmler sunuyoruz. Alan\u0131nda uzman kadromuzla, teknolojik geli\u015fmeleri yak\u0131ndan takip ediyor; sizlere en g\u00fcncel, en i\u015flevsel \u00fcr\u00fcn ve hizmetleri sunmak i\u00e7in s\u00fcrekli kendimizi yeniliyoruz.<\/p><p data-start=\"686\" data-end=\"823\">\u00a0 Sizlerin deste\u011fiyle b\u00fcy\u00fcyen firmam\u0131z, sekt\u00f6rdeki lider konumunu peki\u015ftirerek, gelece\u011fe daha sa\u011flam ad\u0131mlarla ilerlemeye devam etmektedir.<\/p><\/div><\/div>\n        <\/section>\t\t\t\t<\/div>\n\t\t\t\t<\/div>\n\t\t\t\t<\/div>\n\t\t\t\t\t<\/div>\n\t\t\t\t<\/div>\n\t\t\t\t<\/div>\n\t\t","protected":false},"excerpt":{"rendered":"<p>Hakk\u0131m\u0131zda 30 y\u0131ll\u0131k ge\u00e7mi\u015fin verdi\u011fi tecr\u00fcbe ile&#8230; \u00a0 Fox Elektronik Ailesi olarak, siz de\u011ferli m\u00fc\u015fterilerimize 30 y\u0131l\u0131 a\u015fk\u0131n bir s\u00fcredir kaliteli hizmet sunman\u0131n gururunu ya\u015f\u0131yoruz. \u0130leti\u015fim teknolojileri alan\u0131ndaki bilgi birikimimiz ve tecr\u00fcbemizle, her ge\u00e7en g\u00fcn daha g\u00fc\u00e7l\u00fc, daha yenilik\u00e7i bir yap\u0131ya d\u00f6n\u00fc\u015f\u00fcyoruz. \u00a0 M\u00fc\u015fteri memnuniyetini temel ilkemiz olarak benimseyerek, sat\u0131\u015f \u00f6ncesinden sat\u0131\u015f sonras\u0131na kadar her [&hellip;]<\/p>\n","protected":false},"author":1,"featured_media":0,"parent":0,"menu_order":0,"comment_status":"closed","ping_status":"closed","template":"templates\/page-builder-content.php","meta":{"footnotes":""},"class_list":["post-171","page","type-page","status-publish","hentry"],"_links":{"self":[{"href":"https:\/\/foxelektronik.com\/index.php\/wp-json\/wp\/v2\/pages\/171","targetHints":{"allow":["GET"]}}],"collection":[{"href":"https:\/\/foxelektronik.com\/index.php\/wp-json\/wp\/v2\/pages"}],"about":[{"href":"https:\/\/foxelektronik.com\/index.php\/wp-json\/wp\/v2\/types\/page"}],"author":[{"embeddable":true,"href":"https:\/\/foxelektronik.com\/index.php\/wp-json\/wp\/v2\/users\/1"}],"replies":[{"embeddable":true,"href":"https:\/\/foxelektronik.com\/index.php\/wp-json\/wp\/v2\/comments?post=171"}],"version-history":[{"count":21,"href":"https:\/\/foxelektronik.com\/index.php\/wp-json\/wp\/v2\/pages\/171\/revisions"}],"predecessor-version":[{"id":5202,"href":"https:\/\/foxelektronik.com\/index.php\/wp-json\/wp\/v2\/pages\/171\/revisions\/5202"}],"wp:attachment":[{"href":"https:\/\/foxelektronik.com\/index.php\/wp-json\/wp\/v2\/media?parent=171"}],"curies":[{"name":"wp","href":"https:\/\/api.w.org\/{rel}","templated":true}]}}