{"id":835,"date":"2025-06-07T15:47:18","date_gmt":"2025-06-07T12:47:18","guid":{"rendered":"http:\/\/softetik.com\/?page_id=835"},"modified":"2025-08-04T14:19:31","modified_gmt":"2025-08-04T11:19:31","slug":"hizmetlerimiz","status":"publish","type":"page","link":"https:\/\/foxelektronik.com\/index.php\/hizmetlerimiz\/","title":{"rendered":"Hizmetlerimiz"},"content":{"rendered":"\t\t<div data-elementor-type=\"wp-page\" data-elementor-id=\"835\" class=\"elementor elementor-835\">\n\t\t\t\t<div class=\"aux-parallax-section elementor-element elementor-element-c895a4b e-flex e-con-boxed e-con e-parent\" data-id=\"c895a4b\" data-element_type=\"container\">\n\t\t\t\t\t<div class=\"e-con-inner\">\n\t\t\t\t<div class=\"elementor-element elementor-element-0be86b5 elementor-widget elementor-widget-aux_modern_heading\" data-id=\"0be86b5\" data-element_type=\"widget\" data-widget_type=\"aux_modern_heading.default\">\n\t\t\t\t<div class=\"elementor-widget-container\">\n\t\t\t\t\t<section class=\"aux-widget-modern-heading\">\n            <div class=\"aux-widget-inner\"><h2 class=\"aux-modern-heading-primary\">Hizmetlerimiz<\/h2><div class=\"aux-modern-heading-divider\"><\/div><\/div>\n        <\/section>\t\t\t\t<\/div>\n\t\t\t\t<\/div>\n\t\t\t\t\t<\/div>\n\t\t\t\t<\/div>\n\t\t<div class=\"aux-parallax-section elementor-element elementor-element-c334542 e-grid e-con-boxed e-con e-parent\" data-id=\"c334542\" data-element_type=\"container\">\n\t\t\t\t\t<div class=\"e-con-inner\">\n\t\t<div class=\"elementor-element elementor-element-2dd97aa e-con-full e-flex e-con e-child\" data-id=\"2dd97aa\" data-element_type=\"container\">\n\t\t<div class=\"elementor-element elementor-element-d6c57ca e-con-full e-flex e-con e-child\" data-id=\"d6c57ca\" data-element_type=\"container\">\n\t\t\t\t<div class=\"elementor-element elementor-element-f693e81 elementor-widget elementor-widget-aux_image\" data-id=\"f693e81\" data-element_type=\"widget\" data-widget_type=\"aux_image.default\">\n\t\t\t\t<div class=\"elementor-widget-container\">\n\t\t\t\t\t<section class=\"widget-container aux-widget-image aux-alignnone aux-parent-au094379c6\">\n    <div class=\"aux-media-hint-frame \">\n        <div class=\"aux-media-image \" >\n        \n            \n\n            \n            <img fetchpriority=\"high\" decoding=\"async\" width=\"788\" height=\"443\" src=\"https:\/\/foxelektronik.com\/wp-content\/uploads\/2025\/06\/494c284747a84ac1482efb1fd1113e24-2.jpg\" class=\"aux-attachment aux-featured-image aux-attachment-id-944\" alt=\"494c284747a84ac1482efb1fd1113e24\" srcset=\"https:\/\/foxelektronik.com\/wp-content\/uploads\/2025\/06\/494c284747a84ac1482efb1fd1113e24-2-150x150.jpg 150w,https:\/\/foxelektronik.com\/wp-content\/uploads\/2025\/06\/494c284747a84ac1482efb1fd1113e24-2-300x300.jpg 300w,https:\/\/foxelektronik.com\/wp-content\/uploads\/2025\/06\/494c284747a84ac1482efb1fd1113e24-2-768x443.jpg 768w,https:\/\/foxelektronik.com\/wp-content\/uploads\/2025\/06\/494c284747a84ac1482efb1fd1113e24-2.jpg 788w\" data-ratio=\"1\" data-original-w=\"788\" sizes=\"(max-width:479px) 480px,(max-width:767px) 768px,(max-width:1023px) 1024px,788px\" \/>            \n                <\/div>\n    <\/div>\n\n<\/section><!-- widget-container -->\t\t\t\t<\/div>\n\t\t\t\t<\/div>\n\t\t\t\t<div class=\"elementor-element elementor-element-b8a6a15 elementor-widget elementor-widget-aux_modern_heading\" data-id=\"b8a6a15\" data-element_type=\"widget\" data-widget_type=\"aux_modern_heading.default\">\n\t\t\t\t<div class=\"elementor-widget-container\">\n\t\t\t\t\t<section class=\"aux-widget-modern-heading\">\n            <div class=\"aux-widget-inner\"><h3 class=\"aux-modern-heading-primary\">Sa\u011fl\u0131k Sekt\u00f6r\u00fcndeki Hizmetlerimiz<\/h3><div class=\"aux-modern-heading-divider\"><\/div><\/div>\n        <\/section>\t\t\t\t<\/div>\n\t\t\t\t<\/div>\n\t\t\t\t<div class=\"elementor-element elementor-element-37cf994 elementor-widget elementor-widget-text-editor\" data-id=\"37cf994\" data-element_type=\"widget\" data-widget_type=\"text-editor.default\">\n\t\t\t\t<div class=\"elementor-widget-container\">\n\t\t\t\t\t\t\t\t\t<p>Sa\u011fl\u0131k sekt\u00f6r\u00fcnde, kamu kurumlar\u0131,hastaneler, 112 komuta merkezleri \u00a0ayr\u0131ca bir \u00e7ok \u00f6zel ambulans firmas\u0131na alt yap\u0131 ve sistem onaylama k\u0131sm\u0131na kadar olan s\u00fcre\u00e7te hizmet vermekteyiz.<\/p>\t\t\t\t\t\t\t\t<\/div>\n\t\t\t\t<\/div>\n\t\t\t\t<\/div>\n\t\t\t\t<\/div>\n\t\t<div class=\"elementor-element elementor-element-6b2fb05 e-con-full e-flex e-con e-child\" data-id=\"6b2fb05\" data-element_type=\"container\">\n\t\t<div class=\"elementor-element elementor-element-a8648aa e-con-full e-flex e-con e-child\" data-id=\"a8648aa\" data-element_type=\"container\">\n\t\t\t\t<div class=\"elementor-element elementor-element-911e8e1 elementor-widget elementor-widget-image\" data-id=\"911e8e1\" data-element_type=\"widget\" data-widget_type=\"image.default\">\n\t\t\t\t<div class=\"elementor-widget-container\">\n\t\t\t\t\t\t\t\t\t\t\t\t\t\t\t<img decoding=\"async\" width=\"788\" height=\"443\" src=\"https:\/\/foxelektronik.com\/wp-content\/uploads\/2025\/06\/8e1eb0520fd5f113fc97fde212e41cc8-1.jpg\" class=\"attachment-large size-large wp-image-927\" alt=\"\" srcset=\"https:\/\/foxelektronik.com\/wp-content\/uploads\/2025\/06\/8e1eb0520fd5f113fc97fde212e41cc8-1.jpg 788w, https:\/\/foxelektronik.com\/wp-content\/uploads\/2025\/06\/8e1eb0520fd5f113fc97fde212e41cc8-1-200x112.jpg 200w, https:\/\/foxelektronik.com\/wp-content\/uploads\/2025\/06\/8e1eb0520fd5f113fc97fde212e41cc8-1-600x337.jpg 600w\" sizes=\"(max-width: 788px) 100vw, 788px\" \/>\t\t\t\t\t\t\t\t\t\t\t\t\t\t\t<\/div>\n\t\t\t\t<\/div>\n\t\t\t\t<\/div>\n\t\t\t\t<div class=\"elementor-element elementor-element-d7e9e3d elementor-widget elementor-widget-aux_modern_heading\" data-id=\"d7e9e3d\" data-element_type=\"widget\" data-widget_type=\"aux_modern_heading.default\">\n\t\t\t\t<div class=\"elementor-widget-container\">\n\t\t\t\t\t<section class=\"aux-widget-modern-heading\">\n            <div class=\"aux-widget-inner\"><h3 class=\"aux-modern-heading-primary\">Haberle\u015fme Alt Yap\u0131 ve \u00dcst Yap\u0131 ve \u00dcst Yap\u0131 Devreye Alma<\/h3><div class=\"aux-modern-heading-divider\"><\/div><\/div>\n        <\/section>\t\t\t\t<\/div>\n\t\t\t\t<\/div>\n\t\t\t\t<div class=\"elementor-element elementor-element-9432bba elementor-widget elementor-widget-text-editor\" data-id=\"9432bba\" data-element_type=\"widget\" data-widget_type=\"text-editor.default\">\n\t\t\t\t<div class=\"elementor-widget-container\">\n\t\t\t\t\t\t\t\t\t<p>Firmam\u0131z, siz de\u011ferli misafirlerimize,\u00a0 sundu\u011fu Alt yap\u0131 ve \u00dcst yap\u0131 hizmetinde profesyonel ekibimizle hizmet sunmaktad\u0131r.\u0130leti\u015fim sekt\u00f6r\u00fcnde hizmet verdi\u011fimiz kurum ve kurulu\u015flarda referanslar\u0131m\u0131z sizler i\u00e7in memnuniyet bizler i\u00e7in gururdur.<\/p>\t\t\t\t\t\t\t\t<\/div>\n\t\t\t\t<\/div>\n\t\t\t\t<\/div>\n\t\t<div class=\"elementor-element elementor-element-132716f e-con-full e-flex e-con e-child\" data-id=\"132716f\" data-element_type=\"container\">\n\t\t<div class=\"elementor-element elementor-element-9430ae6 e-con-full e-flex e-con e-child\" data-id=\"9430ae6\" data-element_type=\"container\">\n\t\t\t\t<div class=\"elementor-element elementor-element-274e763 elementor-widget elementor-widget-aux_image\" data-id=\"274e763\" data-element_type=\"widget\" data-widget_type=\"aux_image.default\">\n\t\t\t\t<div class=\"elementor-widget-container\">\n\t\t\t\t\t<section class=\"widget-container aux-widget-image aux-alignnone aux-parent-au380d7ac8\">\n    <div class=\"aux-media-hint-frame \">\n        <div class=\"aux-media-image \" >\n        \n            \n\n            \n            <img decoding=\"async\" width=\"788\" height=\"443\" src=\"https:\/\/foxelektronik.com\/wp-content\/uploads\/2025\/06\/a91f322d5ee5dc697333545f886aa29c-1.jpg\" class=\"aux-attachment aux-featured-image aux-attachment-id-945\" alt=\"a91f322d5ee5dc697333545f886aa29c\" srcset=\"https:\/\/foxelektronik.com\/wp-content\/uploads\/2025\/06\/a91f322d5ee5dc697333545f886aa29c-1-150x150.jpg 150w,https:\/\/foxelektronik.com\/wp-content\/uploads\/2025\/06\/a91f322d5ee5dc697333545f886aa29c-1-300x300.jpg 300w,https:\/\/foxelektronik.com\/wp-content\/uploads\/2025\/06\/a91f322d5ee5dc697333545f886aa29c-1-768x443.jpg 768w,https:\/\/foxelektronik.com\/wp-content\/uploads\/2025\/06\/a91f322d5ee5dc697333545f886aa29c-1.jpg 788w\" data-ratio=\"1\" data-original-w=\"788\" sizes=\"(max-width:479px) 480px,(max-width:767px) 768px,(max-width:1023px) 1024px,788px\" \/>            \n                <\/div>\n    <\/div>\n\n<\/section><!-- widget-container -->\t\t\t\t<\/div>\n\t\t\t\t<\/div>\n\t\t\t\t<\/div>\n\t\t\t\t<div class=\"elementor-element elementor-element-9941058 elementor-widget elementor-widget-aux_modern_heading\" data-id=\"9941058\" data-element_type=\"widget\" data-widget_type=\"aux_modern_heading.default\">\n\t\t\t\t<div class=\"elementor-widget-container\">\n\t\t\t\t\t<section class=\"aux-widget-modern-heading\">\n            <div class=\"aux-widget-inner\"><h3 class=\"aux-modern-heading-primary\">G\u00fcvenlik ve Yaz\u0131l\u0131m Hizmetlerimiz<\/h3><div class=\"aux-modern-heading-divider\"><\/div><\/div>\n        <\/section>\t\t\t\t<\/div>\n\t\t\t\t<\/div>\n\t\t\t\t<div class=\"elementor-element elementor-element-17d6683 elementor-widget elementor-widget-text-editor\" data-id=\"17d6683\" data-element_type=\"widget\" data-widget_type=\"text-editor.default\">\n\t\t\t\t<div class=\"elementor-widget-container\">\n\t\t\t\t\t\t\t\t\t<p>Kamu G\u00fcvenli\u011fi ve Yaz\u0131l\u0131m konusunda kendisini kan\u0131tlam\u0131\u015f uzman ekibimizle profesyonel \u00e7\u00f6z\u00fcmler sunmaktay\u0131z.<\/p>\t\t\t\t\t\t\t\t<\/div>\n\t\t\t\t<\/div>\n\t\t\t\t<\/div>\n\t\t<div class=\"elementor-element elementor-element-66b53bd e-con-full e-flex e-con e-child\" data-id=\"66b53bd\" data-element_type=\"container\">\n\t\t<div class=\"elementor-element elementor-element-67c5eee e-con-full e-flex e-con e-child\" data-id=\"67c5eee\" data-element_type=\"container\">\n\t\t\t\t<div class=\"elementor-element elementor-element-d7f179a elementor-widget elementor-widget-aux_image\" data-id=\"d7f179a\" data-element_type=\"widget\" data-widget_type=\"aux_image.default\">\n\t\t\t\t<div class=\"elementor-widget-container\">\n\t\t\t\t\t<section class=\"widget-container aux-widget-image aux-alignnone aux-parent-au884cd6b7\">\n    <div class=\"aux-media-hint-frame \">\n        <div class=\"aux-media-image \" >\n        \n            \n\n            \n            <img loading=\"lazy\" decoding=\"async\" width=\"720\" height=\"492\" src=\"https:\/\/foxelektronik.com\/wp-content\/uploads\/2025\/08\/indir-1200x670.webp\" class=\"aux-attachment aux-featured-image aux-attachment-id-5165\" alt=\"gizli_kamera_tespiti\" srcset=\"https:\/\/foxelektronik.com\/wp-content\/uploads\/2025\/08\/indir-150x84.webp 150w,https:\/\/foxelektronik.com\/wp-content\/uploads\/2025\/08\/indir-300x168.webp 300w,https:\/\/foxelektronik.com\/wp-content\/uploads\/2025\/08\/indir-1200x670.webp 720w\" data-ratio=\"1.79\" data-original-w=\"720\" sizes=\"(max-width:479px) 480px,(max-width:767px) 768px,(max-width:1023px) 1024px,720px\" \/>            \n                <\/div>\n    <\/div>\n\n<\/section><!-- widget-container -->\t\t\t\t<\/div>\n\t\t\t\t<\/div>\n\t\t\t\t<div class=\"elementor-element elementor-element-b20a21d elementor-widget elementor-widget-aux_modern_heading\" data-id=\"b20a21d\" data-element_type=\"widget\" data-widget_type=\"aux_modern_heading.default\">\n\t\t\t\t<div class=\"elementor-widget-container\">\n\t\t\t\t\t<section class=\"aux-widget-modern-heading\">\n            <div class=\"aux-widget-inner\"><h3 class=\"aux-modern-heading-primary\">Gizli Kamera ve Dinleme Cihaz\u0131 Tespiti<\/h3><div class=\"aux-modern-heading-divider\"><\/div><\/div>\n        <\/section>\t\t\t\t<\/div>\n\t\t\t\t<\/div>\n\t\t\t\t<div class=\"elementor-element elementor-element-00bf773 elementor-widget elementor-widget-text-editor\" data-id=\"00bf773\" data-element_type=\"widget\" data-widget_type=\"text-editor.default\">\n\t\t\t\t<div class=\"elementor-widget-container\">\n\t\t\t\t\t\t\t\t\t<p>Otel odalar\u0131, toplant\u0131 salonlar\u0131 ya da \u00f6zel ya\u015fam alanlar\u0131nda bu t\u00fcr cihazlar\u0131n tespiti i\u00e7in profesyonel tarama hizmetleri \u00f6nemlidir. Sinyal analizi, frekans taramalar\u0131 ve termal g\u00f6r\u00fcnt\u00fcleme gibi y\u00f6ntemlerle yap\u0131lan detayl\u0131 kontroller sayesinde gizli cihazlar tespit edilerek ortadan kald\u0131r\u0131l\u0131r. Profesyonel ekibimizle gizlili\u011finizi korumaktay\u0131z.<\/p>\t\t\t\t\t\t\t\t<\/div>\n\t\t\t\t<\/div>\n\t\t\t\t<\/div>\n\t\t\t\t<\/div>\n\t\t<div class=\"elementor-element elementor-element-1276549 e-con-full e-flex e-con e-child\" data-id=\"1276549\" data-element_type=\"container\">\n\t\t<div class=\"elementor-element elementor-element-0b9179e e-con-full e-flex e-con e-child\" data-id=\"0b9179e\" data-element_type=\"container\">\n\t\t\t\t<div class=\"elementor-element elementor-element-49503dd elementor-widget elementor-widget-aux_image\" data-id=\"49503dd\" data-element_type=\"widget\" data-widget_type=\"aux_image.default\">\n\t\t\t\t<div class=\"elementor-widget-container\">\n\t\t\t\t\t<section class=\"widget-container aux-widget-image aux-alignnone aux-parent-au1f0ca606\">\n    <div class=\"aux-media-hint-frame \">\n        <div class=\"aux-media-image \" >\n        \n            \n\n            \n            <img loading=\"lazy\" decoding=\"async\" width=\"1024\" height=\"670\" src=\"https:\/\/foxelektronik.com\/wp-content\/uploads\/2025\/08\/Jasper_2025-04-01T08_59_21.416Z-1200x670.jpeg\" class=\"aux-attachment aux-featured-image aux-attachment-id-5185\" alt=\"Jasper_2025-04-01T08_59_21.416Z\" srcset=\"https:\/\/foxelektronik.com\/wp-content\/uploads\/2025\/08\/Jasper_2025-04-01T08_59_21.416Z-150x84.jpeg 150w,https:\/\/foxelektronik.com\/wp-content\/uploads\/2025\/08\/Jasper_2025-04-01T08_59_21.416Z-300x168.jpeg 300w,https:\/\/foxelektronik.com\/wp-content\/uploads\/2025\/08\/Jasper_2025-04-01T08_59_21.416Z-768x429.jpeg 768w,https:\/\/foxelektronik.com\/wp-content\/uploads\/2025\/08\/Jasper_2025-04-01T08_59_21.416Z-1200x670.jpeg 1024w\" data-ratio=\"1.79\" data-original-w=\"1024\" sizes=\"(max-width:479px) 480px,(max-width:767px) 768px,(max-width:1023px) 1024px,1024px\" \/>            \n                <\/div>\n    <\/div>\n\n<\/section><!-- widget-container -->\t\t\t\t<\/div>\n\t\t\t\t<\/div>\n\t\t\t\t<div class=\"elementor-element elementor-element-b7a20f6 elementor-widget elementor-widget-aux_modern_heading\" data-id=\"b7a20f6\" data-element_type=\"widget\" data-widget_type=\"aux_modern_heading.default\">\n\t\t\t\t<div class=\"elementor-widget-container\">\n\t\t\t\t\t<section class=\"aux-widget-modern-heading\">\n            <div class=\"aux-widget-inner\"><h3 class=\"aux-modern-heading-primary\">Telsiz Tamiri ve Bak\u0131m\u0131<\/h3><div class=\"aux-modern-heading-divider\"><\/div><\/div>\n        <\/section>\t\t\t\t<\/div>\n\t\t\t\t<\/div>\n\t\t\t\t<\/div>\n\t\t\t\t<div class=\"elementor-element elementor-element-653b59f elementor-widget elementor-widget-text-editor\" data-id=\"653b59f\" data-element_type=\"widget\" data-widget_type=\"text-editor.default\">\n\t\t\t\t<div class=\"elementor-widget-container\">\n\t\t\t\t\t\t\t\t\t<p>Telsiz cihazlar\u0131, g\u00fcvenilir ileti\u015fimin vazge\u00e7ilmez ara\u00e7lar\u0131d\u0131r. Ancak zamanla ya\u015fanan ar\u0131zalar, sinyal problemleri veya fiziksel hasarlar ileti\u015fimi aksatabilir. Telsiz tamiri hizmetlerimizle, cihazlar\u0131n\u0131zdaki t\u00fcm teknik sorunlar\u0131 profesyonel ekipman ve yedek par\u00e7alarla gideriyoruz. Marka ve modele \u00f6zel \u00e7\u00f6z\u00fcmler sunarak telsizlerinizi ilk g\u00fcnk\u00fc performans\u0131na kavu\u015fturuyoruz.<\/p>\t\t\t\t\t\t\t\t<\/div>\n\t\t\t\t<\/div>\n\t\t\t\t<\/div>\n\t\t\t\t\t<\/div>\n\t\t\t\t<\/div>\n\t\t<div class=\"aux-parallax-section elementor-element elementor-element-96edaa0 e-flex e-con-boxed e-con e-parent\" data-id=\"96edaa0\" data-element_type=\"container\">\n\t\t\t\t\t<div class=\"e-con-inner\">\n\t\t\t\t\t<\/div>\n\t\t\t\t<\/div>\n\t\t\t\t<\/div>\n\t\t","protected":false},"excerpt":{"rendered":"<p>Hizmetlerimiz Sa\u011fl\u0131k Sekt\u00f6r\u00fcndeki Hizmetlerimiz Sa\u011fl\u0131k sekt\u00f6r\u00fcnde, kamu kurumlar\u0131,hastaneler, 112 komuta merkezleri \u00a0ayr\u0131ca bir \u00e7ok \u00f6zel ambulans firmas\u0131na alt yap\u0131 ve sistem onaylama k\u0131sm\u0131na kadar olan s\u00fcre\u00e7te hizmet vermekteyiz. Haberle\u015fme Alt Yap\u0131 ve \u00dcst Yap\u0131 ve \u00dcst Yap\u0131 Devreye Alma Firmam\u0131z, siz de\u011ferli misafirlerimize,\u00a0 sundu\u011fu Alt yap\u0131 ve \u00dcst yap\u0131 hizmetinde profesyonel ekibimizle hizmet sunmaktad\u0131r.\u0130leti\u015fim sekt\u00f6r\u00fcnde [&hellip;]<\/p>\n","protected":false},"author":1,"featured_media":0,"parent":0,"menu_order":0,"comment_status":"closed","ping_status":"closed","template":"","meta":{"footnotes":""},"class_list":["post-835","page","type-page","status-publish","hentry"],"_links":{"self":[{"href":"https:\/\/foxelektronik.com\/index.php\/wp-json\/wp\/v2\/pages\/835","targetHints":{"allow":["GET"]}}],"collection":[{"href":"https:\/\/foxelektronik.com\/index.php\/wp-json\/wp\/v2\/pages"}],"about":[{"href":"https:\/\/foxelektronik.com\/index.php\/wp-json\/wp\/v2\/types\/page"}],"author":[{"embeddable":true,"href":"https:\/\/foxelektronik.com\/index.php\/wp-json\/wp\/v2\/users\/1"}],"replies":[{"embeddable":true,"href":"https:\/\/foxelektronik.com\/index.php\/wp-json\/wp\/v2\/comments?post=835"}],"version-history":[{"count":34,"href":"https:\/\/foxelektronik.com\/index.php\/wp-json\/wp\/v2\/pages\/835\/revisions"}],"predecessor-version":[{"id":5191,"href":"https:\/\/foxelektronik.com\/index.php\/wp-json\/wp\/v2\/pages\/835\/revisions\/5191"}],"wp:attachment":[{"href":"https:\/\/foxelektronik.com\/index.php\/wp-json\/wp\/v2\/media?parent=835"}],"curies":[{"name":"wp","href":"https:\/\/api.w.org\/{rel}","templated":true}]}}