{"id":326,"date":"2025-06-05T21:13:15","date_gmt":"2025-06-05T18:13:15","guid":{"rendered":"http:\/\/softetik.com\/?post_type=product&#038;p=326"},"modified":"2025-06-05T21:13:15","modified_gmt":"2025-06-05T18:13:15","slug":"motorola-dm2600","status":"publish","type":"product","link":"https:\/\/foxelektronik.com\/index.php\/product\/motorola-dm2600\/","title":{"rendered":"MOTOROLA DM2600"},"content":{"rendered":"<p>\u00d6zellikler<\/p>\n<p>&nbsp;<\/p>\n<p>Analog\/Say\u0131sal \u00c7al\u0131\u015fma Modu<\/p>\n<p>Y\u00fcksek kalite ses haberle\u015fmesi<\/p>\n<p>Alfan\u00fcmerik Ekran<\/p>\n<p>Geli\u015fmi\u015f G\u00fcvenlik<\/p>\n<p>\u00c7ift Kapasite (Do\u011frudan Mod)<\/p>\n<p>DMR Standartlar\u0131na Uyumlu<\/p>\n<p>Entegre Analog \u2013 5 Ton Sinyal<\/p>\n<p>Sesli\u00a0 Anons<\/p>\n<p>Mesajla\u015fma<\/p>\n<p>Kanal aral\u0131\u011f\u0131 12, 5, 20, 25 KHz<\/p>\n<p>60 Kanal Kapasitesi<\/p>\n<p>IP54 Koruma<\/p>\n<p>Radyo Management Suite uyumlu<\/p>\n<p>\u0130letim Kesme<\/p>\n<p>Say\u0131sal Telefon Ba\u011flant\u0131s\u0131<\/p>\n<p>Havadan\u00a0 Programlama (OTAP)<\/p>\n<p>IP Site Connect<\/p>\n<p>Capacity Plus\u0131<\/p>\n<p>Linked Capacity Plus<\/p>\n<p>&nbsp;<\/p>\n<p>Frekans Aral\u0131\u011f\u0131<\/p>\n<p>&nbsp;<\/p>\n<p>UHF (403-527 MHz)<\/p>\n<p>VHF (136-174 MHz)<\/p>\n","protected":false},"excerpt":{"rendered":"<p>\u00d6zellikler &nbsp; Analog\/Say\u0131sal \u00c7al\u0131\u015fma Modu Y\u00fcksek kalite ses haberle\u015fmesi Alfan\u00fcmerik Ekran Geli\u015fmi\u015f G\u00fcvenlik \u00c7ift Kapasite (Do\u011frudan Mod) DMR Standartlar\u0131na Uyumlu Entegre Analog \u2013 5 Ton Sinyal Sesli\u00a0 Anons Mesajla\u015fma Kanal aral\u0131\u011f\u0131 12, 5, 20, 25 KHz 60 Kanal Kapasitesi IP54 Koruma Radyo Management Suite uyumlu \u0130letim Kesme Say\u0131sal Telefon Ba\u011flant\u0131s\u0131 Havadan\u00a0 Programlama (OTAP) IP Site [&hellip;]<\/p>\n","protected":false},"featured_media":327,"template":"","meta":[],"product_brand":[70],"product_cat":[48],"product_tag":[],"class_list":{"0":"post-326","1":"product","2":"type-product","3":"status-publish","4":"has-post-thumbnail","6":"product_brand-motorola","7":"product_cat-sabit-ve-arac-telsizi","9":"first","10":"instock","11":"shipping-taxable","12":"product-type-simple"},"_links":{"self":[{"href":"https:\/\/foxelektronik.com\/index.php\/wp-json\/wp\/v2\/product\/326","targetHints":{"allow":["GET"]}}],"collection":[{"href":"https:\/\/foxelektronik.com\/index.php\/wp-json\/wp\/v2\/product"}],"about":[{"href":"https:\/\/foxelektronik.com\/index.php\/wp-json\/wp\/v2\/types\/product"}],"wp:featuredmedia":[{"embeddable":true,"href":"https:\/\/foxelektronik.com\/index.php\/wp-json\/wp\/v2\/media\/327"}],"wp:attachment":[{"href":"https:\/\/foxelektronik.com\/index.php\/wp-json\/wp\/v2\/media?parent=326"}],"wp:term":[{"taxonomy":"product_brand","embeddable":true,"href":"https:\/\/foxelektronik.com\/index.php\/wp-json\/wp\/v2\/product_brand?post=326"},{"taxonomy":"product_cat","embeddable":true,"href":"https:\/\/foxelektronik.com\/index.php\/wp-json\/wp\/v2\/product_cat?post=326"},{"taxonomy":"product_tag","embeddable":true,"href":"https:\/\/foxelektronik.com\/index.php\/wp-json\/wp\/v2\/product_tag?post=326"}],"curies":[{"name":"wp","href":"https:\/\/api.w.org\/{rel}","templated":true}]}}