{"id":332,"date":"2025-06-05T21:15:59","date_gmt":"2025-06-05T18:15:59","guid":{"rendered":"http:\/\/softetik.com\/?post_type=product&#038;p=332"},"modified":"2025-06-05T21:15:59","modified_gmt":"2025-06-05T18:15:59","slug":"qyt-kt-8900-d-arac-telsizi","status":"publish","type":"product","link":"https:\/\/foxelektronik.com\/index.php\/product\/qyt-kt-8900-d-arac-telsizi\/","title":{"rendered":"QYT KT-8900 D ARA\u00c7 TELS\u0130Z\u0130"},"content":{"rendered":"<p>QYT KT-8900 D MOB\u0130L TELS\u0130Z (ARA\u00c7 TELS\u0130Z\u0130)<\/p>\n<p>&nbsp;<\/p>\n<p>E-Ticaret Platformumuz\u00a0<a href=\"http:\/\/www.telsizaksesuar.com\/\">www.telsizaksesuar.com<\/a>\u00a0 T\u00fcrkiye&#8217;nin Haberle\u015fme Marketi Floryada A\u00e7\u0131ld\u0131!<\/p>\n<p>Taksitli al\u0131\u015fveri\u015fin adresi.<\/p>\n<p>Teknik servis deste\u011fimiz i\u00e7in bize ula\u015f\u0131n.<\/p>\n<p>0212 599 0 369 &#8211; 0539 858 56 45 WhatsApp<\/p>\n<p>&nbsp;<\/p>\n<p>&nbsp;<\/p>\n<p>\u00dcr\u00fcn Detaylar\u0131<\/p>\n<p>QYT KT 8900D Mini Ara\u00e7 Telsizi<\/p>\n<p>Genellikle amat\u00f6r telsizciler\u00a0 taraf\u0131ndan tercih edilen \u00fcr\u00fcn, geni\u015f bir kullan\u0131m a\u011f\u0131na sahiptir. Yakla\u015f\u0131k 448 gramd\u0131r. Y\u00fcksek bir \u00e7al\u0131\u015fma g\u00fcc\u00fc vard\u0131r. Ses, minimum bozulmayla iletilir. \u0130letim kanallar\u0131na d\u0131\u015f parazitlerin girmesini b\u00fcy\u00fck oranda engeller.<\/p>\n<p>Kolay Kullan\u0131m<\/p>\n<p>\u00dcr\u00fcn\u00fcn basit bir kullan\u0131m\u0131 ve montaj\u0131 vard\u0131r. Ara\u00e7 i\u00e7inde belirlenen yerlere monte edilerek kullan\u0131ma haz\u0131r hale gelir. \u00dcr\u00fcn \u00fczerinde kontrol tu\u015flar\u0131 yer al\u0131r. Bu sayede hem konu\u015fma yapmak hem de gelen \u00e7a\u011fr\u0131y\u0131 kabul etmek son derece kolay bir hale gelir. Dijital ekran\u0131 sayesinde kanal ve arama kontrol\u00fc yapmak olduk\u00e7a pratiktir.<\/p>\n<p>&nbsp;<\/p>\n<p>Kanal Say\u0131s\u0131<\/p>\n<p>Cihaz\u0131n 200 adet kanal\u0131 vard\u0131r. Bu sayede daha rahat bir \u015fekilde \u00e7ift y\u00f6nl\u00fc ileti\u015fim kurulmas\u0131 sa\u011flan\u0131r.\u00a0 \u00a0Mikrofonun uzun kablo boyutu, geni\u015f hareket alan\u0131 sa\u011flar.<\/p>\n<p>\u00c7al\u0131\u015fma Gerilimi<\/p>\n<p>\u00c7al\u0131\u015fma gerilimi 13.8 V&#8217; tur. D\u00fc\u015f\u00fck \u00e7al\u0131\u015fma gerilimi sayesinde avantaj sa\u011flar. Olas\u0131 kazalar\u0131n b\u00fcy\u00fck \u00f6l\u00e7\u00fcde \u00f6n\u00fcne ge\u00e7erek cihaz\u0131n zarar g\u00f6rmesini engellemeye yard\u0131mc\u0131 olur. Bunun yan\u0131 s\u0131ra cihaz\u0131n uzun s\u00fcre kullan\u0131lmas\u0131na olanak tan\u0131r.<\/p>\n<p>&nbsp;<\/p>\n<p>&nbsp;<\/p>\n<p>A\u011f\u0131rl\u0131k: 448 G<\/p>\n<p>Renk: Siyah<\/p>\n<p>Model: KT 8900D<\/p>\n<p>Kanal Say\u0131s\u0131: 200<\/p>\n<p>Sertikal\u0131 kullan\u0131c\u0131lara sat\u0131l\u0131r!<\/p>\n","protected":false},"excerpt":{"rendered":"<p>QYT KT-8900 D MOB\u0130L TELS\u0130Z (ARA\u00c7 TELS\u0130Z\u0130) &nbsp; E-Ticaret Platformumuz\u00a0www.telsizaksesuar.com\u00a0 T\u00fcrkiye&#8217;nin Haberle\u015fme Marketi Floryada A\u00e7\u0131ld\u0131! Taksitli al\u0131\u015fveri\u015fin adresi. Teknik servis deste\u011fimiz i\u00e7in bize ula\u015f\u0131n. 0212 599 0 369 &#8211; 0539 858 56 45 WhatsApp &nbsp; &nbsp; \u00dcr\u00fcn Detaylar\u0131 QYT KT 8900D Mini Ara\u00e7 Telsizi Genellikle amat\u00f6r telsizciler\u00a0 taraf\u0131ndan tercih edilen \u00fcr\u00fcn, geni\u015f bir kullan\u0131m a\u011f\u0131na [&hellip;]<\/p>\n","protected":false},"featured_media":333,"template":"","meta":[],"product_brand":[72],"product_cat":[48],"product_tag":[],"class_list":{"0":"post-332","1":"product","2":"type-product","3":"status-publish","4":"has-post-thumbnail","6":"product_brand-qyt","7":"product_cat-sabit-ve-arac-telsizi","9":"first","10":"instock","11":"shipping-taxable","12":"product-type-simple"},"_links":{"self":[{"href":"https:\/\/foxelektronik.com\/index.php\/wp-json\/wp\/v2\/product\/332","targetHints":{"allow":["GET"]}}],"collection":[{"href":"https:\/\/foxelektronik.com\/index.php\/wp-json\/wp\/v2\/product"}],"about":[{"href":"https:\/\/foxelektronik.com\/index.php\/wp-json\/wp\/v2\/types\/product"}],"wp:featuredmedia":[{"embeddable":true,"href":"https:\/\/foxelektronik.com\/index.php\/wp-json\/wp\/v2\/media\/333"}],"wp:attachment":[{"href":"https:\/\/foxelektronik.com\/index.php\/wp-json\/wp\/v2\/media?parent=332"}],"wp:term":[{"taxonomy":"product_brand","embeddable":true,"href":"https:\/\/foxelektronik.com\/index.php\/wp-json\/wp\/v2\/product_brand?post=332"},{"taxonomy":"product_cat","embeddable":true,"href":"https:\/\/foxelektronik.com\/index.php\/wp-json\/wp\/v2\/product_cat?post=332"},{"taxonomy":"product_tag","embeddable":true,"href":"https:\/\/foxelektronik.com\/index.php\/wp-json\/wp\/v2\/product_tag?post=332"}],"curies":[{"name":"wp","href":"https:\/\/api.w.org\/{rel}","templated":true}]}}