{"id":340,"date":"2025-06-05T21:19:54","date_gmt":"2025-06-05T18:19:54","guid":{"rendered":"http:\/\/softetik.com\/?post_type=product&#038;p=340"},"modified":"2025-06-05T21:19:54","modified_gmt":"2025-06-05T18:19:54","slug":"yaesu-ftm-400xde-vhf-uhf-dual-band-arac-telsizi-2","status":"publish","type":"product","link":"https:\/\/foxelektronik.com\/index.php\/product\/yaesu-ftm-400xde-vhf-uhf-dual-band-arac-telsizi-2\/","title":{"rendered":"YAESU FTM-400XDE VHF\/UHF DUAL BAND ARA\u00c7 TELS\u0130Z\u0130"},"content":{"rendered":"<p>YAESU FTM-400XDE\u00a0 VHF\/UHF DUAL BAND ARA\u00c7 TELS\u0130Z\u0130<\/p>\n<p>C4FM FDMA \/ FM 144\/430 MHz \u00c7\u0130FT BANT TRANSCEIVER<\/p>\n<p>&nbsp;<\/p>\n<p>E-Ticaret Platformumuz\u00a0<a href=\"http:\/\/www.telsizaksesuar.com\/\">www.telsizaksesuar.com<\/a>\u00a0 T\u00fcrkiye&#8217;nin Haberle\u015fme Marketi Floryada A\u00e7\u0131ld\u0131!<\/p>\n<p>Taksitli al\u0131\u015fveri\u015fin adresi.<\/p>\n<p>Teknik servis deste\u011fimiz i\u00e7in bize ula\u015f\u0131n.<\/p>\n<p>0212 599 0 369 &#8211; 0539 858 56 45 WhatsApp<\/p>\n<p>&nbsp;<\/p>\n<p>&nbsp;<\/p>\n<p>&nbsp;<\/p>\n<p>FTM-400DR, YAESU Sistemi Fusion \u0130kili Mod sisteminde kullan\u0131m i\u00e7in tamamen kar\u015f\u0131la\u015ft\u0131r\u0131labilir bir radyo orta\u011f\u0131 olarak tan\u0131t\u0131lan ilk mobil cihazd\u0131r\u00a0 . FDMA i\u00e7indeki di\u011fer dijital mod\u00fclasyon \u015femalar\u0131yla kar\u015f\u0131la\u015ft\u0131r\u0131ld\u0131\u011f\u0131nda, C4FM m\u00fckemmel ileti\u015fim kalitesine sahiptir (BER: Bit Hata H\u0131z\u0131 \u00f6zellikleri). C4FM, FDMA&#8217;daki profesyonel ileti\u015fim cihazlar\u0131 i\u00e7in standart y\u00f6ntemdir ve bu nedenle gelecekteki ana ak\u0131\u015f dijital ileti\u015fim modu olarak kabul edilir. Bu etkin ve g\u00fcvenilir dijital mod hakk\u0131nda daha fazla bilgi veren web sitemizdeki &#8220;Amat\u00f6r Telsiz Operat\u00f6rleri i\u00e7in Dijital \u0130leti\u015fim K\u0131lavuzu&#8221; nu indirin.<\/p>\n<p>&nbsp;<\/p>\n<p>FTM-400DR ihtiya\u00e7lar\u0131n\u0131z\u0131 kar\u015f\u0131lamak i\u00e7in \u00fc\u00e7 (3) Dijital modda ve (1) Analog modda \u00e7al\u0131\u015f\u0131r. Bu \u00f6zellikli radyo, al\u0131nan sinyal modunu an\u0131nda alg\u0131layan yeni Otomatik Mod Se\u00e7imi (AMS) i\u015fleviyle donat\u0131lm\u0131\u015f ilk Dijital Mobil cihaz\u0131m\u0131zd\u0131r. AMS i\u015flevi stressiz \u00e7al\u0131\u015fmay\u0131 sa\u011flar ve ileti\u015fim modlar\u0131 aras\u0131nda manuel olarak ge\u00e7i\u015f yapma gereksinimini ortadan kald\u0131r\u0131r.<\/p>\n<p>&nbsp;<\/p>\n<p>\u00b7 V \/ D Modu (Ses \/ Veri e\u015fzamanl\u0131 ileti\u015fim modu)<\/p>\n<p>&nbsp;<\/p>\n<p>Dijital ses sinyali, bant geni\u015fli\u011finin bir yar\u0131s\u0131nda iletilir. E\u015f zamanl\u0131 olarak 12.5 kHz bant geni\u015fli\u011fi kanal\u0131n\u0131n di\u011fer yar\u0131s\u0131, ses sinyalinin ve di\u011fer verilerin hata d\u00fczeltmesi i\u00e7in kullan\u0131l\u0131r. Profesyonel ileti\u015fim cihazlar\u0131 i\u00e7in geli\u015ftirilen g\u00fc\u00e7l\u00fc hata d\u00fczeltme teknolojisi sayesinde, etkili hata d\u00fczeltme kodlar\u0131 konu\u015fmalar i\u00e7in daha az kesinti avantaj\u0131 sa\u011flar. C4FM FDMA Dijital modu i\u00e7in geli\u015ftirilen Clear Voice teknolojisi, ideal hata d\u00fczeltme ve ses kalitesi dengesini sa\u011flar.<\/p>\n<p>&nbsp;<\/p>\n<p>\u00b7 Sesli FR modu (Sesli Tam H\u0131z Modu)<\/p>\n<p>&nbsp;<\/p>\n<p>Bu mod, dijital ses verisini iletmek i\u00e7in tam 12,5 kHz bant geni\u015fli\u011fini kullan\u0131r. Artan ses verisi arkada\u015flar\u0131n\u0131zla bir &#8220;pa\u00e7avras\u0131&#8221; i\u00e7in m\u00fckemmel ses kalitesi sa\u011flayan y\u00fcksek kaliteli ses ileti\u015fimine izin verir.<\/p>\n<p>&nbsp;<\/p>\n<p>\u00b7 Veri FR modu (Y\u00fcksek H\u0131zl\u0131 Veri \u0130leti\u015fim Modu)<\/p>\n<p>&nbsp;<\/p>\n<p>Bu y\u00fcksek h\u0131zl\u0131 veri ileti\u015fim modu, veri ileti\u015fimi i\u00e7in tam 12,5 kHz bant geni\u015fli\u011fini kullan\u0131r. Al\u0131c\u0131-verici, anl\u0131k g\u00f6r\u00fcnt\u00fcleri aktar\u0131rken otomatik olarak Veri FR moduna ge\u00e7er ve b\u00fcy\u00fck miktarlarda veriyi y\u00fcksek h\u0131zda iletmek i\u00e7in kullan\u0131labilir.<\/p>\n<p>&nbsp;<\/p>\n<p>\u00b7 Analog FM modu<\/p>\n<p>&nbsp;<\/p>\n<p>Analog FM, zay\u0131f sinyal g\u00fcc\u00fc dijital modda sesin d\u00fc\u015fmesine neden oldu\u011funda etkilidir ve g\u00fcr\u00fclt\u00fc seviyesinin s\u0131n\u0131r \u00e7izgisine kadar ileti\u015fim sa\u011flar. Ayr\u0131ca, kurulu Yaesu d\u00fc\u015f\u00fck g\u00fc\u00e7 devresi tasar\u0131mlar\u0131n\u0131n kullan\u0131m\u0131, dijital modlardan daha fazla verimlilik sa\u011flar. Bu, \u00e7o\u011fu dijital olmayan el bilgisayarlar\u0131n\u0131n ve VHF \/ UHF cep telefonlar\u0131n\u0131n kulland\u0131\u011f\u0131 tipik FM modudur.<\/p>\n<p>&nbsp;<\/p>\n<p>&nbsp;<\/p>\n<p>\u00d6ZELL\u0130KLER<\/p>\n<p>&nbsp;<\/p>\n<p>Dijital ve Analog FM \u00d6zelli\u011fine Sahip<\/p>\n<p>&nbsp;<\/p>\n<p>FTM-400DR, hem Analog FM hem de C4FM Digital kullan\u0131larak kusursuz \u00e7al\u0131\u015f\u0131r. Dolay\u0131s\u0131yla, hen\u00fcz Dijital&#8217;e ge\u00e7i\u015f yapmay\u0131 se\u00e7memi\u015f arkada\u015flar aras\u0131nda ileti\u015fim kayb\u0131 olmayacak.<\/p>\n<p>&nbsp;<\/p>\n<p>Kompakt paketleme<\/p>\n<p>&nbsp;<\/p>\n<p>Boyutlar<\/p>\n<p>&nbsp;<\/p>\n<p>Radio Unit 5.5 &#8220;(W) x 1.6&#8221; (H) x 4.9 &#8220;(D) Fan<\/p>\n<p>Kontrol Cihaz\u0131 i (140 x 72 x 20mm ) Topuz<\/p>\n<p>A\u011f\u0131rl\u0131\u011f\u0131 olmadan :<\/p>\n<p>Yakla\u015f\u0131k. 2.64 lbs, Radyo \u00dcnitesi, Kontrol \u00dcnitesi, Kontrol Kablosu<\/p>\n<p>&nbsp;<\/p>\n<p>B\u00fcy\u00fck ve geni\u015f Ekran<\/p>\n<p>&nbsp;<\/p>\n<p>FTM-400 b\u00fcy\u00fck 3,5 in\u00e7 tam renkli ve dokunmatik panel i\u015fleminden kolay kullan\u0131m\u0131n keyfini \u00e7\u0131kar\u0131n. Tam renkli, y\u00fcksek parlakl\u0131ktaki TFT likit kristal ekran sayesinde simge sembolleri, \u00e7ok i\u015flevli tu\u015f ekran\u0131 ve a\u00e7\u0131l\u0131r mesajlar\u0131n t\u00fcm\u00fc y\u00fcksek \u00e7\u00f6z\u00fcn\u00fcrl\u00fckl\u00fc renkte g\u00f6r\u00fcnt\u00fclenir. Kablosuz cihazlar\u0131n ayarlar\u0131 ve durumlar\u0131 kolay anla\u015f\u0131l\u0131r bir bi\u00e7imde g\u00f6r\u00fcnt\u00fclenir. Ekrana hafif\u00e7e dokunarak \u00e7e\u015fitli i\u015flemleri basit ve kolay bir \u015fekilde ger\u00e7ekle\u015ftirebilirsiniz.<\/p>\n<p>Ekran se\u00e7enekleri \u015funlard\u0131r:<\/p>\n<p>&#8211; Bant Kapsam\u0131 Ekran\u0131<\/p>\n<p>&#8211; Y\u00fckseklik Ekran\u0131<\/p>\n<p>&#8211; APRS\u00ae Ekran\u0131<\/p>\n<p>&#8211; Ak\u0131ll\u0131 Gezinme Ekran\u0131<\/p>\n<p>&#8211; Frekans Do\u011frudan Giri\u015f Ekran\u0131<\/p>\n<p>&#8211; Saat \/ Zamanlay\u0131c\u0131 Ekran\u0131<\/p>\n<p>&nbsp;<\/p>\n<p>Sa\u011flam G\u00fc\u00e7l\u00fc Verici<\/p>\n<p>&nbsp;<\/p>\n<p>Verici RF G\u00fc\u00e7 \u00c7\u0131k\u0131\u015f\u0131: 50 W \/ 20 W \/ 5 W. Mod\u00fclasyon Tipi: F1D, F2D, F3E: De\u011fi\u015fken Reaktans Mod\u00fclasyonu, F7W: 4FSK (C4FM)<\/p>\n<p>&nbsp;<\/p>\n<p>Y\u00fcksek Ses \u00c7\u0131k\u0131\u015f G\u00fcc\u00fc<\/p>\n<p>&nbsp;<\/p>\n<p>Loud 3 Watt Audio Dahili hoparl\u00f6rle \u00e7\u0131k\u0131\u015f yapar. \u0130ste\u011fe Ba\u011fl\u0131 Harici Hoparl\u00f6r kullanarak 8 Watt \u00e7\u0131k\u0131\u015f (MLS-200-M10)<\/p>\n<p>&nbsp;<\/p>\n<p>Frekans aral\u0131\u011f\u0131<\/p>\n<p>&nbsp;<\/p>\n<p>Alma<\/p>\n<p>108-137 MHz (Hava Band\u0131)<\/p>\n<p>137-174 MHz (144 MHz HAM)<\/p>\n<p>174-400 MHz (Gen1)<\/p>\n<p>400-480 MHz (430 MHz HAM)<\/p>\n<p>480-999,99 MHz (GEN2) H\u00fccresel Engellenen (Kuzey Amerika modeli)<\/p>\n<p>Verici<\/p>\n<p>144 &#8211; 146 MHz veya 144 &#8211; 148 MHz<\/p>\n<p>430 &#8211; 440 MHz veya 430 &#8211; 450 MHz<\/p>\n<p>&nbsp;<\/p>\n<p>APRS\u00ae Dahil<\/p>\n<p>&nbsp;<\/p>\n<p>1200 \/ 9600bps APRS\u00ae (Otomatik Paket Raporlama Sistemi) Veri ileti\u015fim \u00f6zelli\u011fi dahil.<\/p>\n<p>&nbsp;<\/p>\n<p>\u00c7apraz (KROS BAND )Bant Yetenekli<\/p>\n<p>&nbsp;<\/p>\n<p>FTM-400DR, Analog moddayken \u00e7apraz bant yetene\u011fine sahiptir; acil durumlar i\u00e7in \u00e7ok \u00f6nemli bir \u00f6zellik vb.<\/p>\n<p>&nbsp;<\/p>\n<p>GPS Dahil<\/p>\n<p>&nbsp;<\/p>\n<p>Dahili GPS al\u0131c\u0131s\u0131 ve anteni konum, zaman, y\u00f6n ve APRS\u00ae bilgisi sa\u011flar. GPS G\u00fcnl\u00fc\u011f\u00fc \u0130\u015flevi dahil edilmi\u015ftir. Harici GPS cihazlar\u0131 ba\u011flanabilir.<\/p>\n<p>&nbsp;<\/p>\n<p>Ahizesiz Kullan\u0131m<\/p>\n<p>&nbsp;<\/p>\n<p>Yasalara uyma (gereken yerlerde) \u0130ste\u011fe ba\u011fl\u0131 kablosuz Bluetooth\u00ae \u00fcnitesi ve kulakl\u0131k kullan\u0131larak eller serbest kullan\u0131m m\u00fcmk\u00fcnd\u00fcr. \u0130ste\u011fe ba\u011fl\u0131 Bluetooth\u00ae \u00fcnitesi (BU-2) ve Kulakl\u0131k (BH-2A) gereklidir.<\/p>\n<p>&nbsp;<\/p>\n<p>Anl\u0131k G\u00f6r\u00fcnt\u00fc \u0130\u015flevi (Resim Veri \u0130letimi)<\/p>\n<p>&nbsp;<\/p>\n<p>Kameraya bir MH-85A11U (iste\u011fe ba\u011fl\u0131) mikrofon ba\u011flaman\u0131z yeterli. Foto\u011fraf \u00e7ekmek i\u00e7in mikrofon deklan\u015f\u00f6r\u00fc d\u00fc\u011fmesine bas\u0131n, ard\u0131ndan g\u00f6r\u00fcnt\u00fc verileri ekranda g\u00f6r\u00fcnt\u00fclenebilir ve kolayca di\u011fer C4FM FDMA dijital al\u0131c\u0131 vericilerine g\u00f6nderilebilir.<\/p>\n<p>&nbsp;<\/p>\n<p>&nbsp;<\/p>\n<p>Bir grup \u00fcyesinden g\u00f6nderilen g\u00f6r\u00fcnt\u00fc verileri tam renkli ekranda g\u00f6r\u00fcnt\u00fclenir. Bu g\u00f6r\u00fcnt\u00fc verisi ayr\u0131ca bir zaman kayd\u0131n\u0131 ve anl\u0131k g\u00f6r\u00fcnt\u00fcn\u00fcn GPS konum verisini de tutar. Geri izleme i\u015flevini kullanarak bu resimli konuma gitmek kolayd\u0131r. Ek olarak, iletilen verilerin \u00fcye istasyon taraf\u0131ndan ba\u015far\u0131l\u0131 bir \u015fekilde al\u0131n\u0131p al\u0131nmad\u0131\u011f\u0131n\u0131 ekranda g\u00f6rebilirsiniz. Anl\u0131k g\u00f6r\u00fcnt\u00fc veya al\u0131nan veriler, y\u00fcksek kapasiteli bir mikro SD kartta saklan\u0131r. \u0130stedi\u011finiz zaman bu g\u00f6r\u00fcnt\u00fc verilerini SD karttan geri \u00e7a\u011f\u0131r\u0131p g\u00f6nderebilirsiniz. Resimler ve veri dosyalar\u0131 ki\u015fisel bir bilgisayar kullan\u0131larak kolayca g\u00f6r\u00fcnt\u00fclenebilir ve d\u00fczenlenebilir.<\/p>\n<p>&nbsp;<\/p>\n<p>* Snapshot i\u015flevi i\u00e7in Micro SD kart (dahil de\u011fildir) gereklidir<\/p>\n<p>&nbsp;<\/p>\n<p>Dijital Grup Monit\u00f6r\u00fc (GM) \u0130\u015flevi<\/p>\n<p>&nbsp;<\/p>\n<p>Dijital GM i\u015flevi, bir gruba kay\u0131tl\u0131 \u00fcyelerin ileti\u015fim aral\u0131\u011f\u0131nda olup olmad\u0131\u011f\u0131n\u0131 otomatik olarak kontrol eder ve ekrandaki her arama i\u015fareti i\u00e7in mesafe ve y\u00f6n gibi bilgileri g\u00f6r\u00fcnt\u00fcler. Bu kullan\u0131\u015fl\u0131 i\u015flev yaln\u0131zca hangi arkada\u015flar\u0131n ileti\u015fim aral\u0131\u011f\u0131nda oldu\u011funu g\u00f6rmeni sa\u011flamaz, ayn\u0131 zamanda t\u00fcm grup \u00fcyelerinin bulundu\u011fu bir bak\u0131\u015fta g\u00f6rmeni sa\u011flar. Ek olarak, bu i\u015flev grup \u00fcyeleri aras\u0131nda mesaj ve resim verilerini g\u00f6ndermek i\u00e7in kullan\u0131labilir. Dijital Grup Monit\u00f6r\u00fc \u00fcyeler aras\u0131ndaki do\u011frudan ileti\u015fim i\u00e7in ge\u00e7erlidir; Bir tekrarlay\u0131c\u0131 ile uygulanamaz.<\/p>\n<p>&nbsp;<\/p>\n<p>Bu, kamu hizmeti grubu aktiviteleri, Arama Kurtarma operasyonlar\u0131 ve sadece sizin hayal g\u00fcc\u00fcn\u00fczle s\u0131n\u0131rl\u0131 say\u0131da ba\u015fka kullan\u0131mlar i\u00e7in de\u011ferli bir \u00f6zelliktir!<\/p>\n<p>&nbsp;<\/p>\n<p>Ak\u0131ll\u0131 Gezinme \u0130\u015flevi<\/p>\n<p>&nbsp;<\/p>\n<p>Ger\u00e7ek zamanl\u0131 navigasyon i\u015flevi, herhangi bir zamanda konum kontrol\u00fcn\u00fc sa\u011flar. Dijital V \/ D modunda, konum verileri gibi bilgiler sesli sinyallerle birlikte iletilir, b\u00f6ylece di\u011fer istasyonlara olan mesafe ve y\u00f6n onlarla ileti\u015fim kurulurken ger\u00e7ek zamanl\u0131 olarak g\u00f6r\u00fcnt\u00fclenebilir.<\/p>\n<p>&nbsp;<\/p>\n<p>Geri \u0130zleme \u0130\u015flevi<\/p>\n<p>&nbsp;<\/p>\n<p>Geri \u0130zleme \u0130\u015flevi, bir d\u00fc\u011fmeye dokunarak kay\u0131tl\u0131 bir konuma navigasyon sa\u011flar. Y\u00fcr\u00fcy\u00fc\u015f ya da kamp yaparken, ayr\u0131lmadan \u00f6nce ba\u015flang\u0131\u00e7 \u200b\u200bnoktan\u0131z\u0131 veya kamp yerinizi kaydetmeniz yeterlidir; ge\u00e7erli konumdan uzakl\u0131k ve y\u00f6nlendirme ekranda g\u00f6r\u00fcnt\u00fclenir.<\/p>\n<p>&nbsp;<\/p>\n<p>Bu, Arama Kurtarma operasyonlar\u0131n\u0131n yan\u0131 s\u0131ra rahat y\u00fcr\u00fcy\u00fc\u015f ve kamp\u00e7\u0131l\u0131k i\u00e7in de de\u011ferli bir \u00f6zelliktir.<\/p>\n<p>&nbsp;<\/p>\n<p>Sesli Rehber ve Kay\u0131t \u0130\u015flevi<\/p>\n","protected":false},"excerpt":{"rendered":"<p>YAESU FTM-400XDE\u00a0 VHF\/UHF DUAL BAND ARA\u00c7 TELS\u0130Z\u0130 C4FM FDMA \/ FM 144\/430 MHz \u00c7\u0130FT BANT TRANSCEIVER &nbsp; E-Ticaret Platformumuz\u00a0www.telsizaksesuar.com\u00a0 T\u00fcrkiye&#8217;nin Haberle\u015fme Marketi Floryada A\u00e7\u0131ld\u0131! Taksitli al\u0131\u015fveri\u015fin adresi. Teknik servis deste\u011fimiz i\u00e7in bize ula\u015f\u0131n. 0212 599 0 369 &#8211; 0539 858 56 45 WhatsApp &nbsp; &nbsp; &nbsp; FTM-400DR, YAESU Sistemi Fusion \u0130kili Mod sisteminde kullan\u0131m i\u00e7in [&hellip;]<\/p>\n","protected":false},"featured_media":341,"template":"","meta":[],"product_brand":[67],"product_cat":[48],"product_tag":[],"class_list":{"0":"post-340","1":"product","2":"type-product","3":"status-publish","4":"has-post-thumbnail","6":"product_brand-yaesu","7":"product_cat-sabit-ve-arac-telsizi","9":"first","10":"instock","11":"shipping-taxable","12":"product-type-simple"},"_links":{"self":[{"href":"https:\/\/foxelektronik.com\/index.php\/wp-json\/wp\/v2\/product\/340","targetHints":{"allow":["GET"]}}],"collection":[{"href":"https:\/\/foxelektronik.com\/index.php\/wp-json\/wp\/v2\/product"}],"about":[{"href":"https:\/\/foxelektronik.com\/index.php\/wp-json\/wp\/v2\/types\/product"}],"wp:featuredmedia":[{"embeddable":true,"href":"https:\/\/foxelektronik.com\/index.php\/wp-json\/wp\/v2\/media\/341"}],"wp:attachment":[{"href":"https:\/\/foxelektronik.com\/index.php\/wp-json\/wp\/v2\/media?parent=340"}],"wp:term":[{"taxonomy":"product_brand","embeddable":true,"href":"https:\/\/foxelektronik.com\/index.php\/wp-json\/wp\/v2\/product_brand?post=340"},{"taxonomy":"product_cat","embeddable":true,"href":"https:\/\/foxelektronik.com\/index.php\/wp-json\/wp\/v2\/product_cat?post=340"},{"taxonomy":"product_tag","embeddable":true,"href":"https:\/\/foxelektronik.com\/index.php\/wp-json\/wp\/v2\/product_tag?post=340"}],"curies":[{"name":"wp","href":"https:\/\/api.w.org\/{rel}","templated":true}]}}