{"id":354,"date":"2025-06-05T21:26:55","date_gmt":"2025-06-05T18:26:55","guid":{"rendered":"http:\/\/softetik.com\/?post_type=product&#038;p=354"},"modified":"2025-06-05T21:26:55","modified_gmt":"2025-06-05T18:26:55","slug":"motorola-dm4600-2","status":"publish","type":"product","link":"https:\/\/foxelektronik.com\/index.php\/product\/motorola-dm4600-2\/","title":{"rendered":"MOTOROLA DM4600"},"content":{"rendered":"<p>\u00d6zellikler:<\/p>\n<p>&nbsp;<\/p>\n<p>En iyi S\u0131n\u0131f Sesi<\/p>\n<p>Geli\u015ftirilmi\u015f Kapasite ve Kapsama<\/p>\n<p>Dahili GPS ve g\u00f6m\u00fcl\u00fc Bluetooth (Ses)<\/p>\n<p>1000Kanal Kapasitesi<\/p>\n<p>1-25W, 25-45W (VHF) ve 1-25W, 25-40W (UHF) Modelleri<\/p>\n<p>PL\/DPL, MDC, Quik-Call II, 5 Ton Sinyalizasyon<\/p>\n<p>Esnek bir men\u00fc aray\u00fcz\u00fc gezintisi sa\u011flayan geni\u015f, tam renkli ekran<\/p>\n<p>Gece\/G\u00fcnd\u00fcz ekran modu<\/p>\n<p>Dahili GPS ve g\u00f6m\u00fcl\u00fc Bluetooth (Ses)<\/p>\n<p>LED g\u00f6stergeli alfanumerik ekran, arama, tarama ve izleme fonksiyonlar\u0131n\u0131n geri d\u00f6n\u00fc\u015f\u00fcn\u00fc temiz bir \u015fekilde g\u00f6sterme<\/p>\n<p>D\u00fczenlenebilir ses anonsu<\/p>\n<p>Opsiyonel acil durum butonu ile4 adet programlanabilir buton<\/p>\n<p>ETSI DMR Standart\u0131<\/p>\n<p>\u00c7ift mod (Dual Mode) Analog ve Dijital tarama<\/p>\n<p>Geli\u015ftirilmi\u015f G\u00fcvenlik<\/p>\n<p>Programlanabilir kanal bo\u015flu\u011fu (12.5, 20, 25 kHz)<\/p>\n<p>Se\u00e7ilen Telsizi k\u0131s\u0131tlama<\/p>\n<p>X-pand ses s\u0131k\u0131\u015ft\u0131rma ve d\u00fc\u015f\u00fck seviye geni\u015fleme<\/p>\n<p>&nbsp;<\/p>\n<p>Frekans Aral\u0131klar\u0131:<\/p>\n<p>&nbsp;<\/p>\n<p>VHF (136\u2013174MHz)<\/p>\n<p>UHF (400\u2013470MHz)<\/p>\n","protected":false},"excerpt":{"rendered":"<p>\u00d6zellikler: &nbsp; En iyi S\u0131n\u0131f Sesi Geli\u015ftirilmi\u015f Kapasite ve Kapsama Dahili GPS ve g\u00f6m\u00fcl\u00fc Bluetooth (Ses) 1000Kanal Kapasitesi 1-25W, 25-45W (VHF) ve 1-25W, 25-40W (UHF) Modelleri PL\/DPL, MDC, Quik-Call II, 5 Ton Sinyalizasyon Esnek bir men\u00fc aray\u00fcz\u00fc gezintisi sa\u011flayan geni\u015f, tam renkli ekran Gece\/G\u00fcnd\u00fcz ekran modu Dahili GPS ve g\u00f6m\u00fcl\u00fc Bluetooth (Ses) LED g\u00f6stergeli alfanumerik [&hellip;]<\/p>\n","protected":false},"featured_media":355,"template":"","meta":[],"product_brand":[70],"product_cat":[48],"product_tag":[],"class_list":{"0":"post-354","1":"product","2":"type-product","3":"status-publish","4":"has-post-thumbnail","6":"product_brand-motorola","7":"product_cat-sabit-ve-arac-telsizi","9":"first","10":"instock","11":"shipping-taxable","12":"product-type-simple"},"_links":{"self":[{"href":"https:\/\/foxelektronik.com\/index.php\/wp-json\/wp\/v2\/product\/354","targetHints":{"allow":["GET"]}}],"collection":[{"href":"https:\/\/foxelektronik.com\/index.php\/wp-json\/wp\/v2\/product"}],"about":[{"href":"https:\/\/foxelektronik.com\/index.php\/wp-json\/wp\/v2\/types\/product"}],"wp:featuredmedia":[{"embeddable":true,"href":"https:\/\/foxelektronik.com\/index.php\/wp-json\/wp\/v2\/media\/355"}],"wp:attachment":[{"href":"https:\/\/foxelektronik.com\/index.php\/wp-json\/wp\/v2\/media?parent=354"}],"wp:term":[{"taxonomy":"product_brand","embeddable":true,"href":"https:\/\/foxelektronik.com\/index.php\/wp-json\/wp\/v2\/product_brand?post=354"},{"taxonomy":"product_cat","embeddable":true,"href":"https:\/\/foxelektronik.com\/index.php\/wp-json\/wp\/v2\/product_cat?post=354"},{"taxonomy":"product_tag","embeddable":true,"href":"https:\/\/foxelektronik.com\/index.php\/wp-json\/wp\/v2\/product_tag?post=354"}],"curies":[{"name":"wp","href":"https:\/\/api.w.org\/{rel}","templated":true}]}}