{"id":360,"date":"2025-06-05T21:30:30","date_gmt":"2025-06-05T18:30:30","guid":{"rendered":"http:\/\/softetik.com\/?post_type=product&#038;p=360"},"modified":"2025-06-05T21:30:30","modified_gmt":"2025-06-05T18:30:30","slug":"midland-m-mini-cb-halkbandi-off-road-arac-telsizi-2","status":"publish","type":"product","link":"https:\/\/foxelektronik.com\/index.php\/product\/midland-m-mini-cb-halkbandi-off-road-arac-telsizi-2\/","title":{"rendered":"M\u0130DLAND M M\u0130N\u0130 CB (HALKBANDI )OFF-ROAD ARA\u00c7 TELS\u0130Z\u0130"},"content":{"rendered":"<p>M\u0130DLAND M M\u0130N\u0130 CB (HALKBANDI )OFF-ROAD ARA\u00c7 TELS\u0130Z\u0130<\/p>\n<p>&nbsp;<\/p>\n<p>AM\/FM\u00a0 80 KANAL<\/p>\n<p>SCAN \/TARAMA \u00d6ZELL\u0130\u011e\u0130<\/p>\n<p>LDC G\u00d6STERGEL\u0130<\/p>\n<p>M\u0130KROFON \u00dcZER\u0130NDEN KANAL DE\u011e\u0130\u015eT\u0130RME TU\u015eLARI<\/p>\n<p>S METRE VE RF GAIN \u00d6ZELL\u0130\u011e\u0130<\/p>\n<p>4 WATT ANTEN \u00c7IKI\u015e G\u00dcC\u00dc<\/p>\n<p>HAR\u0130C\u0130 HOPARL\u00d6R \u00c7IKI\u015eI<\/p>\n<p>BLUE TOOTH \u00d6ZELL\u0130\u011e\u0130 (OPS\u0130YONEL)<\/p>\n<p>OTOMAT\u0130K G\u00dcR\u00dcLT\u00dc G\u0130DER\u0130C\u0130 (AUTO SQUELCH)<\/p>\n<p>KOLAY KIZAKLI MONTAJ<\/p>\n","protected":false},"excerpt":{"rendered":"<p>M\u0130DLAND M M\u0130N\u0130 CB (HALKBANDI )OFF-ROAD ARA\u00c7 TELS\u0130Z\u0130 &nbsp; AM\/FM\u00a0 80 KANAL SCAN \/TARAMA \u00d6ZELL\u0130\u011e\u0130 LDC G\u00d6STERGEL\u0130 M\u0130KROFON \u00dcZER\u0130NDEN KANAL DE\u011e\u0130\u015eT\u0130RME TU\u015eLARI S METRE VE RF GAIN \u00d6ZELL\u0130\u011e\u0130 4 WATT ANTEN \u00c7IKI\u015e G\u00dcC\u00dc HAR\u0130C\u0130 HOPARL\u00d6R \u00c7IKI\u015eI BLUE TOOTH \u00d6ZELL\u0130\u011e\u0130 (OPS\u0130YONEL) OTOMAT\u0130K G\u00dcR\u00dcLT\u00dc G\u0130DER\u0130C\u0130 (AUTO SQUELCH) KOLAY KIZAKLI MONTAJ<\/p>\n","protected":false},"featured_media":361,"template":"","meta":[],"product_brand":[69],"product_cat":[48],"product_tag":[],"class_list":{"0":"post-360","1":"product","2":"type-product","3":"status-publish","4":"has-post-thumbnail","6":"product_brand-midland","7":"product_cat-sabit-ve-arac-telsizi","9":"first","10":"instock","11":"shipping-taxable","12":"product-type-simple"},"_links":{"self":[{"href":"https:\/\/foxelektronik.com\/index.php\/wp-json\/wp\/v2\/product\/360","targetHints":{"allow":["GET"]}}],"collection":[{"href":"https:\/\/foxelektronik.com\/index.php\/wp-json\/wp\/v2\/product"}],"about":[{"href":"https:\/\/foxelektronik.com\/index.php\/wp-json\/wp\/v2\/types\/product"}],"wp:featuredmedia":[{"embeddable":true,"href":"https:\/\/foxelektronik.com\/index.php\/wp-json\/wp\/v2\/media\/361"}],"wp:attachment":[{"href":"https:\/\/foxelektronik.com\/index.php\/wp-json\/wp\/v2\/media?parent=360"}],"wp:term":[{"taxonomy":"product_brand","embeddable":true,"href":"https:\/\/foxelektronik.com\/index.php\/wp-json\/wp\/v2\/product_brand?post=360"},{"taxonomy":"product_cat","embeddable":true,"href":"https:\/\/foxelektronik.com\/index.php\/wp-json\/wp\/v2\/product_cat?post=360"},{"taxonomy":"product_tag","embeddable":true,"href":"https:\/\/foxelektronik.com\/index.php\/wp-json\/wp\/v2\/product_tag?post=360"}],"curies":[{"name":"wp","href":"https:\/\/api.w.org\/{rel}","templated":true}]}}