{"id":364,"date":"2025-06-05T21:32:26","date_gmt":"2025-06-05T18:32:26","guid":{"rendered":"http:\/\/softetik.com\/?post_type=product&#038;p=364"},"modified":"2025-06-05T21:32:27","modified_gmt":"2025-06-05T18:32:27","slug":"motorola-dp-1400-arac-sabit-telsiz-3","status":"publish","type":"product","link":"https:\/\/foxelektronik.com\/index.php\/product\/motorola-dp-1400-arac-sabit-telsiz-3\/","title":{"rendered":"MOTOROLA DP 1400 ARA\u00c7-SAB\u0130T TELS\u0130Z"},"content":{"rendered":"<p>MOTOROLA DP 1400 ARA\u00c7-SAB\u0130T TELS\u0130Z<\/p>\n<p>&nbsp;<\/p>\n<p>&#8211; VHF (136-174 MHz)<\/p>\n<p>&#8211; UHF (403-470 MHz)<\/p>\n<p>&#8211; Analog ve Say\u0131sal Ses Haberle\u015fmesi<\/p>\n<p>&#8211; Sesli Haberle\u015fme<\/p>\n<p>&#8211; Kanal Aral\u0131\u011f\u0131: 12.5, 20, 25<\/p>\n<p>&#8211; Sesli Anons<\/p>\n<p>&#8211; 16 Kanal Kapasitesi<\/p>\n<p>&#8211; N\u00fcmerik Ekran<\/p>\n<p>&#8211; G\u00f6nderme Kesme \u00d6zelli\u011fi (yaln\u0131zca kod \u00e7\u00f6z\u00fcml\u00fc)<\/p>\n<p>&#8211; Telsiz Y\u00f6netim Yaz\u0131l\u0131m\u0131 ile uyumlu<\/p>\n<p>&#8211; Yak\u0131n ve r\u00f6le kanallar\u0131nda tek frekans ile \u00e7ift kapasite<\/p>\n<p>&#8211; IP54 Standard\u0131<\/p>\n<p>DIJITAL YAZILIM AYRICA F\u0130YATLANDIRILIR,ANALOG OLARAK SATI\u015eTADIR.<\/p>\n","protected":false},"excerpt":{"rendered":"<p>MOTOROLA DP 1400 ARA\u00c7-SAB\u0130T TELS\u0130Z &nbsp; &#8211; VHF (136-174 MHz) &#8211; UHF (403-470 MHz) &#8211; Analog ve Say\u0131sal Ses Haberle\u015fmesi &#8211; Sesli Haberle\u015fme &#8211; Kanal Aral\u0131\u011f\u0131: 12.5, 20, 25 &#8211; Sesli Anons &#8211; 16 Kanal Kapasitesi &#8211; N\u00fcmerik Ekran &#8211; G\u00f6nderme Kesme \u00d6zelli\u011fi (yaln\u0131zca kod \u00e7\u00f6z\u00fcml\u00fc) &#8211; Telsiz Y\u00f6netim Yaz\u0131l\u0131m\u0131 ile uyumlu &#8211; Yak\u0131n ve [&hellip;]<\/p>\n","protected":false},"featured_media":365,"template":"","meta":[],"product_brand":[70],"product_cat":[48],"product_tag":[],"class_list":{"0":"post-364","1":"product","2":"type-product","3":"status-publish","4":"has-post-thumbnail","6":"product_brand-motorola","7":"product_cat-sabit-ve-arac-telsizi","9":"first","10":"instock","11":"shipping-taxable","12":"product-type-simple"},"_links":{"self":[{"href":"https:\/\/foxelektronik.com\/index.php\/wp-json\/wp\/v2\/product\/364","targetHints":{"allow":["GET"]}}],"collection":[{"href":"https:\/\/foxelektronik.com\/index.php\/wp-json\/wp\/v2\/product"}],"about":[{"href":"https:\/\/foxelektronik.com\/index.php\/wp-json\/wp\/v2\/types\/product"}],"wp:featuredmedia":[{"embeddable":true,"href":"https:\/\/foxelektronik.com\/index.php\/wp-json\/wp\/v2\/media\/365"}],"wp:attachment":[{"href":"https:\/\/foxelektronik.com\/index.php\/wp-json\/wp\/v2\/media?parent=364"}],"wp:term":[{"taxonomy":"product_brand","embeddable":true,"href":"https:\/\/foxelektronik.com\/index.php\/wp-json\/wp\/v2\/product_brand?post=364"},{"taxonomy":"product_cat","embeddable":true,"href":"https:\/\/foxelektronik.com\/index.php\/wp-json\/wp\/v2\/product_cat?post=364"},{"taxonomy":"product_tag","embeddable":true,"href":"https:\/\/foxelektronik.com\/index.php\/wp-json\/wp\/v2\/product_tag?post=364"}],"curies":[{"name":"wp","href":"https:\/\/api.w.org\/{rel}","templated":true}]}}