{"id":368,"date":"2025-06-05T21:36:00","date_gmt":"2025-06-05T18:36:00","guid":{"rendered":"http:\/\/softetik.com\/?post_type=product&#038;p=368"},"modified":"2025-06-05T21:36:00","modified_gmt":"2025-06-05T18:36:00","slug":"tyt-th-9800-quad-amator-band-arac-telsizi-29-50-144-430mhz-2","status":"publish","type":"product","link":"https:\/\/foxelektronik.com\/index.php\/product\/tyt-th-9800-quad-amator-band-arac-telsizi-29-50-144-430mhz-2\/","title":{"rendered":"TYT TH-9800 QUAD AMAT\u00d6R BAND ARA\u00c7 TELS\u0130Z\u0130 29\/50\/144\/430MHZ"},"content":{"rendered":"<p>TYT TH-9800 QUAD AMAT\u00d6R\u00a0 BAND ARA\u00c7\u00a0 TELS\u0130Z\u0130\u00a0 29\/50\/144\/430MHZ<\/p>\n<p>&nbsp;<\/p>\n<p>QUAD (D\u00d6RTL\u00dc) BANT \u00c7ALI\u015eMA 29\/ 50 \/ 144 \/ 430MHZ\u00a0 AMAT\u00d6R BANTLARI KAPSAR<\/p>\n<p>&nbsp;<\/p>\n<p>E-Ticaret Platformumuz\u00a0<a href=\"http:\/\/www.telsizaksesuar.com\/\">www.telsizaksesuar.com<\/a>\u00a0 T\u00fcrkiye&#8217;nin Haberle\u015fme Marketi Floryada A\u00e7\u0131ld\u0131!<\/p>\n<p>Taksitli al\u0131\u015fveri\u015fin adresi.<\/p>\n<p>Teknik servis deste\u011fimiz i\u00e7in bize ula\u015f\u0131n.<\/p>\n<p>0212 599 0 369 &#8211; 0539 858 56 45 WhatsApp<\/p>\n<p>&nbsp;<\/p>\n<p>&nbsp;<\/p>\n<p>&nbsp;<\/p>\n<p><strong>GENEL \u00d6ZELL\u0130KLER:<\/strong><\/p>\n<p>26-33MHz, 47-54MHz, 108-180MHz, 320-512MHz,AM ve FM alma bantlar\u0131<\/p>\n<p>Ana Bant A ve Alt Bant B ba\u011f\u0131ms\u0131z \u00e7al\u0131\u015fma<\/p>\n<p>V+V &amp; V+U &amp; U+U dual al\u0131c\u0131 dizayn\u0131<\/p>\n<p>V+U tam dupleks \u00e7al\u0131\u015fma<\/p>\n<p>Cross-band tekrarlama \u00f6zelli\u011fi<\/p>\n<p>\u00c7\u0131kar\u0131labilir \u00f6n panel<\/p>\n<p>Geni\u015f LCD Ekran<\/p>\n<p>29\/50\/144MHz 50W, 430MHz 40W \u00e7\u0131k\u0131\u015f g\u00fcc\u00fc<\/p>\n<p>800&#8217;den fazla kanal kapasitesi<\/p>\n<p>50 CTCSS, 1024 DCS, DTMF, 2 Ton, 5 Ton Sinyalle\u015fme<\/p>\n<p>8 grup ses kar\u0131\u015ft\u0131rma se\u00e7ene\u011fi (Scrambler)<\/p>\n<p>Geni\u015f\/Orta\/Dar band geni\u015fli\u011fi se\u00e7enekleri.<\/p>\n<p>&nbsp;<\/p>\n<p>TEKN\u0130K \u00d6ZELL\u0130KLER:<\/p>\n<p>&nbsp;<\/p>\n<p>Frekans Aral\u0131\u011f\u0131: Sol Bant: Rx:26-33MHz, 47-54MHz, 108-180MHz, 320-512MHz,<\/p>\n<p>&nbsp;<\/p>\n<p>TX: 26-33MHz, 47-54MHz, 134-174MHz, 400-480MHz<\/p>\n<p>Sa\u011f Bant: Rx: 134-180MHz, 400-512MHz, Tx: 134-174MHz, 400-480MHz<\/p>\n<p>Kanal Kapasitesi: 809<\/p>\n<p>Kanal Aral\u0131klar\u0131: 2.5\/5\/6.25\/7.5\/8.33\/10\/12.5\/15\/25\/30\/50\/100 KHz<\/p>\n<p>Emisyon Modlar\u0131: F3<\/p>\n<p>Anten Empedans\u0131: 50 Ohm (Dahili duplexeri mevcuttur)<\/p>\n<p>Frekans Kararl\u0131l\u0131\u011f\u0131: \u00b15ppm<\/p>\n<p>\u00c7al\u0131\u015fma S\u0131cakl\u0131k Aral\u0131\u011f\u0131: -20\u00b0C ~ +60\u00b0C<\/p>\n<p>\u00c7al\u0131\u015fma Voltaj\u0131: 13.8 V DC (\u00b15%)<\/p>\n<p>Anl\u0131k t\u00fcketim: Alma: 0.5 A G\u00f6nderme: 8.5 A<\/p>\n<p>Kasa Boyutu (G*Y*D): 140 x 41.5 x 168 mm<\/p>\n<p>A\u011f\u0131rl\u0131k: 1,2kg.<\/p>\n<p>G\u00d6NDERME:<\/p>\n<p>\u00c7\u0131k\u0131\u015f G\u00fcc\u00fc: 5-50W(29\/50\/144 MHz) 5-40W(430 MHz)<\/p>\n<p>Maksimum Sapma: \u00b15KHz<\/p>\n<p>Sahte Yay\u0131l\u0131m: &lt; -60dB (29 MHz: &lt; -50dB)<\/p>\n<p>Mod\u00fclasyon Bozulma: &lt; 3%<\/p>\n<p>Mikrofon Empedans\u0131: 2 k\u03a9<\/p>\n<p>&nbsp;<\/p>\n<p>ALMA:<\/p>\n<p>Devre Tipi: \u00c7ift \u00c7evrimli S\u00fcper-Heterodin<\/p>\n<p>Ara Frekanslar: Sol: 49.95MHz\/450KHz, Sa\u011f: 38.85MHz\/450KHz<\/p>\n<p>Hassasiyet : (12dB SIN): 0,2\u03bcv<\/p>\n<p>Susturma Hassasiyeti: &lt;0.16\u03bcV<\/p>\n<p>Se\u00e7icilik: 12 KHz \/ 30 KHz<\/p>\n<p>Maksimum AF \u00c7\u0131k\u0131\u015f\u0131: 2 W @ 8\u03a9 (%5 Bozulmada)<\/p>\n<p>Ses \u00c7\u0131k\u0131\u015f\u0131 Empedans\u0131: 4-16\u03a9<\/p>\n<p>&nbsp;<\/p>\n<p>STANDARD AKSESUARLAR:<\/p>\n<p>&nbsp;<\/p>\n<p>Tu\u015f Tak\u0131ml\u0131 El Mikrofonu,program kablosu, Cam Sigortalar, Metal Mikrofon ask\u0131s\u0131, Montaj vidalar\u0131, Montaj braketi, DC Enerji Kablosu, Braket vidalar\u0131, \u00d6n panel uzatma kablolar\u0131 ve braket.<\/p>\n","protected":false},"excerpt":{"rendered":"<p>TYT TH-9800 QUAD AMAT\u00d6R\u00a0 BAND ARA\u00c7\u00a0 TELS\u0130Z\u0130\u00a0 29\/50\/144\/430MHZ &nbsp; QUAD (D\u00d6RTL\u00dc) BANT \u00c7ALI\u015eMA 29\/ 50 \/ 144 \/ 430MHZ\u00a0 AMAT\u00d6R BANTLARI KAPSAR &nbsp; E-Ticaret Platformumuz\u00a0www.telsizaksesuar.com\u00a0 T\u00fcrkiye&#8217;nin Haberle\u015fme Marketi Floryada A\u00e7\u0131ld\u0131! Taksitli al\u0131\u015fveri\u015fin adresi. Teknik servis deste\u011fimiz i\u00e7in bize ula\u015f\u0131n. 0212 599 0 369 &#8211; 0539 858 56 45 WhatsApp &nbsp; &nbsp; &nbsp; GENEL \u00d6ZELL\u0130KLER: 26-33MHz, [&hellip;]<\/p>\n","protected":false},"featured_media":369,"template":"","meta":[],"product_brand":[68],"product_cat":[48],"product_tag":[],"class_list":{"0":"post-368","1":"product","2":"type-product","3":"status-publish","4":"has-post-thumbnail","6":"product_brand-tyt","7":"product_cat-sabit-ve-arac-telsizi","9":"first","10":"instock","11":"shipping-taxable","12":"product-type-simple"},"_links":{"self":[{"href":"https:\/\/foxelektronik.com\/index.php\/wp-json\/wp\/v2\/product\/368","targetHints":{"allow":["GET"]}}],"collection":[{"href":"https:\/\/foxelektronik.com\/index.php\/wp-json\/wp\/v2\/product"}],"about":[{"href":"https:\/\/foxelektronik.com\/index.php\/wp-json\/wp\/v2\/types\/product"}],"wp:featuredmedia":[{"embeddable":true,"href":"https:\/\/foxelektronik.com\/index.php\/wp-json\/wp\/v2\/media\/369"}],"wp:attachment":[{"href":"https:\/\/foxelektronik.com\/index.php\/wp-json\/wp\/v2\/media?parent=368"}],"wp:term":[{"taxonomy":"product_brand","embeddable":true,"href":"https:\/\/foxelektronik.com\/index.php\/wp-json\/wp\/v2\/product_brand?post=368"},{"taxonomy":"product_cat","embeddable":true,"href":"https:\/\/foxelektronik.com\/index.php\/wp-json\/wp\/v2\/product_cat?post=368"},{"taxonomy":"product_tag","embeddable":true,"href":"https:\/\/foxelektronik.com\/index.php\/wp-json\/wp\/v2\/product_tag?post=368"}],"curies":[{"name":"wp","href":"https:\/\/api.w.org\/{rel}","templated":true}]}}