{"id":375,"date":"2025-06-05T21:42:33","date_gmt":"2025-06-05T18:42:33","guid":{"rendered":"http:\/\/softetik.com\/?post_type=product&#038;p=375"},"modified":"2025-06-05T21:42:34","modified_gmt":"2025-06-05T18:42:34","slug":"sfe-s-780a-pmr-el-telsizi","status":"publish","type":"product","link":"https:\/\/foxelektronik.com\/index.php\/product\/sfe-s-780a-pmr-el-telsizi\/","title":{"rendered":"SFE S-780A PMR EL TELS\u0130Z\u0130"},"content":{"rendered":"<div class=\"product-info-tabs\">\n<div id=\"product-tabs\" class=\"prod-tabs\">\n<div class=\"tabs-container\">\n<div id=\"prod-description\" class=\"tab active-tab\">\n<div class=\"content\">\n<h3>SFE S-780A PMR EL TELS\u0130Z\u0130<\/h3>\n<p>E-Ticaret Platformumuz\u00a0<a href=\"http:\/\/www.telsizaksesuar.com\/\">www.telsizaksesuar.com<\/a>\u00a0 T\u00fcrkiye&#8217;nin Haberle\u015fme Marketi Floryada A\u00e7\u0131ld\u0131!<\/p>\n<p>Taksitli al\u0131\u015fveri\u015fin adresi.<\/p>\n<p>Teknik servis deste\u011fimiz i\u00e7in bize ula\u015f\u0131n.<\/p>\n<p>0212 599 0 369 &#8211; 0539 858 56 45 WhatsApp<\/p>\n<p>&nbsp;<\/p>\n<ul>\n<li><em>16 Kanal<\/em><\/li>\n<li><em>CTCSS\/DCS\/DTMF \u015eifre &amp; De\u015fifre<\/em><\/li>\n<li><em>Yan Tu\u015f Atama Programlanabilir<\/em><\/li>\n<li><em>\u00c7e\u015fitli Tarama Modlar\u0131<\/em><\/li>\n<li><em>Dar Bant Geni\u015fli\u011fi 12.5KHz<\/em><\/li>\n<li><em>VOX Programlanabilir (10 seviye se\u00e7ici)<\/em><\/li>\n<li><em>Otomatik Pil Tasarrufu<\/em><\/li>\n<li><em>Acil Durum Uyar\u0131s\u0131<\/em><\/li>\n<li><em>TOT (Zaman A\u015f\u0131m\u0131 Zamanlay\u0131c\u0131s\u0131)<\/em><\/li>\n<li><em>Me\u015fgul Kanal kilitleme (BCL)<\/em><\/li>\n<li><em>CE \/ ROHS Onayl\u0131<\/em><\/li>\n<\/ul>\n<p>&nbsp;<\/p>\n<p>SFE S-780A Teknik \u00d6zellikleri:<\/p>\n<p>&nbsp;<\/p>\n<p><em>Frekans Aral\u0131\u011f\u0131\u00a0 \u00a0 \u00a0 \u00a0: 446MHz<\/em><\/p>\n<p><em>Kanal Kapasitesi\u00a0 \u00a0 \u00a0: 16 Kanal<\/em><\/p>\n<p><em>\u00c7al\u0131\u015fma Gerilimi\u00a0 \u00a0 \u00a0: 7.2V DC \u00b1 15%<\/em><\/p>\n<p><em>Kanal Aral\u0131\u011f\u0131\u00a0 \u00a0 \u00a0 \u00a0 \u00a0 \u00a0: 12.5KHz(dar)<\/em><\/p>\n<p><em>Anten Empedans\u0131\u00a0 \u00a0: 50<\/em><\/p>\n<p><em>Pil Kapasitesi\u00a0 \u00a0 \u00a0 \u00a0 \u00a0 : 1650mAH\/2200mAH(Li-Ion Batarya)<\/em><\/p>\n<p><em>Pil \u00d6mr\u00fc\u00a0 \u00a0 \u00a0 \u00a0 \u00a0 \u00a0 \u00a0 \u00a0 \u00a0: (5-5-90 G\u00f6rev D\u00f6ng\u00fcs\u00fc) About11-17<\/em><\/p>\n<p><em>\u00c7al\u0131\u015fma S\u0131cakl\u0131\u011f\u0131\u00a0 \u00a0: -30\u00b0C &#8211; +60\u00b0C<\/em><\/p>\n<p><em>Frekans Kararl\u0131l\u0131\u011f\u0131\u00a0 : \u00b1 2.5ppm<\/em><\/p>\n<p><em>Boyutlar (G*Y*D)(\u00c7\u0131k\u0131nt\u0131lar Hari\u00e7) : 53*28*104mm<\/em><\/p>\n<p>&nbsp;<\/p>\n<\/div>\n<\/div>\n<\/div>\n<\/div>\n<\/div>\n","protected":false},"excerpt":{"rendered":"<p>SFE S-780A PMR EL TELS\u0130Z\u0130 E-Ticaret Platformumuz\u00a0www.telsizaksesuar.com\u00a0 T\u00fcrkiye&#8217;nin Haberle\u015fme Marketi Floryada A\u00e7\u0131ld\u0131! Taksitli al\u0131\u015fveri\u015fin adresi. Teknik servis deste\u011fimiz i\u00e7in bize ula\u015f\u0131n. 0212 599 0 369 &#8211; 0539 858 56 45 WhatsApp &nbsp; 16 Kanal CTCSS\/DCS\/DTMF \u015eifre &amp; De\u015fifre Yan Tu\u015f Atama Programlanabilir \u00c7e\u015fitli Tarama Modlar\u0131 Dar Bant Geni\u015fli\u011fi 12.5KHz VOX Programlanabilir (10 seviye se\u00e7ici) Otomatik [&hellip;]<\/p>\n","protected":false},"featured_media":376,"template":"","meta":[],"product_brand":[75],"product_cat":[49],"product_tag":[],"class_list":{"0":"post-375","1":"product","2":"type-product","3":"status-publish","4":"has-post-thumbnail","6":"product_brand-sfe","7":"product_cat-el-telsizi","9":"first","10":"instock","11":"shipping-taxable","12":"product-type-simple"},"_links":{"self":[{"href":"https:\/\/foxelektronik.com\/index.php\/wp-json\/wp\/v2\/product\/375","targetHints":{"allow":["GET"]}}],"collection":[{"href":"https:\/\/foxelektronik.com\/index.php\/wp-json\/wp\/v2\/product"}],"about":[{"href":"https:\/\/foxelektronik.com\/index.php\/wp-json\/wp\/v2\/types\/product"}],"wp:featuredmedia":[{"embeddable":true,"href":"https:\/\/foxelektronik.com\/index.php\/wp-json\/wp\/v2\/media\/376"}],"wp:attachment":[{"href":"https:\/\/foxelektronik.com\/index.php\/wp-json\/wp\/v2\/media?parent=375"}],"wp:term":[{"taxonomy":"product_brand","embeddable":true,"href":"https:\/\/foxelektronik.com\/index.php\/wp-json\/wp\/v2\/product_brand?post=375"},{"taxonomy":"product_cat","embeddable":true,"href":"https:\/\/foxelektronik.com\/index.php\/wp-json\/wp\/v2\/product_cat?post=375"},{"taxonomy":"product_tag","embeddable":true,"href":"https:\/\/foxelektronik.com\/index.php\/wp-json\/wp\/v2\/product_tag?post=375"}],"curies":[{"name":"wp","href":"https:\/\/api.w.org\/{rel}","templated":true}]}}