{"id":385,"date":"2025-06-05T21:48:39","date_gmt":"2025-06-05T18:48:39","guid":{"rendered":"http:\/\/softetik.com\/?post_type=product&#038;p=385"},"modified":"2025-06-05T21:48:39","modified_gmt":"2025-06-05T18:48:39","slug":"kirisun-npmr-agir-gorev-tipi-pmr-lisanssiz-el-telsizi","status":"publish","type":"product","link":"https:\/\/foxelektronik.com\/index.php\/product\/kirisun-npmr-agir-gorev-tipi-pmr-lisanssiz-el-telsizi\/","title":{"rendered":"KIRISUN NPMR A\u011eIR G\u00d6REV T\u0130P\u0130 PMR L\u0130SANSSIZ EL TELS\u0130Z\u0130"},"content":{"rendered":"<h3><strong>KIRISUN NPMR A\u011eIR G\u00d6REV T\u0130P\u0130 PMR L\u0130SANSSIZ EL TELS\u0130Z\u0130\u00a0\u00a0\u00a0<\/strong><\/h3>\n<p>&nbsp;<\/p>\n<p>E-Ticaret Platformumuz\u00a0<a href=\"http:\/\/www.telsizaksesuar.com\/\">www.telsizaksesuar.com<\/a>\u00a0 T\u00fcrkiye&#8217;nin Haberle\u015fme Marketi Floryada A\u00e7\u0131ld\u0131!<\/p>\n<p>Taksitli al\u0131\u015fveri\u015fin adresi.<\/p>\n<p>Teknik servis deste\u011fimiz i\u00e7in bize ula\u015f\u0131n.<\/p>\n<p>0212 599 0 369 &#8211; 0539 858 56 45 WhatsApp<\/p>\n<p>&nbsp;<\/p>\n<ul>\n<li><em>16 Kanal<\/em><\/li>\n<li><em>\u00a0UHF 446 MHz<\/em><\/li>\n<li><em>\u00a0Sesli Kanal Anonsu<\/em><\/li>\n<li><em>\u00a0Kanal Tarama<\/em><\/li>\n<li><em>\u00a0VOX Sesle G\u00f6nderme<\/em><\/li>\n<li><em>\u00a05\/6 Ton ANI Se\u00e7meli \u00c7a\u011fr\u0131<\/em><\/li>\n<li><em>\u00a0A\u011f\u0131r G\u00f6rev Tipi G\u00f6vde<\/em><\/li>\n<li><em>\u00a0Lityum \u0130yon Polimer Batarya<\/em><\/li>\n<\/ul>\n","protected":false},"excerpt":{"rendered":"<p>KIRISUN NPMR A\u011eIR G\u00d6REV T\u0130P\u0130 PMR L\u0130SANSSIZ EL TELS\u0130Z\u0130\u00a0\u00a0\u00a0 &nbsp; E-Ticaret Platformumuz\u00a0www.telsizaksesuar.com\u00a0 T\u00fcrkiye&#8217;nin Haberle\u015fme Marketi Floryada A\u00e7\u0131ld\u0131! Taksitli al\u0131\u015fveri\u015fin adresi. Teknik servis deste\u011fimiz i\u00e7in bize ula\u015f\u0131n. 0212 599 0 369 &#8211; 0539 858 56 45 WhatsApp &nbsp; 16 Kanal \u00a0UHF 446 MHz \u00a0Sesli Kanal Anonsu \u00a0Kanal Tarama \u00a0VOX Sesle G\u00f6nderme \u00a05\/6 Ton ANI Se\u00e7meli \u00c7a\u011fr\u0131 [&hellip;]<\/p>\n","protected":false},"featured_media":386,"template":"","meta":[],"product_brand":[77],"product_cat":[49],"product_tag":[],"class_list":{"0":"post-385","1":"product","2":"type-product","3":"status-publish","4":"has-post-thumbnail","6":"product_brand-kirisun","7":"product_cat-el-telsizi","9":"first","10":"instock","11":"shipping-taxable","12":"product-type-simple"},"_links":{"self":[{"href":"https:\/\/foxelektronik.com\/index.php\/wp-json\/wp\/v2\/product\/385","targetHints":{"allow":["GET"]}}],"collection":[{"href":"https:\/\/foxelektronik.com\/index.php\/wp-json\/wp\/v2\/product"}],"about":[{"href":"https:\/\/foxelektronik.com\/index.php\/wp-json\/wp\/v2\/types\/product"}],"wp:featuredmedia":[{"embeddable":true,"href":"https:\/\/foxelektronik.com\/index.php\/wp-json\/wp\/v2\/media\/386"}],"wp:attachment":[{"href":"https:\/\/foxelektronik.com\/index.php\/wp-json\/wp\/v2\/media?parent=385"}],"wp:term":[{"taxonomy":"product_brand","embeddable":true,"href":"https:\/\/foxelektronik.com\/index.php\/wp-json\/wp\/v2\/product_brand?post=385"},{"taxonomy":"product_cat","embeddable":true,"href":"https:\/\/foxelektronik.com\/index.php\/wp-json\/wp\/v2\/product_cat?post=385"},{"taxonomy":"product_tag","embeddable":true,"href":"https:\/\/foxelektronik.com\/index.php\/wp-json\/wp\/v2\/product_tag?post=385"}],"curies":[{"name":"wp","href":"https:\/\/api.w.org\/{rel}","templated":true}]}}