{"id":410,"date":"2025-06-05T21:57:31","date_gmt":"2025-06-05T18:57:31","guid":{"rendered":"http:\/\/softetik.com\/?post_type=product&#038;p=410"},"modified":"2025-06-05T21:57:32","modified_gmt":"2025-06-05T18:57:32","slug":"motorola-dp3441","status":"publish","type":"product","link":"https:\/\/foxelektronik.com\/index.php\/product\/motorola-dp3441\/","title":{"rendered":"MOTOROLA DP3441"},"content":{"rendered":"<p>Motorola DP3441 Teknik \u00d6zellikleri<\/p>\n<p>&nbsp;<\/p>\n<p>Frekans Aral\u0131\u011f\u0131: UHF 403-527 MHz \/ VHF 136 \u2013 174 MHz<\/p>\n<p>Batarya \u00d6mr\u00fc: (05 05 90\u00a0 d\u00f6ng\u00fcs\u00fc i\u00e7in) dijital 12.3 saat, analog 8,5 saat<\/p>\n<p>OTAP: (Hava \u00fczerinden programlama) var<\/p>\n<p>Standart Pil Tipi: Lityum \u0130yon<\/p>\n<p>Acil Durum Butonu: Programlanabilir<\/p>\n<p>3 renkli LED ikaz \u0131\u015f\u0131\u011f\u0131: Var<\/p>\n<p>Dijital telefon ba\u011flant\u0131 : Var<\/p>\n<p>Sinyal: 5 tonda<\/p>\n<p>A\u011f\u0131rl\u0131k: Lityum \u0130yon pil ile \u2013 254 gr<\/p>\n<p>Boyutlar\u0131: H X W X D (Standart batarya ile birlikte): 100 x 63 x 34 mm<\/p>\n<p>GPS: Var<\/p>\n<p>\u00c7al\u0131\u015fma S\u0131cakl\u0131\u011f\u0131: -30\u02daC\/+60\u02daC<\/p>\n<p>Araya Girme: Var<\/p>\n<p>Sesli Anons: Var<\/p>\n<p>Sesli \u0130letim (VOX): Var<\/p>\n<p>Grup Aramas\u0131: Var<\/p>\n<p>Kanal Say\u0131s\u0131: 32 Kanal<\/p>\n<p>Ak\u0131ll\u0131 Ses: Var<\/p>\n<p>Analog \/ Dijital: Birlikte<\/p>\n<p>IP Standart : IP67<\/p>\n<p>Yaln\u0131z \u00c7al\u0131\u015fan: Var<\/p>\n<p>Programlanabilir D\u00fc\u011fme: 2 adet<\/p>\n","protected":false},"excerpt":{"rendered":"<p>Motorola DP3441 Teknik \u00d6zellikleri &nbsp; Frekans Aral\u0131\u011f\u0131: UHF 403-527 MHz \/ VHF 136 \u2013 174 MHz Batarya \u00d6mr\u00fc: (05 05 90\u00a0 d\u00f6ng\u00fcs\u00fc i\u00e7in) dijital 12.3 saat, analog 8,5 saat OTAP: (Hava \u00fczerinden programlama) var Standart Pil Tipi: Lityum \u0130yon Acil Durum Butonu: Programlanabilir 3 renkli LED ikaz \u0131\u015f\u0131\u011f\u0131: Var Dijital telefon ba\u011flant\u0131 : Var Sinyal: [&hellip;]<\/p>\n","protected":false},"featured_media":411,"template":"","meta":[],"product_brand":[70],"product_cat":[49],"product_tag":[],"class_list":{"0":"post-410","1":"product","2":"type-product","3":"status-publish","4":"has-post-thumbnail","6":"product_brand-motorola","7":"product_cat-el-telsizi","9":"first","10":"instock","11":"shipping-taxable","12":"product-type-simple"},"_links":{"self":[{"href":"https:\/\/foxelektronik.com\/index.php\/wp-json\/wp\/v2\/product\/410","targetHints":{"allow":["GET"]}}],"collection":[{"href":"https:\/\/foxelektronik.com\/index.php\/wp-json\/wp\/v2\/product"}],"about":[{"href":"https:\/\/foxelektronik.com\/index.php\/wp-json\/wp\/v2\/types\/product"}],"wp:featuredmedia":[{"embeddable":true,"href":"https:\/\/foxelektronik.com\/index.php\/wp-json\/wp\/v2\/media\/411"}],"wp:attachment":[{"href":"https:\/\/foxelektronik.com\/index.php\/wp-json\/wp\/v2\/media?parent=410"}],"wp:term":[{"taxonomy":"product_brand","embeddable":true,"href":"https:\/\/foxelektronik.com\/index.php\/wp-json\/wp\/v2\/product_brand?post=410"},{"taxonomy":"product_cat","embeddable":true,"href":"https:\/\/foxelektronik.com\/index.php\/wp-json\/wp\/v2\/product_cat?post=410"},{"taxonomy":"product_tag","embeddable":true,"href":"https:\/\/foxelektronik.com\/index.php\/wp-json\/wp\/v2\/product_tag?post=410"}],"curies":[{"name":"wp","href":"https:\/\/api.w.org\/{rel}","templated":true}]}}