{"id":418,"date":"2025-06-05T22:06:41","date_gmt":"2025-06-05T19:06:41","guid":{"rendered":"http:\/\/softetik.com\/?post_type=product&#038;p=418"},"modified":"2025-06-05T22:06:42","modified_gmt":"2025-06-05T19:06:42","slug":"motorola-dp3661","status":"publish","type":"product","link":"https:\/\/foxelektronik.com\/index.php\/product\/motorola-dp3661\/","title":{"rendered":"MOTOROLA DP3661"},"content":{"rendered":"<p>Genel \u00d6zellikleri;<\/p>\n<p>&nbsp;<\/p>\n<p>Kompakt, sa\u011flam renkli ekran ve s\u0131n\u0131rl\u0131 tu\u015f tak\u0131m\u0131 modeli<\/p>\n<p>2.9000 mah li-ion standart batarya<\/p>\n<p>100 x 55 x 45 mm , 341 gr<\/p>\n<p>1000 kanal kapasitesi ,0,5 W ses \u00e7\u0131k\u0131\u015f\u0131<\/p>\n<p>5W (VHF) \/ 4W (UHF) maksimum g\u00f6nderim g\u00fcc\u00fc<\/p>\n<p>\u00c7ift analog ve MOTOTRBO dijital yetenekli<\/p>\n<p>Geni\u015f alan d\u0131\u015f mekan konum takibi i\u00e7in entegre GPS ve GLONASS<\/p>\n<p>Bluetooth\u00ae kablosuz aksesuar ba\u011flant\u0131s\u0131<\/p>\n<p>Lone Worker i\u015flevi ve dahili Man Down accelerometer kullan\u0131c\u0131 g\u00fcvenli\u011fini artt\u0131r\u0131r<\/p>\n<p>Uzaktan firmware g\u00fcncellemelerine izin veren Wi-Fi\u00ae \u00f6zelli\u011fi<\/p>\n<p>Daha uzun pil \u00f6mr\u00fc i\u00e7in IMPRES \u0099 enerjisi<\/p>\n<p>Yan veya \u00f6n d\u00fc\u011fmeler arac\u0131l\u0131\u011f\u0131yla \u00f6nceden programlanabilir mesajla\u015fma, s\u00f6zs\u00fcz ileti\u015fim sa\u011flar<\/p>\n<p>\u00d6zel acil durum d\u00fc\u011fmesi ve d\u00f6rt programlanabilir d\u00fc\u011fme<\/p>\n<p>Ak\u0131ll\u0131 ses ve sesli anons<\/p>\n<p>Su alt\u0131nda uzun s\u00fcreler kullan\u0131m i\u00e7in\u00a0 IP68 ve ABD Askeri Standart\u0131 810 C, D, E, F ve G derecesi<\/p>\n<p>Do\u011frudan mod, Konvansiyonel, IPSC, Kapasite Art\u0131 ve Kapasite Max uyumlu<\/p>\n<p>&nbsp;<\/p>\n<p>Frekans aral\u0131klar\u0131:<\/p>\n<p>VHF: 136-174 MHz<\/p>\n<p>UHF: 403-527 MHz<\/p>\n","protected":false},"excerpt":{"rendered":"<p>Genel \u00d6zellikleri; &nbsp; Kompakt, sa\u011flam renkli ekran ve s\u0131n\u0131rl\u0131 tu\u015f tak\u0131m\u0131 modeli 2.9000 mah li-ion standart batarya 100 x 55 x 45 mm , 341 gr 1000 kanal kapasitesi ,0,5 W ses \u00e7\u0131k\u0131\u015f\u0131 5W (VHF) \/ 4W (UHF) maksimum g\u00f6nderim g\u00fcc\u00fc \u00c7ift analog ve MOTOTRBO dijital yetenekli Geni\u015f alan d\u0131\u015f mekan konum takibi i\u00e7in entegre [&hellip;]<\/p>\n","protected":false},"featured_media":420,"template":"","meta":[],"product_brand":[70],"product_cat":[49],"product_tag":[],"class_list":{"0":"post-418","1":"product","2":"type-product","3":"status-publish","4":"has-post-thumbnail","6":"product_brand-motorola","7":"product_cat-el-telsizi","9":"first","10":"instock","11":"shipping-taxable","12":"product-type-simple"},"_links":{"self":[{"href":"https:\/\/foxelektronik.com\/index.php\/wp-json\/wp\/v2\/product\/418","targetHints":{"allow":["GET"]}}],"collection":[{"href":"https:\/\/foxelektronik.com\/index.php\/wp-json\/wp\/v2\/product"}],"about":[{"href":"https:\/\/foxelektronik.com\/index.php\/wp-json\/wp\/v2\/types\/product"}],"wp:featuredmedia":[{"embeddable":true,"href":"https:\/\/foxelektronik.com\/index.php\/wp-json\/wp\/v2\/media\/420"}],"wp:attachment":[{"href":"https:\/\/foxelektronik.com\/index.php\/wp-json\/wp\/v2\/media?parent=418"}],"wp:term":[{"taxonomy":"product_brand","embeddable":true,"href":"https:\/\/foxelektronik.com\/index.php\/wp-json\/wp\/v2\/product_brand?post=418"},{"taxonomy":"product_cat","embeddable":true,"href":"https:\/\/foxelektronik.com\/index.php\/wp-json\/wp\/v2\/product_cat?post=418"},{"taxonomy":"product_tag","embeddable":true,"href":"https:\/\/foxelektronik.com\/index.php\/wp-json\/wp\/v2\/product_tag?post=418"}],"curies":[{"name":"wp","href":"https:\/\/api.w.org\/{rel}","templated":true}]}}