{"id":4183,"date":"2025-07-21T15:10:11","date_gmt":"2025-07-21T12:10:11","guid":{"rendered":"https:\/\/foxelektronik.com\/?post_type=product&#038;p=4183"},"modified":"2025-08-26T16:51:00","modified_gmt":"2025-08-26T13:51:00","slug":"sfe-sd-300k-dijital-ekranli-pmr-el-telsizi","status":"publish","type":"product","link":"https:\/\/foxelektronik.com\/index.php\/product\/sfe-sd-300k-dijital-ekranli-pmr-el-telsizi\/","title":{"rendered":"SFE SD-300K Dijital Ekranl\u0131 PMR EL TELS\u0130Z\u0130"},"content":{"rendered":"<div><span style=\"font-family: arial, helvetica, sans-serif; font-size: 12pt;\"><span style=\"font-family: arial, helvetica, sans-serif;\"><b>SFE SD-300K Dijital Ekranl\u0131 PMR EL TELS\u0130Z\u0130<br \/><\/b><\/span><br \/><b style=\"font-family: arial, helvetica, sans-serif; font-size: 12pt;\">SFE SD-300K Genel \u00d6zellikleri:<\/b><\/p>\n<p><span style=\"font-family: arial, helvetica, sans-serif;\"><span style=\"font-size: 12pt;\">Bireysel \u00e7a\u011fr\u0131(Gruba duyurmadan numara tu\u015flayarak)<\/span><\/span><strong style=\"font-family: arial, helvetica, sans-serif; font-size: 12pt;\"><\/p>\n<p><\/strong><\/span><\/div>\n<div><span style=\"font-family: arial, helvetica, sans-serif; font-size: 12pt;\">B\u00f6lge se\u00e7ilebilir<\/span><\/div>\n<div><\/div>\n<div><span style=\"font-family: arial, helvetica, sans-serif; font-size: 12pt;\">Dijital ve Analog aras\u0131nda tarama<\/span><\/div>\n<div><\/div>\n<div><span style=\"font-family: arial, helvetica, sans-serif; font-size: 12pt;\">Acil durum uyar\u0131s\u0131<\/span><\/div>\n<div><\/div>\n<div><span style=\"font-family: arial, helvetica, sans-serif; font-size: 12pt;\">Y\u00fcksek \/ D\u00fc\u015f\u00fck g\u00fc\u00e7 \u00e7\u0131k\u0131\u015f\u0131<\/span><\/div>\n<div><\/div>\n<div><span style=\"font-family: arial, helvetica, sans-serif; font-size: 12pt;\">G\u00f6nderge\u00e7 Zaman S\u0131n\u0131rlay\u0131c\u0131 (TOT \u2013Zaman A\u015f\u0131m\u0131 Zamanlay\u0131c\u0131s\u0131)<\/span><\/div>\n<div><\/div>\n<div><span style=\"font-family: arial, helvetica, sans-serif; font-size: 12pt;\">Otomatik pil tasarrufu<\/span><\/div>\n<div><\/div>\n<div><span style=\"font-family: arial, helvetica, sans-serif; font-size: 12pt;\">Me\u015fgul Kanalda G\u00f6nderme Uyar\u0131s\u0131 (BCL \u2013Busy Channel Lockout)<\/span><\/div>\n<div><\/div>\n<div><span style=\"font-family: arial, helvetica, sans-serif; font-size: 12pt;\">Yan Tu\u015f Atama Programlanabilir<\/span><\/div>\n<div><\/div>\n<div><span style=\"font-family: arial, helvetica, sans-serif; font-size: 12pt;\">VOX \u00f6zelli\u011fi programlanabilir (10 seviye se\u00e7meli)<\/span><\/div>\n<div><\/div>\n<div><span style=\"font-family: arial, helvetica, sans-serif; font-size: 12pt;\">Geni\u015f kapsama alan\u0131<\/span><\/div>\n<div><\/div>\n<div><span style=\"font-family: arial, helvetica, sans-serif; font-size: 12pt;\">Ses komutu<\/span><\/div>\n<div><\/div>\n<div><span style=\"font-family: arial, helvetica, sans-serif; font-size: 12pt;\">PC ile programlanabilme<\/span><\/div>\n<div><\/div>\n<div><span style=\"font-family: arial, helvetica, sans-serif; font-size: 12pt;\">\u00a0 \u00a0 \u00a0<strong> SFE SD-300K Teknik \u00d6zellikleri:<\/strong><\/span><\/div>\n<div><\/div>\n<div><span style=\"font-family: arial, helvetica, sans-serif; font-size: 12pt;\">Frekans Aral\u0131\u011f\u0131\u00a0 \u00a0 \u00a0 \u00a0 \u00a0 \u00a0 \u00a0 \u00a0 \u00a0 \u00a0 \u00a0 \u00a0 \u00a0 \u00a0 \u00a0 \u00a0 \u00a0 \u00a0(MHz) 446.00625 MHz \u2013446.19375 MHz<\/span><\/div>\n<div><\/div>\n<div><span style=\"font-family: arial, helvetica, sans-serif; font-size: 12pt;\">Kanal Say\u0131s\u0131\u00a0 \u00a0 \u00a0 \u00a0 \u00a0 \u00a0 \u00a0 \u00a0 \u00a0 \u00a0 \u00a0 \u00a0 \u00a0 \u00a0 \u00a0 \u00a0 \u00a0 \u00a0 \u00a0 \u00a0 \u00a01024 (16 kanal x 64 grup)<\/span><\/div>\n<div><\/div>\n<div><span style=\"font-family: arial, helvetica, sans-serif; font-size: 12pt;\">\u00c7al\u0131\u015fma Gerilimi\u00a0 \u00a0 \u00a0 \u00a0 \u00a0 \u00a0 \u00a0 \u00a0 \u00a0 \u00a0 \u00a0 \u00a0 \u00a0 \u00a0 \u00a0 \u00a0 \u00a07.4V DC \u00b1 10%<\/span><\/div>\n<div><\/div>\n<div><span style=\"font-family: arial, helvetica, sans-serif; font-size: 12pt;\">Kanal Aral\u0131\u011f\u0131\u00a0 \u00a0 \u00a0 \u00a0 \u00a0 \u00a0 \u00a0 \u00a0 \u00a0 \u00a0 \u00a0 \u00a0 \u00a0 \u00a0 \u00a0 \u00a0 \u00a0 \u00a0 \u00a0 \u00a0 \u00a0Analog: 25KHz\/12.5KHz- Dijital: 12.5KHz<\/span><\/div>\n<div><\/div>\n<div><span style=\"font-family: arial, helvetica, sans-serif; font-size: 12pt;\">Anten Empedans\u0131\u00a0 \u00a0 \u00a0 \u00a0 \u00a0 \u00a0 \u00a0 \u00a0 \u00a0 \u00a0 \u00a0 \u00a0 \u00a0 \u00a0 \u00a0 \u00a050\u03a9<\/span><\/div>\n<div><\/div>\n<div><span style=\"font-family: arial, helvetica, sans-serif; font-size: 12pt;\">Batarya Kapasitesi\u00a0 \u00a0 \u00a0 \u00a0 \u00a0 \u00a0 \u00a0 \u00a0 \u00a0 \u00a0 \u00a0 \u00a0 \u00a0 \u00a0 2000Mah (Li-Ion Batarya)<\/span><\/div>\n<div><\/div>\n<div><span style=\"font-family: arial, helvetica, sans-serif; font-size: 12pt;\">Batarya \u00c7al\u0131\u015fma S\u00fcresi\u00a0 \u00a0 \u00a0 \u00a0 \u00a0 \u00a0 \u00a0 \u00a0 \u00a0 (5\/5\/90g\u00f6rev d\u00f6ng\u00fcs\u00fc) Analog : 15 saat<\/span><\/div>\n<div><\/div>\n<div><span style=\"font-family: arial, helvetica, sans-serif; font-size: 12pt;\">\u00c7al\u0131\u015fma S\u0131cakl\u0131\u011f\u0131\u00a0 \u00a0 \u00a0 \u00a0 \u00a0 \u00a0 \u00a0 \u00a0 \u00a0 \u00a0 \u00a0 \u00a0 \u00a0 \u00a0 \u00a0 \u00a0-30 \u00b0C &#8211; +60 \u00b0C<\/span><\/div>\n<div><\/div>\n<div><span style=\"font-family: arial, helvetica, sans-serif; font-size: 12pt;\">Frekans Kararl\u0131l\u0131\u011f\u0131\u00a0 \u00a0 \u00a0 \u00a0 \u00a0 \u00a0 \u00a0 \u00a0 \u00a0 \u00a0 \u00a0 \u00a0 \u00a0 \u00a0 \u00b10.5 ppm<\/span><\/div>\n<div><\/div>\n<div><span style=\"font-family: arial, helvetica, sans-serif; font-size: 12pt;\">Boyutlar(WxHxD)\u00a0 \u00a0 \u00a0 \u00a0 \u00a0 \u00a0 \u00a0 \u00a0 \u00a0 \u00a0 \u00a0 \u00a0 \u00a0 \u00a0 \u00a0 \u00a053x31x116 mm<\/span><\/div>\n<div><\/div>\n<div><span style=\"font-family: arial, helvetica, sans-serif; font-size: 12pt;\">A\u011f\u0131rl\u0131k (anten&amp;batarya dahil)\u00a0 \u00a0 \u00a0 \u00a0250g<\/span><\/div>\n<div><\/div>\n<div><span style=\"font-family: arial, helvetica, sans-serif; font-size: 12pt;\"><strong>Etiketler: <\/strong>sfe sd300k, sd300k, sfe 300k, sfe ekranl\u0131 el telsizi, sfe dmr telsiz, sfe uhf telsiz<\/span><\/div>\n","protected":false},"excerpt":{"rendered":"<p>SFE SD-300K Dijital Ekranl\u0131 PMR EL TELS\u0130Z\u0130SFE SD-300K Genel \u00d6zellikleri: Bireysel \u00e7a\u011fr\u0131(Gruba duyurmadan numara tu\u015flayarak) B\u00f6lge se\u00e7ilebilir Dijital ve Analog aras\u0131nda tarama Acil durum uyar\u0131s\u0131 Y\u00fcksek \/ D\u00fc\u015f\u00fck g\u00fc\u00e7 \u00e7\u0131k\u0131\u015f\u0131 G\u00f6nderge\u00e7 Zaman S\u0131n\u0131rlay\u0131c\u0131 (TOT \u2013Zaman A\u015f\u0131m\u0131 Zamanlay\u0131c\u0131s\u0131) Otomatik pil tasarrufu Me\u015fgul Kanalda G\u00f6nderme Uyar\u0131s\u0131 (BCL \u2013Busy Channel Lockout) Yan Tu\u015f Atama Programlanabilir VOX \u00f6zelli\u011fi programlanabilir [&hellip;]<\/p>\n","protected":false},"featured_media":2292,"template":"","meta":[],"product_brand":[75],"product_cat":[108],"product_tag":[],"class_list":{"0":"post-4183","1":"product","2":"type-product","3":"status-publish","4":"has-post-thumbnail","6":"product_brand-sfe","7":"product_cat-pmr-i-profesyonel-el-telsizi","9":"first","10":"instock","11":"shipping-taxable","12":"product-type-simple"},"_links":{"self":[{"href":"https:\/\/foxelektronik.com\/index.php\/wp-json\/wp\/v2\/product\/4183","targetHints":{"allow":["GET"]}}],"collection":[{"href":"https:\/\/foxelektronik.com\/index.php\/wp-json\/wp\/v2\/product"}],"about":[{"href":"https:\/\/foxelektronik.com\/index.php\/wp-json\/wp\/v2\/types\/product"}],"wp:featuredmedia":[{"embeddable":true,"href":"https:\/\/foxelektronik.com\/index.php\/wp-json\/wp\/v2\/media\/2292"}],"wp:attachment":[{"href":"https:\/\/foxelektronik.com\/index.php\/wp-json\/wp\/v2\/media?parent=4183"}],"wp:term":[{"taxonomy":"product_brand","embeddable":true,"href":"https:\/\/foxelektronik.com\/index.php\/wp-json\/wp\/v2\/product_brand?post=4183"},{"taxonomy":"product_cat","embeddable":true,"href":"https:\/\/foxelektronik.com\/index.php\/wp-json\/wp\/v2\/product_cat?post=4183"},{"taxonomy":"product_tag","embeddable":true,"href":"https:\/\/foxelektronik.com\/index.php\/wp-json\/wp\/v2\/product_tag?post=4183"}],"curies":[{"name":"wp","href":"https:\/\/api.w.org\/{rel}","templated":true}]}}