{"id":4185,"date":"2025-07-21T15:10:11","date_gmt":"2025-07-21T12:10:11","guid":{"rendered":"https:\/\/foxelektronik.com\/?post_type=product&#038;p=4185"},"modified":"2025-07-21T15:10:11","modified_gmt":"2025-07-21T12:10:11","slug":"yaesu-ft-991a-hf-vhf-uhf-sabit-telsiz","status":"publish","type":"product","link":"https:\/\/foxelektronik.com\/index.php\/product\/yaesu-ft-991a-hf-vhf-uhf-sabit-telsiz\/","title":{"rendered":"YAESU FT-991A HF\/VHF\/UHF SAB\u0130T TELS\u0130Z"},"content":{"rendered":"<h2 data-start=\"437\" data-end=\"510\"><strong data-start=\"440\" data-end=\"510\">YAESU FT-991A HF\/VHF\/UHF \u2013 Analog ve Dijital All Band Sabit Telsiz<\/strong><\/h2>\n<p data-start=\"512\" data-end=\"799\"><strong data-start=\"512\" data-end=\"540\">YAESU FT-991A HF\/VHF\/UHF<\/strong>, Yaesu\u2019nun t\u00fcm modlarda \u00e7al\u0131\u015fan geli\u015fmi\u015f sabit telsiz \u00e7\u00f6z\u00fcm\u00fcd\u00fcr. CW, AM, FM, SSB ve dijital modlar (RTTY, PSK31, Packet, C4FM) ile tam uyumlu \u00e7al\u0131\u015fan bu model, evde, ara\u00e7ta ya da sahada t\u00fcm amat\u00f6r telsizcilerin ihtiya\u00e7lar\u0131na cevap vermek i\u00e7in tasarlanm\u0131\u015ft\u0131r.<\/p>\n<p data-start=\"801\" data-end=\"1061\">100W HF ve 50MHz \u00e7\u0131k\u0131\u015f g\u00fcc\u00fc ile birlikte, VHF ve UHF bantlar\u0131nda 50W \u00e7\u0131k\u0131\u015f sunar. Geni\u015f mod deste\u011fi, sa\u011flam yap\u0131s\u0131 ve y\u00fcksek performansl\u0131 al\u0131c\u0131-verici \u00f6zellikleriyle <strong data-start=\"967\" data-end=\"995\">YAESU FT-991A HF\/VHF\/UHF<\/strong>, t\u00fcm amat\u00f6r telsiz bantlar\u0131nda keyifli ve stabil ileti\u015fim sa\u011flar.<\/p>\n<hr data-start=\"1063\" data-end=\"1066\" \/>\n<h3 data-start=\"1068\" data-end=\"1092\">Teknik \u00d6zellikler<\/h3>\n<ul data-start=\"1094\" data-end=\"1591\">\n<li data-start=\"1094\" data-end=\"1153\">\n<p data-start=\"1096\" data-end=\"1153\"><strong data-start=\"1096\" data-end=\"1117\">Frekans Bantlar\u0131:<\/strong> HF \/ VHF \/ UHF (T\u00fcm Amat\u00f6r Bandlar)<\/p>\n<\/li>\n<li data-start=\"1154\" data-end=\"1215\">\n<p data-start=\"1156\" data-end=\"1215\"><strong data-start=\"1156\" data-end=\"1172\">Mod Deste\u011fi:<\/strong> CW, AM, FM, SSB, RTTY, PSK31, C4FM Dijital<\/p>\n<\/li>\n<li data-start=\"1216\" data-end=\"1264\">\n<p data-start=\"1218\" data-end=\"1264\"><strong data-start=\"1218\" data-end=\"1233\">\u00c7\u0131k\u0131\u015f G\u00fcc\u00fc:<\/strong> 100W (HF\/50MHz), 50W (VHF\/UHF)<\/p>\n<\/li>\n<li data-start=\"1265\" data-end=\"1314\">\n<p data-start=\"1267\" data-end=\"1314\"><strong data-start=\"1267\" data-end=\"1277\">Ekran:<\/strong> 3.5&#8243; tam renkli TFT dokunmatik ekran<\/p>\n<\/li>\n<li data-start=\"1315\" data-end=\"1396\">\n<p data-start=\"1317\" data-end=\"1396\"><strong data-start=\"1317\" data-end=\"1339\">Spektrum \u00d6zelli\u011fi:<\/strong> Ger\u00e7ek zamanl\u0131 spektrum analiz\u00f6r\u00fc (ASC kontrol destekli)<\/p>\n<\/li>\n<li data-start=\"1397\" data-end=\"1463\">\n<p data-start=\"1399\" data-end=\"1463\"><strong data-start=\"1399\" data-end=\"1407\">DSP:<\/strong> Geli\u015fmi\u015f 32-bit kayan nokta dijital sinyal i\u015fleme (DSP)<\/p>\n<\/li>\n<li data-start=\"1464\" data-end=\"1520\">\n<p data-start=\"1466\" data-end=\"1520\"><strong data-start=\"1466\" data-end=\"1484\">Kompakt Boyut:<\/strong> Hem sabit hem mobil kullan\u0131ma uygun<\/p>\n<\/li>\n<li data-start=\"1521\" data-end=\"1591\">\n<p data-start=\"1523\" data-end=\"1591\"><strong data-start=\"1523\" data-end=\"1536\">Ba\u011flant\u0131:<\/strong> USB portu \u00fczerinden PC ba\u011flant\u0131 ve dijital mod deste\u011fi<\/p>\n<\/li>\n<\/ul>\n<hr data-start=\"1593\" data-end=\"1596\" \/>\n<h3 data-start=\"1598\" data-end=\"1624\">Geli\u015fmi\u015f \u00d6zellikler<\/h3>\n<ul data-start=\"1626\" data-end=\"1875\">\n<li data-start=\"1626\" data-end=\"1667\">\n<p data-start=\"1628\" data-end=\"1667\">Otomatik spektrum kapsam kontrol\u00fc (ASC)<\/p>\n<\/li>\n<li data-start=\"1668\" data-end=\"1717\">\n<p data-start=\"1670\" data-end=\"1717\">Y\u00fcksek \u00e7\u00f6z\u00fcn\u00fcrl\u00fckl\u00fc ekranla canl\u0131 sinyal takibi<\/p>\n<\/li>\n<li data-start=\"1718\" data-end=\"1779\">\n<p data-start=\"1720\" data-end=\"1779\">RFI (parazit) bast\u0131rma i\u00e7in geli\u015fmi\u015f filtreleme teknolojisi<\/p>\n<\/li>\n<li data-start=\"1780\" data-end=\"1824\">\n<p data-start=\"1782\" data-end=\"1824\">HF\/VHF\/UHF ge\u00e7i\u015flerinde h\u0131zl\u0131 mod de\u011fi\u015fimi<\/p>\n<\/li>\n<li data-start=\"1825\" data-end=\"1875\">\n<p data-start=\"1827\" data-end=\"1875\">FT8, C4FM gibi modern dijital protokollerle uyum<\/p>\n<\/li>\n<\/ul>\n<hr data-start=\"1877\" data-end=\"1880\" \/>\n<h3 data-start=\"1882\" data-end=\"1907\">\u00a0Kullan\u0131m Alanlar\u0131<\/h3>\n<ul data-start=\"1909\" data-end=\"2128\">\n<li data-start=\"1909\" data-end=\"1945\">\n<p data-start=\"1911\" data-end=\"1945\">Sabit amat\u00f6r telsiz istasyonlar\u0131<\/p>\n<\/li>\n<li data-start=\"1946\" data-end=\"1990\">\n<p data-start=\"1948\" data-end=\"1990\">Mobil ara\u00e7 i\u00e7i amat\u00f6r telsiz kurulumlar\u0131<\/p>\n<\/li>\n<li data-start=\"1991\" data-end=\"2020\">\n<p data-start=\"1993\" data-end=\"2020\">DX ve d\u00fcnya \u00e7ap\u0131 ileti\u015fim<\/p>\n<\/li>\n<li data-start=\"2021\" data-end=\"2047\">\n<p data-start=\"2023\" data-end=\"2047\">Dijital mod haberle\u015fme<\/p>\n<\/li>\n<li data-start=\"2048\" data-end=\"2084\">\n<p data-start=\"2050\" data-end=\"2084\">Yar\u0131\u015fma, etkinlik, saha testleri<\/p>\n<\/li>\n<li data-start=\"2085\" data-end=\"2128\">\n<p data-start=\"2087\" data-end=\"2128\">Arama kurtarma ve acil durum haberle\u015fmesi<\/p>\n<\/li>\n<\/ul>\n<hr data-start=\"2130\" data-end=\"2133\" \/>\n<h3 data-start=\"2135\" data-end=\"2161\">Genel De\u011ferlendirme<\/h3>\n<p data-start=\"2163\" data-end=\"2469\"><strong data-start=\"2163\" data-end=\"2191\">YAESU FT-991A HF\/VHF\/UHF<\/strong>, kompakt yap\u0131s\u0131 i\u00e7inde HF\u2019den UHF\u2019ye t\u00fcm band deste\u011fini bar\u0131nd\u0131ran benzersiz bir sabit telsiz \u00e7\u00f6z\u00fcm\u00fcd\u00fcr. C4FM ve dijital modlar i\u00e7in sundu\u011fu tam uyumluluk, geni\u015f ekran ve g\u00fc\u00e7l\u00fc DSP yap\u0131s\u0131 ile ileri seviye amat\u00f6r telsiz kullan\u0131c\u0131lar\u0131n\u0131n en \u00e7ok tercih etti\u011fi modellerden biridir.<\/p>\n<p data-start=\"2471\" data-end=\"2615\">\u0130ster yeni ba\u015flayan olun ister deneyimli bir operat\u00f6r, <strong data-start=\"2526\" data-end=\"2554\">YAESU FT-991A HF\/VHF\/UHF<\/strong> uzun vadeli, g\u00fc\u00e7l\u00fc ve gelece\u011fe d\u00f6n\u00fck bir telsiz yat\u0131r\u0131m\u0131d\u0131r.<\/p>\n<hr data-start=\"2617\" data-end=\"2620\" \/>\n<h3 data-start=\"2622\" data-end=\"2639\">Etiketler<\/h3>\n<p data-start=\"2641\" data-end=\"2854\">YAESU FT-991A HF\/VHF\/UHF, yaesu ft-991a, yaesu all band telsiz, all band hf telsiz, yaesu dijital telsiz, C4FM telsiz, hf telsiz, UHF telsiz, VHF telsiz, analog dijital telsiz, amat\u00f6r telsiz, telsizaksesuar.com.tr<\/p>\n<hr data-start=\"2856\" data-end=\"2859\" \/>\n","protected":false},"excerpt":{"rendered":"<p>YAESU FT-991A HF\/VHF\/UHF \u2013 Analog ve Dijital All Band Sabit Telsiz YAESU FT-991A HF\/VHF\/UHF, Yaesu\u2019nun t\u00fcm modlarda \u00e7al\u0131\u015fan geli\u015fmi\u015f sabit telsiz \u00e7\u00f6z\u00fcm\u00fcd\u00fcr. CW, AM, FM, SSB ve dijital modlar (RTTY, PSK31, Packet, C4FM) ile tam uyumlu \u00e7al\u0131\u015fan bu model, evde, ara\u00e7ta ya da sahada t\u00fcm amat\u00f6r telsizcilerin ihtiya\u00e7lar\u0131na cevap vermek i\u00e7in tasarlanm\u0131\u015ft\u0131r. 100W HF ve [&hellip;]<\/p>\n","protected":false},"featured_media":2296,"template":"","meta":[],"product_brand":[67],"product_cat":[],"product_tag":[],"class_list":{"0":"post-4185","1":"product","2":"type-product","3":"status-publish","4":"has-post-thumbnail","6":"product_brand-yaesu","8":"first","9":"instock","10":"shipping-taxable","11":"product-type-simple"},"_links":{"self":[{"href":"https:\/\/foxelektronik.com\/index.php\/wp-json\/wp\/v2\/product\/4185","targetHints":{"allow":["GET"]}}],"collection":[{"href":"https:\/\/foxelektronik.com\/index.php\/wp-json\/wp\/v2\/product"}],"about":[{"href":"https:\/\/foxelektronik.com\/index.php\/wp-json\/wp\/v2\/types\/product"}],"wp:featuredmedia":[{"embeddable":true,"href":"https:\/\/foxelektronik.com\/index.php\/wp-json\/wp\/v2\/media\/2296"}],"wp:attachment":[{"href":"https:\/\/foxelektronik.com\/index.php\/wp-json\/wp\/v2\/media?parent=4185"}],"wp:term":[{"taxonomy":"product_brand","embeddable":true,"href":"https:\/\/foxelektronik.com\/index.php\/wp-json\/wp\/v2\/product_brand?post=4185"},{"taxonomy":"product_cat","embeddable":true,"href":"https:\/\/foxelektronik.com\/index.php\/wp-json\/wp\/v2\/product_cat?post=4185"},{"taxonomy":"product_tag","embeddable":true,"href":"https:\/\/foxelektronik.com\/index.php\/wp-json\/wp\/v2\/product_tag?post=4185"}],"curies":[{"name":"wp","href":"https:\/\/api.w.org\/{rel}","templated":true}]}}