{"id":4272,"date":"2025-07-21T15:10:17","date_gmt":"2025-07-21T12:10:17","guid":{"rendered":"https:\/\/foxelektronik.com\/?post_type=product&#038;p=4272"},"modified":"2025-08-26T16:53:58","modified_gmt":"2025-08-26T13:53:58","slug":"yaesu-ft-710-hf-sabit-telsiz-i-ssb-telsiz-i-kisadalga-telsiz","status":"publish","type":"product","link":"https:\/\/foxelektronik.com\/index.php\/product\/yaesu-ft-710-hf-sabit-telsiz-i-ssb-telsiz-i-kisadalga-telsiz\/","title":{"rendered":"\ufeffYAESU FT-710 HF Sabit Telsiz I SSB Telsiz  I   K\u0131sadalga Telsiz"},"content":{"rendered":"<h3 data-start=\"0\" data-end=\"51\">YAESU FT-710 HF<\/h3>\n<p data-start=\"53\" data-end=\"335\">YAESU FT-710 HF, FT\u2011DX101 ve FT\u2011DX10\u2019un SDR teknolojisinden esinlenen, 1.8\u201330\u202fMHz HF ve 50\u202fMHz VHF bandlar\u0131nda \u00e7al\u0131\u015fan 100\u202fW s\u0131n\u0131f\u0131 kompakt SDR al\u0131c\u0131\u2011vericisidir. Geli\u015fmi\u015f RF \u00f6n u\u00e7, otomatik anten al\u0131c\u0131s\u0131 ve dokunmatik TFT ekran\u0131yla amat\u00f6r istasyonlarda \u00fcst d\u00fczey performans sunar.<\/p>\n<h4 data-start=\"337\" data-end=\"359\">Teknik \u00d6zellikler<\/h4>\n<ul data-start=\"360\" data-end=\"771\">\n<li data-start=\"360\" data-end=\"494\">\n<p data-start=\"362\" data-end=\"387\"><strong data-start=\"362\" data-end=\"385\">Frekans Aral\u0131klar\u0131:<\/strong><\/p>\n<ul data-start=\"390\" data-end=\"494\">\n<li data-start=\"390\" data-end=\"464\">\n<p data-start=\"392\" data-end=\"464\">RX: 30\u202fkHz\u201375\u202fMHz (1.8\u201330\u202fMHz &amp; 50\u202fMHz amat\u00f6r bantlar\u0131 tam performans)<\/p>\n<\/li>\n<li data-start=\"467\" data-end=\"494\">\n<p data-start=\"469\" data-end=\"494\">TX: 1.8\u201330\u202fMHz &amp; 50\u202fMHz<\/p>\n<\/li>\n<\/ul>\n<\/li>\n<li data-start=\"495\" data-end=\"545\">\n<p data-start=\"497\" data-end=\"545\"><strong data-start=\"497\" data-end=\"512\">\u00c7\u0131k\u0131\u015f G\u00fcc\u00fc:<\/strong> 5\u2013100\u202fW (AM ta\u015f\u0131y\u0131c\u0131da 5\u201325\u202fW)<\/p>\n<\/li>\n<li data-start=\"546\" data-end=\"605\">\n<p data-start=\"548\" data-end=\"605\"><strong data-start=\"548\" data-end=\"563\">Mod\u00fclasyon:<\/strong> CW (A1A), AM (A3E), SSB (J3E), FM (F3E)<\/p>\n<\/li>\n<li data-start=\"606\" data-end=\"628\">\n<p data-start=\"608\" data-end=\"628\"><strong data-start=\"608\" data-end=\"621\">Empedans:<\/strong> 50\u202f\u03a9<\/p>\n<\/li>\n<li data-start=\"629\" data-end=\"677\">\n<p data-start=\"631\" data-end=\"677\"><strong data-start=\"631\" data-end=\"655\">Frekans Kararl\u0131l\u0131\u011f\u0131:<\/strong> \u00b1\u202f0.5\u202fppm (0\u201350\u202f\u00b0C)<\/p>\n<\/li>\n<li data-start=\"678\" data-end=\"711\">\n<p data-start=\"680\" data-end=\"711\"><strong data-start=\"680\" data-end=\"692\">Besleme:<\/strong> DC\u202f13.8\u202fV \u00b1\u202f15\u202f%<\/p>\n<\/li>\n<li data-start=\"712\" data-end=\"747\">\n<p data-start=\"714\" data-end=\"747\"><strong data-start=\"714\" data-end=\"727\">Boyutlar:<\/strong> 239\u202f\u00d7\u202f80\u202f\u00d7\u202f247\u202fmm<\/p>\n<\/li>\n<li data-start=\"748\" data-end=\"771\">\n<p data-start=\"750\" data-end=\"771\"><strong data-start=\"750\" data-end=\"762\">A\u011f\u0131rl\u0131k:<\/strong> 4.5\u202fkg<\/p>\n<\/li>\n<\/ul>\n<h4 data-start=\"773\" data-end=\"798\">\u00d6ne \u00c7\u0131kan \u00d6zellikler<\/h4>\n<ul data-start=\"799\" data-end=\"1393\">\n<li data-start=\"799\" data-end=\"877\">\n<p data-start=\"801\" data-end=\"877\"><strong data-start=\"801\" data-end=\"816\">SDR Mimari:<\/strong> Y\u00fcksek \u00e7\u00f6z\u00fcn\u00fcrl\u00fckl\u00fc 250\u202fMHz sentezleyici, FPGA tabanl\u0131 DSP<\/p>\n<\/li>\n<li data-start=\"878\" data-end=\"945\">\n<p data-start=\"880\" data-end=\"945\"><strong data-start=\"880\" data-end=\"889\">AESS:<\/strong> Akustik Geli\u015fmi\u015f Hoparl\u00f6r Sistemi ile zengin, net ses<\/p>\n<\/li>\n<li data-start=\"946\" data-end=\"1004\">\n<p data-start=\"948\" data-end=\"1004\"><strong data-start=\"948\" data-end=\"957\">3DSS:<\/strong> Ger\u00e7ek zamanl\u0131 3D spektrum ak\u0131\u015f\u0131 g\u00f6r\u00fcnt\u00fcleme<\/p>\n<\/li>\n<li data-start=\"1005\" data-end=\"1080\">\n<p data-start=\"1007\" data-end=\"1080\"><strong data-start=\"1007\" data-end=\"1031\">\u00c7ift \u00c7ekirdekli DSP:<\/strong> Etkili QRM reddi ve dijital NR1\/NR2 sistemleri<\/p>\n<\/li>\n<li data-start=\"1081\" data-end=\"1169\">\n<p data-start=\"1083\" data-end=\"1169\"><strong data-start=\"1083\" data-end=\"1108\">Otomatik ATU Deste\u011fi:<\/strong> Yerle\u015fik otomatik anten al\u0131c\u0131s\u0131 (100 kanal) ve FC\u201140 uyumu<\/p>\n<\/li>\n<li data-start=\"1170\" data-end=\"1246\">\n<p data-start=\"1172\" data-end=\"1246\"><strong data-start=\"1172\" data-end=\"1197\">Dokunmatik TFT Ekran:<\/strong> 4.3\u2033 renkli panel, d\u0131\u015f monit\u00f6r (DVI\u2011D) deste\u011fi<\/p>\n<\/li>\n<li data-start=\"1247\" data-end=\"1329\">\n<p data-start=\"1249\" data-end=\"1329\"><strong data-start=\"1249\" data-end=\"1269\">Uzaktan Kontrol:<\/strong> A\u011f ve USB portlar\u0131yla ARCP\u2011710 yaz\u0131l\u0131m\u0131 \u00fczerinden kontrol<\/p>\n<\/li>\n<li data-start=\"1330\" data-end=\"1393\">\n<p data-start=\"1332\" data-end=\"1393\"><strong data-start=\"1332\" data-end=\"1350\">\u201cPRESET\u201d Modu:<\/strong> FT8 ve dijital modlar i\u00e7in h\u0131zl\u0131 \u00f6n ayar<\/p>\n<\/li>\n<\/ul>\n<h4 data-start=\"1395\" data-end=\"1428\">Birlikte Verilen Aksesuarlar<\/h4>\n<ul data-start=\"1429\" data-end=\"1526\">\n<li data-start=\"1429\" data-end=\"1454\">\n<p data-start=\"1431\" data-end=\"1454\">Harici hoparl\u00f6r SP\u201140<\/p>\n<\/li>\n<li data-start=\"1455\" data-end=\"1475\">\n<p data-start=\"1457\" data-end=\"1475\">Mikrofon SSM\u201175E<\/p>\n<\/li>\n<li data-start=\"1476\" data-end=\"1504\">\n<p data-start=\"1478\" data-end=\"1504\">Sigortal\u0131 DC g\u00fc\u00e7 kablosu<\/p>\n<\/li>\n<li data-start=\"1505\" data-end=\"1526\">\n<p data-start=\"1507\" data-end=\"1526\">Kullan\u0131m k\u0131lavuzu<\/p>\n<\/li>\n<\/ul>\n<h4 data-start=\"1528\" data-end=\"1550\">Kullan\u0131m Alanlar\u0131<\/h4>\n<ul data-start=\"1551\" data-end=\"1713\">\n<li data-start=\"1551\" data-end=\"1595\">\n<p data-start=\"1553\" data-end=\"1595\">HF\/DX amat\u00f6r haberle\u015fmesi ve yar\u0131\u015fmalar\u0131<\/p>\n<\/li>\n<li data-start=\"1596\" data-end=\"1631\">\n<p data-start=\"1598\" data-end=\"1631\">Dijital modlar (FT8, PSK31 vb.)<\/p>\n<\/li>\n<li data-start=\"1632\" data-end=\"1674\">\n<p data-start=\"1634\" data-end=\"1674\">Mobil ve sabit DXpedition istasyonlar\u0131<\/p>\n<\/li>\n<li data-start=\"1675\" data-end=\"1713\">\n<p data-start=\"1677\" data-end=\"1713\">SDR tabanl\u0131 deneysel yay\u0131n ve test<\/p>\n<\/li>\n<\/ul>\n<p><strong data-start=\"1937\" data-end=\"1951\">Etiketler:<\/strong><br data-start=\"1951\" data-end=\"1954\" \/>yaesu ft-710, yaesu ft710, yaesu 710, yaesu ft\u2011710 hf telsiz, yaesu k\u0131sadalga telsiz, YAESU FT-710 HF, YAESU FT-710 HF, YAESU FT-710 HF<\/p>\n","protected":false},"excerpt":{"rendered":"<p>YAESU FT-710 HF YAESU FT-710 HF, FT\u2011DX101 ve FT\u2011DX10\u2019un SDR teknolojisinden esinlenen, 1.8\u201330\u202fMHz HF ve 50\u202fMHz VHF bandlar\u0131nda \u00e7al\u0131\u015fan 100\u202fW s\u0131n\u0131f\u0131 kompakt SDR al\u0131c\u0131\u2011vericisidir. Geli\u015fmi\u015f RF \u00f6n u\u00e7, otomatik anten al\u0131c\u0131s\u0131 ve dokunmatik TFT ekran\u0131yla amat\u00f6r istasyonlarda \u00fcst d\u00fczey performans sunar. Teknik \u00d6zellikler Frekans Aral\u0131klar\u0131: RX: 30\u202fkHz\u201375\u202fMHz (1.8\u201330\u202fMHz &amp; 50\u202fMHz amat\u00f6r bantlar\u0131 tam performans) TX: [&hellip;]<\/p>\n","protected":false},"featured_media":2589,"template":"","meta":[],"product_brand":[67],"product_cat":[114],"product_tag":[],"class_list":{"0":"post-4272","1":"product","2":"type-product","3":"status-publish","4":"has-post-thumbnail","6":"product_brand-yaesu","7":"product_cat-hf-i-ssb-i-kisa-dalga-telsizler","9":"first","10":"instock","11":"shipping-taxable","12":"product-type-simple"},"_links":{"self":[{"href":"https:\/\/foxelektronik.com\/index.php\/wp-json\/wp\/v2\/product\/4272","targetHints":{"allow":["GET"]}}],"collection":[{"href":"https:\/\/foxelektronik.com\/index.php\/wp-json\/wp\/v2\/product"}],"about":[{"href":"https:\/\/foxelektronik.com\/index.php\/wp-json\/wp\/v2\/types\/product"}],"wp:featuredmedia":[{"embeddable":true,"href":"https:\/\/foxelektronik.com\/index.php\/wp-json\/wp\/v2\/media\/2589"}],"wp:attachment":[{"href":"https:\/\/foxelektronik.com\/index.php\/wp-json\/wp\/v2\/media?parent=4272"}],"wp:term":[{"taxonomy":"product_brand","embeddable":true,"href":"https:\/\/foxelektronik.com\/index.php\/wp-json\/wp\/v2\/product_brand?post=4272"},{"taxonomy":"product_cat","embeddable":true,"href":"https:\/\/foxelektronik.com\/index.php\/wp-json\/wp\/v2\/product_cat?post=4272"},{"taxonomy":"product_tag","embeddable":true,"href":"https:\/\/foxelektronik.com\/index.php\/wp-json\/wp\/v2\/product_tag?post=4272"}],"curies":[{"name":"wp","href":"https:\/\/api.w.org\/{rel}","templated":true}]}}