{"id":4273,"date":"2025-07-21T15:10:17","date_gmt":"2025-07-21T12:10:17","guid":{"rendered":"https:\/\/foxelektronik.com\/?post_type=product&#038;p=4273"},"modified":"2025-08-26T16:53:40","modified_gmt":"2025-08-26T13:53:40","slug":"kenwood-ts-480-sat-hf-telsiz","status":"publish","type":"product","link":"https:\/\/foxelektronik.com\/index.php\/product\/kenwood-ts-480-sat-hf-telsiz\/","title":{"rendered":"KENWOOD TS-480-SAT HF TELS\u0130Z"},"content":{"rendered":"<h3 data-start=\"0\" data-end=\"62\">KENWOOD TS-480-SAT HF<\/h3>\n<p data-start=\"64\" data-end=\"269\">KENWOOD TS-480-SAT HF 1.8\u201330\u202fMHz HF ve 50\u202fMHz VHF bandlar\u0131n\u0131 100\u202fW \u00e7\u0131k\u0131\u015f g\u00fcc\u00fcyle destekleyen, dahili anten tuneri ve internet \u00fczerinden uzaktan kumanda \u00f6zellikli kompakt bir amat\u00f6r sabit\/mobil telsizidir.<\/p>\n<h4 data-start=\"271\" data-end=\"292\">Genel \u00d6zellikler<\/h4>\n<ul data-start=\"293\" data-end=\"592\">\n<li data-start=\"293\" data-end=\"345\">\n<p data-start=\"295\" data-end=\"345\"><strong data-start=\"295\" data-end=\"312\">Bant Deste\u011fi:<\/strong> 1.8\u201330\u202fMHz (HF) + 50\u202fMHz (6\u202fm)<\/p>\n<\/li>\n<li data-start=\"346\" data-end=\"384\">\n<p data-start=\"348\" data-end=\"384\"><strong data-start=\"348\" data-end=\"363\">\u00c7\u0131k\u0131\u015f G\u00fcc\u00fc:<\/strong> 100\u202fW SSB\/CW\/AM\/FM<\/p>\n<\/li>\n<li data-start=\"385\" data-end=\"425\">\n<p data-start=\"387\" data-end=\"425\"><strong data-start=\"387\" data-end=\"398\">Tuners:<\/strong> Otomatik ATU (TS\u2011480SAT)<\/p>\n<\/li>\n<li data-start=\"426\" data-end=\"508\">\n<p data-start=\"428\" data-end=\"508\"><strong data-start=\"428\" data-end=\"448\">Uzaktan Kumanda:<\/strong> VoIP \u00fczerinden ARHP\u201110\/ARCP\u2011480 yaz\u0131l\u0131mlar\u0131yla PC kontrol<\/p>\n<\/li>\n<li data-start=\"509\" data-end=\"592\">\n<p data-start=\"511\" data-end=\"592\"><strong data-start=\"511\" data-end=\"526\">Ses \u0130\u015fleme:<\/strong> AF\u2011DSP, Dijital G\u00fcr\u00fclt\u00fc S\u0131n\u0131rland\u0131r\u0131c\u0131, NR1\/NR2 g\u00fcr\u00fclt\u00fc azaltma<\/p>\n<\/li>\n<\/ul>\n<h4 data-start=\"594\" data-end=\"616\">Teknik \u00d6zellikler<\/h4>\n<ul data-start=\"617\" data-end=\"980\">\n<li data-start=\"617\" data-end=\"698\">\n<p data-start=\"619\" data-end=\"698\"><strong data-start=\"619\" data-end=\"637\">Al\u0131c\u0131 Frekans:<\/strong> 30\u202fkHz\u201360\u202fMHz (500\u202fkHz\u201360\u202fMHz i\u00e7inde telif spesifikasyonu)<\/p>\n<\/li>\n<li data-start=\"699\" data-end=\"754\">\n<p data-start=\"701\" data-end=\"754\"><strong data-start=\"701\" data-end=\"712\">Modlar:<\/strong> CW, SSB (USB\/LSB), AM, FM, PSK31 uyumlu<\/p>\n<\/li>\n<li data-start=\"755\" data-end=\"813\">\n<p data-start=\"757\" data-end=\"813\"><strong data-start=\"757\" data-end=\"778\">Haf\u0131za Kanallar\u0131:<\/strong> 100 kanal alfan\u00fcmerik etiketleme<\/p>\n<\/li>\n<li data-start=\"814\" data-end=\"895\">\n<p data-start=\"816\" data-end=\"895\"><strong data-start=\"816\" data-end=\"839\">E\u015fzamanl\u0131 \u0130\u015flevler:<\/strong> Packet\u2011Cluster Tune, Cross\u2011Band Repeat (TM\u2011D700E ile)<\/p>\n<\/li>\n<li data-start=\"896\" data-end=\"980\">\n<p data-start=\"898\" data-end=\"980\"><strong data-start=\"898\" data-end=\"911\">On\u2011Board:<\/strong> TX filtreler, Speech Processor, TX Monitor, TX\/RX EQ, AF Slope Cut<\/p>\n<\/li>\n<\/ul>\n<h4 data-start=\"982\" data-end=\"1007\">\u00d6ne \u00c7\u0131kan Avantajlar<\/h4>\n<ul data-start=\"1008\" data-end=\"1244\">\n<li data-start=\"1008\" data-end=\"1062\">\n<p data-start=\"1010\" data-end=\"1062\"><strong data-start=\"1010\" data-end=\"1025\">Dahili ATU:<\/strong> T\u00fcm bantlarda otomatik anten ayar\u0131<\/p>\n<\/li>\n<li data-start=\"1063\" data-end=\"1119\">\n<p data-start=\"1065\" data-end=\"1119\"><strong data-start=\"1065\" data-end=\"1076\">AF\u2011DSP:<\/strong> T\u00fcm bantlarda y\u00fcksek kaliteli ses i\u015fleme<\/p>\n<\/li>\n<li data-start=\"1120\" data-end=\"1188\">\n<p data-start=\"1122\" data-end=\"1188\"><strong data-start=\"1122\" data-end=\"1153\">Ta\u015f\u0131nabilir Kontrol Paneli:<\/strong> Entegre hoparl\u00f6rl\u00fc, ba\u011f\u0131ms\u0131z LCD<\/p>\n<\/li>\n<li data-start=\"1189\" data-end=\"1244\">\n<p data-start=\"1191\" data-end=\"1244\"><strong data-start=\"1191\" data-end=\"1206\">\u00c7ift \u0130\u015flem:<\/strong> CW Auto Tune, dijital NR sistemleri<\/p>\n<\/li>\n<\/ul>\n<h4 data-start=\"1246\" data-end=\"1268\">Kullan\u0131m Alanlar\u0131<\/h4>\n<ul data-start=\"1269\" data-end=\"1430\">\n<li data-start=\"1269\" data-end=\"1305\">\n<p data-start=\"1271\" data-end=\"1305\">HF DX ve VHF amat\u00f6r haberle\u015fmesi<\/p>\n<\/li>\n<li data-start=\"1306\" data-end=\"1350\">\n<p data-start=\"1308\" data-end=\"1350\">SSB, CW yar\u0131\u015fmalar\u0131 ve PSK31 dijital mod<\/p>\n<\/li>\n<li data-start=\"1351\" data-end=\"1402\">\n<p data-start=\"1353\" data-end=\"1402\">Mobil\/karavan uygulamalar\u0131 (E\u2011Mark sertifikal\u0131)<\/p>\n<\/li>\n<li data-start=\"1403\" data-end=\"1430\">\n<p data-start=\"1405\" data-end=\"1430\">Ev ve saha istasyonlar\u0131<\/p>\n<\/li>\n<\/ul>\n<hr data-start=\"1432\" data-end=\"1435\" \/>\n<p data-start=\"1437\" data-end=\"1664\"><strong data-start=\"1666\" data-end=\"1680\">Etiketler:<\/strong><br data-start=\"1680\" data-end=\"1683\" \/>kenwood ts-480 sat, kenwood hf telsiz, kenwood ssb telsiz, HF\/VHF amat\u00f6r rig, otomatik ATU telsiz, uzaktan kumanda telsiz, KENWOOD TS-480-SAT HF, KENWOOD TS-480-SAT HF<\/p>\n","protected":false},"excerpt":{"rendered":"<p>KENWOOD TS-480-SAT HF KENWOOD TS-480-SAT HF 1.8\u201330\u202fMHz HF ve 50\u202fMHz VHF bandlar\u0131n\u0131 100\u202fW \u00e7\u0131k\u0131\u015f g\u00fcc\u00fcyle destekleyen, dahili anten tuneri ve internet \u00fczerinden uzaktan kumanda \u00f6zellikli kompakt bir amat\u00f6r sabit\/mobil telsizidir. Genel \u00d6zellikler Bant Deste\u011fi: 1.8\u201330\u202fMHz (HF) + 50\u202fMHz (6\u202fm) \u00c7\u0131k\u0131\u015f G\u00fcc\u00fc: 100\u202fW SSB\/CW\/AM\/FM Tuners: Otomatik ATU (TS\u2011480SAT) Uzaktan Kumanda: VoIP \u00fczerinden ARHP\u201110\/ARCP\u2011480 yaz\u0131l\u0131mlar\u0131yla PC kontrol [&hellip;]<\/p>\n","protected":false},"featured_media":2591,"template":"","meta":[],"product_brand":[141],"product_cat":[114],"product_tag":[],"class_list":{"0":"post-4273","1":"product","2":"type-product","3":"status-publish","4":"has-post-thumbnail","6":"product_brand-kenwood","7":"product_cat-hf-i-ssb-i-kisa-dalga-telsizler","9":"first","10":"instock","11":"shipping-taxable","12":"product-type-simple"},"_links":{"self":[{"href":"https:\/\/foxelektronik.com\/index.php\/wp-json\/wp\/v2\/product\/4273","targetHints":{"allow":["GET"]}}],"collection":[{"href":"https:\/\/foxelektronik.com\/index.php\/wp-json\/wp\/v2\/product"}],"about":[{"href":"https:\/\/foxelektronik.com\/index.php\/wp-json\/wp\/v2\/types\/product"}],"wp:featuredmedia":[{"embeddable":true,"href":"https:\/\/foxelektronik.com\/index.php\/wp-json\/wp\/v2\/media\/2591"}],"wp:attachment":[{"href":"https:\/\/foxelektronik.com\/index.php\/wp-json\/wp\/v2\/media?parent=4273"}],"wp:term":[{"taxonomy":"product_brand","embeddable":true,"href":"https:\/\/foxelektronik.com\/index.php\/wp-json\/wp\/v2\/product_brand?post=4273"},{"taxonomy":"product_cat","embeddable":true,"href":"https:\/\/foxelektronik.com\/index.php\/wp-json\/wp\/v2\/product_cat?post=4273"},{"taxonomy":"product_tag","embeddable":true,"href":"https:\/\/foxelektronik.com\/index.php\/wp-json\/wp\/v2\/product_tag?post=4273"}],"curies":[{"name":"wp","href":"https:\/\/api.w.org\/{rel}","templated":true}]}}