{"id":4281,"date":"2025-07-21T15:10:19","date_gmt":"2025-07-21T12:10:19","guid":{"rendered":"https:\/\/foxelektronik.com\/?post_type=product&#038;p=4281"},"modified":"2025-07-21T15:10:19","modified_gmt":"2025-07-21T12:10:19","slug":"kirisun-npmr-batarya-kb31a","status":"publish","type":"product","link":"https:\/\/foxelektronik.com\/index.php\/product\/kirisun-npmr-batarya-kb31a\/","title":{"rendered":"Kirisun NPMR Batarya-KB31A"},"content":{"rendered":"<h3 data-start=\"121\" data-end=\"170\"><strong data-start=\"125\" data-end=\"170\">Kirisun NPMR El Telsizi Bataryas\u0131 \u2013 KB31A<\/strong><\/h3>\n<p data-start=\"172\" data-end=\"431\"><strong data-start=\"172\" data-end=\"197\">KB31A batarya<\/strong>, Kirisun NPMR serisi el telsizleri i\u00e7in \u00f6zel olarak tasarlanm\u0131\u015f g\u00fcvenilir ve dayan\u0131kl\u0131 bir yedek g\u00fc\u00e7 kayna\u011f\u0131d\u0131r. Sahip oldu\u011fu 1300 mAh kapasitesiyle, uzun s\u00fcreli kullan\u0131m sa\u011flar ve telsizinizin kesintisiz \u00e7al\u0131\u015fmas\u0131na katk\u0131da bulunur.<\/p>\n<h4 data-start=\"433\" data-end=\"453\"><strong data-start=\"438\" data-end=\"453\">\u00d6zellikler:<\/strong><\/h4>\n<ul data-start=\"454\" data-end=\"620\">\n<li data-start=\"454\" data-end=\"474\">\n<p data-start=\"456\" data-end=\"474\"><strong data-start=\"456\" data-end=\"466\">Model:<\/strong> KB31A<\/p>\n<\/li>\n<li data-start=\"475\" data-end=\"496\">\n<p data-start=\"477\" data-end=\"496\"><strong data-start=\"477\" data-end=\"488\">Voltaj:<\/strong> 7.4 V<\/p>\n<\/li>\n<li data-start=\"497\" data-end=\"523\">\n<p data-start=\"499\" data-end=\"523\"><strong data-start=\"499\" data-end=\"512\">Kapasite:<\/strong> 1300 mAh<\/p>\n<\/li>\n<li data-start=\"524\" data-end=\"575\">\n<p data-start=\"526\" data-end=\"575\"><strong data-start=\"526\" data-end=\"535\">Uyum:<\/strong>\u00a0NPMR el telsizi ile uyumludur<\/p>\n<\/li>\n<li data-start=\"576\" data-end=\"620\">\n<p data-start=\"578\" data-end=\"620\"><strong data-start=\"578\" data-end=\"586\">Not:<\/strong> \u00dcr\u00fcne bel klips dahil de\u011fildir.<\/p>\n<\/li>\n<\/ul>\n<h4 data-start=\"622\" data-end=\"651\"><strong data-start=\"627\" data-end=\"651\">Neden KB31A Batarya?<\/strong><\/h4>\n<ul data-start=\"652\" data-end=\"816\">\n<li data-start=\"652\" data-end=\"706\">\n<p data-start=\"654\" data-end=\"706\">Y\u00fcksek kalite h\u00fccre teknolojisiyle uzun \u00f6m\u00fcrl\u00fcd\u00fcr.<\/p>\n<\/li>\n<li data-start=\"707\" data-end=\"746\">\n<p data-start=\"709\" data-end=\"746\">Sahada g\u00fcvenilir performans sa\u011flar.<\/p>\n<\/li>\n<li data-start=\"747\" data-end=\"816\">\n<p data-start=\"749\" data-end=\"816\">Orijinal uyumlu yap\u0131s\u0131 sayesinde cihaz\u0131n\u0131zla tam entegre \u00e7al\u0131\u015f\u0131r.<\/p>\n<\/li>\n<\/ul>\n<p data-start=\"818\" data-end=\"942\">\u0130ster yedek batarya olarak ister mevcut bataryan\u0131z\u0131 de\u011fi\u015ftirmek i\u00e7in kullan\u0131n, KB31A ile telsiziniz her zaman haz\u0131r.<\/p>\n","protected":false},"excerpt":{"rendered":"<p>Kirisun NPMR El Telsizi Bataryas\u0131 \u2013 KB31A KB31A batarya, Kirisun NPMR serisi el telsizleri i\u00e7in \u00f6zel olarak tasarlanm\u0131\u015f g\u00fcvenilir ve dayan\u0131kl\u0131 bir yedek g\u00fc\u00e7 kayna\u011f\u0131d\u0131r. Sahip oldu\u011fu 1300 mAh kapasitesiyle, uzun s\u00fcreli kullan\u0131m sa\u011flar ve telsizinizin kesintisiz \u00e7al\u0131\u015fmas\u0131na katk\u0131da bulunur. \u00d6zellikler: Model: KB31A Voltaj: 7.4 V Kapasite: 1300 mAh Uyum:\u00a0NPMR el telsizi ile uyumludur Not: [&hellip;]<\/p>\n","protected":false},"featured_media":2607,"template":"","meta":[],"product_brand":[77],"product_cat":[],"product_tag":[],"class_list":{"0":"post-4281","1":"product","2":"type-product","3":"status-publish","4":"has-post-thumbnail","6":"product_brand-kirisun","8":"first","9":"instock","10":"shipping-taxable","11":"product-type-simple"},"_links":{"self":[{"href":"https:\/\/foxelektronik.com\/index.php\/wp-json\/wp\/v2\/product\/4281","targetHints":{"allow":["GET"]}}],"collection":[{"href":"https:\/\/foxelektronik.com\/index.php\/wp-json\/wp\/v2\/product"}],"about":[{"href":"https:\/\/foxelektronik.com\/index.php\/wp-json\/wp\/v2\/types\/product"}],"wp:featuredmedia":[{"embeddable":true,"href":"https:\/\/foxelektronik.com\/index.php\/wp-json\/wp\/v2\/media\/2607"}],"wp:attachment":[{"href":"https:\/\/foxelektronik.com\/index.php\/wp-json\/wp\/v2\/media?parent=4281"}],"wp:term":[{"taxonomy":"product_brand","embeddable":true,"href":"https:\/\/foxelektronik.com\/index.php\/wp-json\/wp\/v2\/product_brand?post=4281"},{"taxonomy":"product_cat","embeddable":true,"href":"https:\/\/foxelektronik.com\/index.php\/wp-json\/wp\/v2\/product_cat?post=4281"},{"taxonomy":"product_tag","embeddable":true,"href":"https:\/\/foxelektronik.com\/index.php\/wp-json\/wp\/v2\/product_tag?post=4281"}],"curies":[{"name":"wp","href":"https:\/\/api.w.org\/{rel}","templated":true}]}}