{"id":4282,"date":"2025-07-21T15:10:19","date_gmt":"2025-07-21T12:10:19","guid":{"rendered":"https:\/\/foxelektronik.com\/?post_type=product&#038;p=4282"},"modified":"2025-07-21T15:10:19","modified_gmt":"2025-07-21T12:10:19","slug":"yaesu-m-110-masa-mikrofonu","status":"publish","type":"product","link":"https:\/\/foxelektronik.com\/index.php\/product\/yaesu-m-110-masa-mikrofonu\/","title":{"rendered":"YAESU M-110 MASA M\u0130KROFONU"},"content":{"rendered":"<h3 data-start=\"109\" data-end=\"193\"><strong data-start=\"113\" data-end=\"193\">YAESU M-110 Masa Mikrofonu \u2013 Profesyonel Telsiz Operat\u00f6rleri \u0130\u00e7in Tasarland\u0131<\/strong><\/h3>\n<p data-start=\"195\" data-end=\"535\"><strong data-start=\"195\" data-end=\"210\">YAESU M-110<\/strong>, hem <strong data-start=\"216\" data-end=\"227\">dinamik<\/strong> hem de <strong data-start=\"235\" data-end=\"268\">kondenser mikrofon kaps\u00fclleri<\/strong> bar\u0131nd\u0131ran, geni\u015f uyumlulu\u011fa sahip <strong data-start=\"304\" data-end=\"329\">masa\u00fcst\u00fc bir mikrofon<\/strong> modelidir. Y\u00fcksek ses kalitesi, ergonomik tasar\u0131m\u0131 ve Yaesu cihazlar\u0131yla tam uyumlu yap\u0131s\u0131 sayesinde amat\u00f6r telsiz operat\u00f6rlerinden profesyonel kullan\u0131c\u0131lara kadar geni\u015f bir kullan\u0131c\u0131 kitlesine hitap eder.<\/p>\n<hr data-start=\"537\" data-end=\"540\" \/>\n<h3 data-start=\"542\" data-end=\"567\"><strong data-start=\"546\" data-end=\"567\">Teknik \u00d6zellikler<\/strong><\/h3>\n<div class=\"_tableContainer_80l1q_1\">\n<div class=\"_tableWrapper_80l1q_14 group flex w-fit flex-col-reverse\" tabindex=\"-1\">\n<table class=\"w-fit min-w-(--thread-content-width)\" data-start=\"569\" data-end=\"1135\">\n<thead data-start=\"569\" data-end=\"631\">\n<tr data-start=\"569\" data-end=\"631\">\n<th data-start=\"569\" data-end=\"593\" data-col-size=\"sm\">\u00d6zellik<\/th>\n<th data-start=\"593\" data-end=\"631\" data-col-size=\"sm\">A\u00e7\u0131klama<\/th>\n<\/tr>\n<\/thead>\n<tbody data-start=\"695\" data-end=\"1135\">\n<tr data-start=\"695\" data-end=\"757\">\n<td data-start=\"695\" data-end=\"719\" data-col-size=\"sm\"><strong data-start=\"697\" data-end=\"717\">Mikrofon Eleman\u0131<\/strong><\/td>\n<td data-start=\"719\" data-end=\"757\" data-col-size=\"sm\">Dinamik ve Kondenser<\/td>\n<\/tr>\n<tr data-start=\"758\" data-end=\"820\">\n<td data-start=\"758\" data-end=\"782\" data-col-size=\"sm\"><strong data-start=\"760\" data-end=\"779\">\u00c7al\u0131\u015fma Voltaj\u0131<\/strong><\/td>\n<td data-start=\"782\" data-end=\"820\" data-col-size=\"sm\">DC 5V \u00b1 %10<\/td>\n<\/tr>\n<tr data-start=\"821\" data-end=\"883\">\n<td data-start=\"821\" data-end=\"845\" data-col-size=\"sm\"><strong data-start=\"823\" data-end=\"842\">Frekans Aral\u0131\u011f\u0131<\/strong><\/td>\n<td data-start=\"845\" data-end=\"883\" data-col-size=\"sm\">30 &#8211; 17.000 Hz<\/td>\n<\/tr>\n<tr data-start=\"884\" data-end=\"946\">\n<td data-start=\"884\" data-end=\"908\" data-col-size=\"sm\"><strong data-start=\"886\" data-end=\"900\">Duyarl\u0131l\u0131k<\/strong><\/td>\n<td data-start=\"908\" data-end=\"946\" data-col-size=\"sm\">-60 dB (1 kHz, 0 dB = 1 V\/1 Pa)<\/td>\n<\/tr>\n<tr data-start=\"947\" data-end=\"1009\">\n<td data-start=\"947\" data-end=\"971\" data-col-size=\"sm\"><strong data-start=\"949\" data-end=\"961\">Empedans<\/strong><\/td>\n<td data-start=\"971\" data-end=\"1009\" data-col-size=\"sm\">600 Ohm<\/td>\n<\/tr>\n<tr data-start=\"1010\" data-end=\"1072\">\n<td data-start=\"1010\" data-end=\"1034\" data-col-size=\"sm\"><strong data-start=\"1012\" data-end=\"1024\">Boyutlar<\/strong><\/td>\n<td data-start=\"1034\" data-end=\"1072\" data-col-size=\"sm\">126 x 280 x 137 mm<\/td>\n<\/tr>\n<tr data-start=\"1073\" data-end=\"1135\">\n<td data-start=\"1073\" data-end=\"1097\" data-col-size=\"sm\"><strong data-start=\"1075\" data-end=\"1086\">A\u011f\u0131rl\u0131k<\/strong><\/td>\n<td data-start=\"1097\" data-end=\"1135\" data-col-size=\"sm\">910 g (2 lbs.)<\/td>\n<\/tr>\n<\/tbody>\n<\/table>\n<div class=\"sticky end-(--thread-content-margin) h-0 self-end select-none\">\n<div class=\"absolute end-0 flex items-end\">\u00a0<\/div>\n<\/div>\n<\/div>\n<\/div>\n<hr data-start=\"1137\" data-end=\"1140\" \/>\n<h3 data-start=\"1142\" data-end=\"1183\"><strong data-start=\"1146\" data-end=\"1183\">Uyumlu Cihazlar (Do\u011frudan Uyumlu)<\/strong><\/h3>\n<ul data-start=\"1185\" data-end=\"1374\">\n<li data-start=\"1185\" data-end=\"1204\">\n<p data-start=\"1187\" data-end=\"1204\">FT-450, FT-450D<\/p>\n<\/li>\n<li data-start=\"1205\" data-end=\"1225\">\n<p data-start=\"1207\" data-end=\"1225\">FT-817, FT-817ND<\/p>\n<\/li>\n<li data-start=\"1226\" data-end=\"1253\">\n<p data-start=\"1228\" data-end=\"1253\">FT-847, FT-857, FT-857D<\/p>\n<\/li>\n<li data-start=\"1254\" data-end=\"1273\">\n<p data-start=\"1256\" data-end=\"1273\">FT-897, FT-897D<\/p>\n<\/li>\n<li data-start=\"1274\" data-end=\"1309\">\n<p data-start=\"1276\" data-end=\"1309\">FT-900, FT-920, FT-991, FT-991A<\/p>\n<\/li>\n<li data-start=\"1310\" data-end=\"1331\">\n<p data-start=\"1312\" data-end=\"1331\">FT-2000, FT-2000D<\/p>\n<\/li>\n<li data-start=\"1332\" data-end=\"1374\">\n<p data-start=\"1334\" data-end=\"1374\">FTDX1200, FTDX3000, FTDX5000, FTDX9000<\/p>\n<\/li>\n<\/ul>\n<hr data-start=\"1376\" data-end=\"1379\" \/>\n<h3 data-start=\"1381\" data-end=\"1426\"><strong data-start=\"1385\" data-end=\"1426\">Ek G\u00fc\u00e7 Kiti (PSU) Gerektiren Modeller<\/strong><\/h3>\n<ul data-start=\"1428\" data-end=\"1472\">\n<li data-start=\"1428\" data-end=\"1438\">\n<p data-start=\"1430\" data-end=\"1438\">FT-747<\/p>\n<\/li>\n<li data-start=\"1439\" data-end=\"1449\">\n<p data-start=\"1441\" data-end=\"1449\">FT-840<\/p>\n<\/li>\n<li data-start=\"1450\" data-end=\"1460\">\n<p data-start=\"1452\" data-end=\"1460\">FT-990<\/p>\n<\/li>\n<li data-start=\"1461\" data-end=\"1472\">\n<p data-start=\"1463\" data-end=\"1472\">FT-1000<\/p>\n<\/li>\n<\/ul>\n<p data-start=\"1474\" data-end=\"1558\"><em data-start=\"1474\" data-end=\"1558\">Not: Bu cihazlarla \u00e7al\u0131\u015fmak i\u00e7in iste\u011fe ba\u011fl\u0131 g\u00fc\u00e7 adapt\u00f6r\u00fc (M-100.PSU) gereklidir.<\/em><\/p>\n<hr data-start=\"1560\" data-end=\"1563\" \/>\n<h3 data-start=\"1565\" data-end=\"1609\"><strong data-start=\"1569\" data-end=\"1609\">Geni\u015f Uyum ve Profesyonel Performans<\/strong><\/h3>\n<ul data-start=\"1611\" data-end=\"1867\">\n<li data-start=\"1611\" data-end=\"1685\">\n<p data-start=\"1613\" data-end=\"1685\"><strong data-start=\"1613\" data-end=\"1632\">Geni\u015f uyumluluk<\/strong> sayesinde bir\u00e7ok YAESU cihaz\u0131yla do\u011frudan \u00e7al\u0131\u015f\u0131r.<\/p>\n<\/li>\n<li data-start=\"1686\" data-end=\"1757\">\n<p data-start=\"1688\" data-end=\"1757\">Dual mikrofon teknolojisi ile <strong data-start=\"1718\" data-end=\"1739\">net ve berrak ses<\/strong> iletimi sa\u011flar.<\/p>\n<\/li>\n<li data-start=\"1758\" data-end=\"1867\">\n<p data-start=\"1760\" data-end=\"1867\">\u0130deal masa\u00fcst\u00fc boyutlar\u0131 sayesinde hem <strong data-start=\"1799\" data-end=\"1819\">kullan\u0131m konforu<\/strong> hem de <strong data-start=\"1827\" data-end=\"1842\">masa d\u00fczeni<\/strong> a\u00e7\u0131s\u0131ndan avantaj sunar.<\/p>\n<\/li>\n<\/ul>\n<hr data-start=\"1869\" data-end=\"1872\" \/>\n<h3 data-start=\"1874\" data-end=\"1899\"><strong data-start=\"1878\" data-end=\"1899\">Kullan\u0131m Alanlar\u0131<\/strong><\/h3>\n<ul data-start=\"1901\" data-end=\"2012\">\n<li data-start=\"1901\" data-end=\"1931\">\n<p data-start=\"1903\" data-end=\"1931\">Amat\u00f6r telsiz istasyonlar\u0131<\/p>\n<\/li>\n<li data-start=\"1932\" data-end=\"1957\">\n<p data-start=\"1934\" data-end=\"1957\">Acil durum merkezleri<\/p>\n<\/li>\n<li data-start=\"1958\" data-end=\"1977\">\n<p data-start=\"1960\" data-end=\"1977\">Radyo kul\u00fcpleri<\/p>\n<\/li>\n<li data-start=\"1978\" data-end=\"2012\">\n<p data-start=\"1980\" data-end=\"2012\">Profesyonel telsiz kullan\u0131c\u0131lar\u0131<\/p>\n<\/li>\n<\/ul>\n","protected":false},"excerpt":{"rendered":"<p>YAESU M-110 Masa Mikrofonu \u2013 Profesyonel Telsiz Operat\u00f6rleri \u0130\u00e7in Tasarland\u0131 YAESU M-110, hem dinamik hem de kondenser mikrofon kaps\u00fclleri bar\u0131nd\u0131ran, geni\u015f uyumlulu\u011fa sahip masa\u00fcst\u00fc bir mikrofon modelidir. Y\u00fcksek ses kalitesi, ergonomik tasar\u0131m\u0131 ve Yaesu cihazlar\u0131yla tam uyumlu yap\u0131s\u0131 sayesinde amat\u00f6r telsiz operat\u00f6rlerinden profesyonel kullan\u0131c\u0131lara kadar geni\u015f bir kullan\u0131c\u0131 kitlesine hitap eder. Teknik \u00d6zellikler \u00d6zellik A\u00e7\u0131klama [&hellip;]<\/p>\n","protected":false},"featured_media":2609,"template":"","meta":[],"product_brand":[67],"product_cat":[],"product_tag":[],"class_list":{"0":"post-4282","1":"product","2":"type-product","3":"status-publish","4":"has-post-thumbnail","6":"product_brand-yaesu","8":"first","9":"instock","10":"shipping-taxable","11":"product-type-simple"},"_links":{"self":[{"href":"https:\/\/foxelektronik.com\/index.php\/wp-json\/wp\/v2\/product\/4282","targetHints":{"allow":["GET"]}}],"collection":[{"href":"https:\/\/foxelektronik.com\/index.php\/wp-json\/wp\/v2\/product"}],"about":[{"href":"https:\/\/foxelektronik.com\/index.php\/wp-json\/wp\/v2\/types\/product"}],"wp:featuredmedia":[{"embeddable":true,"href":"https:\/\/foxelektronik.com\/index.php\/wp-json\/wp\/v2\/media\/2609"}],"wp:attachment":[{"href":"https:\/\/foxelektronik.com\/index.php\/wp-json\/wp\/v2\/media?parent=4282"}],"wp:term":[{"taxonomy":"product_brand","embeddable":true,"href":"https:\/\/foxelektronik.com\/index.php\/wp-json\/wp\/v2\/product_brand?post=4282"},{"taxonomy":"product_cat","embeddable":true,"href":"https:\/\/foxelektronik.com\/index.php\/wp-json\/wp\/v2\/product_cat?post=4282"},{"taxonomy":"product_tag","embeddable":true,"href":"https:\/\/foxelektronik.com\/index.php\/wp-json\/wp\/v2\/product_tag?post=4282"}],"curies":[{"name":"wp","href":"https:\/\/api.w.org\/{rel}","templated":true}]}}