{"id":4291,"date":"2025-07-21T15:10:19","date_gmt":"2025-07-21T12:10:19","guid":{"rendered":"https:\/\/foxelektronik.com\/?post_type=product&#038;p=4291"},"modified":"2025-08-26T16:49:37","modified_gmt":"2025-08-26T13:49:37","slug":"yaesu-ft-5de-vhf-uhf-el-telsizi-analog-digital","status":"publish","type":"product","link":"https:\/\/foxelektronik.com\/index.php\/product\/yaesu-ft-5de-vhf-uhf-el-telsizi-analog-digital\/","title":{"rendered":"YAESU FT-5DE VHF\/UHF El Telsizi Analog \/ Digital"},"content":{"rendered":"<h3 data-start=\"129\" data-end=\"209\"><strong data-start=\"133\" data-end=\"209\">YAESU FT-5DE VHF\/UHF Dual Band El Telsizi \u2013 Analog ve Dijital Performans<\/strong><\/h3>\n<hr data-start=\"211\" data-end=\"214\" \/>\n<h3 data-start=\"216\" data-end=\"241\"><strong data-start=\"220\" data-end=\"239\">\u00dcr\u00fcn A\u00e7\u0131klamas\u0131<\/strong><\/h3>\n<p data-start=\"242\" data-end=\"563\">YAESU FT-5DE, kompakt boyutuna ra\u011fmen y\u00fcksek performansl\u0131 bir VHF\/UHF el telsizidir. YAESU, Analog ve C4FM dijital \u00e7al\u0131\u015fma modlar\u0131n\u0131 destekleyen bu model, g\u00fc\u00e7l\u00fc 5W RF \u00e7\u0131k\u0131\u015f\u0131, IPX7 su ge\u00e7irmez g\u00f6vdesi, dokunmatik ekran\u0131 ve geli\u015fmi\u015f GPS\/Aprs \u00f6zellikleriyle profesyonel kullan\u0131c\u0131lar ve amat\u00f6r telsizciler i\u00e7in ideal bir se\u00e7enektir.<\/p>\n<hr data-start=\"565\" data-end=\"568\" \/>\n<h3 data-start=\"570\" data-end=\"598\"><strong data-start=\"574\" data-end=\"598\">YAESU FT-5DE ,\u00d6ne \u00c7\u0131kan \u00d6zellikler<\/strong><\/h3>\n<ul data-start=\"600\" data-end=\"1371\">\n<li data-start=\"600\" data-end=\"691\">\n<p data-start=\"602\" data-end=\"691\"><strong data-start=\"602\" data-end=\"624\">\u00c7ift Bant Deste\u011fi:<\/strong> 144\/430 MHz frekans aral\u0131\u011f\u0131nda analog ve dijital (C4FM) ileti\u015fim<\/p>\n<\/li>\n<li data-start=\"692\" data-end=\"792\">\n<p data-start=\"694\" data-end=\"792\"><strong data-start=\"694\" data-end=\"726\">Ger\u00e7ek \u00c7ift Al\u0131c\u0131 (Dual RX):<\/strong> Ayn\u0131 anda iki farkl\u0131 frekans\u0131 dinleyebilme (V+V, U+U, V+U, U+V)<\/p>\n<\/li>\n<li data-start=\"793\" data-end=\"855\">\n<p data-start=\"795\" data-end=\"855\"><strong data-start=\"795\" data-end=\"817\">Y\u00fcksek G\u00fc\u00e7 \u00c7\u0131k\u0131\u015f\u0131:<\/strong> 5 Watt RF \u00e7\u0131k\u0131\u015f\u0131, 1 Watt ses \u00e7\u0131k\u0131\u015f\u0131<\/p>\n<\/li>\n<li data-start=\"856\" data-end=\"937\">\n<p data-start=\"858\" data-end=\"937\"><strong data-start=\"858\" data-end=\"885\">IPX7 Suya Dayan\u0131kl\u0131l\u0131k:<\/strong> Ya\u011fmur, \u00e7amur ve zorlu ko\u015fullara kar\u015f\u0131 tam koruma<\/p>\n<\/li>\n<li data-start=\"938\" data-end=\"1028\">\n<p data-start=\"940\" data-end=\"1028\"><strong data-start=\"940\" data-end=\"985\">Dokunmatik Ekran ve H\u0131zl\u0131 Eri\u015fim Tu\u015flar\u0131:<\/strong> Sezgisel kullan\u0131m sa\u011flayan modern aray\u00fcz<\/p>\n<\/li>\n<li data-start=\"1029\" data-end=\"1097\">\n<p data-start=\"1031\" data-end=\"1097\"><strong data-start=\"1031\" data-end=\"1048\">PMG \u00d6zelli\u011fi:<\/strong> Favori frekanslar\u0131 grafik olarak izleme imkan\u0131<\/p>\n<\/li>\n<li data-start=\"1098\" data-end=\"1159\">\n<p data-start=\"1100\" data-end=\"1159\"><strong data-start=\"1100\" data-end=\"1122\">TOUCH &amp; GO \u0130\u015flevi:<\/strong> Tek dokunu\u015fla h\u0131zl\u0131 frekans ge\u00e7i\u015fi<\/p>\n<\/li>\n<li data-start=\"1160\" data-end=\"1236\">\n<p data-start=\"1162\" data-end=\"1236\"><strong data-start=\"1162\" data-end=\"1193\">Bluetooth Kulakl\u0131k Deste\u011fi:<\/strong> Opsiyonel SSM-BT10 ile kablosuz kullan\u0131m<\/p>\n<\/li>\n<li data-start=\"1237\" data-end=\"1306\">\n<p data-start=\"1239\" data-end=\"1306\"><strong data-start=\"1239\" data-end=\"1257\">WiRES-X Uyumu:<\/strong> Ta\u015f\u0131nabilir dijital a\u011f ba\u011flant\u0131s\u0131 (SCU-39 ile)<\/p>\n<\/li>\n<li data-start=\"1307\" data-end=\"1371\">\n<p data-start=\"1309\" data-end=\"1371\"><strong data-start=\"1309\" data-end=\"1324\">APRS &amp; GPS:<\/strong> Dahili GPS ve 1200\/9600 bps APRS veri modemi<\/p>\n<\/li>\n<\/ul>\n<hr data-start=\"1373\" data-end=\"1376\" \/>\n<h3 data-start=\"1378\" data-end=\"1403\"><strong data-start=\"1382\" data-end=\"1403\">Teknik \u00d6zellikler<\/strong><\/h3>\n<ul data-start=\"1405\" data-end=\"1836\">\n<li data-start=\"1405\" data-end=\"1460\">\n<p data-start=\"1407\" data-end=\"1460\"><strong data-start=\"1407\" data-end=\"1437\">Frekans Aral\u0131\u011f\u0131 (A Band\u0131):<\/strong> 0.5 MHz \u2013 999.99 MHz<\/p>\n<\/li>\n<li data-start=\"1461\" data-end=\"1513\">\n<p data-start=\"1463\" data-end=\"1513\"><strong data-start=\"1463\" data-end=\"1493\">Frekans Aral\u0131\u011f\u0131 (B Band\u0131):<\/strong> 108 MHz \u2013 580 MHz<\/p>\n<\/li>\n<li data-start=\"1514\" data-end=\"1557\">\n<p data-start=\"1516\" data-end=\"1557\"><strong data-start=\"1516\" data-end=\"1533\">G\u00fc\u00e7 Seviyesi:<\/strong> 5W \/ 2.5W \/ 1W \/ 0.3W<\/p>\n<\/li>\n<li data-start=\"1558\" data-end=\"1592\">\n<p data-start=\"1560\" data-end=\"1592\"><strong data-start=\"1560\" data-end=\"1573\">Boyutlar:<\/strong> 62 x 34 x 100 mm<\/p>\n<\/li>\n<li data-start=\"1593\" data-end=\"1631\">\n<p data-start=\"1595\" data-end=\"1631\"><strong data-start=\"1595\" data-end=\"1607\">A\u011f\u0131rl\u0131k:<\/strong> ~282 gram (pil dahil)<\/p>\n<\/li>\n<li data-start=\"1632\" data-end=\"1674\">\n<p data-start=\"1634\" data-end=\"1674\"><strong data-start=\"1634\" data-end=\"1646\">Batarya:<\/strong> 2200mAh Li-ion (SBR-14LI)<\/p>\n<\/li>\n<li data-start=\"1675\" data-end=\"1702\">\n<p data-start=\"1677\" data-end=\"1702\"><strong data-start=\"1677\" data-end=\"1696\">Konnekt\u00f6r Tipi:<\/strong> SMA<\/p>\n<\/li>\n<li data-start=\"1703\" data-end=\"1761\">\n<p data-start=\"1705\" data-end=\"1761\"><strong data-start=\"1705\" data-end=\"1715\">Ekran:<\/strong> Y\u00fcksek \u00e7\u00f6z\u00fcn\u00fcrl\u00fckl\u00fc renkli dokunmatik ekran<\/p>\n<\/li>\n<li data-start=\"1762\" data-end=\"1836\">\n<p data-start=\"1764\" data-end=\"1836\"><strong data-start=\"1764\" data-end=\"1775\">Ekstra:<\/strong> microSD kart yuvas\u0131, ses kay\u0131t i\u015flevi, AM\/FM yay\u0131n dinleme<\/p>\n<\/li>\n<\/ul>\n<hr data-start=\"1838\" data-end=\"1841\" \/>\n<h3 data-start=\"1843\" data-end=\"1868\"><strong data-start=\"1847\" data-end=\"1868\">Kullan\u0131m Alanlar\u0131<\/strong><\/h3>\n<ul data-start=\"1870\" data-end=\"2049\">\n<li data-start=\"1870\" data-end=\"1898\">\n<p data-start=\"1872\" data-end=\"1898\">Amat\u00f6r Radyo (Ham Radio)<\/p>\n<\/li>\n<li data-start=\"1899\" data-end=\"1928\">\n<p data-start=\"1901\" data-end=\"1928\">Da\u011fc\u0131l\u0131k ve Do\u011fa Sporlar\u0131<\/p>\n<\/li>\n<li data-start=\"1929\" data-end=\"1964\">\n<p data-start=\"1931\" data-end=\"1964\">Acil Durum ve Afet Haberle\u015fmesi<\/p>\n<\/li>\n<\/ul>\n<hr data-start=\"2051\" data-end=\"2054\" \/>\n<h3 data-start=\"2056\" data-end=\"2083\"><strong data-start=\"2060\" data-end=\"2083\">Neden YAESU FT-5DE?<\/strong><\/h3>\n<ul data-start=\"2085\" data-end=\"2337\">\n<li data-start=\"2085\" data-end=\"2159\">\n<p data-start=\"2087\" data-end=\"2159\"><strong data-start=\"2087\" data-end=\"2157\">T\u00fcmle\u015fik GPS, Bluetooth ve APRS ile tam dijital haberle\u015fme deste\u011fi<\/strong><\/p>\n<\/li>\n<li data-start=\"2160\" data-end=\"2238\">\n<p data-start=\"2162\" data-end=\"2238\"><strong data-start=\"2162\" data-end=\"2236\">Ger\u00e7ek zamanl\u0131 frekans kontrol\u00fc ve kullan\u0131c\u0131 dostu dokunmatik kullan\u0131m<\/strong><\/p>\n<\/li>\n<li data-start=\"2239\" data-end=\"2288\">\n<p data-start=\"2241\" data-end=\"2288\"><strong data-start=\"2241\" data-end=\"2286\">Y\u00fcksek ses \u00e7\u0131k\u0131\u015f\u0131 ve net dijital ileti\u015fim<\/strong><\/p>\n<\/li>\n<li data-start=\"2289\" data-end=\"2337\">\n<p data-start=\"2291\" data-end=\"2337\"><strong data-start=\"2291\" data-end=\"2335\">WiRES-X deste\u011fi ile global a\u011f ba\u011flant\u0131s\u0131<\/strong><\/p>\n<\/li>\n<\/ul>\n","protected":false},"excerpt":{"rendered":"<p>YAESU FT-5DE VHF\/UHF Dual Band El Telsizi \u2013 Analog ve Dijital Performans \u00dcr\u00fcn A\u00e7\u0131klamas\u0131 YAESU FT-5DE, kompakt boyutuna ra\u011fmen y\u00fcksek performansl\u0131 bir VHF\/UHF el telsizidir. YAESU, Analog ve C4FM dijital \u00e7al\u0131\u015fma modlar\u0131n\u0131 destekleyen bu model, g\u00fc\u00e7l\u00fc 5W RF \u00e7\u0131k\u0131\u015f\u0131, IPX7 su ge\u00e7irmez g\u00f6vdesi, dokunmatik ekran\u0131 ve geli\u015fmi\u015f GPS\/Aprs \u00f6zellikleriyle profesyonel kullan\u0131c\u0131lar ve amat\u00f6r telsizciler i\u00e7in [&hellip;]<\/p>\n","protected":false},"featured_media":2626,"template":"","meta":[],"product_brand":[67],"product_cat":[108],"product_tag":[],"class_list":{"0":"post-4291","1":"product","2":"type-product","3":"status-publish","4":"has-post-thumbnail","6":"product_brand-yaesu","7":"product_cat-pmr-i-profesyonel-el-telsizi","9":"first","10":"instock","11":"shipping-taxable","12":"product-type-simple"},"_links":{"self":[{"href":"https:\/\/foxelektronik.com\/index.php\/wp-json\/wp\/v2\/product\/4291","targetHints":{"allow":["GET"]}}],"collection":[{"href":"https:\/\/foxelektronik.com\/index.php\/wp-json\/wp\/v2\/product"}],"about":[{"href":"https:\/\/foxelektronik.com\/index.php\/wp-json\/wp\/v2\/types\/product"}],"wp:featuredmedia":[{"embeddable":true,"href":"https:\/\/foxelektronik.com\/index.php\/wp-json\/wp\/v2\/media\/2626"}],"wp:attachment":[{"href":"https:\/\/foxelektronik.com\/index.php\/wp-json\/wp\/v2\/media?parent=4291"}],"wp:term":[{"taxonomy":"product_brand","embeddable":true,"href":"https:\/\/foxelektronik.com\/index.php\/wp-json\/wp\/v2\/product_brand?post=4291"},{"taxonomy":"product_cat","embeddable":true,"href":"https:\/\/foxelektronik.com\/index.php\/wp-json\/wp\/v2\/product_cat?post=4291"},{"taxonomy":"product_tag","embeddable":true,"href":"https:\/\/foxelektronik.com\/index.php\/wp-json\/wp\/v2\/product_tag?post=4291"}],"curies":[{"name":"wp","href":"https:\/\/api.w.org\/{rel}","templated":true}]}}