{"id":4292,"date":"2025-07-21T15:10:19","date_gmt":"2025-07-21T12:10:19","guid":{"rendered":"https:\/\/foxelektronik.com\/?post_type=product&#038;p=4292"},"modified":"2025-08-26T16:19:41","modified_gmt":"2025-08-26T13:19:41","slug":"sfe-s500-pmr-i-lisanssiz-el-telsizi-i-afet-telsizi-i-deprem-telsizi","status":"publish","type":"product","link":"https:\/\/foxelektronik.com\/index.php\/product\/sfe-s500-pmr-i-lisanssiz-el-telsizi-i-afet-telsizi-i-deprem-telsizi\/","title":{"rendered":"SFE S500 PMR I L\u0130SANSSIZ EL TELS\u0130Z\u0130 I AFET TELS\u0130Z\u0130 I DEPREM TELS\u0130Z\u0130"},"content":{"rendered":"<ul style=\"--tw-border-spacing-x: 0; --tw-border-spacing-y: 0; --tw-translate-x: 0; --tw-translate-y: 0; --tw-rotate: 0; --tw-skew-x: 0; --tw-skew-y: 0; --tw-scale-x: 1; --tw-scale-y: 1; --tw-scroll-snap-strictness: proximity; --tw-ring-offset-width: 0px; --tw-ring-offset-color: #fff; --tw-ring-color: rgba(59, 130, 246, .5); --tw-ring-offset-shadow: 0 0 #0000; --tw-ring-shadow: 0 0 #0000; --tw-shadow: 0 0 #0000; --tw-shadow-colored: 0 0 #0000; box-sizing: border-box; padding: 0px 0px 0px 1.5em; color: #262626; font-family: -apple-system, 'system-ui', 'Helvetica Neue', Tahoma, 'PingFang SC', 'Microsoft Yahei', Arial, 'Hiragino Sans GB', sans-serif, 'Apple Color Emoji', 'Segoe UI Emoji', 'Segoe UI Symbol', 'Noto Color Emoji'; font-size: 15px; background-color: #ffffff; margin: 0px 0px var(--md-paragraph-spacing) 0px;\">\n<li style=\"--tw-border-spacing-x: 0; --tw-border-spacing-y: 0; --tw-translate-x: 0; --tw-translate-y: 0; --tw-rotate: 0; --tw-skew-x: 0; --tw-skew-y: 0; --tw-scale-x: 1; --tw-scale-y: 1; --tw-scroll-snap-strictness: proximity; --tw-ring-offset-width: 0px; --tw-ring-offset-color: #fff; --tw-ring-color: rgba(59, 130, 246, .5); --tw-ring-offset-shadow: 0 0 #0000; --tw-ring-shadow: 0 0 #0000; --tw-shadow: 0 0 #0000; --tw-shadow-colored: 0 0 #0000; box-sizing: border-box; margin: 8px 0px; padding: 0px;\">\n<h3 data-start=\"107\" data-end=\"174\"><strong data-start=\"111\" data-end=\"174\">SFE S500 PMR \u2013 Lisanss\u0131z, Dayan\u0131kl\u0131 ve G\u00fcvenilir El Telsizi<\/strong><\/h3>\n<hr data-start=\"176\" data-end=\"179\" \/>\n<h3 data-start=\"181\" data-end=\"206\"><strong data-start=\"185\" data-end=\"204\">\u00dcr\u00fcn A\u00e7\u0131klamas\u0131<\/strong><\/h3>\n<p data-start=\"207\" data-end=\"519\">SFE S500 PMR, lisans gerektirmeyen frekans yap\u0131s\u0131yla herkesin rahatl\u0131kla kullanabilece\u011fi bir telsiz modelidir. SFE S500 dayan\u0131kl\u0131 kasas\u0131, uzun pil \u00f6mr\u00fc ve y\u00fcksek menzilli ileti\u015fim kapasitesi ile hem bireysel hem kurumsal kullan\u0131c\u0131lar i\u00e7in ideal bir \u00e7\u00f6z\u00fcmd\u00fcr. \u00d6zellikle afet durumlar\u0131nda, h\u0131zl\u0131 ve etkili haberle\u015fme sunar.<\/p>\n<hr data-start=\"521\" data-end=\"524\" \/>\n<h3 data-start=\"526\" data-end=\"554\"><strong data-start=\"530\" data-end=\"554\">\u00d6ne \u00c7\u0131kan \u00d6zellikler<\/strong><\/h3>\n<ul data-start=\"556\" data-end=\"1044\">\n<li data-start=\"556\" data-end=\"657\">\n<p data-start=\"558\" data-end=\"657\"><strong data-start=\"558\" data-end=\"581\">Lisanss\u0131z Kullan\u0131m:<\/strong> 446 MHz PMR frekans\u0131 ile yasal s\u0131n\u0131rlar i\u00e7inde, ek ruhsat olmadan \u00e7al\u0131\u015f\u0131r<\/p>\n<\/li>\n<li data-start=\"658\" data-end=\"731\">\n<p data-start=\"660\" data-end=\"731\"><strong data-start=\"660\" data-end=\"676\">Uzun Menzil:<\/strong> A\u00e7\u0131k alanda 12 kilometreye kadar ileti\u015fim kapasitesi<\/p>\n<\/li>\n<li data-start=\"732\" data-end=\"796\">\n<p data-start=\"734\" data-end=\"796\"><strong data-start=\"734\" data-end=\"753\">Dayan\u0131kl\u0131 Yap\u0131:<\/strong> Toza, darbeye ve ya\u011fmura dayan\u0131kl\u0131 g\u00f6vde<\/p>\n<\/li>\n<li data-start=\"797\" data-end=\"877\">\n<p data-start=\"799\" data-end=\"877\"><strong data-start=\"799\" data-end=\"825\">Acil Durum Fonksiyonu:<\/strong> Alarm \u00f6zelli\u011fi ile acil durumlarda h\u0131zl\u0131 bildirim<\/p>\n<\/li>\n<li data-start=\"878\" data-end=\"941\">\n<p data-start=\"880\" data-end=\"941\"><strong data-start=\"880\" data-end=\"898\">Uzun Pil \u00d6mr\u00fc:<\/strong> Tek \u015farjla 24 saate kadar \u00e7al\u0131\u015fma s\u00fcresi<\/p>\n<\/li>\n<li data-start=\"942\" data-end=\"998\">\n<p data-start=\"944\" data-end=\"998\"><strong data-start=\"944\" data-end=\"964\">Kompakt Tasar\u0131m:<\/strong> Hafif ve kolay ta\u015f\u0131nabilir yap\u0131<\/p>\n<\/li>\n<li data-start=\"999\" data-end=\"1044\">\n<p data-start=\"1001\" data-end=\"1044\"><strong data-start=\"1001\" data-end=\"1022\">Renk Se\u00e7enekleri:<\/strong> Sar\u0131, siyah ve mavi<\/p>\n<\/li>\n<\/ul>\n<hr data-start=\"1046\" data-end=\"1049\" \/>\n<h3 data-start=\"1051\" data-end=\"1076\"><strong data-start=\"1055\" data-end=\"1076\">Teknik \u00d6zellikler<\/strong><\/h3>\n<ul data-start=\"1078\" data-end=\"1268\">\n<li data-start=\"1078\" data-end=\"1110\">\n<p data-start=\"1080\" data-end=\"1110\"><strong data-start=\"1080\" data-end=\"1100\">Frekans Aral\u0131\u011f\u0131:<\/strong> 446 MHz<\/p>\n<\/li>\n<li data-start=\"1111\" data-end=\"1136\">\n<p data-start=\"1113\" data-end=\"1136\"><strong data-start=\"1113\" data-end=\"1126\">Pil \u00d6mr\u00fc:<\/strong> 24 saat<\/p>\n<\/li>\n<li data-start=\"1137\" data-end=\"1162\">\n<p data-start=\"1139\" data-end=\"1162\"><strong data-start=\"1139\" data-end=\"1151\">A\u011f\u0131rl\u0131k:<\/strong> 220 gram<\/p>\n<\/li>\n<li data-start=\"1163\" data-end=\"1197\">\n<p data-start=\"1165\" data-end=\"1197\"><strong data-start=\"1165\" data-end=\"1178\">Boyutlar:<\/strong> 155 x 60 x 40 mm<\/p>\n<\/li>\n<li data-start=\"1198\" data-end=\"1219\">\n<p data-start=\"1200\" data-end=\"1219\"><strong data-start=\"1200\" data-end=\"1210\">Anten:<\/strong> Dahili<\/p>\n<\/li>\n<li data-start=\"1220\" data-end=\"1268\">\n<p data-start=\"1222\" data-end=\"1268\"><strong data-start=\"1222\" data-end=\"1231\">Kasa:<\/strong> Suya ve toza dayan\u0131kl\u0131 ABS plastik<\/p>\n<\/li>\n<\/ul>\n<hr data-start=\"1270\" data-end=\"1273\" \/>\n<h3 data-start=\"1275\" data-end=\"1300\"><strong data-start=\"1279\" data-end=\"1300\">Kullan\u0131m Alanlar\u0131<\/strong><\/h3>\n<ul data-start=\"1302\" data-end=\"1472\">\n<li data-start=\"1302\" data-end=\"1333\">\n<p data-start=\"1304\" data-end=\"1333\">Afet ve Acil Durum Y\u00f6netimi<\/p>\n<\/li>\n<li data-start=\"1334\" data-end=\"1366\">\n<p data-start=\"1336\" data-end=\"1366\">Arama Kurtarma Operasyonlar\u0131<\/p>\n<\/li>\n<li data-start=\"1367\" data-end=\"1395\">\n<p data-start=\"1369\" data-end=\"1395\">Do\u011fa Y\u00fcr\u00fcy\u00fc\u015fleri ve Kamp<\/p>\n<\/li>\n<li data-start=\"1396\" data-end=\"1441\">\n<p data-start=\"1398\" data-end=\"1441\">Festival, konser, piknik organizasyonlar\u0131<\/p>\n<\/li>\n<li data-start=\"1442\" data-end=\"1472\">\n<p data-start=\"1444\" data-end=\"1472\">Fabrika ve in\u015faat sahalar\u0131<\/p>\n<\/li>\n<\/ul>\n<hr data-start=\"1474\" data-end=\"1477\" \/>\n<h3 data-start=\"1479\" data-end=\"1506\"><strong data-start=\"1483\" data-end=\"1506\">Neden SFE S500 PMR?<\/strong><\/h3>\n<ul data-start=\"1508\" data-end=\"1786\">\n<li data-start=\"1508\" data-end=\"1588\">\n<p data-start=\"1510\" data-end=\"1588\"><strong data-start=\"1510\" data-end=\"1531\">Maliyet Avantaj\u0131:<\/strong> Lisanss\u0131z yap\u0131s\u0131 ile ekstra belge ve \u00f6deme gerektirmez<\/p>\n<\/li>\n<li data-start=\"1589\" data-end=\"1658\">\n<p data-start=\"1591\" data-end=\"1658\"><strong data-start=\"1591\" data-end=\"1614\">Kullan\u0131m Kolayl\u0131\u011f\u0131:<\/strong> Basit aray\u00fcz, herkes i\u00e7in eri\u015filebilirlik<\/p>\n<\/li>\n<li data-start=\"1659\" data-end=\"1721\">\n<p data-start=\"1661\" data-end=\"1721\"><strong data-start=\"1661\" data-end=\"1678\">G\u00fcvenilirlik:<\/strong> Acil durumlarda bile net ileti\u015fim sa\u011flar<\/p>\n<\/li>\n<li data-start=\"1722\" data-end=\"1786\">\n<p data-start=\"1724\" data-end=\"1786\"><strong data-start=\"1724\" data-end=\"1737\">Mobilite:<\/strong> Her \u00e7antaya s\u0131\u011fabilecek kadar hafif ve kompakt<\/p>\n<\/li>\n<\/ul>\n<\/li>\n<\/ul>\n","protected":false},"excerpt":{"rendered":"<p>SFE S500 PMR \u2013 Lisanss\u0131z, Dayan\u0131kl\u0131 ve G\u00fcvenilir El Telsizi \u00dcr\u00fcn A\u00e7\u0131klamas\u0131 SFE S500 PMR, lisans gerektirmeyen frekans yap\u0131s\u0131yla herkesin rahatl\u0131kla kullanabilece\u011fi bir telsiz modelidir. SFE S500 dayan\u0131kl\u0131 kasas\u0131, uzun pil \u00f6mr\u00fc ve y\u00fcksek menzilli ileti\u015fim kapasitesi ile hem bireysel hem kurumsal kullan\u0131c\u0131lar i\u00e7in ideal bir \u00e7\u00f6z\u00fcmd\u00fcr. \u00d6zellikle afet durumlar\u0131nda, h\u0131zl\u0131 ve etkili haberle\u015fme sunar. [&hellip;]<\/p>\n","protected":false},"featured_media":2628,"template":"","meta":[],"product_brand":[75],"product_cat":[108],"product_tag":[],"class_list":{"0":"post-4292","1":"product","2":"type-product","3":"status-publish","4":"has-post-thumbnail","6":"product_brand-sfe","7":"product_cat-pmr-i-profesyonel-el-telsizi","9":"first","10":"instock","11":"shipping-taxable","12":"product-type-simple"},"_links":{"self":[{"href":"https:\/\/foxelektronik.com\/index.php\/wp-json\/wp\/v2\/product\/4292","targetHints":{"allow":["GET"]}}],"collection":[{"href":"https:\/\/foxelektronik.com\/index.php\/wp-json\/wp\/v2\/product"}],"about":[{"href":"https:\/\/foxelektronik.com\/index.php\/wp-json\/wp\/v2\/types\/product"}],"wp:featuredmedia":[{"embeddable":true,"href":"https:\/\/foxelektronik.com\/index.php\/wp-json\/wp\/v2\/media\/2628"}],"wp:attachment":[{"href":"https:\/\/foxelektronik.com\/index.php\/wp-json\/wp\/v2\/media?parent=4292"}],"wp:term":[{"taxonomy":"product_brand","embeddable":true,"href":"https:\/\/foxelektronik.com\/index.php\/wp-json\/wp\/v2\/product_brand?post=4292"},{"taxonomy":"product_cat","embeddable":true,"href":"https:\/\/foxelektronik.com\/index.php\/wp-json\/wp\/v2\/product_cat?post=4292"},{"taxonomy":"product_tag","embeddable":true,"href":"https:\/\/foxelektronik.com\/index.php\/wp-json\/wp\/v2\/product_tag?post=4292"}],"curies":[{"name":"wp","href":"https:\/\/api.w.org\/{rel}","templated":true}]}}