{"id":4299,"date":"2025-07-21T15:10:20","date_gmt":"2025-07-21T12:10:20","guid":{"rendered":"https:\/\/foxelektronik.com\/?post_type=product&#038;p=4299"},"modified":"2025-07-21T15:10:20","modified_gmt":"2025-07-21T12:10:20","slug":"aselsan-3700-zafer-serisi-orjinal-batarya","status":"publish","type":"product","link":"https:\/\/foxelektronik.com\/index.php\/product\/aselsan-3700-zafer-serisi-orjinal-batarya\/","title":{"rendered":"Aselsan 3700 Zafer Serisi Orjinal Batarya"},"content":{"rendered":"<h3 data-start=\"115\" data-end=\"179\"><strong data-start=\"119\" data-end=\"179\">Aselsan 3700 \/ Zafer Serisi Orijinal Batarya \u2013 3763-1212<\/strong><\/h3>\n<p data-start=\"181\" data-end=\"455\">Aselsan\u2019\u0131n 3700 ve Zafer serisi telsizleri i\u00e7in \u00f6zel olarak \u00fcretilmi\u015f olan bu orijinal batarya, y\u00fcksek performansl\u0131 Li-ion h\u00fccre yap\u0131s\u0131yla uzun \u00f6m\u00fcr ve g\u00fcvenilir enerji sa\u011flar. Orijinal kodu 3763-1212 olan bu batarya, sahada kesintisiz ileti\u015fim sa\u011flamak i\u00e7in ideal \u00e7\u00f6z\u00fcmd\u00fcr.<\/p>\n<hr data-start=\"457\" data-end=\"460\" \/>\n<h3 data-start=\"462\" data-end=\"487\"><strong data-start=\"466\" data-end=\"487\">Teknik \u00d6zellikler<\/strong><\/h3>\n<ul data-start=\"489\" data-end=\"705\">\n<li data-start=\"489\" data-end=\"546\">\n<p data-start=\"491\" data-end=\"546\"><strong data-start=\"491\" data-end=\"510\">Uygun Modeller:<\/strong> Aselsan 3700 Serisi, Zafer Serisi<\/p>\n<\/li>\n<li data-start=\"547\" data-end=\"571\">\n<p data-start=\"549\" data-end=\"571\"><strong data-start=\"549\" data-end=\"560\">Voltaj:<\/strong> 7.5 Volt<\/p>\n<\/li>\n<li data-start=\"572\" data-end=\"598\">\n<p data-start=\"574\" data-end=\"598\"><strong data-start=\"574\" data-end=\"587\">Kapasite:<\/strong> 2200 mAh<\/p>\n<\/li>\n<li data-start=\"599\" data-end=\"626\">\n<p data-start=\"601\" data-end=\"626\"><strong data-start=\"601\" data-end=\"617\">Pil Kimyas\u0131:<\/strong> Li-ion<\/p>\n<\/li>\n<li data-start=\"627\" data-end=\"655\">\n<p data-start=\"629\" data-end=\"655\"><strong data-start=\"629\" data-end=\"643\">\u00dcr\u00fcn Kodu:<\/strong> 3763-1212<\/p>\n<\/li>\n<li data-start=\"656\" data-end=\"705\">\n<p data-start=\"658\" data-end=\"705\"><strong data-start=\"658\" data-end=\"672\">Uyumluluk:<\/strong> Orijinal \u00fcr\u00fcn, tam uyum sa\u011flar<\/p>\n<\/li>\n<\/ul>\n<hr data-start=\"707\" data-end=\"710\" \/>\n<h3 data-start=\"712\" data-end=\"737\"><strong data-start=\"716\" data-end=\"737\">Kullan\u0131m Alanlar\u0131<\/strong><\/h3>\n<ul data-start=\"739\" data-end=\"847\">\n<li data-start=\"739\" data-end=\"770\">\n<p data-start=\"741\" data-end=\"770\">Aselsan marka el telsizleri<\/p>\n<\/li>\n<li data-start=\"771\" data-end=\"809\">\n<p data-start=\"773\" data-end=\"809\">Kurumsal ve kamu telsiz sistemleri<\/p>\n<\/li>\n<li data-start=\"810\" data-end=\"847\">\n<p data-start=\"812\" data-end=\"847\">Yedek batarya olarak saha kullan\u0131m\u0131<\/p>\n<\/li>\n<\/ul>\n","protected":false},"excerpt":{"rendered":"<p>Aselsan 3700 \/ Zafer Serisi Orijinal Batarya \u2013 3763-1212 Aselsan\u2019\u0131n 3700 ve Zafer serisi telsizleri i\u00e7in \u00f6zel olarak \u00fcretilmi\u015f olan bu orijinal batarya, y\u00fcksek performansl\u0131 Li-ion h\u00fccre yap\u0131s\u0131yla uzun \u00f6m\u00fcr ve g\u00fcvenilir enerji sa\u011flar. Orijinal kodu 3763-1212 olan bu batarya, sahada kesintisiz ileti\u015fim sa\u011flamak i\u00e7in ideal \u00e7\u00f6z\u00fcmd\u00fcr. Teknik \u00d6zellikler Uygun Modeller: Aselsan 3700 Serisi, Zafer [&hellip;]<\/p>\n","protected":false},"featured_media":2642,"template":"","meta":[],"product_brand":[76],"product_cat":[],"product_tag":[],"class_list":{"0":"post-4299","1":"product","2":"type-product","3":"status-publish","4":"has-post-thumbnail","6":"product_brand-aselsan","8":"first","9":"instock","10":"shipping-taxable","11":"product-type-simple"},"_links":{"self":[{"href":"https:\/\/foxelektronik.com\/index.php\/wp-json\/wp\/v2\/product\/4299","targetHints":{"allow":["GET"]}}],"collection":[{"href":"https:\/\/foxelektronik.com\/index.php\/wp-json\/wp\/v2\/product"}],"about":[{"href":"https:\/\/foxelektronik.com\/index.php\/wp-json\/wp\/v2\/types\/product"}],"wp:featuredmedia":[{"embeddable":true,"href":"https:\/\/foxelektronik.com\/index.php\/wp-json\/wp\/v2\/media\/2642"}],"wp:attachment":[{"href":"https:\/\/foxelektronik.com\/index.php\/wp-json\/wp\/v2\/media?parent=4299"}],"wp:term":[{"taxonomy":"product_brand","embeddable":true,"href":"https:\/\/foxelektronik.com\/index.php\/wp-json\/wp\/v2\/product_brand?post=4299"},{"taxonomy":"product_cat","embeddable":true,"href":"https:\/\/foxelektronik.com\/index.php\/wp-json\/wp\/v2\/product_cat?post=4299"},{"taxonomy":"product_tag","embeddable":true,"href":"https:\/\/foxelektronik.com\/index.php\/wp-json\/wp\/v2\/product_tag?post=4299"}],"curies":[{"name":"wp","href":"https:\/\/api.w.org\/{rel}","templated":true}]}}