{"id":4316,"date":"2025-07-21T15:10:21","date_gmt":"2025-07-21T12:10:21","guid":{"rendered":"https:\/\/foxelektronik.com\/?post_type=product&#038;p=4316"},"modified":"2025-07-21T15:10:21","modified_gmt":"2025-07-21T12:10:21","slug":"diamond-sp-1000-yildirim-koruyucu","status":"publish","type":"product","link":"https:\/\/foxelektronik.com\/index.php\/product\/diamond-sp-1000-yildirim-koruyucu\/","title":{"rendered":"DIAMOND SP-1000 YILDIRIM KORUYUCU"},"content":{"rendered":"<h3 data-start=\"125\" data-end=\"166\"><strong data-start=\"129\" data-end=\"166\">DIAMOND SP-1000 Y\u0131ld\u0131r\u0131m Koruyucu<\/strong><\/h3>\n<p data-start=\"168\" data-end=\"488\">Diamond SP-1000, telsiz sistemlerini y\u0131ld\u0131r\u0131m d\u00fc\u015fmesi ve statik elektrikten kaynaklanan y\u00fcksek voltaj ve ak\u0131ma kar\u015f\u0131 korumak amac\u0131yla geli\u015ftirilmi\u015f profesyonel bir g\u00fcvenlik ekipman\u0131d\u0131r.SP-1000, telsiz istasyonunuzun g\u00fcvenli\u011fini sa\u011flamak i\u00e7in do\u011frudan anten hatt\u0131na ba\u011flan\u0131r ve d\u0131\u015f etkenlere kar\u015f\u0131 ilk savunma hatt\u0131 g\u00f6revi g\u00f6r\u00fcr.<\/p>\n<hr data-start=\"490\" data-end=\"493\" \/>\n<h3 data-start=\"495\" data-end=\"517\"><strong data-start=\"499\" data-end=\"517\">Kullan\u0131m Amac\u0131<\/strong><\/h3>\n<ul data-start=\"519\" data-end=\"814\">\n<li data-start=\"519\" data-end=\"625\">\n<p data-start=\"521\" data-end=\"625\">Anten hatt\u0131 \u00fczerinden telsize ula\u015fabilecek y\u0131ld\u0131r\u0131m kaynakl\u0131 y\u00fcksek ak\u0131m\u0131 y\u00f6nlendirerek cihazlar\u0131 korur.<\/p>\n<\/li>\n<li data-start=\"626\" data-end=\"752\">\n<p data-start=\"628\" data-end=\"752\">\u00d6zellikle bahar ve yaz aylar\u0131nda artan f\u0131rt\u0131na riskine kar\u015f\u0131 amat\u00f6r ve profesyonel telsiz sistemlerinde aktif koruma sa\u011flar.<\/p>\n<\/li>\n<li data-start=\"753\" data-end=\"814\">\n<p data-start=\"755\" data-end=\"814\">Statik elektrik y\u00fcklerine kar\u015f\u0131 da \u00f6nleyici g\u00fcvenlik sunar.<\/p>\n<\/li>\n<\/ul>\n<hr data-start=\"816\" data-end=\"819\" \/>\n<h3 data-start=\"821\" data-end=\"846\"><strong data-start=\"825\" data-end=\"846\">Teknik \u00d6zellikler<\/strong><\/h3>\n<ul data-start=\"848\" data-end=\"1226\">\n<li data-start=\"848\" data-end=\"882\">\n<p data-start=\"850\" data-end=\"882\">Frekans Aral\u0131\u011f\u0131: DC \u2013 1000 MHz<\/p>\n<\/li>\n<li data-start=\"883\" data-end=\"903\">\n<p data-start=\"885\" data-end=\"903\">Empedans: 50 ohm<\/p>\n<\/li>\n<li data-start=\"904\" data-end=\"946\">\n<p data-start=\"906\" data-end=\"946\">Konnekt\u00f6r Tipi: SO-239 x 2 (UHF soket)<\/p>\n<\/li>\n<li data-start=\"947\" data-end=\"969\">\n<p data-start=\"949\" data-end=\"969\">VSWR: En fazla 1.1<\/p>\n<\/li>\n<li data-start=\"970\" data-end=\"1000\">\n<p data-start=\"972\" data-end=\"1000\">Zay\u0131flama: En fazla 0.2 dB<\/p>\n<\/li>\n<li data-start=\"1001\" data-end=\"1039\">\n<p data-start=\"1003\" data-end=\"1039\">Maksimum G\u00fc\u00e7 Kapasitesi: 400 W PEP<\/p>\n<\/li>\n<li data-start=\"1040\" data-end=\"1068\">\n<p data-start=\"1042\" data-end=\"1068\">\u015eok De\u015farj Voltaj\u0131: 1 kV<\/p>\n<\/li>\n<li data-start=\"1069\" data-end=\"1097\">\n<p data-start=\"1071\" data-end=\"1097\">\u015eok De\u015farj Ak\u0131m\u0131: 6000 A<\/p>\n<\/li>\n<li data-start=\"1098\" data-end=\"1132\">\n<p data-start=\"1100\" data-end=\"1132\">Ar\u0131za Direnci: 10.000 M\u03a9 \u00fczeri<\/p>\n<\/li>\n<li data-start=\"1133\" data-end=\"1166\">\n<p data-start=\"1135\" data-end=\"1166\">A\u00e7\u0131lma Voltaj\u0131: DC 350V \u00b1 %20<\/p>\n<\/li>\n<li data-start=\"1167\" data-end=\"1196\">\n<p data-start=\"1169\" data-end=\"1196\">Boyutlar: 66 x 41 x 20 mm<\/p>\n<\/li>\n<li data-start=\"1197\" data-end=\"1226\">\n<p data-start=\"1199\" data-end=\"1226\">A\u011f\u0131rl\u0131k: Yakla\u015f\u0131k 80 gram<\/p>\n<\/li>\n<\/ul>\n<hr data-start=\"1228\" data-end=\"1231\" \/>\n<h3 data-start=\"1233\" data-end=\"1252\"><strong data-start=\"1237\" data-end=\"1252\">Montaj Notu<\/strong><\/h3>\n<p data-start=\"1254\" data-end=\"1437\">Koruyucunun tam i\u015flevselli\u011fi i\u00e7in, <strong data-start=\"1289\" data-end=\"1371\">yeterli kal\u0131nl\u0131kta bir topraklama kablosu ile sa\u011flam bir \u015fekilde topraklanmas\u0131<\/strong>gerekmektedir. Aksi takdirde y\u0131ld\u0131r\u0131m korumas\u0131 etkisiz kalabilir.<\/p>\n","protected":false},"excerpt":{"rendered":"<p>DIAMOND SP-1000 Y\u0131ld\u0131r\u0131m Koruyucu Diamond SP-1000, telsiz sistemlerini y\u0131ld\u0131r\u0131m d\u00fc\u015fmesi ve statik elektrikten kaynaklanan y\u00fcksek voltaj ve ak\u0131ma kar\u015f\u0131 korumak amac\u0131yla geli\u015ftirilmi\u015f profesyonel bir g\u00fcvenlik ekipman\u0131d\u0131r.SP-1000, telsiz istasyonunuzun g\u00fcvenli\u011fini sa\u011flamak i\u00e7in do\u011frudan anten hatt\u0131na ba\u011flan\u0131r ve d\u0131\u015f etkenlere kar\u015f\u0131 ilk savunma hatt\u0131 g\u00f6revi g\u00f6r\u00fcr. Kullan\u0131m Amac\u0131 Anten hatt\u0131 \u00fczerinden telsize ula\u015fabilecek y\u0131ld\u0131r\u0131m kaynakl\u0131 y\u00fcksek ak\u0131m\u0131 [&hellip;]<\/p>\n","protected":false},"featured_media":2675,"template":"","meta":[],"product_brand":[137],"product_cat":[],"product_tag":[],"class_list":{"0":"post-4316","1":"product","2":"type-product","3":"status-publish","4":"has-post-thumbnail","6":"product_brand-diamond-antenna","8":"first","9":"instock","10":"shipping-taxable","11":"product-type-simple"},"_links":{"self":[{"href":"https:\/\/foxelektronik.com\/index.php\/wp-json\/wp\/v2\/product\/4316","targetHints":{"allow":["GET"]}}],"collection":[{"href":"https:\/\/foxelektronik.com\/index.php\/wp-json\/wp\/v2\/product"}],"about":[{"href":"https:\/\/foxelektronik.com\/index.php\/wp-json\/wp\/v2\/types\/product"}],"wp:featuredmedia":[{"embeddable":true,"href":"https:\/\/foxelektronik.com\/index.php\/wp-json\/wp\/v2\/media\/2675"}],"wp:attachment":[{"href":"https:\/\/foxelektronik.com\/index.php\/wp-json\/wp\/v2\/media?parent=4316"}],"wp:term":[{"taxonomy":"product_brand","embeddable":true,"href":"https:\/\/foxelektronik.com\/index.php\/wp-json\/wp\/v2\/product_brand?post=4316"},{"taxonomy":"product_cat","embeddable":true,"href":"https:\/\/foxelektronik.com\/index.php\/wp-json\/wp\/v2\/product_cat?post=4316"},{"taxonomy":"product_tag","embeddable":true,"href":"https:\/\/foxelektronik.com\/index.php\/wp-json\/wp\/v2\/product_tag?post=4316"}],"curies":[{"name":"wp","href":"https:\/\/api.w.org\/{rel}","templated":true}]}}