{"id":4321,"date":"2025-07-21T15:10:21","date_gmt":"2025-07-21T12:10:21","guid":{"rendered":"https:\/\/foxelektronik.com\/?post_type=product&#038;p=4321"},"modified":"2025-07-21T15:10:21","modified_gmt":"2025-07-21T12:10:21","slug":"aspilsan-aselsan-4400-4700-kale-serisi-telsiz-bataryasi-3250-mah","status":"publish","type":"product","link":"https:\/\/foxelektronik.com\/index.php\/product\/aspilsan-aselsan-4400-4700-kale-serisi-telsiz-bataryasi-3250-mah\/","title":{"rendered":"ASP\u0130LSAN ASELSAN 4400-4700-KALE  Serisi Telsiz Bataryas\u0131 3250 mAh"},"content":{"rendered":"<p data-start=\"129\" data-end=\"188\"><strong data-start=\"129\" data-end=\"188\">ASELSAN 4400-4700-KALE Serisi Telsiz Bataryas\u0131<\/strong><\/p>\n<p data-start=\"190\" data-end=\"397\">Aspilsan taraf\u0131ndan \u00fcretilen bu \u00fcr\u00fcn, ASELSAN 4400, 4700 ve KALE serisi telsizlerle tam uyumludur. Uzun \u00f6m\u00fcrl\u00fc, y\u00fcksek performansl\u0131 yap\u0131s\u0131yla saha kullan\u0131m\u0131na uygundur. Bel klipsi ile birlikte g\u00f6nderilir.<\/p>\n<hr data-start=\"399\" data-end=\"402\" \/>\n<p data-start=\"404\" data-end=\"423\"><strong data-start=\"404\" data-end=\"423\">Uyumlu Modeller<\/strong><\/p>\n<ul data-start=\"425\" data-end=\"482\">\n<li data-start=\"425\" data-end=\"441\">\n<p data-start=\"427\" data-end=\"441\">ASELSAN 4400<\/p>\n<\/li>\n<li data-start=\"442\" data-end=\"458\">\n<p data-start=\"444\" data-end=\"458\">ASELSAN 4700<\/p>\n<\/li>\n<li data-start=\"459\" data-end=\"482\">\n<p data-start=\"461\" data-end=\"482\">ASELSAN KALE Serisi<\/p>\n<\/li>\n<\/ul>\n<hr data-start=\"484\" data-end=\"487\" \/>\n<p data-start=\"489\" data-end=\"510\"><strong data-start=\"489\" data-end=\"510\">Teknik \u00d6zellikler<\/strong><\/p>\n<ul data-start=\"512\" data-end=\"591\">\n<li data-start=\"512\" data-end=\"531\">\n<p data-start=\"514\" data-end=\"531\">Kimyas\u0131: Li-Ion<\/p>\n<\/li>\n<li data-start=\"532\" data-end=\"548\">\n<p data-start=\"534\" data-end=\"548\">Voltaj: 7.5V<\/p>\n<\/li>\n<li data-start=\"549\" data-end=\"571\">\n<p data-start=\"551\" data-end=\"571\">Kapasite: 3250 mAh<\/p>\n<\/li>\n<li data-start=\"572\" data-end=\"591\">\n<p data-start=\"574\" data-end=\"591\">Belklips: Dahil<\/p>\n<\/li>\n<\/ul>\n<hr data-start=\"593\" data-end=\"596\" \/>\n<p data-start=\"598\" data-end=\"619\"><strong data-start=\"598\" data-end=\"619\">Kullan\u0131m Alanlar\u0131<\/strong><\/p>\n<ul data-start=\"621\" data-end=\"735\">\n<li data-start=\"641\" data-end=\"660\">\n<p data-start=\"643\" data-end=\"660\">Askeri personel<\/p>\n<\/li>\n<li data-start=\"661\" data-end=\"691\">\n<p data-start=\"663\" data-end=\"691\">Kurumsal g\u00fcvenlik ekipleri<\/p>\n<\/li>\n<li data-start=\"692\" data-end=\"735\">\n<p data-start=\"694\" data-end=\"735\">Telsizle haberle\u015fme gereken t\u00fcm alanlar<\/p>\n<\/li>\n<\/ul>\n","protected":false},"excerpt":{"rendered":"<p>ASELSAN 4400-4700-KALE Serisi Telsiz Bataryas\u0131 Aspilsan taraf\u0131ndan \u00fcretilen bu \u00fcr\u00fcn, ASELSAN 4400, 4700 ve KALE serisi telsizlerle tam uyumludur. Uzun \u00f6m\u00fcrl\u00fc, y\u00fcksek performansl\u0131 yap\u0131s\u0131yla saha kullan\u0131m\u0131na uygundur. Bel klipsi ile birlikte g\u00f6nderilir. Uyumlu Modeller ASELSAN 4400 ASELSAN 4700 ASELSAN KALE Serisi Teknik \u00d6zellikler Kimyas\u0131: Li-Ion Voltaj: 7.5V Kapasite: 3250 mAh Belklips: Dahil Kullan\u0131m Alanlar\u0131 Askeri [&hellip;]<\/p>\n","protected":false},"featured_media":2684,"template":"","meta":[],"product_brand":[76],"product_cat":[],"product_tag":[],"class_list":{"0":"post-4321","1":"product","2":"type-product","3":"status-publish","4":"has-post-thumbnail","6":"product_brand-aselsan","8":"first","9":"instock","10":"shipping-taxable","11":"product-type-simple"},"_links":{"self":[{"href":"https:\/\/foxelektronik.com\/index.php\/wp-json\/wp\/v2\/product\/4321","targetHints":{"allow":["GET"]}}],"collection":[{"href":"https:\/\/foxelektronik.com\/index.php\/wp-json\/wp\/v2\/product"}],"about":[{"href":"https:\/\/foxelektronik.com\/index.php\/wp-json\/wp\/v2\/types\/product"}],"wp:featuredmedia":[{"embeddable":true,"href":"https:\/\/foxelektronik.com\/index.php\/wp-json\/wp\/v2\/media\/2684"}],"wp:attachment":[{"href":"https:\/\/foxelektronik.com\/index.php\/wp-json\/wp\/v2\/media?parent=4321"}],"wp:term":[{"taxonomy":"product_brand","embeddable":true,"href":"https:\/\/foxelektronik.com\/index.php\/wp-json\/wp\/v2\/product_brand?post=4321"},{"taxonomy":"product_cat","embeddable":true,"href":"https:\/\/foxelektronik.com\/index.php\/wp-json\/wp\/v2\/product_cat?post=4321"},{"taxonomy":"product_tag","embeddable":true,"href":"https:\/\/foxelektronik.com\/index.php\/wp-json\/wp\/v2\/product_tag?post=4321"}],"curies":[{"name":"wp","href":"https:\/\/api.w.org\/{rel}","templated":true}]}}