{"id":4337,"date":"2025-07-21T15:11:24","date_gmt":"2025-07-21T12:11:24","guid":{"rendered":"https:\/\/foxelektronik.com\/?post_type=product&#038;p=4337"},"modified":"2025-07-21T15:11:24","modified_gmt":"2025-07-21T12:11:24","slug":"nagoya-na-771-dual-band-vhf-uhf136-174-400-470-mhz-el-telsizi-anteni","status":"publish","type":"product","link":"https:\/\/foxelektronik.com\/index.php\/product\/nagoya-na-771-dual-band-vhf-uhf136-174-400-470-mhz-el-telsizi-anteni\/","title":{"rendered":"\ufeffNAGOYA NA-771 DUAL BAND VHF\/UHF(136\/174-400\/470 MHz) EL TELS\u0130Z\u0130 ANTEN\u0130"},"content":{"rendered":"<p data-start=\"5\" data-end=\"62\"><strong data-start=\"5\" data-end=\"62\">Nagoya NA-771 Dual Band VHF\/UHF El Telsizi Anteni Di\u015fi<\/strong><\/p>\n<p data-start=\"64\" data-end=\"294\">Nagoya NA-771, dayan\u0131kl\u0131 ve esnek k\u0131r\u0131lmaz yap\u0131s\u0131yla uzun \u00f6m\u00fcrl\u00fc kullan\u0131m sa\u011flar. NA-771, Dual band VHF\/UHF frekans aral\u0131\u011f\u0131nda y\u00fcksek performans sunan bu anten, 10 watt maksimum g\u00fc\u00e7 ve d\u00fc\u015f\u00fck VSWR de\u011ferleri ile net ve g\u00fc\u00e7l\u00fc ileti\u015fim sa\u011flar.<\/p>\n<hr data-start=\"296\" data-end=\"299\" \/>\n<p data-start=\"301\" data-end=\"322\"><strong data-start=\"301\" data-end=\"322\">Teknik \u00d6zellikler<\/strong><\/p>\n<ul data-start=\"324\" data-end=\"708\">\n<li data-start=\"324\" data-end=\"341\">\n<p data-start=\"326\" data-end=\"341\">Model: NA-771<\/p>\n<\/li>\n<li data-start=\"342\" data-end=\"397\">\n<p data-start=\"344\" data-end=\"397\">Bant: Dual Band VHF\/UHF (136\/174 MHz &#8211; 400\/470 MHz)<\/p>\n<\/li>\n<li data-start=\"398\" data-end=\"434\">\n<p data-start=\"400\" data-end=\"434\">Anten Tipi: Esnek k\u0131r\u0131lmaz anten<\/p>\n<\/li>\n<li data-start=\"435\" data-end=\"465\">\n<p data-start=\"437\" data-end=\"465\">Frekans: 144 MHz \/ 430 MHz<\/p>\n<\/li>\n<li data-start=\"466\" data-end=\"515\">\n<p data-start=\"468\" data-end=\"515\">Kazan\u00e7: 2.15 dBi (144 MHz), 3.0 dBi (430 MHz)<\/p>\n<\/li>\n<li data-start=\"516\" data-end=\"541\">\n<p data-start=\"518\" data-end=\"541\">Maksimum G\u00fc\u00e7: 10 Watt<\/p>\n<\/li>\n<li data-start=\"542\" data-end=\"564\">\n<p data-start=\"544\" data-end=\"564\">VSWR: Yakla\u015f\u0131k 1.5<\/p>\n<\/li>\n<li data-start=\"565\" data-end=\"585\">\n<p data-start=\"567\" data-end=\"585\">Empedans: 50 Ohm<\/p>\n<\/li>\n<li data-start=\"586\" data-end=\"613\">\n<p data-start=\"588\" data-end=\"613\">Ba\u011flay\u0131c\u0131: SMA-F (Di\u015fi)<\/p>\n<\/li>\n<li data-start=\"614\" data-end=\"637\">\n<p data-start=\"616\" data-end=\"637\">Polarizasyon: Dikey<\/p>\n<\/li>\n<li data-start=\"638\" data-end=\"657\">\n<p data-start=\"640\" data-end=\"657\">Radyasyon: Omni<\/p>\n<\/li>\n<li data-start=\"658\" data-end=\"687\">\n<p data-start=\"660\" data-end=\"687\">Uzunluk: Yakla\u015f\u0131k 37.7 cm<\/p>\n<\/li>\n<li data-start=\"688\" data-end=\"708\">\n<p data-start=\"690\" data-end=\"708\">A\u011f\u0131rl\u0131k: 35 gram<\/p>\n<\/li>\n<\/ul>\n<hr data-start=\"710\" data-end=\"713\" \/>\n<p data-start=\"715\" data-end=\"734\"><strong data-start=\"715\" data-end=\"734\">Uyumlu Modeller<\/strong><\/p>\n<ul data-start=\"736\" data-end=\"1582\">\n<li data-start=\"736\" data-end=\"865\">\n<p data-start=\"738\" data-end=\"865\"><strong data-start=\"738\" data-end=\"750\">Kenwood:<\/strong> TK-360, TK-370, TK-370G, TK-372, TK-372G, TK-3100, TK-3140, TK-3160, TK-3170, TK-3180, TK-3200, TK-3202, TK-3207<\/p>\n<\/li>\n<li data-start=\"866\" data-end=\"950\">\n<p data-start=\"868\" data-end=\"950\"><strong data-start=\"868\" data-end=\"879\">Linton:<\/strong> LT-3288, LT-6288, LT-3188, LT-2188, LT-3260, LT-3268, LT6188, LT3288<\/p>\n<\/li>\n<li data-start=\"951\" data-end=\"1002\">\n<p data-start=\"953\" data-end=\"1002\"><strong data-start=\"953\" data-end=\"964\">Puxing:<\/strong> PX-777, PX-777 Art\u0131, PX-666, PX-888<\/p>\n<\/li>\n<li data-start=\"1003\" data-end=\"1050\">\n<p data-start=\"1005\" data-end=\"1050\"><strong data-start=\"1005\" data-end=\"1018\">Weierwei:<\/strong> VEV-3288S, VEV-6288, VEV-3288<\/p>\n<\/li>\n<li data-start=\"1051\" data-end=\"1128\">\n<p data-start=\"1053\" data-end=\"1128\"><strong data-start=\"1053\" data-end=\"1067\">Quansheng:<\/strong> TG-K4AT, TG-2AT, TG-45AT, TG-42AT, TG-22AT, TG-25AT, TG-UV<\/p>\n<\/li>\n<li data-start=\"1129\" data-end=\"1211\">\n<p data-start=\"1131\" data-end=\"1211\"><strong data-start=\"1131\" data-end=\"1142\">Wouxun:<\/strong> KG-689, KG-689 Art\u0131, KG-669, KG-669 Art\u0131, KG-659, KG-699E, KG-UVD1<\/p>\n<\/li>\n<li data-start=\"1212\" data-end=\"1283\">\n<p data-start=\"1214\" data-end=\"1283\"><strong data-start=\"1214\" data-end=\"1222\">HYT:<\/strong> TC-268, TC-268S, TC-368, TC-368S, TC-370S, TC-500, TC-500S<\/p>\n<\/li>\n<li data-start=\"1284\" data-end=\"1333\">\n<p data-start=\"1286\" data-end=\"1333\"><strong data-start=\"1286\" data-end=\"1298\">Retevis:<\/strong> Retevis H777, Retevis R888S Art\u0131<\/p>\n<\/li>\n<li data-start=\"1334\" data-end=\"1397\">\n<p data-start=\"1336\" data-end=\"1397\"><strong data-start=\"1336\" data-end=\"1344\">TYT:<\/strong> TH-UVF1, T2, T3, F6, 300, 500, 600, 800, 900, 9900<\/p>\n<\/li>\n<li data-start=\"1398\" data-end=\"1582\">\n<p data-start=\"1400\" data-end=\"1582\"><strong data-start=\"1400\" data-end=\"1412\">Baofeng:<\/strong> BF-666S, BF-777S, BF-888S, BF-320, BF-480, BF-490, BF-V6, BF-V8, BF-388A, BF-UV5R, BF-UV5RA, BF-UV5RB, BF-UV5RC, BF-UV5RD, BF-UV5RE, BF-UV5RE Art\u0131, BF-UV82, BF-UVB5 B6<\/p>\n<\/li>\n<\/ul>\n","protected":false},"excerpt":{"rendered":"<p>Nagoya NA-771 Dual Band VHF\/UHF El Telsizi Anteni Di\u015fi Nagoya NA-771, dayan\u0131kl\u0131 ve esnek k\u0131r\u0131lmaz yap\u0131s\u0131yla uzun \u00f6m\u00fcrl\u00fc kullan\u0131m sa\u011flar. NA-771, Dual band VHF\/UHF frekans aral\u0131\u011f\u0131nda y\u00fcksek performans sunan bu anten, 10 watt maksimum g\u00fc\u00e7 ve d\u00fc\u015f\u00fck VSWR de\u011ferleri ile net ve g\u00fc\u00e7l\u00fc ileti\u015fim sa\u011flar. Teknik \u00d6zellikler Model: NA-771 Bant: Dual Band VHF\/UHF (136\/174 MHz [&hellip;]<\/p>\n","protected":false},"featured_media":2716,"template":"","meta":[],"product_brand":[],"product_cat":[],"product_tag":[],"class_list":{"0":"post-4337","1":"product","2":"type-product","3":"status-publish","4":"has-post-thumbnail","7":"first","8":"instock","9":"shipping-taxable","10":"product-type-simple"},"_links":{"self":[{"href":"https:\/\/foxelektronik.com\/index.php\/wp-json\/wp\/v2\/product\/4337","targetHints":{"allow":["GET"]}}],"collection":[{"href":"https:\/\/foxelektronik.com\/index.php\/wp-json\/wp\/v2\/product"}],"about":[{"href":"https:\/\/foxelektronik.com\/index.php\/wp-json\/wp\/v2\/types\/product"}],"wp:featuredmedia":[{"embeddable":true,"href":"https:\/\/foxelektronik.com\/index.php\/wp-json\/wp\/v2\/media\/2716"}],"wp:attachment":[{"href":"https:\/\/foxelektronik.com\/index.php\/wp-json\/wp\/v2\/media?parent=4337"}],"wp:term":[{"taxonomy":"product_brand","embeddable":true,"href":"https:\/\/foxelektronik.com\/index.php\/wp-json\/wp\/v2\/product_brand?post=4337"},{"taxonomy":"product_cat","embeddable":true,"href":"https:\/\/foxelektronik.com\/index.php\/wp-json\/wp\/v2\/product_cat?post=4337"},{"taxonomy":"product_tag","embeddable":true,"href":"https:\/\/foxelektronik.com\/index.php\/wp-json\/wp\/v2\/product_tag?post=4337"}],"curies":[{"name":"wp","href":"https:\/\/api.w.org\/{rel}","templated":true}]}}