{"id":4340,"date":"2025-07-21T15:11:24","date_gmt":"2025-07-21T12:11:24","guid":{"rendered":"https:\/\/foxelektronik.com\/?post_type=product&#038;p=4340"},"modified":"2025-07-21T15:11:24","modified_gmt":"2025-07-21T12:11:24","slug":"midland-ml-145-cb-anten-off-road-anteni","status":"publish","type":"product","link":"https:\/\/foxelektronik.com\/index.php\/product\/midland-ml-145-cb-anten-off-road-anteni\/","title":{"rendered":"Midland ML  145 CB Anten (Off-Road Anteni)"},"content":{"rendered":"<h3 data-start=\"0\" data-end=\"65\">Midland ML 145 CB \u2013 Y\u00fcksek Performansl\u0131 26\u201328\u202fMHz Ara\u00e7 Anteni<\/h3>\n<p data-start=\"67\" data-end=\"296\"><strong data-start=\"67\" data-end=\"88\">Midland ML 145 CB<\/strong>, 26\u201328\u202fMHz aral\u0131\u011f\u0131nda \u00e7al\u0131\u015fan ve 400\u202fW\u2019a kadar g\u00fc\u00e7 dayan\u0131m\u0131 sunan kompakt bir CB ara\u00e7 antenidir. Sadece anten olarak sat\u0131\u015fa sunulan bu model, g\u00fc\u00e7l\u00fc sinyal performans\u0131 ve geni\u015f kanall\u0131 kullan\u0131m imk\u00e2n\u0131 sa\u011flar.<\/p>\n<h4 data-start=\"298\" data-end=\"320\">Teknik \u00d6zellikler<\/h4>\n<ul data-start=\"321\" data-end=\"509\">\n<li data-start=\"321\" data-end=\"347\">\n<p data-start=\"323\" data-end=\"347\"><strong data-start=\"323\" data-end=\"335\">Frekans:<\/strong> 26\u201328\u202fMHz<\/p>\n<\/li>\n<li data-start=\"348\" data-end=\"378\">\n<p data-start=\"350\" data-end=\"378\"><strong data-start=\"350\" data-end=\"367\">Kanal Say\u0131s\u0131:<\/strong> 90 kanal<\/p>\n<\/li>\n<li data-start=\"379\" data-end=\"403\">\n<p data-start=\"381\" data-end=\"403\"><strong data-start=\"381\" data-end=\"395\">Maks. G\u00fc\u00e7:<\/strong> 400\u202fW<\/p>\n<\/li>\n<li data-start=\"404\" data-end=\"439\">\n<p data-start=\"406\" data-end=\"439\"><strong data-start=\"406\" data-end=\"414\">SWR:<\/strong> &lt;\u202f1:2 (orta frekansta)<\/p>\n<\/li>\n<li data-start=\"440\" data-end=\"463\">\n<p data-start=\"442\" data-end=\"463\"><strong data-start=\"442\" data-end=\"454\">Uzunluk:<\/strong> 146\u202fcm<\/p>\n<\/li>\n<li data-start=\"464\" data-end=\"486\">\n<p data-start=\"466\" data-end=\"486\"><strong data-start=\"466\" data-end=\"479\">Empedans:<\/strong> 50\u202f\u03a9<\/p>\n<\/li>\n<li data-start=\"487\" data-end=\"509\">\n<p data-start=\"489\" data-end=\"509\"><strong data-start=\"489\" data-end=\"501\">A\u011f\u0131rl\u0131k:<\/strong> 520\u202fg<\/p>\n<\/li>\n<\/ul>\n<h4 data-start=\"511\" data-end=\"535\">Geli\u015fmi\u015f \u00d6zellikler<\/h4>\n<ul data-start=\"536\" data-end=\"608\">\n<li data-start=\"536\" data-end=\"578\">\n<p data-start=\"538\" data-end=\"578\">Y\u00fcksek g\u00fc\u00e7 kapasitesi ile net ileti\u015fim<\/p>\n<\/li>\n<li data-start=\"579\" data-end=\"608\">\n<p data-start=\"581\" data-end=\"608\">Kompakt ve dayan\u0131kl\u0131 yap\u0131<\/p>\n<\/li>\n<\/ul>\n<h4 data-start=\"610\" data-end=\"632\">Kullan\u0131m Alanlar\u0131<\/h4>\n<ul data-start=\"633\" data-end=\"721\">\n<li data-start=\"633\" data-end=\"659\">\n<p data-start=\"635\" data-end=\"659\">CB telsiz haberle\u015fmesi<\/p>\n<\/li>\n<li data-start=\"660\" data-end=\"690\">\n<p data-start=\"662\" data-end=\"690\">Off\u2011road ve arazi ara\u00e7lar\u0131<\/p>\n<\/li>\n<li data-start=\"691\" data-end=\"721\">\n<p data-start=\"693\" data-end=\"721\">Mobil acil durum ileti\u015fimi<\/p>\n<\/li>\n<\/ul>\n<p data-start=\"723\" data-end=\"842\">Y\u00fcksek verimli sinyal ve sa\u011flam tasar\u0131m\u0131yla her ortamda g\u00fcvenilir bir haberle\u015fme \u00e7\u00f6z\u00fcm\u00fc sunar.<\/p>\n<hr data-start=\"844\" data-end=\"847\" \/>\n<p data-start=\"849\" data-end=\"973\" data-is-last-node=\"\" data-is-only-node=\"\"><strong data-start=\"849\" data-end=\"863\">Etiketler:<\/strong> Midland ML145 anten, Midland ML\u202f145 CB anten, offroad anteni, CB anten, halk band\u0131 anten, m\u0131knat\u0131sl\u0131 CB anten<\/p>\n","protected":false},"excerpt":{"rendered":"<p>Midland ML 145 CB \u2013 Y\u00fcksek Performansl\u0131 26\u201328\u202fMHz Ara\u00e7 Anteni Midland ML 145 CB, 26\u201328\u202fMHz aral\u0131\u011f\u0131nda \u00e7al\u0131\u015fan ve 400\u202fW\u2019a kadar g\u00fc\u00e7 dayan\u0131m\u0131 sunan kompakt bir CB ara\u00e7 antenidir. Sadece anten olarak sat\u0131\u015fa sunulan bu model, g\u00fc\u00e7l\u00fc sinyal performans\u0131 ve geni\u015f kanall\u0131 kullan\u0131m imk\u00e2n\u0131 sa\u011flar. Teknik \u00d6zellikler Frekans: 26\u201328\u202fMHz Kanal Say\u0131s\u0131: 90 kanal Maks. G\u00fc\u00e7: 400\u202fW [&hellip;]<\/p>\n","protected":false},"featured_media":2722,"template":"","meta":[],"product_brand":[],"product_cat":[],"product_tag":[],"class_list":{"0":"post-4340","1":"product","2":"type-product","3":"status-publish","4":"has-post-thumbnail","7":"first","8":"instock","9":"shipping-taxable","10":"product-type-simple"},"_links":{"self":[{"href":"https:\/\/foxelektronik.com\/index.php\/wp-json\/wp\/v2\/product\/4340","targetHints":{"allow":["GET"]}}],"collection":[{"href":"https:\/\/foxelektronik.com\/index.php\/wp-json\/wp\/v2\/product"}],"about":[{"href":"https:\/\/foxelektronik.com\/index.php\/wp-json\/wp\/v2\/types\/product"}],"wp:featuredmedia":[{"embeddable":true,"href":"https:\/\/foxelektronik.com\/index.php\/wp-json\/wp\/v2\/media\/2722"}],"wp:attachment":[{"href":"https:\/\/foxelektronik.com\/index.php\/wp-json\/wp\/v2\/media?parent=4340"}],"wp:term":[{"taxonomy":"product_brand","embeddable":true,"href":"https:\/\/foxelektronik.com\/index.php\/wp-json\/wp\/v2\/product_brand?post=4340"},{"taxonomy":"product_cat","embeddable":true,"href":"https:\/\/foxelektronik.com\/index.php\/wp-json\/wp\/v2\/product_cat?post=4340"},{"taxonomy":"product_tag","embeddable":true,"href":"https:\/\/foxelektronik.com\/index.php\/wp-json\/wp\/v2\/product_tag?post=4340"}],"curies":[{"name":"wp","href":"https:\/\/api.w.org\/{rel}","templated":true}]}}