{"id":4360,"date":"2025-07-21T15:11:26","date_gmt":"2025-07-21T12:11:26","guid":{"rendered":"https:\/\/foxelektronik.com\/?post_type=product&#038;p=4360"},"modified":"2025-07-21T15:11:26","modified_gmt":"2025-07-21T12:11:26","slug":"diamond-bc-205-430-490-mhz-kazancli-uhf-cati-anteni-i-role-anteni","status":"publish","type":"product","link":"https:\/\/foxelektronik.com\/index.php\/product\/diamond-bc-205-430-490-mhz-kazancli-uhf-cati-anteni-i-role-anteni\/","title":{"rendered":"\ufeffDIAMOND BC-205 (430-490 MHZ ) KAZAN\u00c7LI  UHF \u00c7ATI ANTEN\u0130 I R\u00f6le Anteni"},"content":{"rendered":"<h3 data-start=\"120\" data-end=\"234\"><strong data-start=\"126\" data-end=\"234\">DIAMOND BC-205 (430-490 MHz) Kazan\u00e7l\u0131 UHF \u00c7at\u0131 Anteni \u2013 R\u00f6le ve Sabit Kullan\u0131mlar \u0130\u00e7in Y\u00fcksek Performans<\/strong><\/h3>\n<p data-start=\"236\" data-end=\"605\"><strong data-start=\"236\" data-end=\"254\">DIAMOND BC-205<\/strong>, 430-490 MHz aral\u0131\u011f\u0131nda \u00e7al\u0131\u015fan, y\u00fcksek kazan\u00e7l\u0131 UHF \u00e7at\u0131 antenidir. R\u00f6le sistemleri ve sabit istasyon kurulumlar\u0131 i\u00e7in idealdir. 8,5 dBi kazanc\u0131 ve 5&#215;5\/8 yap\u0131land\u0131rmas\u0131 sayesinde uzun menzilli ve net ileti\u015fim sa\u011flar. Fabrika \u00e7\u0131k\u0131\u015f\u0131 430 MHz&#8217;e ayarl\u0131d\u0131r, ancak \u00fcr\u00fcnle birlikte gelen kesim tablosu sayesinde farkl\u0131 frekanslara kolayl\u0131kla ayarlanabilir.<\/p>\n<p data-start=\"607\" data-end=\"629\"><strong data-start=\"607\" data-end=\"629\">Teknik \u00d6zellikler:<\/strong><\/p>\n<ul data-start=\"630\" data-end=\"919\">\n<li data-start=\"630\" data-end=\"666\">\n<p data-start=\"632\" data-end=\"666\"><strong data-start=\"632\" data-end=\"652\">Frekans Aral\u0131\u011f\u0131:<\/strong> 430-490 MHz<\/p>\n<\/li>\n<li data-start=\"667\" data-end=\"696\">\n<p data-start=\"669\" data-end=\"696\"><strong data-start=\"669\" data-end=\"684\">Anten Boyu:<\/strong> 2.9 metre<\/p>\n<\/li>\n<li data-start=\"697\" data-end=\"728\">\n<p data-start=\"699\" data-end=\"728\"><strong data-start=\"699\" data-end=\"718\">Anten A\u011f\u0131rl\u0131\u011f\u0131:<\/strong> 1.15 kg<\/p>\n<\/li>\n<li data-start=\"729\" data-end=\"760\">\n<p data-start=\"731\" data-end=\"760\"><strong data-start=\"731\" data-end=\"742\">Kazan\u00e7:<\/strong> 8.5 dBi (5&#215;5\/8)<\/p>\n<\/li>\n<li data-start=\"761\" data-end=\"783\">\n<p data-start=\"763\" data-end=\"783\"><strong data-start=\"763\" data-end=\"776\">Max. G\u00fc\u00e7:<\/strong> 200W<\/p>\n<\/li>\n<li data-start=\"784\" data-end=\"817\">\n<p data-start=\"786\" data-end=\"817\"><strong data-start=\"786\" data-end=\"805\">R\u00fczgar Direnci:<\/strong> 180 km\/sa<\/p>\n<\/li>\n<li data-start=\"818\" data-end=\"855\">\n<p data-start=\"820\" data-end=\"855\"><strong data-start=\"820\" data-end=\"844\">Montaj Borusu Uyumu:<\/strong> 30-62 mm<\/p>\n<\/li>\n<li data-start=\"856\" data-end=\"888\">\n<p data-start=\"858\" data-end=\"888\"><strong data-start=\"858\" data-end=\"878\">Radyal Uzunlu\u011fu:<\/strong> 3&#215;19 cm<\/p>\n<\/li>\n<li data-start=\"889\" data-end=\"919\">\n<p data-start=\"891\" data-end=\"919\"><strong data-start=\"891\" data-end=\"910\">Konnekt\u00f6r Tipi:<\/strong> UHF (PL)<\/p>\n<\/li>\n<\/ul>\n<p data-start=\"921\" data-end=\"938\"><strong data-start=\"921\" data-end=\"938\">\u00d6ne \u00c7\u0131kanlar:<\/strong><\/p>\n<ul data-start=\"939\" data-end=\"1138\">\n<li data-start=\"939\" data-end=\"982\">\n<p data-start=\"941\" data-end=\"982\">Y\u00fcksek kazan\u00e7 ile g\u00fc\u00e7l\u00fc sinyal aktar\u0131m\u0131<\/p>\n<\/li>\n<li data-start=\"983\" data-end=\"1016\">\n<p data-start=\"985\" data-end=\"1016\">Dayan\u0131kl\u0131 beyaz fiber malzeme<\/p>\n<\/li>\n<li data-start=\"1017\" data-end=\"1054\">\n<p data-start=\"1019\" data-end=\"1054\">UHF r\u00f6le sistemlerine uyumlu yap\u0131<\/p>\n<\/li>\n<li data-start=\"1055\" data-end=\"1097\">\n<p data-start=\"1057\" data-end=\"1097\">Kolay kurulum i\u00e7in kesim tablosu dahil<\/p>\n<\/li>\n<li data-start=\"1098\" data-end=\"1138\">\n<p data-start=\"1100\" data-end=\"1138\">\u00c7at\u0131 \u00fcst\u00fc veya kule montaj\u0131 i\u00e7in ideal<\/p>\n<\/li>\n<\/ul>\n<p data-start=\"1140\" data-end=\"1279\"><strong data-start=\"1140\" data-end=\"1158\">DIAMOND BC-205<\/strong>, profesyonel r\u00f6le istasyonlar\u0131 ve UHF tabanl\u0131 sabit telsiz sistemleri i\u00e7in g\u00fcvenilir ve performans odakl\u0131 bir tercihtir.<\/p>\n<hr data-start=\"1281\" data-end=\"1284\" \/>\n","protected":false},"excerpt":{"rendered":"<p>DIAMOND BC-205 (430-490 MHz) Kazan\u00e7l\u0131 UHF \u00c7at\u0131 Anteni \u2013 R\u00f6le ve Sabit Kullan\u0131mlar \u0130\u00e7in Y\u00fcksek Performans DIAMOND BC-205, 430-490 MHz aral\u0131\u011f\u0131nda \u00e7al\u0131\u015fan, y\u00fcksek kazan\u00e7l\u0131 UHF \u00e7at\u0131 antenidir. R\u00f6le sistemleri ve sabit istasyon kurulumlar\u0131 i\u00e7in idealdir. 8,5 dBi kazanc\u0131 ve 5&#215;5\/8 yap\u0131land\u0131rmas\u0131 sayesinde uzun menzilli ve net ileti\u015fim sa\u011flar. Fabrika \u00e7\u0131k\u0131\u015f\u0131 430 MHz&#8217;e ayarl\u0131d\u0131r, ancak \u00fcr\u00fcnle [&hellip;]<\/p>\n","protected":false},"featured_media":2946,"template":"","meta":[],"product_brand":[137],"product_cat":[],"product_tag":[],"class_list":{"0":"post-4360","1":"product","2":"type-product","3":"status-publish","4":"has-post-thumbnail","6":"product_brand-diamond-antenna","8":"first","9":"instock","10":"shipping-taxable","11":"product-type-simple"},"_links":{"self":[{"href":"https:\/\/foxelektronik.com\/index.php\/wp-json\/wp\/v2\/product\/4360","targetHints":{"allow":["GET"]}}],"collection":[{"href":"https:\/\/foxelektronik.com\/index.php\/wp-json\/wp\/v2\/product"}],"about":[{"href":"https:\/\/foxelektronik.com\/index.php\/wp-json\/wp\/v2\/types\/product"}],"wp:featuredmedia":[{"embeddable":true,"href":"https:\/\/foxelektronik.com\/index.php\/wp-json\/wp\/v2\/media\/2946"}],"wp:attachment":[{"href":"https:\/\/foxelektronik.com\/index.php\/wp-json\/wp\/v2\/media?parent=4360"}],"wp:term":[{"taxonomy":"product_brand","embeddable":true,"href":"https:\/\/foxelektronik.com\/index.php\/wp-json\/wp\/v2\/product_brand?post=4360"},{"taxonomy":"product_cat","embeddable":true,"href":"https:\/\/foxelektronik.com\/index.php\/wp-json\/wp\/v2\/product_cat?post=4360"},{"taxonomy":"product_tag","embeddable":true,"href":"https:\/\/foxelektronik.com\/index.php\/wp-json\/wp\/v2\/product_tag?post=4360"}],"curies":[{"name":"wp","href":"https:\/\/api.w.org\/{rel}","templated":true}]}}