{"id":4366,"date":"2025-07-21T15:11:26","date_gmt":"2025-07-21T12:11:26","guid":{"rendered":"https:\/\/foxelektronik.com\/?post_type=product&#038;p=4366"},"modified":"2025-07-21T15:11:26","modified_gmt":"2025-07-21T12:11:26","slug":"hh-9000-quad-band-anten-i-4-band-arac-anteni","status":"publish","type":"product","link":"https:\/\/foxelektronik.com\/index.php\/product\/hh-9000-quad-band-anten-i-4-band-arac-anteni\/","title":{"rendered":"\ufeffHH-9000 QUAD BAND ANTEN  I  4 Band Ara\u00e7 Anteni"},"content":{"rendered":"<p><span style=\"font-family: Arial;\">HH-9000 QUAD BAND ANTENHH-9000 QUAD BAND ANTEN\u00a0 I\u00a0 4 Band Ara\u00e7 Anteni<br \/><\/span><\/p>\n<div><span style=\"font-family: Arial;\">\u00a0<\/span><\/div>\n<div><span style=\"font-family: Arial;\">29\/50\/144\/430 MHz Quad Band Ara\u00e7 Anteni<\/span><\/div>\n<div><span style=\"font-family: Arial;\">10-11 mt band\u0131<\/span><\/div>\n<div><span style=\"font-family: Arial;\">6 mt band\u0131<\/span><\/div>\n<div><span style=\"font-family: Arial;\">2 mt band\u0131<\/span><\/div>\n<div><span style=\"font-family: Arial;\">70 cm band\u0131<\/span><\/div>\n<div><span style=\"font-family: Arial;\">T\u00fcm par\u00e7alar birle\u015ftirildi\u011finde <strong>1.3 metre<\/strong> boyuta ula\u015fmaktad\u0131r.\u00a0<\/span><\/div>\n<div><span style=\"font-family: Arial;\">Sadece anten olarak teslim edilir, aksesuarlar\u0131 i\u00e7in ileti\u015fime ge\u00e7iniz.<\/span><\/div>\n<div><span style=\"font-family: Arial;\">\u00a0<\/span><\/div>\n<div><span style=\"font-family: Arial;\"><strong>Etiketler:<\/strong> <\/span><span style=\"font-family: Arial;\">qouad band anten, 4 band anten, tyt 8900 anten, tyt 9800 anten, dual band ara\u00e7 anteni, dual band mobil telsiz<\/span><\/div>\n","protected":false},"excerpt":{"rendered":"<p>HH-9000 QUAD BAND ANTENHH-9000 QUAD BAND ANTEN\u00a0 I\u00a0 4 Band Ara\u00e7 Anteni \u00a0 29\/50\/144\/430 MHz Quad Band Ara\u00e7 Anteni 10-11 mt band\u0131 6 mt band\u0131 2 mt band\u0131 70 cm band\u0131 T\u00fcm par\u00e7alar birle\u015ftirildi\u011finde 1.3 metre boyuta ula\u015fmaktad\u0131r.\u00a0 Sadece anten olarak teslim edilir, aksesuarlar\u0131 i\u00e7in ileti\u015fime ge\u00e7iniz. \u00a0 Etiketler: qouad band anten, 4 band anten, [&hellip;]<\/p>\n","protected":false},"featured_media":2958,"template":"","meta":[],"product_brand":[],"product_cat":[],"product_tag":[],"class_list":{"0":"post-4366","1":"product","2":"type-product","3":"status-publish","4":"has-post-thumbnail","7":"first","8":"instock","9":"shipping-taxable","10":"product-type-simple"},"_links":{"self":[{"href":"https:\/\/foxelektronik.com\/index.php\/wp-json\/wp\/v2\/product\/4366","targetHints":{"allow":["GET"]}}],"collection":[{"href":"https:\/\/foxelektronik.com\/index.php\/wp-json\/wp\/v2\/product"}],"about":[{"href":"https:\/\/foxelektronik.com\/index.php\/wp-json\/wp\/v2\/types\/product"}],"wp:featuredmedia":[{"embeddable":true,"href":"https:\/\/foxelektronik.com\/index.php\/wp-json\/wp\/v2\/media\/2958"}],"wp:attachment":[{"href":"https:\/\/foxelektronik.com\/index.php\/wp-json\/wp\/v2\/media?parent=4366"}],"wp:term":[{"taxonomy":"product_brand","embeddable":true,"href":"https:\/\/foxelektronik.com\/index.php\/wp-json\/wp\/v2\/product_brand?post=4366"},{"taxonomy":"product_cat","embeddable":true,"href":"https:\/\/foxelektronik.com\/index.php\/wp-json\/wp\/v2\/product_cat?post=4366"},{"taxonomy":"product_tag","embeddable":true,"href":"https:\/\/foxelektronik.com\/index.php\/wp-json\/wp\/v2\/product_tag?post=4366"}],"curies":[{"name":"wp","href":"https:\/\/api.w.org\/{rel}","templated":true}]}}