{"id":4370,"date":"2025-07-21T15:11:26","date_gmt":"2025-07-21T12:11:26","guid":{"rendered":"https:\/\/foxelektronik.com\/?post_type=product&#038;p=4370"},"modified":"2025-07-21T15:11:26","modified_gmt":"2025-07-21T12:11:26","slug":"baofeng-dual-band-silikon-esnek-anten-7-cm","status":"publish","type":"product","link":"https:\/\/foxelektronik.com\/index.php\/product\/baofeng-dual-band-silikon-esnek-anten-7-cm\/","title":{"rendered":"Baofeng Dual Band Silikon Esnek Anten 7 cm"},"content":{"rendered":"<h3 data-start=\"205\" data-end=\"264\">Baofeng Dual Band Esnek Anten \u2013 7 cm Silikon K\u0131sa Anten<\/h3>\n<p data-start=\"266\" data-end=\"517\"><strong data-start=\"242\" data-end=\"283\">Baofeng Dual Band Silikon Esnek Anten<\/strong>, k\u0131sa boyu ve silikon yap\u0131s\u0131yla telsiz kullan\u0131m\u0131n\u0131 daha pratik ve konforlu hale getirir. 7 cm uzunlu\u011fundaki bu esnek anten, \u015fehir i\u00e7i haberle\u015fmelerde yeterli performans\u0131 sa\u011flarken cihaz\u0131n\u0131za hafiflik ve ta\u015f\u0131nabilirlik kazand\u0131r\u0131r.\u00a0<\/p>\n<h4 data-start=\"519\" data-end=\"540\">Uyumlu Modeller:<\/h4>\n<ul data-start=\"541\" data-end=\"768\">\n<li data-start=\"541\" data-end=\"581\">\n<p data-start=\"543\" data-end=\"581\">UHF ve VHF frekanslar\u0131nda \u00e7al\u0131\u015fan bu <strong data-start=\"553\" data-end=\"594\">Baofeng Dual Band Silikon Esnek Anten<\/strong>, \u00f6zellikle UV82, UV5R ve benzeri modellerle tam uyum g\u00f6sterir. Ayn\u0131 zamanda Wouxun, Mars, Retevis, Zetcom, Zastone gibi pek \u00e7ok marka ile de kullan\u0131labilir.Teknik \u00d6zellikler:<\/p>\n<\/li>\n<\/ul>\n<ul data-start=\"794\" data-end=\"943\">\n<li data-start=\"794\" data-end=\"850\">\n<p data-start=\"796\" data-end=\"850\">Frekans: VHF\/UHF Dual Band (136\u2013174 MHz \/ 400\u2013470 MHz)<\/p>\n<\/li>\n<li data-start=\"851\" data-end=\"875\">\n<p data-start=\"853\" data-end=\"875\">Malzeme: Esnek silikon<\/p>\n<\/li>\n<li data-start=\"876\" data-end=\"891\">\n<p data-start=\"878\" data-end=\"891\">Uzunluk: 7 cm<\/p>\n<\/li>\n<li data-start=\"892\" data-end=\"943\">\n<p data-start=\"894\" data-end=\"943\">Konnekt\u00f6r: SMA erkek (\u00e7e\u015fitli modellere uygundur)<\/p>\n<\/li>\n<\/ul>\n<p data-start=\"945\" data-end=\"1143\">\u00c7e\u015fitli amat\u00f6r telsiz kullan\u0131c\u0131lar\u0131 i\u00e7in \u00f6nerilen <strong data-start=\"803\" data-end=\"844\">Baofeng Dual Band Silikon Esnek Anten<\/strong>, darbelere kar\u015f\u0131 dayan\u0131kl\u0131 yap\u0131s\u0131yla uzun \u00f6m\u00fcrl\u00fc bir kullan\u0131m sunar. Telsizaksesuar.com.tr \u00fczerinden kolayca sipari\u015f verebilirsiniz.\u00a0<\/p>\n","protected":false},"excerpt":{"rendered":"<p>Baofeng Dual Band Esnek Anten \u2013 7 cm Silikon K\u0131sa Anten Baofeng Dual Band Silikon Esnek Anten, k\u0131sa boyu ve silikon yap\u0131s\u0131yla telsiz kullan\u0131m\u0131n\u0131 daha pratik ve konforlu hale getirir. 7 cm uzunlu\u011fundaki bu esnek anten, \u015fehir i\u00e7i haberle\u015fmelerde yeterli performans\u0131 sa\u011flarken cihaz\u0131n\u0131za hafiflik ve ta\u015f\u0131nabilirlik kazand\u0131r\u0131r.\u00a0 Uyumlu Modeller: UHF ve VHF frekanslar\u0131nda \u00e7al\u0131\u015fan bu [&hellip;]<\/p>\n","protected":false},"featured_media":2966,"template":"","meta":[],"product_brand":[],"product_cat":[],"product_tag":[],"class_list":{"0":"post-4370","1":"product","2":"type-product","3":"status-publish","4":"has-post-thumbnail","7":"first","8":"instock","9":"shipping-taxable","10":"product-type-simple"},"_links":{"self":[{"href":"https:\/\/foxelektronik.com\/index.php\/wp-json\/wp\/v2\/product\/4370","targetHints":{"allow":["GET"]}}],"collection":[{"href":"https:\/\/foxelektronik.com\/index.php\/wp-json\/wp\/v2\/product"}],"about":[{"href":"https:\/\/foxelektronik.com\/index.php\/wp-json\/wp\/v2\/types\/product"}],"wp:featuredmedia":[{"embeddable":true,"href":"https:\/\/foxelektronik.com\/index.php\/wp-json\/wp\/v2\/media\/2966"}],"wp:attachment":[{"href":"https:\/\/foxelektronik.com\/index.php\/wp-json\/wp\/v2\/media?parent=4370"}],"wp:term":[{"taxonomy":"product_brand","embeddable":true,"href":"https:\/\/foxelektronik.com\/index.php\/wp-json\/wp\/v2\/product_brand?post=4370"},{"taxonomy":"product_cat","embeddable":true,"href":"https:\/\/foxelektronik.com\/index.php\/wp-json\/wp\/v2\/product_cat?post=4370"},{"taxonomy":"product_tag","embeddable":true,"href":"https:\/\/foxelektronik.com\/index.php\/wp-json\/wp\/v2\/product_tag?post=4370"}],"curies":[{"name":"wp","href":"https:\/\/api.w.org\/{rel}","templated":true}]}}