{"id":4384,"date":"2025-07-21T15:11:27","date_gmt":"2025-07-21T12:11:27","guid":{"rendered":"https:\/\/foxelektronik.com\/?post_type=product&#038;p=4384"},"modified":"2025-08-26T16:16:14","modified_gmt":"2025-08-26T13:16:14","slug":"el-telsizi-repeater-el-telsizi-tekrarliyici-el-telsizi-role-cihazi","status":"publish","type":"product","link":"https:\/\/foxelektronik.com\/index.php\/product\/el-telsizi-repeater-el-telsizi-tekrarliyici-el-telsizi-role-cihazi\/","title":{"rendered":"EL TELS\u0130Z\u0130 REPEATER\/EL TELS\u0130Z\u0130 TEKRARLIYICI\/ EL TELS\u0130Z\u0130 R\u00d6LE C\u0130HAZI"},"content":{"rendered":"<h2><span style=\"font-family: Arial;\">EL TELS\u0130Z\u0130 REPEATER\/EL TELS\u0130Z\u0130 TEKRARLIYICI<\/span><\/h2>\n<div>\n<p data-start=\"0\" data-end=\"410\">El telsizi repeater ya da di\u011fer ad\u0131yla el telsizi tekrarlay\u0131c\u0131, telsizlerin ileti\u015fim mesafesini art\u0131rmak ve kapsama alan\u0131n\u0131 geni\u015fletmek i\u00e7in kullan\u0131lan \u00f6nemli bir yard\u0131mc\u0131 cihazd\u0131r. \u00d6zellikle geni\u015f alanlarda ya da sinyalin zay\u0131f oldu\u011fu b\u00f6lgelerde telsiz ileti\u015fiminin etkinli\u011fini art\u0131rmak amac\u0131yla tercih edilir. Bu sayede kullan\u0131c\u0131lar, daha uzak mesafelerde dahi kesintisiz ve net bir ileti\u015fim sa\u011flayabilirler.<\/p>\n<p data-start=\"412\" data-end=\"1041\">Ancak, repeater olarak adland\u0131r\u0131lan bu cihaz\u0131n i\u015flevi klasik repeaterlardan biraz farkl\u0131d\u0131r. Geleneksel repeaterlar, ald\u0131\u011f\u0131 radyo sinyalini g\u00fc\u00e7lendirerek ve aynen yeniden yay\u0131nlayarak kapsama alan\u0131n\u0131 geni\u015fletirken, el telsizi tekrarlay\u0131c\u0131 asl\u0131nda bu anlamda tam bir tekrarlama i\u015flemi yapmaz. \u00c7al\u0131\u015fma prensibi \u015fu \u015fekildedir: Bir telsize gelen konu\u015fma, cihaz\u0131n kulakl\u0131k veya mikrofon giri\u015fine an\u0131nda aktar\u0131l\u0131r. Sinyali alan di\u011fer telsiz ise bu sesi mikrofon giri\u015finden TX (transmit) moduna ge\u00e7erek tekrar g\u00f6nderir. Bu y\u00f6ntemle, sinyal fiziksel olarak g\u00fc\u00e7lendirilmeden, ancak iki telsiz aras\u0131nda do\u011frudan ses iletimi sa\u011flanm\u0131\u015f olur.<\/p>\n<p data-start=\"1043\" data-end=\"1368\">Bu sistemin d\u00fczg\u00fcn \u00e7al\u0131\u015fmas\u0131 i\u00e7in \u00f6nemli bir husus, iki telsizin birbirinden farkl\u0131 kanallarda olmas\u0131 gereklili\u011fidir. Bu sayede, sinyaller kar\u0131\u015fmadan, net ve temiz bir ileti\u015fim sa\u011flanabilir. Kullan\u0131c\u0131lar, bu \u00f6zellik sayesinde, kapsama alan\u0131n\u0131 geni\u015fletirken ayn\u0131 zamanda telsizler aras\u0131nda do\u011fru frekans y\u00f6netimi yapabilirler.<\/p>\n<p data-start=\"1370\" data-end=\"1794\">El telsizi tekrarlay\u0131c\u0131, genellikle k\u00fc\u00e7\u00fck \u00e7apl\u0131 i\u015fletmeler, g\u00fcvenlik ekipleri veya saha \u00e7al\u0131\u015fmalar\u0131 gibi ortamlarda tercih edilir. Bu sayede, zorlu arazi ko\u015fullar\u0131nda ya da binalar\u0131n yo\u011fun oldu\u011fu \u015fehir i\u00e7i b\u00f6lgelerde bile ileti\u015fim kopukluklar\u0131 minimuma indirilir. Ayr\u0131ca, kullan\u0131m\u0131 kolay ve montaj\u0131 basit olan bu cihazlar, telsiz sistemlerine pratik bir ek olarak kullan\u0131c\u0131lar\u0131n ileti\u015fim deneyimini b\u00fcy\u00fck \u00f6l\u00e7\u00fcde iyile\u015ftirir.<\/p>\n<p data-start=\"1796\" data-end=\"2170\">Sonu\u00e7 olarak, el telsizi repeater, kapsama alan\u0131n\u0131 art\u0131rmaya y\u00f6nelik pratik ve etkili bir \u00e7\u00f6z\u00fcmd\u00fcr. Klasik repeaterlar gibi sinyal g\u00fcc\u00fcn\u00fc art\u0131rmasa da, telsizler aras\u0131ndaki ses iletimini sa\u011flayarak, \u00f6zellikle saha operasyonlar\u0131nda \u00f6nemli avantajlar sunar. \u0130leti\u015fim kalitesini art\u0131rmak ve telsiz kullan\u0131m alan\u0131n\u0131 geni\u015fletmek isteyen herkes i\u00e7in ideal bir yard\u0131mc\u0131 ekipmand\u0131r.<\/p>\n<\/div>\n<div>\u00a0<\/div>\n<div>\u00a0<\/div>\n<div>\u00a0<\/div>\n","protected":false},"excerpt":{"rendered":"<p>EL TELS\u0130Z\u0130 REPEATER\/EL TELS\u0130Z\u0130 TEKRARLIYICI El telsizi repeater ya da di\u011fer ad\u0131yla el telsizi tekrarlay\u0131c\u0131, telsizlerin ileti\u015fim mesafesini art\u0131rmak ve kapsama alan\u0131n\u0131 geni\u015fletmek i\u00e7in kullan\u0131lan \u00f6nemli bir yard\u0131mc\u0131 cihazd\u0131r. \u00d6zellikle geni\u015f alanlarda ya da sinyalin zay\u0131f oldu\u011fu b\u00f6lgelerde telsiz ileti\u015fiminin etkinli\u011fini art\u0131rmak amac\u0131yla tercih edilir. Bu sayede kullan\u0131c\u0131lar, daha uzak mesafelerde dahi kesintisiz ve net [&hellip;]<\/p>\n","protected":false},"featured_media":2994,"template":"","meta":[],"product_brand":[],"product_cat":[108],"product_tag":[],"class_list":{"0":"post-4384","1":"product","2":"type-product","3":"status-publish","4":"has-post-thumbnail","6":"product_cat-pmr-i-profesyonel-el-telsizi","8":"first","9":"instock","10":"shipping-taxable","11":"product-type-simple"},"_links":{"self":[{"href":"https:\/\/foxelektronik.com\/index.php\/wp-json\/wp\/v2\/product\/4384","targetHints":{"allow":["GET"]}}],"collection":[{"href":"https:\/\/foxelektronik.com\/index.php\/wp-json\/wp\/v2\/product"}],"about":[{"href":"https:\/\/foxelektronik.com\/index.php\/wp-json\/wp\/v2\/types\/product"}],"wp:featuredmedia":[{"embeddable":true,"href":"https:\/\/foxelektronik.com\/index.php\/wp-json\/wp\/v2\/media\/2994"}],"wp:attachment":[{"href":"https:\/\/foxelektronik.com\/index.php\/wp-json\/wp\/v2\/media?parent=4384"}],"wp:term":[{"taxonomy":"product_brand","embeddable":true,"href":"https:\/\/foxelektronik.com\/index.php\/wp-json\/wp\/v2\/product_brand?post=4384"},{"taxonomy":"product_cat","embeddable":true,"href":"https:\/\/foxelektronik.com\/index.php\/wp-json\/wp\/v2\/product_cat?post=4384"},{"taxonomy":"product_tag","embeddable":true,"href":"https:\/\/foxelektronik.com\/index.php\/wp-json\/wp\/v2\/product_tag?post=4384"}],"curies":[{"name":"wp","href":"https:\/\/api.w.org\/{rel}","templated":true}]}}