{"id":440,"date":"2025-06-05T22:21:27","date_gmt":"2025-06-05T19:21:27","guid":{"rendered":"http:\/\/softetik.com\/?post_type=product&#038;p=440"},"modified":"2025-06-19T15:22:46","modified_gmt":"2025-06-19T12:22:46","slug":"mars-pro-dijital-pmr-el-telsizi","status":"publish","type":"product","link":"https:\/\/foxelektronik.com\/index.php\/product\/mars-pro-dijital-pmr-el-telsizi\/","title":{"rendered":"MARS PRO D\u0130J\u0130TAL PMR EL TELS\u0130Z\u0130"},"content":{"rendered":"<p>Mars Pro 446<\/p>\n<p>Genel \u00d6zellikleri:<br \/>\n16 Kanal<br \/>\nG\u00fc\u00e7l\u00fc \u00c7\u0131k\u0131\u015f: 0.5W<br \/>\nCTCSS\/DCS\/DTMF Kodlama &amp; Kod \u00c7\u00f6zme<br \/>\n\u00c7e\u015fitli Tarama Modlar\u0131<br \/>\nDar Bant Geni\u015fli\u011fi 12.5KHz<br \/>\nVOX Programlanabilir<br \/>\nOtomatik Pil Tasarrufu<br \/>\nKolay ve h\u0131zl\u0131 \u015farj imkan\u0131<br \/>\nTOT (Zaman A\u015f\u0131m\u0131 Zamanlay\u0131c\u0131s\u0131)<br \/>\nMe\u015fgul Kanal Kilitleme (BCL)<br \/>\nCE\/ROHS Onayl\u0131<\/p>\n<p>Mars Pro Teknik \u00d6zellikleri:<br \/>\nFrekans Aral\u0131\u011f\u0131 446 MHz<br \/>\nKanal Kapasitesi 16 Kanal<br \/>\n\u00c7al\u0131\u015fma Gerilimi 3.6V DC \u00b1 15%<br \/>\nKanal Aral\u0131\u011f\u0131 12.5 KHz (Narrow)<br \/>\nAnten Empedans\u0131 50 ohm<br \/>\nPil Kapasitesi 1000mAh (Li-Ion Battery)<br \/>\nPil \u00d6mr\u00fc (5-5-90 G\u00f6rev D\u00f6ng\u00fcs\u00fc) About11-17<br \/>\nHours \u00c7al\u0131\u015fma S\u0131cakl\u0131\u011f\u0131 -30\u00b0C &#8211; +60\u00b0C<br \/>\nFrekans Kararl\u0131l\u0131\u011f\u0131 \u00b1 2.5ppm<br \/>\nBoyutlar (W*H*D)(\u00c7\u0131k\u0131nt\u0131lar Hari\u00e7) 96*55*22mm<br \/>\nA\u011f\u0131rl\u0131k (Antten &amp; Batarya Dahil) 227g<\/p>\n","protected":false},"excerpt":{"rendered":"<p>Mars Pro 446 Genel \u00d6zellikleri: 16 Kanal G\u00fc\u00e7l\u00fc \u00c7\u0131k\u0131\u015f: 0.5W CTCSS\/DCS\/DTMF Kodlama &amp; Kod \u00c7\u00f6zme \u00c7e\u015fitli Tarama Modlar\u0131 Dar Bant Geni\u015fli\u011fi 12.5KHz VOX Programlanabilir Otomatik Pil Tasarrufu Kolay ve h\u0131zl\u0131 \u015farj imkan\u0131 TOT (Zaman A\u015f\u0131m\u0131 Zamanlay\u0131c\u0131s\u0131) Me\u015fgul Kanal Kilitleme (BCL) CE\/ROHS Onayl\u0131 Mars Pro Teknik \u00d6zellikleri: Frekans Aral\u0131\u011f\u0131 446 MHz Kanal Kapasitesi 16 Kanal \u00c7al\u0131\u015fma [&hellip;]<\/p>\n","protected":false},"featured_media":441,"template":"","meta":[],"product_brand":[80],"product_cat":[49],"product_tag":[],"class_list":{"0":"post-440","1":"product","2":"type-product","3":"status-publish","4":"has-post-thumbnail","6":"product_brand-mars","7":"product_cat-el-telsizi","9":"first","10":"instock","11":"shipping-taxable","12":"product-type-simple"},"_links":{"self":[{"href":"https:\/\/foxelektronik.com\/index.php\/wp-json\/wp\/v2\/product\/440","targetHints":{"allow":["GET"]}}],"collection":[{"href":"https:\/\/foxelektronik.com\/index.php\/wp-json\/wp\/v2\/product"}],"about":[{"href":"https:\/\/foxelektronik.com\/index.php\/wp-json\/wp\/v2\/types\/product"}],"wp:featuredmedia":[{"embeddable":true,"href":"https:\/\/foxelektronik.com\/index.php\/wp-json\/wp\/v2\/media\/441"}],"wp:attachment":[{"href":"https:\/\/foxelektronik.com\/index.php\/wp-json\/wp\/v2\/media?parent=440"}],"wp:term":[{"taxonomy":"product_brand","embeddable":true,"href":"https:\/\/foxelektronik.com\/index.php\/wp-json\/wp\/v2\/product_brand?post=440"},{"taxonomy":"product_cat","embeddable":true,"href":"https:\/\/foxelektronik.com\/index.php\/wp-json\/wp\/v2\/product_cat?post=440"},{"taxonomy":"product_tag","embeddable":true,"href":"https:\/\/foxelektronik.com\/index.php\/wp-json\/wp\/v2\/product_tag?post=440"}],"curies":[{"name":"wp","href":"https:\/\/api.w.org\/{rel}","templated":true}]}}