{"id":4400,"date":"2025-07-21T15:11:28","date_gmt":"2025-07-21T12:11:28","guid":{"rendered":"https:\/\/foxelektronik.com\/?post_type=product&#038;p=4400"},"modified":"2025-07-21T15:11:28","modified_gmt":"2025-07-21T12:11:28","slug":"yaesu-ysk-8900-kafa-ayirma-kiti-i-ysk-8900-separation-kit","status":"publish","type":"product","link":"https:\/\/foxelektronik.com\/index.php\/product\/yaesu-ysk-8900-kafa-ayirma-kiti-i-ysk-8900-separation-kit\/","title":{"rendered":"YAESU YSK-8900 KAFA AYIRMA K\u0130T\u0130  I  YSK-8900 SEPARATION KIT"},"content":{"rendered":"<h3 data-start=\"105\" data-end=\"170\"><strong data-start=\"109\" data-end=\"170\">YAESU YSK-8900 Kafa Ay\u0131rma Kiti \u2013 YSK-8900 Separation Kit<\/strong><\/h3>\n<p data-start=\"172\" data-end=\"442\"><strong data-start=\"172\" data-end=\"257\">Yaesu FT-8800 ve FT-8900 modelleri i\u00e7in \u00f6zel olarak tasarlanm\u0131\u015f kafa ay\u0131rma kiti.<\/strong><br data-start=\"257\" data-end=\"260\" \/>Yaesu YSK-8900 kit sayesinde cihaz\u0131n\u0131z\u0131n kontrol panelini g\u00f6vdesinden ay\u0131rarak daha esnek ve pratik bir montaj yapabilirsiniz. Ara\u00e7 i\u00e7i ya da sabit istasyon kurulumlar\u0131nda b\u00fcy\u00fck kolayl\u0131k sa\u011flar.<\/p>\n<hr data-start=\"444\" data-end=\"447\" \/>\n<h4 data-start=\"449\" data-end=\"473\"><strong data-start=\"454\" data-end=\"473\">Uyumlu Modeller<\/strong><\/h4>\n<ul data-start=\"474\" data-end=\"513\">\n<li data-start=\"474\" data-end=\"493\">\n<p data-start=\"476\" data-end=\"493\"><strong data-start=\"476\" data-end=\"493\">Yaesu FT-8800<\/strong><\/p>\n<\/li>\n<li data-start=\"494\" data-end=\"513\">\n<p data-start=\"496\" data-end=\"513\"><strong data-start=\"496\" data-end=\"513\">Yaesu FT-8900<\/strong><\/p>\n<\/li>\n<\/ul>\n<hr data-start=\"515\" data-end=\"518\" \/>\n<h4 data-start=\"520\" data-end=\"549\"><strong data-start=\"525\" data-end=\"549\">\u00d6ne \u00c7\u0131kan \u00d6zellikler<\/strong><\/h4>\n<ul data-start=\"550\" data-end=\"788\">\n<li data-start=\"550\" data-end=\"597\">\n<p data-start=\"552\" data-end=\"597\">Kontrol ba\u015fl\u0131\u011f\u0131n\u0131 uzaktan monte etme imkan\u0131<\/p>\n<\/li>\n<li data-start=\"598\" data-end=\"658\">\n<p data-start=\"600\" data-end=\"658\">Uzun mesafeli ba\u011flant\u0131 i\u00e7in gerekli t\u00fcm kablolar\u0131 i\u00e7erir<\/p>\n<\/li>\n<li data-start=\"659\" data-end=\"705\">\n<p data-start=\"661\" data-end=\"705\">Ara\u00e7 i\u00e7i kullan\u0131mda yerden tasarruf sa\u011flar<\/p>\n<\/li>\n<li data-start=\"706\" data-end=\"763\">\n<p data-start=\"708\" data-end=\"763\">Yaesu\u2019nun orijinal ve kaliteli aksesuar serisindendir<\/p>\n<\/li>\n<li data-start=\"764\" data-end=\"788\">\n<p data-start=\"766\" data-end=\"788\">Kolay ve h\u0131zl\u0131 kurulum<\/p>\n<\/li>\n<\/ul>\n<hr data-start=\"790\" data-end=\"793\" \/>\n<h4 data-start=\"795\" data-end=\"816\"><strong data-start=\"800\" data-end=\"816\">Kutu \u0130\u00e7eri\u011fi<\/strong><\/h4>\n<ul data-start=\"817\" data-end=\"953\">\n<li data-start=\"817\" data-end=\"856\">\n<p data-start=\"819\" data-end=\"856\">Kontrol ba\u015fl\u0131\u011f\u0131 i\u00e7in ay\u0131rma kablosu<\/p>\n<\/li>\n<li data-start=\"857\" data-end=\"884\">\n<p data-start=\"859\" data-end=\"884\">Mikrofon uzatma kablosu<\/p>\n<\/li>\n<li data-start=\"885\" data-end=\"902\">\n<p data-start=\"887\" data-end=\"902\">RJ adapt\u00f6rler<\/p>\n<\/li>\n<li data-start=\"903\" data-end=\"933\">\n<p data-start=\"905\" data-end=\"933\">Montaj aparat\u0131 ve vidalar\u0131<\/p>\n<\/li>\n<li data-start=\"934\" data-end=\"953\">\n<p data-start=\"936\" data-end=\"953\">Kullan\u0131m k\u0131lavuzu<\/p>\n<\/li>\n<\/ul>\n","protected":false},"excerpt":{"rendered":"<p>YAESU YSK-8900 Kafa Ay\u0131rma Kiti \u2013 YSK-8900 Separation Kit Yaesu FT-8800 ve FT-8900 modelleri i\u00e7in \u00f6zel olarak tasarlanm\u0131\u015f kafa ay\u0131rma kiti.Yaesu YSK-8900 kit sayesinde cihaz\u0131n\u0131z\u0131n kontrol panelini g\u00f6vdesinden ay\u0131rarak daha esnek ve pratik bir montaj yapabilirsiniz. Ara\u00e7 i\u00e7i ya da sabit istasyon kurulumlar\u0131nda b\u00fcy\u00fck kolayl\u0131k sa\u011flar. Uyumlu Modeller Yaesu FT-8800 Yaesu FT-8900 \u00d6ne \u00c7\u0131kan \u00d6zellikler [&hellip;]<\/p>\n","protected":false},"featured_media":3246,"template":"","meta":[],"product_brand":[],"product_cat":[],"product_tag":[],"class_list":{"0":"post-4400","1":"product","2":"type-product","3":"status-publish","4":"has-post-thumbnail","7":"first","8":"instock","9":"shipping-taxable","10":"product-type-simple"},"_links":{"self":[{"href":"https:\/\/foxelektronik.com\/index.php\/wp-json\/wp\/v2\/product\/4400","targetHints":{"allow":["GET"]}}],"collection":[{"href":"https:\/\/foxelektronik.com\/index.php\/wp-json\/wp\/v2\/product"}],"about":[{"href":"https:\/\/foxelektronik.com\/index.php\/wp-json\/wp\/v2\/types\/product"}],"wp:featuredmedia":[{"embeddable":true,"href":"https:\/\/foxelektronik.com\/index.php\/wp-json\/wp\/v2\/media\/3246"}],"wp:attachment":[{"href":"https:\/\/foxelektronik.com\/index.php\/wp-json\/wp\/v2\/media?parent=4400"}],"wp:term":[{"taxonomy":"product_brand","embeddable":true,"href":"https:\/\/foxelektronik.com\/index.php\/wp-json\/wp\/v2\/product_brand?post=4400"},{"taxonomy":"product_cat","embeddable":true,"href":"https:\/\/foxelektronik.com\/index.php\/wp-json\/wp\/v2\/product_cat?post=4400"},{"taxonomy":"product_tag","embeddable":true,"href":"https:\/\/foxelektronik.com\/index.php\/wp-json\/wp\/v2\/product_tag?post=4400"}],"curies":[{"name":"wp","href":"https:\/\/api.w.org\/{rel}","templated":true}]}}