{"id":4406,"date":"2025-07-21T15:11:29","date_gmt":"2025-07-21T12:11:29","guid":{"rendered":"https:\/\/foxelektronik.com\/?post_type=product&#038;p=4406"},"modified":"2025-08-26T16:47:17","modified_gmt":"2025-08-26T13:47:17","slug":"tyt-th-uv99-vhf-uhf-dual-band-el-telsizi","status":"publish","type":"product","link":"https:\/\/foxelektronik.com\/index.php\/product\/tyt-th-uv99-vhf-uhf-dual-band-el-telsizi\/","title":{"rendered":"TYT TH-UV99 VHF\/UHF DUAL BAND EL TELS\u0130Z\u0130"},"content":{"rendered":"<h3 data-start=\"127\" data-end=\"227\">TEKSER TYT TH-UV99 VHF\/UHF Dual Band El Telsizi \u2013 T\u00fcrk\u00e7e Men\u00fc, Y\u00fcksek G\u00fc\u00e7, Maksimum Dayan\u0131kl\u0131l\u0131k<\/h3>\n<p data-start=\"229\" data-end=\"516\"><strong data-start=\"229\" data-end=\"244\">TYT TH-UV99<\/strong>, profesyonel kullan\u0131m i\u00e7in \u00f6zel olarak geli\u015ftirilen, VHF ve UHF frekanslar\u0131n\u0131 destekleyen g\u00fc\u00e7l\u00fc bir el telsizidir.TYT TH-UV99, \u00a010 Watt \u00e7\u0131k\u0131\u015f g\u00fcc\u00fc, IP68 koruma sertifikas\u0131 ve 2800 mAh Type-C batarya kapasitesiyle hem i\u00e7 hem d\u0131\u015f mekan kullan\u0131mlar\u0131nda g\u00fcvenilir haberle\u015fme imkan\u0131 sunar.<\/p>\n<hr data-start=\"518\" data-end=\"521\" \/>\n<h4 data-start=\"523\" data-end=\"548\">\u00d6ne \u00c7\u0131kan \u00d6zellikler<\/h4>\n<ul data-start=\"550\" data-end=\"1288\">\n<li data-start=\"550\" data-end=\"639\">\n<p data-start=\"552\" data-end=\"639\"><strong data-start=\"552\" data-end=\"568\">T\u00fcrk\u00e7e Men\u00fc:<\/strong> Kullan\u0131c\u0131 dostu aray\u00fcz ile men\u00fcleri anlamak ve ayar yapmak \u00e7ok kolay<\/p>\n<\/li>\n<li data-start=\"640\" data-end=\"714\">\n<p data-start=\"642\" data-end=\"714\"><strong data-start=\"642\" data-end=\"668\">10 Watt RF \u00c7\u0131k\u0131\u015f G\u00fcc\u00fc:<\/strong> Geni\u015f kapsama alan\u0131 i\u00e7in y\u00fcksek iletim g\u00fcc\u00fc<\/p>\n<\/li>\n<li data-start=\"715\" data-end=\"792\">\n<p data-start=\"717\" data-end=\"792\"><strong data-start=\"717\" data-end=\"747\">2800 mAh Batarya (Type-C):<\/strong> Uzun s\u00fcreli kullan\u0131m ve h\u0131zl\u0131 \u015farj deste\u011fi<\/p>\n<\/li>\n<li data-start=\"793\" data-end=\"882\">\n<p data-start=\"795\" data-end=\"882\"><strong data-start=\"795\" data-end=\"816\">IP68 Sertifikas\u0131:<\/strong> Toz ve suya kar\u015f\u0131 ekstra koruma ile her t\u00fcrl\u00fc ko\u015fulda g\u00fcvenilir<\/p>\n<\/li>\n<li data-start=\"883\" data-end=\"946\">\n<p data-start=\"885\" data-end=\"946\"><strong data-start=\"885\" data-end=\"911\">Band Geni\u015fli\u011fi Se\u00e7imi:<\/strong> 6.25 \/ 12.5 \/ 25 kHz opsiyonlar\u0131<\/p>\n<\/li>\n<li data-start=\"947\" data-end=\"1021\">\n<p data-start=\"949\" data-end=\"1021\"><strong data-start=\"949\" data-end=\"987\">DTMF ve 2 Ton \/ 5 Ton Sinyalle\u015fme:<\/strong> Geli\u015fmi\u015f sinyalle\u015fme sistemleri<\/p>\n<\/li>\n<li data-start=\"1022\" data-end=\"1084\">\n<p data-start=\"1024\" data-end=\"1084\"><strong data-start=\"1024\" data-end=\"1047\">200 Kanal Haf\u0131zas\u0131:<\/strong> Yo\u011fun kanal ihtiyac\u0131na yan\u0131t verir<\/p>\n<\/li>\n<li data-start=\"1085\" data-end=\"1137\">\n<p data-start=\"1087\" data-end=\"1137\"><strong data-start=\"1087\" data-end=\"1110\">G\u00fcr\u00fclt\u00fc Filtreleme:<\/strong> Temiz ve net ses iletimi<\/p>\n<\/li>\n<li data-start=\"1138\" data-end=\"1207\">\n<p data-start=\"1140\" data-end=\"1207\"><strong data-start=\"1140\" data-end=\"1169\">An\u0131nda Frekans Kopyalama:<\/strong> H\u0131zl\u0131 e\u015fle\u015ftirme ve pratik kullan\u0131m<\/p>\n<\/li>\n<li data-start=\"1208\" data-end=\"1288\">\n<p data-start=\"1210\" data-end=\"1288\"><strong data-start=\"1210\" data-end=\"1244\">Y\u00fcksek Ayd\u0131nlatmal\u0131 El Feneri:<\/strong> Karanl\u0131k alanlarda g\u00f6r\u00fc\u015f kolayl\u0131\u011f\u0131 sa\u011flar<\/p>\n<\/li>\n<\/ul>\n<hr data-start=\"1290\" data-end=\"1293\" \/>\n<h4 data-start=\"1295\" data-end=\"1317\">Kullan\u0131m Alanlar\u0131<\/h4>\n<ul data-start=\"1319\" data-end=\"1507\">\n<li data-start=\"1319\" data-end=\"1358\">\n<p data-start=\"1321\" data-end=\"1358\">\u00d6zel g\u00fcvenlik ve saha operasyonlar\u0131<\/p>\n<\/li>\n<li data-start=\"1359\" data-end=\"1392\">\n<p data-start=\"1361\" data-end=\"1392\">Kurumsal ileti\u015fim ihtiya\u00e7lar\u0131<\/p>\n<\/li>\n<li data-start=\"1393\" data-end=\"1424\">\n<p data-start=\"1395\" data-end=\"1424\">Arama kurtarma faaliyetleri<\/p>\n<\/li>\n<li data-start=\"1425\" data-end=\"1456\">\n<p data-start=\"1427\" data-end=\"1456\">Amat\u00f6r telsiz kullan\u0131c\u0131lar\u0131<\/p>\n<\/li>\n<li data-start=\"1457\" data-end=\"1507\">\n<p data-start=\"1459\" data-end=\"1507\">Zorlu hava ko\u015fullar\u0131nda d\u0131\u015f mekan uygulamalar\u0131<\/p>\n<\/li>\n<\/ul>\n<hr data-start=\"1509\" data-end=\"1512\" \/>\n<p data-start=\"1514\" data-end=\"1704\"><strong data-start=\"1514\" data-end=\"1529\">TYT TH-UV99<\/strong>, profesyonel telsiz kullan\u0131c\u0131lar\u0131 i\u00e7in g\u00fc\u00e7l\u00fc, dayan\u0131kl\u0131 ve modern bir \u00e7\u00f6z\u00fcmd\u00fcr. Y\u00fcksek performans\u0131 ve kullan\u0131c\u0131 dostu tasar\u0131m\u0131 ile haberle\u015fme ihtiya\u00e7lar\u0131n\u0131 eksiksiz kar\u015f\u0131lar.<\/p>\n<blockquote data-start=\"1706\" data-end=\"1749\">\n<p data-start=\"1708\" data-end=\"1749\">Not: Batarya, 6 ay garanti kapsam\u0131ndad\u0131r.<\/p>\n<\/blockquote>\n","protected":false},"excerpt":{"rendered":"<p>TEKSER TYT TH-UV99 VHF\/UHF Dual Band El Telsizi \u2013 T\u00fcrk\u00e7e Men\u00fc, Y\u00fcksek G\u00fc\u00e7, Maksimum Dayan\u0131kl\u0131l\u0131k TYT TH-UV99, profesyonel kullan\u0131m i\u00e7in \u00f6zel olarak geli\u015ftirilen, VHF ve UHF frekanslar\u0131n\u0131 destekleyen g\u00fc\u00e7l\u00fc bir el telsizidir.TYT TH-UV99, \u00a010 Watt \u00e7\u0131k\u0131\u015f g\u00fcc\u00fc, IP68 koruma sertifikas\u0131 ve 2800 mAh Type-C batarya kapasitesiyle hem i\u00e7 hem d\u0131\u015f mekan kullan\u0131mlar\u0131nda g\u00fcvenilir haberle\u015fme imkan\u0131 [&hellip;]<\/p>\n","protected":false},"featured_media":3258,"template":"","meta":[],"product_brand":[68],"product_cat":[108],"product_tag":[],"class_list":{"0":"post-4406","1":"product","2":"type-product","3":"status-publish","4":"has-post-thumbnail","6":"product_brand-tyt","7":"product_cat-pmr-i-profesyonel-el-telsizi","9":"first","10":"instock","11":"shipping-taxable","12":"product-type-simple"},"_links":{"self":[{"href":"https:\/\/foxelektronik.com\/index.php\/wp-json\/wp\/v2\/product\/4406","targetHints":{"allow":["GET"]}}],"collection":[{"href":"https:\/\/foxelektronik.com\/index.php\/wp-json\/wp\/v2\/product"}],"about":[{"href":"https:\/\/foxelektronik.com\/index.php\/wp-json\/wp\/v2\/types\/product"}],"wp:featuredmedia":[{"embeddable":true,"href":"https:\/\/foxelektronik.com\/index.php\/wp-json\/wp\/v2\/media\/3258"}],"wp:attachment":[{"href":"https:\/\/foxelektronik.com\/index.php\/wp-json\/wp\/v2\/media?parent=4406"}],"wp:term":[{"taxonomy":"product_brand","embeddable":true,"href":"https:\/\/foxelektronik.com\/index.php\/wp-json\/wp\/v2\/product_brand?post=4406"},{"taxonomy":"product_cat","embeddable":true,"href":"https:\/\/foxelektronik.com\/index.php\/wp-json\/wp\/v2\/product_cat?post=4406"},{"taxonomy":"product_tag","embeddable":true,"href":"https:\/\/foxelektronik.com\/index.php\/wp-json\/wp\/v2\/product_tag?post=4406"}],"curies":[{"name":"wp","href":"https:\/\/api.w.org\/{rel}","templated":true}]}}