{"id":4409,"date":"2025-07-21T15:11:29","date_gmt":"2025-07-21T12:11:29","guid":{"rendered":"https:\/\/foxelektronik.com\/?post_type=product&#038;p=4409"},"modified":"2025-08-26T16:45:55","modified_gmt":"2025-08-26T13:45:55","slug":"tyt-md-uv390-dmr-digital-uhf-vhf-el-telsizi","status":"publish","type":"product","link":"https:\/\/foxelektronik.com\/index.php\/product\/tyt-md-uv390-dmr-digital-uhf-vhf-el-telsizi\/","title":{"rendered":"TYT MD-UV390 DMR D\u0130G\u0130TAL UHF\/VHF EL TELS\u0130Z\u0130"},"content":{"rendered":"<ul style=\"box-sizing: border-box; --tw-border-spacing-x: 0; --tw-border-spacing-y: 0; --tw-translate-x: 0; --tw-translate-y: 0; --tw-rotate: 0; --tw-skew-x: 0; --tw-skew-y: 0; --tw-scale-x: 1; --tw-scale-y: 1; --tw-scroll-snap-strictness: proximity; --tw-ring-offset-width: 0px; --tw-ring-offset-color: #fff; --tw-ring-color: rgba(59,130,246,.5); --tw-ring-offset-shadow: 0 0 transparent; --tw-ring-shadow: 0 0 transparent; --tw-shadow: 0 0 transparent; --tw-shadow-colored: 0 0 transparent; padding: 0px 0px 0px 1.5em; color: #262626; font-family: -apple-system, 'system-ui', 'Helvetica Neue', Tahoma, 'PingFang SC', 'Microsoft Yahei', Arial, 'Hiragino Sans GB', sans-serif, 'Apple Color Emoji', 'Segoe UI Emoji', 'Segoe UI Symbol', 'Noto Color Emoji'; font-size: 16px; background-color: #ffffff; margin: 0px 0px var(--md-paragraph-spacing) 0px;\">\n<li style=\"box-sizing: border-box; --tw-border-spacing-x: 0; --tw-border-spacing-y: 0; --tw-translate-x: 0; --tw-translate-y: 0; --tw-rotate: 0; --tw-skew-x: 0; --tw-skew-y: 0; --tw-scale-x: 1; --tw-scale-y: 1; --tw-scroll-snap-strictness: proximity; --tw-ring-offset-width: 0px; --tw-ring-offset-color: #fff; --tw-ring-color: rgba(59,130,246,.5); --tw-ring-offset-shadow: 0 0 transparent; --tw-ring-shadow: 0 0 transparent; --tw-shadow: 0 0 transparent; --tw-shadow-colored: 0 0 transparent; margin: 8px 0px; padding: 0px;\">\n<h3 data-start=\"119\" data-end=\"198\">TYT MD-UV390 DMR Dijital Telsiz \u2013 \u00c7ift Bantl\u0131, Y\u00fcksek Performansl\u0131 \u0130leti\u015fim<\/h3>\n<p data-start=\"200\" data-end=\"504\"><strong data-start=\"200\" data-end=\"216\">TYT MD-UV390<\/strong>, dijital DMR teknolojisi ile donat\u0131lm\u0131\u015f, UHF ve VHF \u00e7ift bant deste\u011fi sunan profesyonel bir el telsizidir.TYT MD-UV390, Hem amat\u00f6r telsiz kullan\u0131c\u0131lar\u0131 hem de kurumsal ihtiya\u00e7lar i\u00e7in geli\u015ftirilen bu model, y\u00fcksek ses kalitesi, uzun menzil ve sa\u011flam yap\u0131s\u0131yla zorlu g\u00f6revler i\u00e7in ideal bir tercihtir.<\/p>\n<hr data-start=\"506\" data-end=\"509\" \/>\n<h4 data-start=\"511\" data-end=\"537\">\u00d6ne \u00c7\u0131kan \u00d6zellikler:<\/h4>\n<ul data-start=\"539\" data-end=\"1085\">\n<li data-start=\"539\" data-end=\"641\">\n<p data-start=\"541\" data-end=\"641\"><strong data-start=\"541\" data-end=\"566\">DMR Dijital \u0130leti\u015fim:<\/strong> Analog telsizlere g\u00f6re \u00e7ok daha net, g\u00fc\u00e7l\u00fc ve g\u00fcvenilir ileti\u015fim sa\u011flar.<\/p>\n<\/li>\n<li data-start=\"642\" data-end=\"767\">\n<p data-start=\"644\" data-end=\"767\"><strong data-start=\"644\" data-end=\"678\">\u00c7ift Bant Deste\u011fi (UHF &amp; VHF):<\/strong> 136-174 MHz (VHF) ve 400-480 MHz (UHF) aral\u0131\u011f\u0131nda \u00e7al\u0131\u015farak daha esnek kullan\u0131m sunar.<\/p>\n<\/li>\n<li data-start=\"768\" data-end=\"854\">\n<p data-start=\"770\" data-end=\"854\"><strong data-start=\"770\" data-end=\"788\">Uzun Pil \u00d6mr\u00fc:<\/strong> Y\u00fcksek kapasiteli bataryas\u0131 sayesinde g\u00fcn boyu ileti\u015fim imk\u00e2n\u0131.<\/p>\n<\/li>\n<li data-start=\"855\" data-end=\"962\">\n<p data-start=\"857\" data-end=\"962\"><strong data-start=\"857\" data-end=\"884\">Kullan\u0131c\u0131 Dostu Aray\u00fcz:<\/strong> Kolay anla\u015f\u0131l\u0131r men\u00fc yap\u0131s\u0131 ve programlanabilir tu\u015flar ile pratik kullan\u0131m.<\/p>\n<\/li>\n<li data-start=\"963\" data-end=\"1085\">\n<p data-start=\"965\" data-end=\"1085\"><strong data-start=\"965\" data-end=\"985\">Dayan\u0131kl\u0131 G\u00f6vde:<\/strong> Su s\u0131\u00e7ramalar\u0131na ve darbelere kar\u015f\u0131 dayan\u0131kl\u0131 yap\u0131 (IP67), a\u00e7\u0131k hava ve zorlu ko\u015fullara uygundur.<\/p>\n<\/li>\n<\/ul>\n<hr data-start=\"1087\" data-end=\"1090\" \/>\n<h4 data-start=\"1092\" data-end=\"1116\">Neden TYT MD-UV390?<\/h4>\n<ul data-start=\"1118\" data-end=\"1510\">\n<li data-start=\"1118\" data-end=\"1222\">\n<p data-start=\"1120\" data-end=\"1222\"><strong data-start=\"1120\" data-end=\"1166\">Profesyonel ve Amat\u00f6r Kullan\u0131m \u0130\u00e7in Uygun:<\/strong> Hem i\u015f hem de hobiler i\u00e7in \u00e7ok y\u00f6nl\u00fc bir \u00e7\u00f6z\u00fcm sunar.<\/p>\n<\/li>\n<li data-start=\"1223\" data-end=\"1293\">\n<p data-start=\"1225\" data-end=\"1293\"><strong data-start=\"1225\" data-end=\"1250\">DMR Tier 1 &amp; 2 Uyumu:<\/strong> Geni\u015f DMR altyap\u0131s\u0131yla sorunsuz \u00e7al\u0131\u015f\u0131r.<\/p>\n<\/li>\n<li data-start=\"1294\" data-end=\"1406\">\n<p data-start=\"1296\" data-end=\"1406\"><strong data-start=\"1296\" data-end=\"1331\">GPS \u00d6zelli\u011fi (baz\u0131 modellerde):<\/strong> Takip ve konum bildirimi \u00f6zellikleri ile g\u00fcvenli ileti\u015fim imk\u00e2n\u0131 sa\u011flar.<\/p>\n<\/li>\n<li data-start=\"1407\" data-end=\"1510\">\n<p data-start=\"1409\" data-end=\"1510\"><strong data-start=\"1409\" data-end=\"1455\">Programlanabilir Tu\u015flar ve Kanal Haf\u0131zas\u0131:<\/strong> 3000 kanal ve 100,000\u2019e kadar dijital temas deste\u011fi.<\/p>\n<\/li>\n<\/ul>\n<hr data-start=\"1512\" data-end=\"1515\" \/>\n<h4 data-start=\"1517\" data-end=\"1540\">Kullan\u0131m Alanlar\u0131:<\/h4>\n<ul data-start=\"1542\" data-end=\"1835\">\n<li data-start=\"1542\" data-end=\"1616\">\n<p data-start=\"1544\" data-end=\"1616\"><strong data-start=\"1544\" data-end=\"1577\">Acil Durum ve Afet \u0130leti\u015fimi:<\/strong> Kriz anlar\u0131nda kesintisiz haberle\u015fme<\/p>\n<\/li>\n<li data-start=\"1617\" data-end=\"1691\">\n<p data-start=\"1619\" data-end=\"1691\"><strong data-start=\"1619\" data-end=\"1652\">G\u00fcvenlik &amp; Koruma Hizmetleri:<\/strong> Site g\u00fcvenli\u011fi, \u00f6zel koruma ekipleri<\/p>\n<\/li>\n<li data-start=\"1692\" data-end=\"1768\">\n<p data-start=\"1694\" data-end=\"1768\"><strong data-start=\"1694\" data-end=\"1727\">Amat\u00f6r Radyo Kullan\u0131m\u0131 (HAM):<\/strong> DMR ile dijital a\u011flara ba\u011flanma imk\u00e2n\u0131<\/p>\n<\/li>\n<li data-start=\"1769\" data-end=\"1835\">\n<p data-start=\"1771\" data-end=\"1835\"><strong data-start=\"1771\" data-end=\"1793\">Etkinlik Y\u00f6netimi:<\/strong> Organizasyonlarda g\u00f6revli koordinasyonu<\/p>\n<\/li>\n<\/ul>\n<hr data-start=\"1837\" data-end=\"1840\" \/>\n<p data-start=\"1842\" data-end=\"2090\"><strong data-start=\"1842\" data-end=\"1858\">TYT MD-UV390<\/strong>, dayan\u0131kl\u0131 yap\u0131s\u0131, g\u00fc\u00e7l\u00fc sinyal kalitesi ve dijital ileti\u015fim \u00f6zellikleriyle, her t\u00fcrl\u00fc ortamda net ve kesintisiz haberle\u015fme sunar. \u0130ster profesyonel ister hobi ama\u00e7l\u0131 kullan\u0131n, ileti\u015fimde fark yaratmak i\u00e7in g\u00fcvenilir bir tercihtir.<\/p>\n<hr data-start=\"2092\" data-end=\"2095\" \/>\n<p data-start=\"2097\" data-end=\"2284\" data-is-last-node=\"\" data-is-only-node=\"\">\u00a0<\/p>\n<\/li>\n<\/ul>\n","protected":false},"excerpt":{"rendered":"<p>TYT MD-UV390 DMR Dijital Telsiz \u2013 \u00c7ift Bantl\u0131, Y\u00fcksek Performansl\u0131 \u0130leti\u015fim TYT MD-UV390, dijital DMR teknolojisi ile donat\u0131lm\u0131\u015f, UHF ve VHF \u00e7ift bant deste\u011fi sunan profesyonel bir el telsizidir.TYT MD-UV390, Hem amat\u00f6r telsiz kullan\u0131c\u0131lar\u0131 hem de kurumsal ihtiya\u00e7lar i\u00e7in geli\u015ftirilen bu model, y\u00fcksek ses kalitesi, uzun menzil ve sa\u011flam yap\u0131s\u0131yla zorlu g\u00f6revler i\u00e7in ideal bir [&hellip;]<\/p>\n","protected":false},"featured_media":3264,"template":"","meta":[],"product_brand":[],"product_cat":[108],"product_tag":[],"class_list":{"0":"post-4409","1":"product","2":"type-product","3":"status-publish","4":"has-post-thumbnail","6":"product_cat-pmr-i-profesyonel-el-telsizi","8":"first","9":"instock","10":"shipping-taxable","11":"product-type-simple"},"_links":{"self":[{"href":"https:\/\/foxelektronik.com\/index.php\/wp-json\/wp\/v2\/product\/4409","targetHints":{"allow":["GET"]}}],"collection":[{"href":"https:\/\/foxelektronik.com\/index.php\/wp-json\/wp\/v2\/product"}],"about":[{"href":"https:\/\/foxelektronik.com\/index.php\/wp-json\/wp\/v2\/types\/product"}],"wp:featuredmedia":[{"embeddable":true,"href":"https:\/\/foxelektronik.com\/index.php\/wp-json\/wp\/v2\/media\/3264"}],"wp:attachment":[{"href":"https:\/\/foxelektronik.com\/index.php\/wp-json\/wp\/v2\/media?parent=4409"}],"wp:term":[{"taxonomy":"product_brand","embeddable":true,"href":"https:\/\/foxelektronik.com\/index.php\/wp-json\/wp\/v2\/product_brand?post=4409"},{"taxonomy":"product_cat","embeddable":true,"href":"https:\/\/foxelektronik.com\/index.php\/wp-json\/wp\/v2\/product_cat?post=4409"},{"taxonomy":"product_tag","embeddable":true,"href":"https:\/\/foxelektronik.com\/index.php\/wp-json\/wp\/v2\/product_tag?post=4409"}],"curies":[{"name":"wp","href":"https:\/\/api.w.org\/{rel}","templated":true}]}}