{"id":4410,"date":"2025-07-21T15:11:29","date_gmt":"2025-07-21T12:11:29","guid":{"rendered":"https:\/\/foxelektronik.com\/?post_type=product&#038;p=4410"},"modified":"2025-07-21T15:11:29","modified_gmt":"2025-07-21T12:11:29","slug":"baofeng-uv-5r-i-baofeng-f8-plus-batarya-type-c-2800-mah","status":"publish","type":"product","link":"https:\/\/foxelektronik.com\/index.php\/product\/baofeng-uv-5r-i-baofeng-f8-plus-batarya-type-c-2800-mah\/","title":{"rendered":"BAOFENG UV-5R  I  BAOFENG F8 PLUS BATARYA TYPE-C 2800 mAh"},"content":{"rendered":"<div>\n<h3 data-start=\"116\" data-end=\"198\">BAOFENG UV-5R ve F8 Plus Type-C Batarya \u2013 2800 mAh Y\u00fcksek Kapasiteli Yedek G\u00fc\u00e7<\/h3>\n<p data-start=\"200\" data-end=\"495\"><strong data-start=\"200\" data-end=\"243\">Baofeng UV-5R ve F8 Plus Type-C Batarya<\/strong>, telsiz kullan\u0131c\u0131lar\u0131 i\u00e7in geli\u015ftirilmi\u015f y\u00fcksek kapasiteli ve modern \u015farj giri\u015fine sahip g\u00fc\u00e7l\u00fc bir bataryad\u0131r. 2800 mAh kapasitesi sayesinde daha uzun s\u00fcreli kullan\u0131m sunar. Type-C \u015farj giri\u015fi sayesinde ise h\u0131zl\u0131 ve pratik bir \u015fekilde \u015farj edilebilir.<\/p>\n<hr data-start=\"497\" data-end=\"500\" \/>\n<h4 data-start=\"502\" data-end=\"525\">Teknik \u00d6zellikler:<\/h4>\n<ul data-start=\"527\" data-end=\"811\">\n<li data-start=\"527\" data-end=\"553\">\n<p data-start=\"529\" data-end=\"553\"><strong data-start=\"529\" data-end=\"542\">Kapasite:<\/strong> 2800 mAh<\/p>\n<\/li>\n<li data-start=\"554\" data-end=\"585\">\n<p data-start=\"556\" data-end=\"585\"><strong data-start=\"556\" data-end=\"572\">\u015earj Giri\u015fi:<\/strong> Type-C USB<\/p>\n<\/li>\n<li data-start=\"586\" data-end=\"699\">\n<p data-start=\"588\" data-end=\"604\"><strong data-start=\"588\" data-end=\"602\">Uyumluluk:<\/strong><\/p>\n<ul data-start=\"607\" data-end=\"699\">\n<li data-start=\"607\" data-end=\"624\">\n<p data-start=\"609\" data-end=\"624\">Baofeng UV-5R<\/p>\n<\/li>\n<li data-start=\"627\" data-end=\"651\">\n<p data-start=\"629\" data-end=\"651\">Baofeng F8 \/ F8 Plus<\/p>\n<\/li>\n<li data-start=\"654\" data-end=\"669\">\n<p data-start=\"656\" data-end=\"669\">Baofeng 5RE<\/p>\n<\/li>\n<li data-start=\"672\" data-end=\"682\">\n<p data-start=\"674\" data-end=\"682\">TYT F8<\/p>\n<\/li>\n<li data-start=\"685\" data-end=\"699\">\n<p data-start=\"687\" data-end=\"699\">Poufung 5R<\/p>\n<\/li>\n<\/ul>\n<\/li>\n<li data-start=\"700\" data-end=\"728\">\n<p data-start=\"702\" data-end=\"728\"><strong data-start=\"702\" data-end=\"719\">Batarya Tipi:<\/strong> Li-ion<\/p>\n<\/li>\n<li data-start=\"729\" data-end=\"748\">\n<p data-start=\"731\" data-end=\"748\"><strong data-start=\"731\" data-end=\"740\">Renk:<\/strong> Siyah<\/p>\n<\/li>\n<li data-start=\"749\" data-end=\"811\">\n<p data-start=\"751\" data-end=\"811\"><strong data-start=\"751\" data-end=\"771\">Kompakt Tasar\u0131m:<\/strong> Telsiz ile tam uyumlu ve ergonomik yap\u0131<\/p>\n<\/li>\n<\/ul>\n<hr data-start=\"813\" data-end=\"816\" \/>\n<h4 data-start=\"818\" data-end=\"840\">Neden Bu Batarya?<\/h4>\n<ul data-start=\"842\" data-end=\"1251\">\n<li data-start=\"842\" data-end=\"936\">\n<p data-start=\"844\" data-end=\"936\"><strong data-start=\"844\" data-end=\"864\">Y\u00fcksek Kapasite:<\/strong> Standart bataryalara g\u00f6re daha uzun konu\u015fma ve bekleme s\u00fcresi sa\u011flar.<\/p>\n<\/li>\n<li data-start=\"937\" data-end=\"1022\">\n<p data-start=\"939\" data-end=\"1022\"><strong data-start=\"939\" data-end=\"965\">Type-C \u015earj Kolayl\u0131\u011f\u0131:<\/strong> Modern cihazlarla uyumlu, h\u0131zl\u0131 ve pratik \u015farj \u00e7\u00f6z\u00fcm\u00fc.<\/p>\n<\/li>\n<li data-start=\"1023\" data-end=\"1144\">\n<p data-start=\"1025\" data-end=\"1144\"><strong data-start=\"1025\" data-end=\"1055\">Yedek Kullan\u0131m \u0130\u00e7in \u0130deal:<\/strong> Telsizinizin yo\u011fun kullan\u0131ld\u0131\u011f\u0131 durumlarda yedek batarya olarak g\u00fcvenle tercih edilir.<\/p>\n<\/li>\n<li data-start=\"1145\" data-end=\"1251\">\n<p data-start=\"1147\" data-end=\"1251\"><strong data-start=\"1147\" data-end=\"1176\">Dayan\u0131kl\u0131 ve Uzun \u00d6m\u00fcrl\u00fc:<\/strong> Kaliteli h\u00fccre yap\u0131s\u0131 sayesinde uzun s\u00fcreli ve stabil performans sa\u011flar.<\/p>\n<\/li>\n<\/ul>\n<hr data-start=\"1253\" data-end=\"1256\" \/>\n<h4 data-start=\"1258\" data-end=\"1281\">Kullan\u0131m Alanlar\u0131:<\/h4>\n<ul data-start=\"1283\" data-end=\"1433\">\n<li data-start=\"1283\" data-end=\"1316\">\n<p data-start=\"1285\" data-end=\"1316\">G\u00fcvenlik ve koruma hizmetleri<\/p>\n<\/li>\n<li data-start=\"1317\" data-end=\"1345\">\n<p data-start=\"1319\" data-end=\"1345\">Do\u011fa y\u00fcr\u00fcy\u00fc\u015fleri ve kamp<\/p>\n<\/li>\n<li data-start=\"1346\" data-end=\"1371\">\n<p data-start=\"1348\" data-end=\"1371\">Organizasyon ekipleri<\/p>\n<\/li>\n<li data-start=\"1372\" data-end=\"1403\">\n<p data-start=\"1374\" data-end=\"1403\">Amat\u00f6r telsiz kullan\u0131c\u0131lar\u0131<\/p>\n<\/li>\n<li data-start=\"1404\" data-end=\"1433\">\n<p data-start=\"1406\" data-end=\"1433\">Deprem ve afet haz\u0131rl\u0131klar\u0131<\/p>\n<\/li>\n<\/ul>\n<hr data-start=\"1435\" data-end=\"1438\" \/>\n<p data-start=\"1440\" data-end=\"1587\"><strong data-start=\"1440\" data-end=\"1492\">Baofeng UV-5R ve F8 Plus Type-C 2800 mAh Batarya<\/strong>, telsiz performans\u0131n\u0131z\u0131 art\u0131rmak ve kesintisiz ileti\u015fim sa\u011flamak i\u00e7in m\u00fckemmel bir se\u00e7enektir.<\/p>\n<\/div>\n","protected":false},"excerpt":{"rendered":"<p>BAOFENG UV-5R ve F8 Plus Type-C Batarya \u2013 2800 mAh Y\u00fcksek Kapasiteli Yedek G\u00fc\u00e7 Baofeng UV-5R ve F8 Plus Type-C Batarya, telsiz kullan\u0131c\u0131lar\u0131 i\u00e7in geli\u015ftirilmi\u015f y\u00fcksek kapasiteli ve modern \u015farj giri\u015fine sahip g\u00fc\u00e7l\u00fc bir bataryad\u0131r. 2800 mAh kapasitesi sayesinde daha uzun s\u00fcreli kullan\u0131m sunar. Type-C \u015farj giri\u015fi sayesinde ise h\u0131zl\u0131 ve pratik bir \u015fekilde \u015farj [&hellip;]<\/p>\n","protected":false},"featured_media":3266,"template":"","meta":[],"product_brand":[],"product_cat":[],"product_tag":[],"class_list":{"0":"post-4410","1":"product","2":"type-product","3":"status-publish","4":"has-post-thumbnail","7":"first","8":"instock","9":"shipping-taxable","10":"product-type-simple"},"_links":{"self":[{"href":"https:\/\/foxelektronik.com\/index.php\/wp-json\/wp\/v2\/product\/4410","targetHints":{"allow":["GET"]}}],"collection":[{"href":"https:\/\/foxelektronik.com\/index.php\/wp-json\/wp\/v2\/product"}],"about":[{"href":"https:\/\/foxelektronik.com\/index.php\/wp-json\/wp\/v2\/types\/product"}],"wp:featuredmedia":[{"embeddable":true,"href":"https:\/\/foxelektronik.com\/index.php\/wp-json\/wp\/v2\/media\/3266"}],"wp:attachment":[{"href":"https:\/\/foxelektronik.com\/index.php\/wp-json\/wp\/v2\/media?parent=4410"}],"wp:term":[{"taxonomy":"product_brand","embeddable":true,"href":"https:\/\/foxelektronik.com\/index.php\/wp-json\/wp\/v2\/product_brand?post=4410"},{"taxonomy":"product_cat","embeddable":true,"href":"https:\/\/foxelektronik.com\/index.php\/wp-json\/wp\/v2\/product_cat?post=4410"},{"taxonomy":"product_tag","embeddable":true,"href":"https:\/\/foxelektronik.com\/index.php\/wp-json\/wp\/v2\/product_tag?post=4410"}],"curies":[{"name":"wp","href":"https:\/\/api.w.org\/{rel}","templated":true}]}}