{"id":4464,"date":"2025-07-21T15:11:33","date_gmt":"2025-07-21T12:11:33","guid":{"rendered":"https:\/\/foxelektronik.com\/?post_type=product&#038;p=4464"},"modified":"2025-07-21T15:11:33","modified_gmt":"2025-07-21T12:11:33","slug":"tyt-uv-88-dual-band-uhf-vhf-el-telsizi","status":"publish","type":"product","link":"https:\/\/foxelektronik.com\/index.php\/product\/tyt-uv-88-dual-band-uhf-vhf-el-telsizi\/","title":{"rendered":"TYT UV-88 Dual Band UHF\/VHF El Telsizi"},"content":{"rendered":"<h2 data-start=\"138\" data-end=\"224\"><strong data-start=\"141\" data-end=\"224\">TYT UV-88 Dual Band El Telsizi \u2013 UHF\/VHF Analog Telsiz (Amat\u00f6r Kullan\u0131ma Uygun)<\/strong><\/h2>\n<p data-start=\"226\" data-end=\"545\"><strong data-start=\"226\" data-end=\"249\">TYT UV-88 (TH-UV88)<\/strong>, hem <strong data-start=\"255\" data-end=\"276\">UHF (400\u2013480 MHz)<\/strong> hem de <strong data-start=\"284\" data-end=\"305\">VHF (136\u2013174 MHz)<\/strong> frekans aral\u0131\u011f\u0131n\u0131 destekleyen, \u00e7ift bantl\u0131 ve programlanabilir bir <strong data-start=\"373\" data-end=\"397\">analog el telsizidir<\/strong>. TYT UV-88, Amat\u00f6r telsiz kullan\u0131c\u0131lar\u0131 i\u00e7in geli\u015ftirilmi\u015f olan bu model, dayan\u0131kl\u0131 yap\u0131s\u0131, kapsaml\u0131 \u00f6zellikleri ve fiyat-performans avantaj\u0131yla dikkat \u00e7eker.<\/p>\n<p data-start=\"547\" data-end=\"787\">TYT UV-88, 200 kanal haf\u0131zas\u0131, acil durum modu, VOX, DTMF tu\u015f tak\u0131m\u0131, PC \u00fczerinden programlanabilir yap\u0131 gibi \u00f6zellikleri sayesinde g\u00fcnl\u00fck kullan\u0131m\u0131n yan\u0131 s\u0131ra organizasyonlar, tatbikatlar, e\u011fitim \u00e7al\u0131\u015fmalar\u0131 ve a\u00e7\u0131k alan haberle\u015fmeleri i\u00e7in uygundur.<\/p>\n<hr data-start=\"789\" data-end=\"792\" \/>\n<h3 data-start=\"794\" data-end=\"815\">Teknik \u00d6zellikler<\/h3>\n<ul data-start=\"817\" data-end=\"1596\">\n<li data-start=\"817\" data-end=\"891\">\n<p data-start=\"819\" data-end=\"841\"><strong data-start=\"819\" data-end=\"839\">Frekans Aral\u0131\u011f\u0131:<\/strong><\/p>\n<ul data-start=\"844\" data-end=\"891\">\n<li data-start=\"844\" data-end=\"866\">\n<p data-start=\"846\" data-end=\"866\">VHF: 136 \u2013 174 MHz<\/p>\n<\/li>\n<li data-start=\"869\" data-end=\"891\">\n<p data-start=\"871\" data-end=\"891\">UHF: 400 \u2013 480 MHz<\/p>\n<\/li>\n<\/ul>\n<\/li>\n<li data-start=\"892\" data-end=\"925\">\n<p data-start=\"894\" data-end=\"925\"><strong data-start=\"894\" data-end=\"913\">Kanal Haf\u0131zas\u0131:<\/strong> 200 kanal<\/p>\n<\/li>\n<li data-start=\"926\" data-end=\"981\">\n<p data-start=\"928\" data-end=\"981\"><strong data-start=\"928\" data-end=\"943\">\u00c7\u0131k\u0131\u015f G\u00fcc\u00fc:<\/strong> 5 Watt (y\u00fcksek\/d\u00fc\u015f\u00fck ayarlanabilir)<\/p>\n<\/li>\n<li data-start=\"982\" data-end=\"1004\">\n<p data-start=\"984\" data-end=\"1004\"><strong data-start=\"984\" data-end=\"999\">Mod\u00fclasyon:<\/strong> FM<\/p>\n<\/li>\n<li data-start=\"1005\" data-end=\"1040\">\n<p data-start=\"1007\" data-end=\"1040\"><strong data-start=\"1007\" data-end=\"1017\">Ekran:<\/strong> Dot Matrix LCD ekran<\/p>\n<\/li>\n<li data-start=\"1041\" data-end=\"1095\">\n<p data-start=\"1043\" data-end=\"1095\"><strong data-start=\"1043\" data-end=\"1058\">Tu\u015f Tak\u0131m\u0131:<\/strong> I\u015f\u0131kl\u0131 DTMF tu\u015f tak\u0131m\u0131, tu\u015f kilidi<\/p>\n<\/li>\n<li data-start=\"1096\" data-end=\"1131\">\n<p data-start=\"1098\" data-end=\"1131\"><strong data-start=\"1098\" data-end=\"1110\">Kodlama:<\/strong> Dahili CTCSS \/ DCS<\/p>\n<\/li>\n<li data-start=\"1132\" data-end=\"1178\">\n<p data-start=\"1134\" data-end=\"1178\"><strong data-start=\"1134\" data-end=\"1142\">VOX:<\/strong> Var (eller serbest kullan\u0131m i\u00e7in)<\/p>\n<\/li>\n<li data-start=\"1179\" data-end=\"1223\">\n<p data-start=\"1181\" data-end=\"1223\"><strong data-start=\"1181\" data-end=\"1217\">Zaman A\u015f\u0131m\u0131 Zamanlay\u0131c\u0131s\u0131 (TOT):<\/strong> Var<\/p>\n<\/li>\n<li data-start=\"1224\" data-end=\"1255\">\n<p data-start=\"1226\" data-end=\"1255\"><strong data-start=\"1226\" data-end=\"1238\">Batarya:<\/strong> 1400mAh Li-ion<\/p>\n<\/li>\n<li data-start=\"1256\" data-end=\"1328\">\n<p data-start=\"1258\" data-end=\"1328\"><strong data-start=\"1258\" data-end=\"1276\">Pil Uyar\u0131lar\u0131:<\/strong> D\u00fc\u015f\u00fck pil uyar\u0131s\u0131, pil g\u00f6stergesi, batarya koruma<\/p>\n<\/li>\n<li data-start=\"1329\" data-end=\"1365\">\n<p data-start=\"1331\" data-end=\"1365\"><strong data-start=\"1331\" data-end=\"1359\">Programlanabilir Tu\u015flar:<\/strong> Var<\/p>\n<\/li>\n<li data-start=\"1366\" data-end=\"1428\">\n<p data-start=\"1368\" data-end=\"1428\"><strong data-start=\"1368\" data-end=\"1388\">Uzaktan Y\u00f6netim:<\/strong> Stun \/ Kill \/ Etkinle\u015ftir \u00f6zellikleri<\/p>\n<\/li>\n<li data-start=\"1429\" data-end=\"1513\">\n<p data-start=\"1431\" data-end=\"1513\"><strong data-start=\"1431\" data-end=\"1447\">Programlama:<\/strong> PC \u00fczerinden programlanabilir (ayr\u0131ca yaz\u0131l\u0131m ve kablo gerekir)<\/p>\n<\/li>\n<li data-start=\"1514\" data-end=\"1596\">\n<p data-start=\"1516\" data-end=\"1596\"><strong data-start=\"1516\" data-end=\"1537\">Di\u011fer \u00d6zellikler:<\/strong> LED durum \u0131\u015f\u0131\u011f\u0131, sesli tu\u015f bipleri, drop-in \u015farj deste\u011fi<\/p>\n<\/li>\n<\/ul>\n<hr data-start=\"1598\" data-end=\"1601\" \/>\n<h3 data-start=\"1603\" data-end=\"1619\">Kutu \u0130\u00e7eri\u011fi<\/h3>\n<ul data-start=\"1621\" data-end=\"1811\">\n<li data-start=\"1621\" data-end=\"1661\">\n<p data-start=\"1623\" data-end=\"1661\">1 x TYT TH-UV88 Dual Band El Telsizi<\/p>\n<\/li>\n<li data-start=\"1662\" data-end=\"1692\">\n<p data-start=\"1664\" data-end=\"1692\">1 x 1400mAh Li-ion Batarya<\/p>\n<\/li>\n<li data-start=\"1693\" data-end=\"1716\">\n<p data-start=\"1695\" data-end=\"1716\">1 x Dual Band Anten<\/p>\n<\/li>\n<li data-start=\"1717\" data-end=\"1745\">\n<p data-start=\"1719\" data-end=\"1745\">1 x Masa\u00fcst\u00fc \u015earj Cihaz\u0131<\/p>\n<\/li>\n<li data-start=\"1746\" data-end=\"1764\">\n<p data-start=\"1748\" data-end=\"1764\">1 x AC Adapt\u00f6r<\/p>\n<\/li>\n<li data-start=\"1765\" data-end=\"1785\">\n<p data-start=\"1767\" data-end=\"1785\">1 x Kemer Klipsi<\/p>\n<\/li>\n<li data-start=\"1786\" data-end=\"1811\">\n<p data-start=\"1788\" data-end=\"1811\">1 x Kullan\u0131m K\u0131lavuzu<\/p>\n<\/li>\n<\/ul>\n<hr data-start=\"1813\" data-end=\"1816\" \/>\n<p data-start=\"2032\" data-end=\"2078\">\u00a0<\/p>\n","protected":false},"excerpt":{"rendered":"<p>TYT UV-88 Dual Band El Telsizi \u2013 UHF\/VHF Analog Telsiz (Amat\u00f6r Kullan\u0131ma Uygun) TYT UV-88 (TH-UV88), hem UHF (400\u2013480 MHz) hem de VHF (136\u2013174 MHz) frekans aral\u0131\u011f\u0131n\u0131 destekleyen, \u00e7ift bantl\u0131 ve programlanabilir bir analog el telsizidir. TYT UV-88, Amat\u00f6r telsiz kullan\u0131c\u0131lar\u0131 i\u00e7in geli\u015ftirilmi\u015f olan bu model, dayan\u0131kl\u0131 yap\u0131s\u0131, kapsaml\u0131 \u00f6zellikleri ve fiyat-performans avantaj\u0131yla dikkat \u00e7eker. [&hellip;]<\/p>\n","protected":false},"featured_media":3634,"template":"","meta":[],"product_brand":[68],"product_cat":[],"product_tag":[],"class_list":{"0":"post-4464","1":"product","2":"type-product","3":"status-publish","4":"has-post-thumbnail","6":"product_brand-tyt","8":"first","9":"instock","10":"shipping-taxable","11":"product-type-simple"},"_links":{"self":[{"href":"https:\/\/foxelektronik.com\/index.php\/wp-json\/wp\/v2\/product\/4464","targetHints":{"allow":["GET"]}}],"collection":[{"href":"https:\/\/foxelektronik.com\/index.php\/wp-json\/wp\/v2\/product"}],"about":[{"href":"https:\/\/foxelektronik.com\/index.php\/wp-json\/wp\/v2\/types\/product"}],"wp:featuredmedia":[{"embeddable":true,"href":"https:\/\/foxelektronik.com\/index.php\/wp-json\/wp\/v2\/media\/3634"}],"wp:attachment":[{"href":"https:\/\/foxelektronik.com\/index.php\/wp-json\/wp\/v2\/media?parent=4464"}],"wp:term":[{"taxonomy":"product_brand","embeddable":true,"href":"https:\/\/foxelektronik.com\/index.php\/wp-json\/wp\/v2\/product_brand?post=4464"},{"taxonomy":"product_cat","embeddable":true,"href":"https:\/\/foxelektronik.com\/index.php\/wp-json\/wp\/v2\/product_cat?post=4464"},{"taxonomy":"product_tag","embeddable":true,"href":"https:\/\/foxelektronik.com\/index.php\/wp-json\/wp\/v2\/product_tag?post=4464"}],"curies":[{"name":"wp","href":"https:\/\/api.w.org\/{rel}","templated":true}]}}