{"id":4482,"date":"2025-07-21T15:12:04","date_gmt":"2025-07-21T12:12:04","guid":{"rendered":"https:\/\/foxelektronik.com\/?post_type=product&#038;p=4482"},"modified":"2025-07-21T15:12:04","modified_gmt":"2025-07-21T12:12:04","slug":"ft240-31-ferrite-toroid","status":"publish","type":"product","link":"https:\/\/foxelektronik.com\/index.php\/product\/ft240-31-ferrite-toroid\/","title":{"rendered":"FT240-31 Ferrite Toroid"},"content":{"rendered":"<h2 data-start=\"137\" data-end=\"237\"><strong data-start=\"140\" data-end=\"237\">FT240-31 Toroid (Malzeme 31) \u2013 HF Anten Uygulamalar\u0131 i\u00e7in Y\u00fcksek Performansl\u0131 Ferrit \u00c7ekirdek<\/strong><\/h2>\n<p data-start=\"239\" data-end=\"596\"><strong data-start=\"239\" data-end=\"258\">FT240-31 toroid<\/strong>, y\u00fcksek ge\u00e7irgenlik \u00f6zelli\u011fine sahip, EMI\/RFI bast\u0131rma, geni\u015f bant transformat\u00f6rler ve ortak mod \u015fok (CMC) uygulamalar\u0131 i\u00e7in \u00f6zel olarak tasarlanm\u0131\u015f bir <strong data-start=\"412\" data-end=\"434\">ferrit \u00e7ekirdektir<\/strong>. Malzeme 31 tipi ile \u00fcretilen bu toroid, amat\u00f6r radyo sistemleri, HF anten uygulamalar\u0131 ve sinyal i\u015fleme devrelerinde <strong data-start=\"553\" data-end=\"588\">y\u00fcksek verimlilik ve kararl\u0131l\u0131k<\/strong> sa\u011flar.<\/p>\n<p data-start=\"598\" data-end=\"866\">FT240-31, Y\u00fcksek ge\u00e7irgenlik katsay\u0131s\u0131 sayesinde d\u00fc\u015f\u00fck sar\u0131m say\u0131s\u0131yla y\u00fcksek end\u00fcktans elde edilebilir. 1 MHz ile 500 MHz aras\u0131nda de\u011fi\u015fen \u00e7e\u015fitli uygulama frekanslar\u0131yla geni\u015f kullan\u0131m alan\u0131na sahiptir.FT240-31 Hem d\u00fc\u015f\u00fck kay\u0131pl\u0131 hem de \u00e7ok geni\u015f bantta etkili bir manyetik malzemedir.<\/p>\n<hr data-start=\"868\" data-end=\"871\" \/>\n<h3 data-start=\"873\" data-end=\"894\">Teknik \u00d6zellikler<\/h3>\n<ul data-start=\"896\" data-end=\"1326\">\n<li data-start=\"896\" data-end=\"943\">\n<p data-start=\"898\" data-end=\"943\">Malzeme Tipi: 31 (y\u00fcksek ge\u00e7irgenlik ferriti)<\/p>\n<\/li>\n<li data-start=\"944\" data-end=\"979\">\n<p data-start=\"946\" data-end=\"979\">Ba\u015flang\u0131\u00e7 Ge\u00e7irgenli\u011fi (\u00b5i): 1500<\/p>\n<\/li>\n<li data-start=\"980\" data-end=\"1003\">\n<p data-start=\"982\" data-end=\"1003\">AL De\u011feri: 3180 nH\/N\u00b2<\/p>\n<\/li>\n<li data-start=\"1004\" data-end=\"1023\">\n<p data-start=\"1006\" data-end=\"1023\">D\u0131\u015f \u00c7ap: 61,00 mm<\/p>\n<\/li>\n<li data-start=\"1024\" data-end=\"1042\">\n<p data-start=\"1026\" data-end=\"1042\">\u0130\u00e7 \u00c7ap: 35,55 mm<\/p>\n<\/li>\n<li data-start=\"1043\" data-end=\"1064\">\n<p data-start=\"1045\" data-end=\"1064\">Y\u00fckseklik: 12,70 mm<\/p>\n<\/li>\n<li data-start=\"1065\" data-end=\"1091\">\n<p data-start=\"1067\" data-end=\"1091\">Curie S\u0131cakl\u0131\u011f\u0131: &gt;130 \u00b0C<\/p>\n<\/li>\n<li data-start=\"1092\" data-end=\"1149\">\n<p data-start=\"1094\" data-end=\"1149\">Manyetik Kayb\u0131n Ba\u015flad\u0131\u011f\u0131 S\u0131cakl\u0131k: Curie noktas\u0131 \u00fczeri<\/p>\n<\/li>\n<li data-start=\"1150\" data-end=\"1326\">\n<p data-start=\"1152\" data-end=\"1189\">Frekans Aral\u0131klar\u0131 (uygulamaya g\u00f6re):<\/p>\n<ul data-start=\"1192\" data-end=\"1326\">\n<li data-start=\"1192\" data-end=\"1233\">\n<p data-start=\"1194\" data-end=\"1233\">Geni\u015f bant transformat\u00f6rler: 1 \u2013 50 MHz<\/p>\n<\/li>\n<li data-start=\"1236\" data-end=\"1272\">\n<p data-start=\"1238\" data-end=\"1272\">Y\u00fcksek Q ind\u00fckt\u00f6rler: 0,5 \u2013 30 MHz<\/p>\n<\/li>\n<li data-start=\"1275\" data-end=\"1326\">\n<p data-start=\"1277\" data-end=\"1326\">EMI\/RFI bast\u0131rma ve CMC uygulamalar\u0131: 1 \u2013 500 MHz<\/p>\n<\/li>\n<\/ul>\n<\/li>\n<\/ul>\n<hr data-start=\"1328\" data-end=\"1331\" \/>\n<h3 data-start=\"1333\" data-end=\"1354\">Uygulama Alanlar\u0131<\/h3>\n<ul data-start=\"1356\" data-end=\"1577\">\n<li data-start=\"1356\" data-end=\"1411\">\n<p data-start=\"1358\" data-end=\"1411\">HF band\u0131nda kullan\u0131lan amat\u00f6r telsiz anten sistemleri<\/p>\n<\/li>\n<li data-start=\"1412\" data-end=\"1434\">\n<p data-start=\"1414\" data-end=\"1434\">SSB anten sistemleri<\/p>\n<\/li>\n<li data-start=\"1435\" data-end=\"1456\">\n<p data-start=\"1437\" data-end=\"1456\">1:1 Balun devreleri<\/p>\n<\/li>\n<li data-start=\"1457\" data-end=\"1488\">\n<p data-start=\"1459\" data-end=\"1488\">Ortak mod ak\u0131m bast\u0131rma (CMC)<\/p>\n<\/li>\n<li data-start=\"1489\" data-end=\"1525\">\n<p data-start=\"1491\" data-end=\"1525\">Geni\u015f bant transformat\u00f6r devreleri<\/p>\n<\/li>\n<li data-start=\"1526\" data-end=\"1577\">\n<p data-start=\"1528\" data-end=\"1577\">Radyo frekans\u0131 parazit giderici filtre sistemleri<\/p>\n<\/li>\n<\/ul>\n","protected":false},"excerpt":{"rendered":"<p>FT240-31 Toroid (Malzeme 31) \u2013 HF Anten Uygulamalar\u0131 i\u00e7in Y\u00fcksek Performansl\u0131 Ferrit \u00c7ekirdek FT240-31 toroid, y\u00fcksek ge\u00e7irgenlik \u00f6zelli\u011fine sahip, EMI\/RFI bast\u0131rma, geni\u015f bant transformat\u00f6rler ve ortak mod \u015fok (CMC) uygulamalar\u0131 i\u00e7in \u00f6zel olarak tasarlanm\u0131\u015f bir ferrit \u00e7ekirdektir. Malzeme 31 tipi ile \u00fcretilen bu toroid, amat\u00f6r radyo sistemleri, HF anten uygulamalar\u0131 ve sinyal i\u015fleme devrelerinde y\u00fcksek [&hellip;]<\/p>\n","protected":false},"featured_media":3670,"template":"","meta":[],"product_brand":[],"product_cat":[],"product_tag":[],"class_list":{"0":"post-4482","1":"product","2":"type-product","3":"status-publish","4":"has-post-thumbnail","7":"first","8":"instock","9":"shipping-taxable","10":"product-type-simple"},"_links":{"self":[{"href":"https:\/\/foxelektronik.com\/index.php\/wp-json\/wp\/v2\/product\/4482","targetHints":{"allow":["GET"]}}],"collection":[{"href":"https:\/\/foxelektronik.com\/index.php\/wp-json\/wp\/v2\/product"}],"about":[{"href":"https:\/\/foxelektronik.com\/index.php\/wp-json\/wp\/v2\/types\/product"}],"wp:featuredmedia":[{"embeddable":true,"href":"https:\/\/foxelektronik.com\/index.php\/wp-json\/wp\/v2\/media\/3670"}],"wp:attachment":[{"href":"https:\/\/foxelektronik.com\/index.php\/wp-json\/wp\/v2\/media?parent=4482"}],"wp:term":[{"taxonomy":"product_brand","embeddable":true,"href":"https:\/\/foxelektronik.com\/index.php\/wp-json\/wp\/v2\/product_brand?post=4482"},{"taxonomy":"product_cat","embeddable":true,"href":"https:\/\/foxelektronik.com\/index.php\/wp-json\/wp\/v2\/product_cat?post=4482"},{"taxonomy":"product_tag","embeddable":true,"href":"https:\/\/foxelektronik.com\/index.php\/wp-json\/wp\/v2\/product_tag?post=4482"}],"curies":[{"name":"wp","href":"https:\/\/api.w.org\/{rel}","templated":true}]}}