{"id":4489,"date":"2025-07-21T15:12:04","date_gmt":"2025-07-21T12:12:04","guid":{"rendered":"https:\/\/foxelektronik.com\/?post_type=product&#038;p=4489"},"modified":"2025-07-21T15:12:04","modified_gmt":"2025-07-21T12:12:04","slug":"orange-pi-guc-adaptoru","status":"publish","type":"product","link":"https:\/\/foxelektronik.com\/index.php\/product\/orange-pi-guc-adaptoru\/","title":{"rendered":"Orange Pi G\u00fc\u00e7 Adapt\u00f6r\u00fc"},"content":{"rendered":"<h3 data-start=\"106\" data-end=\"178\"><strong data-start=\"110\" data-end=\"178\">Orange Pi Uyumlu 5V 2A G\u00fc\u00e7 Adapt\u00f6r\u00fc (Resmi Tavsiye Edilen Model)<\/strong><\/h3>\n<p data-start=\"180\" data-end=\"479\">Orange Pi Plus 2, Plus 2E, PC Plus, Lite, PC ve One modelleri ile tam uyumlu olan bu adapt\u00f6r, 5V 2A \u00e7\u0131k\u0131\u015f\u0131 ile stabil g\u00fc\u00e7 beslemesi sa\u011flar. \u00d6zellikle <strong data-start=\"330\" data-end=\"350\">Orange Pi Plus 2<\/strong> modeli i\u00e7in \u00f6nerilen bu adapt\u00f6r, daha d\u00fc\u015f\u00fck ak\u0131m de\u011ferine sahip g\u00fc\u00e7 kaynaklar\u0131n\u0131n olu\u015fturabilece\u011fi performans sorunlar\u0131n\u0131 \u00f6nler.<\/p>\n<hr data-start=\"481\" data-end=\"484\" \/>\n<h3 data-start=\"486\" data-end=\"511\"><strong data-start=\"490\" data-end=\"511\">Teknik \u00d6zellikler<\/strong><\/h3>\n<ul data-start=\"513\" data-end=\"709\">\n<li data-start=\"513\" data-end=\"554\">\n<p data-start=\"515\" data-end=\"554\"><strong data-start=\"515\" data-end=\"525\">Giri\u015f:<\/strong> 176-264VAC, 0.3A, 50\/60 Hz<\/p>\n<\/li>\n<li data-start=\"555\" data-end=\"580\">\n<p data-start=\"557\" data-end=\"580\"><strong data-start=\"557\" data-end=\"567\">\u00c7\u0131k\u0131\u015f:<\/strong> DC 5V &#8211; 2A<\/p>\n<\/li>\n<li data-start=\"581\" data-end=\"600\">\n<p data-start=\"583\" data-end=\"600\"><strong data-start=\"583\" data-end=\"592\">Renk:<\/strong> Siyah<\/p>\n<\/li>\n<li data-start=\"601\" data-end=\"643\">\n<p data-start=\"603\" data-end=\"643\"><strong data-start=\"603\" data-end=\"622\">Adapt\u00f6r Boyutu:<\/strong> 73mm x 42mm x 29mm<\/p>\n<\/li>\n<li data-start=\"644\" data-end=\"686\">\n<p data-start=\"646\" data-end=\"686\"><strong data-start=\"646\" data-end=\"665\">Kablo Uzunlu\u011fu:<\/strong> 150 cm (3.5mm \u00e7ap)<\/p>\n<\/li>\n<li data-start=\"687\" data-end=\"709\">\n<p data-start=\"689\" data-end=\"709\"><strong data-start=\"689\" data-end=\"701\">A\u011f\u0131rl\u0131k:<\/strong> 69 gram<\/p>\n<\/li>\n<\/ul>\n<hr data-start=\"711\" data-end=\"714\" \/>\n<h3 data-start=\"716\" data-end=\"739\"><strong data-start=\"720\" data-end=\"739\">Uyumlu Modeller<\/strong><\/h3>\n<ul data-start=\"741\" data-end=\"859\">\n<li data-start=\"741\" data-end=\"761\">\n<p data-start=\"743\" data-end=\"761\">Pi Plus 2<\/p>\n<\/li>\n<li data-start=\"762\" data-end=\"783\">\n<p data-start=\"764\" data-end=\"783\">Pi Plus 2E<\/p>\n<\/li>\n<li data-start=\"784\" data-end=\"805\">\n<p data-start=\"786\" data-end=\"805\">Pi PC Plus<\/p>\n<\/li>\n<li data-start=\"806\" data-end=\"824\">\n<p data-start=\"808\" data-end=\"824\">Pi Lite<\/p>\n<\/li>\n<li data-start=\"825\" data-end=\"841\">\n<p data-start=\"827\" data-end=\"841\">Pi PC<\/p>\n<\/li>\n<li data-start=\"842\" data-end=\"859\">\n<p data-start=\"844\" data-end=\"859\">Pi One<\/p>\n<\/li>\n<\/ul>\n<hr data-start=\"861\" data-end=\"864\" \/>\n<h3 data-start=\"866\" data-end=\"891\"><strong data-start=\"870\" data-end=\"891\">Neden Bu Adapt\u00f6r?<\/strong><\/h3>\n<ul data-start=\"893\" data-end=\"1153\">\n<li data-start=\"893\" data-end=\"922\">\n<p data-start=\"895\" data-end=\"922\">Pi resmi tavsiyesi<\/p>\n<\/li>\n<li data-start=\"923\" data-end=\"975\">\n<p data-start=\"925\" data-end=\"975\">Y\u00fcksek kaliteli malzeme ve kararl\u0131 voltaj \u00e7\u0131k\u0131\u015f\u0131<\/p>\n<\/li>\n<li data-start=\"976\" data-end=\"1021\">\n<p data-start=\"978\" data-end=\"1021\">Uzun kablosu sayesinde kullan\u0131m kolayl\u0131\u011f\u0131<\/p>\n<\/li>\n<li data-start=\"1022\" data-end=\"1064\">\n<p data-start=\"1024\" data-end=\"1064\">A\u015f\u0131r\u0131 ak\u0131m ve k\u0131sa devre korumal\u0131 yap\u0131<\/p>\n<\/li>\n<li data-start=\"1065\" data-end=\"1153\">\n<p data-start=\"1067\" data-end=\"1153\">Daha d\u00fc\u015f\u00fck amperli adapt\u00f6rlerin neden olabilece\u011fi a\u00e7\u0131lmama, donma gibi sorunlar\u0131 \u00f6nler<\/p>\n<\/li>\n<\/ul>\n","protected":false},"excerpt":{"rendered":"<p>Orange Pi Uyumlu 5V 2A G\u00fc\u00e7 Adapt\u00f6r\u00fc (Resmi Tavsiye Edilen Model) Orange Pi Plus 2, Plus 2E, PC Plus, Lite, PC ve One modelleri ile tam uyumlu olan bu adapt\u00f6r, 5V 2A \u00e7\u0131k\u0131\u015f\u0131 ile stabil g\u00fc\u00e7 beslemesi sa\u011flar. \u00d6zellikle Orange Pi Plus 2 modeli i\u00e7in \u00f6nerilen bu adapt\u00f6r, daha d\u00fc\u015f\u00fck ak\u0131m de\u011ferine sahip g\u00fc\u00e7 kaynaklar\u0131n\u0131n [&hellip;]<\/p>\n","protected":false},"featured_media":3683,"template":"","meta":[],"product_brand":[149],"product_cat":[],"product_tag":[],"class_list":{"0":"post-4489","1":"product","2":"type-product","3":"status-publish","4":"has-post-thumbnail","6":"product_brand-orange-pi","8":"first","9":"instock","10":"shipping-taxable","11":"product-type-simple"},"_links":{"self":[{"href":"https:\/\/foxelektronik.com\/index.php\/wp-json\/wp\/v2\/product\/4489","targetHints":{"allow":["GET"]}}],"collection":[{"href":"https:\/\/foxelektronik.com\/index.php\/wp-json\/wp\/v2\/product"}],"about":[{"href":"https:\/\/foxelektronik.com\/index.php\/wp-json\/wp\/v2\/types\/product"}],"wp:featuredmedia":[{"embeddable":true,"href":"https:\/\/foxelektronik.com\/index.php\/wp-json\/wp\/v2\/media\/3683"}],"wp:attachment":[{"href":"https:\/\/foxelektronik.com\/index.php\/wp-json\/wp\/v2\/media?parent=4489"}],"wp:term":[{"taxonomy":"product_brand","embeddable":true,"href":"https:\/\/foxelektronik.com\/index.php\/wp-json\/wp\/v2\/product_brand?post=4489"},{"taxonomy":"product_cat","embeddable":true,"href":"https:\/\/foxelektronik.com\/index.php\/wp-json\/wp\/v2\/product_cat?post=4489"},{"taxonomy":"product_tag","embeddable":true,"href":"https:\/\/foxelektronik.com\/index.php\/wp-json\/wp\/v2\/product_tag?post=4489"}],"curies":[{"name":"wp","href":"https:\/\/api.w.org\/{rel}","templated":true}]}}