{"id":4527,"date":"2025-07-21T15:12:07","date_gmt":"2025-07-21T12:12:07","guid":{"rendered":"https:\/\/foxelektronik.com\/?post_type=product&#038;p=4527"},"modified":"2025-07-21T15:12:07","modified_gmt":"2025-07-21T12:12:07","slug":"tzc-500-kaliteli-rf-kablo-100-metre","status":"publish","type":"product","link":"https:\/\/foxelektronik.com\/index.php\/product\/tzc-500-kaliteli-rf-kablo-100-metre\/","title":{"rendered":"TZC 500  KAL\u0130TEL\u0130  RF KABLO 100 METRE"},"content":{"rendered":"<h3 data-start=\"174\" data-end=\"241\"><strong data-start=\"181\" data-end=\"241\">TZC 500 Kaliteli RF Koaksiyel Kablo \u2013 100 Metre Kampanya<\/strong><\/h3>\n<p data-start=\"243\" data-end=\"523\"><strong data-start=\"243\" data-end=\"273\">TZC 500 koaksiyel RF kablo<\/strong>, 10.16 mm d\u0131\u015f \u00e7apa ve 2.74 mm i\u00e7 iletkene sahip, y\u00fcksek frekanslarda d\u00fc\u015f\u00fck kay\u0131pl\u0131 iletim sa\u011flayan kaliteli bir \u00e7\u00f6z\u00fcmd\u00fcr. HF, VHF, UHF ve 4 GHz&#8217;e kadar olan frekanslarda kullan\u0131lmak \u00fczere tasarlanm\u0131\u015ft\u0131r. <strong data-start=\"478\" data-end=\"507\">100 metre kampanya fiyat\u0131<\/strong> ile sat\u0131\u015ftad\u0131r.<\/p>\n<p data-start=\"525\" data-end=\"802\">\u0130\u00e7 yap\u0131s\u0131nda al\u00fcminyum folyo kaplamal\u0131 PE yal\u0131tkan, \u00fczerine kalay kapl\u0131 bak\u0131r \u00f6rg\u00fc (%85 \u00fczeri kaplama) ve d\u0131\u015fta <strong data-start=\"637\" data-end=\"670\">UV dayan\u0131ml\u0131 siyah LDPE k\u0131l\u0131f<\/strong> bulunur. RG-213 ile k\u0131yasland\u0131\u011f\u0131nda TZC 500, daha d\u00fc\u015f\u00fck zay\u0131flama de\u011ferleriyle \u00f6ne \u00e7\u0131kar. \u00d6zellikle sabit kurulumlar i\u00e7in idealdir.<\/p>\n<p data-start=\"804\" data-end=\"976\">PL-259 UHF erkek konnekt\u00f6rlerle uyumlu, fakat RG-213 i\u00e7in kullan\u0131lan N konnekt\u00f6rler bu model i\u00e7in uygun de\u011fildir. Rotor sistemleri i\u00e7in \u00f6nerilmez, sabit kullan\u0131ma uygundur.<\/p>\n<hr data-start=\"978\" data-end=\"981\" \/>\n<h3 data-start=\"983\" data-end=\"1008\">Teknik \u00d6zellikler:<\/h3>\n<ul data-start=\"1009\" data-end=\"1342\">\n<li data-start=\"1009\" data-end=\"1072\">\n<p data-start=\"1011\" data-end=\"1072\"><strong data-start=\"1011\" data-end=\"1034\">Frekans Uyumlulu\u011fu:<\/strong> HF, VHF, UHF, 27 MHz, 4 GHz&#8217;e kadar<\/p>\n<\/li>\n<li data-start=\"1073\" data-end=\"1101\">\n<p data-start=\"1075\" data-end=\"1101\"><strong data-start=\"1075\" data-end=\"1088\">Empedans:<\/strong> 50 \u00b1 2 Ohm<\/p>\n<\/li>\n<li data-start=\"1102\" data-end=\"1127\">\n<p data-start=\"1104\" data-end=\"1127\"><strong data-start=\"1104\" data-end=\"1116\">D\u0131\u015f \u00c7ap:<\/strong> 10.16 mm<\/p>\n<\/li>\n<li data-start=\"1128\" data-end=\"1155\">\n<p data-start=\"1130\" data-end=\"1155\"><strong data-start=\"1130\" data-end=\"1145\">\u0130\u00e7 \u0130letken:<\/strong> 2.74 mm<\/p>\n<\/li>\n<li data-start=\"1156\" data-end=\"1183\">\n<p data-start=\"1158\" data-end=\"1183\"><strong data-start=\"1158\" data-end=\"1173\">Kapasitans:<\/strong> 78 pF\/m<\/p>\n<\/li>\n<li data-start=\"1184\" data-end=\"1222\">\n<p data-start=\"1186\" data-end=\"1222\"><strong data-start=\"1186\" data-end=\"1206\">\u0130letken Direnci:<\/strong> max. 4.6 \u03a9\/km<\/p>\n<\/li>\n<li data-start=\"1223\" data-end=\"1259\">\n<p data-start=\"1225\" data-end=\"1259\"><strong data-start=\"1225\" data-end=\"1243\">Ekran Direnci:<\/strong> max. 5.9 \u03a9\/km<\/p>\n<\/li>\n<li data-start=\"1260\" data-end=\"1300\">\n<p data-start=\"1262\" data-end=\"1300\"><strong data-start=\"1262\" data-end=\"1284\">\u00c7al\u0131\u015fma S\u0131cakl\u0131\u011f\u0131:<\/strong> -40\u00b0C ~ +80\u00b0C<\/p>\n<\/li>\n<li data-start=\"1301\" data-end=\"1342\">\n<p data-start=\"1303\" data-end=\"1342\"><strong data-start=\"1303\" data-end=\"1317\">D\u0131\u015f K\u0131l\u0131f:<\/strong> Siyah LDPE, UV dayan\u0131ml\u0131<\/p>\n<\/li>\n<\/ul>\n<hr data-start=\"1344\" data-end=\"1347\" \/>\n<h3 data-start=\"1349\" data-end=\"1399\">TZC 500, 100 m&#8217;de Frekans Bazl\u0131 Zay\u0131flama De\u011ferleri:<\/h3>\n<ul data-start=\"1400\" data-end=\"1492\">\n<li data-start=\"1400\" data-end=\"1417\">\n<p data-start=\"1402\" data-end=\"1417\">140 MHz: 6 dB<\/p>\n<\/li>\n<li data-start=\"1418\" data-end=\"1435\">\n<p data-start=\"1420\" data-end=\"1435\">350 MHz: 9 dB<\/p>\n<\/li>\n<li data-start=\"1436\" data-end=\"1454\">\n<p data-start=\"1438\" data-end=\"1454\">900 MHz: 15 dB<\/p>\n<\/li>\n<li data-start=\"1455\" data-end=\"1474\">\n<p data-start=\"1457\" data-end=\"1474\">1800 MHz: 21 dB<\/p>\n<\/li>\n<li data-start=\"1475\" data-end=\"1492\">\n<p data-start=\"1477\" data-end=\"1492\">1900 MHz: 22 dB<\/p>\n<\/li>\n<\/ul>\n","protected":false},"excerpt":{"rendered":"<p>TZC 500 Kaliteli RF Koaksiyel Kablo \u2013 100 Metre Kampanya TZC 500 koaksiyel RF kablo, 10.16 mm d\u0131\u015f \u00e7apa ve 2.74 mm i\u00e7 iletkene sahip, y\u00fcksek frekanslarda d\u00fc\u015f\u00fck kay\u0131pl\u0131 iletim sa\u011flayan kaliteli bir \u00e7\u00f6z\u00fcmd\u00fcr. HF, VHF, UHF ve 4 GHz&#8217;e kadar olan frekanslarda kullan\u0131lmak \u00fczere tasarlanm\u0131\u015ft\u0131r. 100 metre kampanya fiyat\u0131 ile sat\u0131\u015ftad\u0131r. \u0130\u00e7 yap\u0131s\u0131nda al\u00fcminyum [&hellip;]<\/p>\n","protected":false},"featured_media":4079,"template":"","meta":[],"product_brand":[97],"product_cat":[],"product_tag":[],"class_list":{"0":"post-4527","1":"product","2":"type-product","3":"status-publish","4":"has-post-thumbnail","6":"product_brand-ericsson","8":"first","9":"instock","10":"shipping-taxable","11":"product-type-simple"},"_links":{"self":[{"href":"https:\/\/foxelektronik.com\/index.php\/wp-json\/wp\/v2\/product\/4527","targetHints":{"allow":["GET"]}}],"collection":[{"href":"https:\/\/foxelektronik.com\/index.php\/wp-json\/wp\/v2\/product"}],"about":[{"href":"https:\/\/foxelektronik.com\/index.php\/wp-json\/wp\/v2\/types\/product"}],"wp:featuredmedia":[{"embeddable":true,"href":"https:\/\/foxelektronik.com\/index.php\/wp-json\/wp\/v2\/media\/4079"}],"wp:attachment":[{"href":"https:\/\/foxelektronik.com\/index.php\/wp-json\/wp\/v2\/media?parent=4527"}],"wp:term":[{"taxonomy":"product_brand","embeddable":true,"href":"https:\/\/foxelektronik.com\/index.php\/wp-json\/wp\/v2\/product_brand?post=4527"},{"taxonomy":"product_cat","embeddable":true,"href":"https:\/\/foxelektronik.com\/index.php\/wp-json\/wp\/v2\/product_cat?post=4527"},{"taxonomy":"product_tag","embeddable":true,"href":"https:\/\/foxelektronik.com\/index.php\/wp-json\/wp\/v2\/product_tag?post=4527"}],"curies":[{"name":"wp","href":"https:\/\/api.w.org\/{rel}","templated":true}]}}