{"id":4529,"date":"2025-07-21T15:12:07","date_gmt":"2025-07-21T12:12:07","guid":{"rendered":"https:\/\/foxelektronik.com\/?post_type=product&#038;p=4529"},"modified":"2025-07-21T15:12:07","modified_gmt":"2025-07-21T12:12:07","slug":"procom-mu-3-bzp4-uhf-400-470-mhz-profesyonel-arac-anteni","status":"publish","type":"product","link":"https:\/\/foxelektronik.com\/index.php\/product\/procom-mu-3-bzp4-uhf-400-470-mhz-profesyonel-arac-anteni\/","title":{"rendered":"Procom MU 3-BZP4 UHF 400-470 MHz Profesyonel Ara\u00e7 Anteni"},"content":{"rendered":"<p data-start=\"103\" data-end=\"151\"><strong data-start=\"103\" data-end=\"151\">Procom MU 3-BZP4 UHF Profesyonel Ara\u00e7 Anteni<\/strong><\/p>\n<p data-start=\"153\" data-end=\"453\">Procom MU 3-BZP4 modeli, 400 ila 470 megahertz frekans aral\u0131\u011f\u0131nda \u00e7al\u0131\u015fan, y\u00fcksek kaliteli bir UHF mobil ara\u00e7 antenidir. Procom, Siyah krom kapl\u0131 paslanmaz \u00e7elik yap\u0131s\u0131yla zorlu hava ko\u015fullar\u0131na dayan\u0131kl\u0131d\u0131r. Anten boyu kesilerek istenilen frekansa ayarlanabilir. Telsiz haberle\u015fmesi i\u00e7in ideal bir \u00e7\u00f6z\u00fcmd\u00fcr.<\/p>\n<p data-start=\"455\" data-end=\"477\"><strong data-start=\"455\" data-end=\"477\">Teknik \u00d6zellikler:<\/strong><\/p>\n<ul data-start=\"479\" data-end=\"815\">\n<li data-start=\"479\" data-end=\"497\">\n<p data-start=\"481\" data-end=\"497\">Model: MU 3-BZ<\/p>\n<\/li>\n<li data-start=\"498\" data-end=\"540\">\n<p data-start=\"500\" data-end=\"540\">Frekans aral\u0131\u011f\u0131: 400 ile 470 megahertz<\/p>\n<\/li>\n<li data-start=\"541\" data-end=\"581\">\n<p data-start=\"543\" data-end=\"581\">Ayarlanabilir anten boyu (kesilerek)<\/p>\n<\/li>\n<li data-start=\"582\" data-end=\"608\">\n<p data-start=\"584\" data-end=\"608\">Anten tipi: Mobil whip<\/p>\n<\/li>\n<li data-start=\"609\" data-end=\"642\">\n<p data-start=\"611\" data-end=\"642\">Maksimum giri\u015f g\u00fcc\u00fc: 100 watt<\/p>\n<\/li>\n<li data-start=\"643\" data-end=\"666\">\n<p data-start=\"645\" data-end=\"666\">Polarizasyon: Dikey<\/p>\n<\/li>\n<li data-start=\"667\" data-end=\"687\">\n<p data-start=\"669\" data-end=\"687\">Empedans: 50 ohm<\/p>\n<\/li>\n<li data-start=\"688\" data-end=\"734\">\n<p data-start=\"690\" data-end=\"734\">VSWR: 1.3\u2019e 1\u2019den k\u00fc\u00e7\u00fck (ayarl\u0131 frekansta)<\/p>\n<\/li>\n<li data-start=\"735\" data-end=\"795\">\n<p data-start=\"737\" data-end=\"795\">Bant geni\u015fli\u011fi: 12 megahertzten fazla (VSWR 1.5&#8217;e kadar)<\/p>\n<\/li>\n<li data-start=\"796\" data-end=\"815\">\n<p data-start=\"798\" data-end=\"815\">Kazan\u00e7: 3 desibel<\/p>\n<\/li>\n<\/ul>\n<p data-start=\"817\" data-end=\"840\"><strong data-start=\"817\" data-end=\"840\">Mekanik \u00d6zellikler:<\/strong><\/p>\n<ul data-start=\"842\" data-end=\"1218\">\n<li data-start=\"842\" data-end=\"895\">\n<p data-start=\"844\" data-end=\"895\">Anten malzemesi: Siyah krom kapl\u0131 paslanmaz \u00e7elik<\/p>\n<\/li>\n<li data-start=\"896\" data-end=\"948\">\n<p data-start=\"898\" data-end=\"948\">Montaj: Siyah krom kapl\u0131 pirin\u00e7, paslanmaz \u00e7elik<\/p>\n<\/li>\n<li data-start=\"949\" data-end=\"964\">\n<p data-start=\"951\" data-end=\"964\">Renk: Siyah<\/p>\n<\/li>\n<li data-start=\"965\" data-end=\"1002\">\n<p data-start=\"967\" data-end=\"1002\">Y\u00fckseklik: Yakla\u015f\u0131k 58 santimetre<\/p>\n<\/li>\n<li data-start=\"1003\" data-end=\"1084\">\n<p data-start=\"1005\" data-end=\"1084\">Montaj deli\u011fi \u00e7ap\u0131: 21 milimetre (\u00e7at\u0131 kal\u0131nl\u0131\u011f\u0131na g\u00f6re 22 milimetreye kadar)<\/p>\n<\/li>\n<li data-start=\"1085\" data-end=\"1133\">\n<p data-start=\"1087\" data-end=\"1133\">Kurulum torku: Yakla\u015f\u0131k 7 bu\u00e7uk newton metre<\/p>\n<\/li>\n<li data-start=\"1134\" data-end=\"1218\">\n<p data-start=\"1136\" data-end=\"1218\">Montaj plakas\u0131 kal\u0131nl\u0131\u011f\u0131: 2 milimetreye kadar (iste\u011fe ba\u011fl\u0131 7.5 milimetreye kadar)<\/p>\n<\/li>\n<\/ul>\n<p data-start=\"1220\" data-end=\"1239\"><strong data-start=\"1220\" data-end=\"1239\">Kullan\u0131m Alan\u0131:<\/strong><\/p>\n<p data-start=\"1220\" data-end=\"1239\">Profesyonel ara\u00e7 haberle\u015fme sistemleri, r\u00f6leli sistemlerde UHF telsiz anteni olarak ideal kullan\u0131m sunar.<\/p>\n","protected":false},"excerpt":{"rendered":"<p>Procom MU 3-BZP4 UHF Profesyonel Ara\u00e7 Anteni Procom MU 3-BZP4 modeli, 400 ila 470 megahertz frekans aral\u0131\u011f\u0131nda \u00e7al\u0131\u015fan, y\u00fcksek kaliteli bir UHF mobil ara\u00e7 antenidir. Procom, Siyah krom kapl\u0131 paslanmaz \u00e7elik yap\u0131s\u0131yla zorlu hava ko\u015fullar\u0131na dayan\u0131kl\u0131d\u0131r. Anten boyu kesilerek istenilen frekansa ayarlanabilir. Telsiz haberle\u015fmesi i\u00e7in ideal bir \u00e7\u00f6z\u00fcmd\u00fcr. Teknik \u00d6zellikler: Model: MU 3-BZ Frekans aral\u0131\u011f\u0131: [&hellip;]<\/p>\n","protected":false},"featured_media":4083,"template":"","meta":[],"product_brand":[150],"product_cat":[],"product_tag":[],"class_list":{"0":"post-4529","1":"product","2":"type-product","3":"status-publish","4":"has-post-thumbnail","6":"product_brand-procom","8":"first","9":"instock","10":"shipping-taxable","11":"product-type-simple"},"_links":{"self":[{"href":"https:\/\/foxelektronik.com\/index.php\/wp-json\/wp\/v2\/product\/4529","targetHints":{"allow":["GET"]}}],"collection":[{"href":"https:\/\/foxelektronik.com\/index.php\/wp-json\/wp\/v2\/product"}],"about":[{"href":"https:\/\/foxelektronik.com\/index.php\/wp-json\/wp\/v2\/types\/product"}],"wp:featuredmedia":[{"embeddable":true,"href":"https:\/\/foxelektronik.com\/index.php\/wp-json\/wp\/v2\/media\/4083"}],"wp:attachment":[{"href":"https:\/\/foxelektronik.com\/index.php\/wp-json\/wp\/v2\/media?parent=4529"}],"wp:term":[{"taxonomy":"product_brand","embeddable":true,"href":"https:\/\/foxelektronik.com\/index.php\/wp-json\/wp\/v2\/product_brand?post=4529"},{"taxonomy":"product_cat","embeddable":true,"href":"https:\/\/foxelektronik.com\/index.php\/wp-json\/wp\/v2\/product_cat?post=4529"},{"taxonomy":"product_tag","embeddable":true,"href":"https:\/\/foxelektronik.com\/index.php\/wp-json\/wp\/v2\/product_tag?post=4529"}],"curies":[{"name":"wp","href":"https:\/\/api.w.org\/{rel}","templated":true}]}}