{"id":4530,"date":"2025-07-21T15:12:07","date_gmt":"2025-07-21T12:12:07","guid":{"rendered":"https:\/\/foxelektronik.com\/?post_type=product&#038;p=4530"},"modified":"2025-07-21T15:12:07","modified_gmt":"2025-07-21T12:12:07","slug":"procom-uhf-duplexer-filtre-n-type-dpf-70-6","status":"publish","type":"product","link":"https:\/\/foxelektronik.com\/index.php\/product\/procom-uhf-duplexer-filtre-n-type-dpf-70-6\/","title":{"rendered":"Procom UHF  Duplexer Filtre N-Type DPF 70-6"},"content":{"rendered":"<p data-start=\"94\" data-end=\"140\"><strong data-start=\"94\" data-end=\"140\">Procom DPF 70\/6 N-Type UHF Duplexer Filtre<\/strong><\/p>\n<p data-start=\"142\" data-end=\"162\"><strong data-start=\"142\" data-end=\"162\">\u00dcr\u00fcn A\u00e7\u0131klamas\u0131:<\/strong><\/p>\n<p data-start=\"164\" data-end=\"487\">Procom DPF 70\/6 N-Type modeli, UHF band\u0131nda \u00e7al\u0131\u015fan verici-al\u0131c\u0131 sistemleri i\u00e7in \u00f6zel olarak tasarlanm\u0131\u015f 6 kaviteli bir duplex filtredir. 406 ile 500 megahertz aral\u0131\u011f\u0131nda ayarlanabilir. Tek frekansl\u0131 sistemlerde y\u00fcksek performans sunar. \u00c7oklu kanal uygulamalar\u0131nda da kullan\u0131labilir ancak bu durumda fabrika ayar\u0131 \u00f6nerilir.<\/p>\n<p data-start=\"489\" data-end=\"696\">Procom filtre, kompakt bir al\u00fcminyum g\u00f6vdeye ve \u00e7eyrek dalga kavitelere sahiptir. \u015easi \u00e7elik malzemedendir. T\u00fcm ba\u011flant\u0131larda teflon yal\u0131t\u0131m uygulanm\u0131\u015ft\u0131r ve d\u0131\u015f y\u00fczeyi korozyona kar\u015f\u0131 siyah vinil ile kaplanm\u0131\u015ft\u0131r.<\/p>\n<p data-start=\"698\" data-end=\"720\"><strong data-start=\"698\" data-end=\"720\">Teknik \u00d6zellikler:<\/strong><\/p>\n<ul data-start=\"722\" data-end=\"1086\">\n<li data-start=\"722\" data-end=\"748\">\n<p data-start=\"724\" data-end=\"748\">Model: DPF 70\/6 N-Type<\/p>\n<\/li>\n<li data-start=\"749\" data-end=\"791\">\n<p data-start=\"751\" data-end=\"791\">Frekans aral\u0131\u011f\u0131: 406 ile 500 megahertz<\/p>\n<\/li>\n<li data-start=\"792\" data-end=\"824\">\n<p data-start=\"794\" data-end=\"824\">Maksimum giri\u015f g\u00fcc\u00fc: 50 watt<\/p>\n<\/li>\n<li data-start=\"825\" data-end=\"845\">\n<p data-start=\"827\" data-end=\"845\">Empedans: 50 ohm<\/p>\n<\/li>\n<li data-start=\"846\" data-end=\"873\">\n<p data-start=\"848\" data-end=\"873\">VSWR: 1.5\u2019e 1\u2019den k\u00fc\u00e7\u00fck<\/p>\n<\/li>\n<li data-start=\"874\" data-end=\"926\">\n<p data-start=\"876\" data-end=\"926\">Tx-Ant ve Ant-Rx ge\u00e7i\u015f kayb\u0131: Ortalama 1 desibel<\/p>\n<\/li>\n<li data-start=\"927\" data-end=\"1028\">\n<p data-start=\"929\" data-end=\"1028\">G\u00fcr\u00fclt\u00fc bast\u0131rma ve izolasyon: 85 desibelden fazla (tek kanal), 65 desibelden fazla (\u00e7oklu kanal)<\/p>\n<\/li>\n<li data-start=\"1029\" data-end=\"1086\">\n<p data-start=\"1031\" data-end=\"1086\">Kanal geni\u015fli\u011fi: 2 megahertz (\u00e7oklu kanal ayar\u0131 i\u00e7in)<\/p>\n<\/li>\n<\/ul>\n<p data-start=\"1088\" data-end=\"1112\"><strong data-start=\"1088\" data-end=\"1112\">Fiziksel \u00d6zellikler:<\/strong><\/p>\n<ul data-start=\"1114\" data-end=\"1231\">\n<li data-start=\"1114\" data-end=\"1139\">\n<p data-start=\"1116\" data-end=\"1139\">Ba\u011flant\u0131 tipi: N-Type<\/p>\n<\/li>\n<li data-start=\"1140\" data-end=\"1198\">\n<p data-start=\"1142\" data-end=\"1198\">Boyutlar: 226 milimetre x 154 milimetre x 33 milimetre<\/p>\n<\/li>\n<\/ul>\n<p data-start=\"1233\" data-end=\"1252\"><strong data-start=\"1233\" data-end=\"1252\">Ortam Dayan\u0131m\u0131:<\/strong><\/p>\n<ul data-start=\"1254\" data-end=\"1371\">\n<li data-start=\"1254\" data-end=\"1316\">\n<p data-start=\"1256\" data-end=\"1316\">\u00c7al\u0131\u015fma s\u0131cakl\u0131\u011f\u0131: Eksi 30 derece ile art\u0131 60 derece aras\u0131<\/p>\n<\/li>\n<li data-start=\"1317\" data-end=\"1371\">\n<p data-start=\"1319\" data-end=\"1371\">Frekans kararl\u0131l\u0131\u011f\u0131: Yakla\u015f\u0131k 25 ppm s\u0131cakl\u0131k ba\u015f\u0131na<\/p>\n<\/li>\n<\/ul>\n","protected":false},"excerpt":{"rendered":"<p>Procom DPF 70\/6 N-Type UHF Duplexer Filtre \u00dcr\u00fcn A\u00e7\u0131klamas\u0131: Procom DPF 70\/6 N-Type modeli, UHF band\u0131nda \u00e7al\u0131\u015fan verici-al\u0131c\u0131 sistemleri i\u00e7in \u00f6zel olarak tasarlanm\u0131\u015f 6 kaviteli bir duplex filtredir. 406 ile 500 megahertz aral\u0131\u011f\u0131nda ayarlanabilir. Tek frekansl\u0131 sistemlerde y\u00fcksek performans sunar. \u00c7oklu kanal uygulamalar\u0131nda da kullan\u0131labilir ancak bu durumda fabrika ayar\u0131 \u00f6nerilir. Procom filtre, kompakt bir [&hellip;]<\/p>\n","protected":false},"featured_media":4085,"template":"","meta":[],"product_brand":[150],"product_cat":[],"product_tag":[],"class_list":{"0":"post-4530","1":"product","2":"type-product","3":"status-publish","4":"has-post-thumbnail","6":"product_brand-procom","8":"first","9":"instock","10":"shipping-taxable","11":"product-type-simple"},"_links":{"self":[{"href":"https:\/\/foxelektronik.com\/index.php\/wp-json\/wp\/v2\/product\/4530","targetHints":{"allow":["GET"]}}],"collection":[{"href":"https:\/\/foxelektronik.com\/index.php\/wp-json\/wp\/v2\/product"}],"about":[{"href":"https:\/\/foxelektronik.com\/index.php\/wp-json\/wp\/v2\/types\/product"}],"wp:featuredmedia":[{"embeddable":true,"href":"https:\/\/foxelektronik.com\/index.php\/wp-json\/wp\/v2\/media\/4085"}],"wp:attachment":[{"href":"https:\/\/foxelektronik.com\/index.php\/wp-json\/wp\/v2\/media?parent=4530"}],"wp:term":[{"taxonomy":"product_brand","embeddable":true,"href":"https:\/\/foxelektronik.com\/index.php\/wp-json\/wp\/v2\/product_brand?post=4530"},{"taxonomy":"product_cat","embeddable":true,"href":"https:\/\/foxelektronik.com\/index.php\/wp-json\/wp\/v2\/product_cat?post=4530"},{"taxonomy":"product_tag","embeddable":true,"href":"https:\/\/foxelektronik.com\/index.php\/wp-json\/wp\/v2\/product_tag?post=4530"}],"curies":[{"name":"wp","href":"https:\/\/api.w.org\/{rel}","templated":true}]}}