{"id":4540,"date":"2025-07-21T15:12:08","date_gmt":"2025-07-21T12:12:08","guid":{"rendered":"https:\/\/foxelektronik.com\/?post_type=product&#038;p=4540"},"modified":"2025-08-26T16:34:44","modified_gmt":"2025-08-26T13:34:44","slug":"gyq-q990-su-gecirmez-pmr-el-telsizi-deprem-telsizi-afet-telsizi","status":"publish","type":"product","link":"https:\/\/foxelektronik.com\/index.php\/product\/gyq-q990-su-gecirmez-pmr-el-telsizi-deprem-telsizi-afet-telsizi\/","title":{"rendered":"GYQ Q990 Su Ge\u00e7irmez PMR El Telsizi Deprem Telsizi Afet Telsizi"},"content":{"rendered":"<p data-start=\"83\" data-end=\"144\"><strong data-start=\"83\" data-end=\"144\">GYQ Q990 Su Ge\u00e7irmez PMR El Telsizi \u2013 15 Kilometre Menzil<\/strong><\/p>\n<p data-start=\"146\" data-end=\"373\">GYQ Q990, a\u00e7\u0131k alanda on be\u015f kilometreye kadar g\u00f6r\u00fc\u015fme mesafesi sunan, IP67 sertifikal\u0131 su ge\u00e7irmez yap\u0131ya sahip lisanss\u0131z bir PMR el telsizidir. Acil durumlar, do\u011fa aktiviteleri ve profesyonel kullan\u0131m i\u00e7in ideal bir \u00e7\u00f6z\u00fcmd\u00fcr.<\/p>\n<p data-start=\"375\" data-end=\"399\"><strong data-start=\"375\" data-end=\"399\">\u00d6ne \u00c7\u0131kan \u00d6zellikler<\/strong><\/p>\n<ul data-start=\"401\" data-end=\"1061\">\n<li data-start=\"401\" data-end=\"458\">\n<p data-start=\"403\" data-end=\"458\">A\u00e7\u0131k alanda on be\u015f kilometreye kadar g\u00f6r\u00fc\u015fme mesafesi<\/p>\n<\/li>\n<li data-start=\"459\" data-end=\"505\">\n<p data-start=\"461\" data-end=\"505\">IP altm\u0131\u015f yedi suya dayan\u0131kl\u0131l\u0131k standard\u0131<\/p>\n<\/li>\n<li data-start=\"506\" data-end=\"565\">\n<p data-start=\"508\" data-end=\"565\">D\u00f6rt y\u00fcz k\u0131rk alt\u0131 megahertz frekans aral\u0131\u011f\u0131nda \u00e7al\u0131\u015f\u0131r<\/p>\n<\/li>\n<li data-start=\"566\" data-end=\"601\">\n<p data-start=\"568\" data-end=\"601\">S\u0131f\u0131r nokta be\u015f watt \u00e7\u0131k\u0131\u015f g\u00fcc\u00fc<\/p>\n<\/li>\n<li data-start=\"602\" data-end=\"682\">\n<p data-start=\"604\" data-end=\"682\">\u0130ki bin iki y\u00fcz miliamper saat kapasiteli g\u00fc\u00e7lendirilmi\u015f lityum iyon batarya<\/p>\n<\/li>\n<li data-start=\"683\" data-end=\"737\">\n<p data-start=\"685\" data-end=\"737\">Sekiz ana kanal ve toplam on alt\u0131 kanal kapasitesi<\/p>\n<\/li>\n<li data-start=\"738\" data-end=\"798\">\n<p data-start=\"740\" data-end=\"798\">Otuz dokuz CTCSS ve y\u00fcz altm\u0131\u015f alt\u0131 DCS ton kodu deste\u011fi<\/p>\n<\/li>\n<li data-start=\"799\" data-end=\"845\">\n<p data-start=\"801\" data-end=\"845\">Sesli kanal bilgisi ile kullan\u0131m kolayl\u0131\u011f\u0131<\/p>\n<\/li>\n<li data-start=\"846\" data-end=\"889\">\n<p data-start=\"848\" data-end=\"889\">Vox \u00f6zelli\u011fi ile eller serbest ileti\u015fim<\/p>\n<\/li>\n<li data-start=\"890\" data-end=\"920\">\n<p data-start=\"892\" data-end=\"920\">Y\u00fcksek kaliteli ses \u00e7\u0131k\u0131\u015f\u0131<\/p>\n<\/li>\n<li data-start=\"921\" data-end=\"965\">\n<p data-start=\"923\" data-end=\"965\">Ses kar\u0131\u015ft\u0131rma ve filtreleme \u00f6zellikleri<\/p>\n<\/li>\n<li data-start=\"966\" data-end=\"1009\">\n<p data-start=\"968\" data-end=\"1009\">K\u00fc\u00e7\u00fck ve hafif tasar\u0131m ile kolay ta\u015f\u0131ma<\/p>\n<\/li>\n<li data-start=\"1010\" data-end=\"1061\">\n<p data-start=\"1012\" data-end=\"1061\">Motorola ve Aselsan marka telsizlerle uyumluluk<\/p>\n<\/li>\n<\/ul>\n<p data-start=\"1063\" data-end=\"1079\"><strong data-start=\"1063\" data-end=\"1079\">Kutu \u0130\u00e7eri\u011fi<\/strong><\/p>\n<ul data-start=\"1081\" data-end=\"1187\">\n<li data-start=\"1081\" data-end=\"1113\">\n<p data-start=\"1083\" data-end=\"1113\">Bir adet GYQ Q990 el telsizi<\/p>\n<\/li>\n<li data-start=\"1114\" data-end=\"1150\">\n<p data-start=\"1116\" data-end=\"1150\">Masa \u00fcst\u00fc \u015farj stand\u0131 ve adapt\u00f6r<\/p>\n<\/li>\n<li data-start=\"1151\" data-end=\"1165\">\n<p data-start=\"1153\" data-end=\"1165\">Bel klipsi<\/p>\n<\/li>\n<li data-start=\"1166\" data-end=\"1187\">\n<p data-start=\"1168\" data-end=\"1187\">Kullan\u0131m k\u0131lavuzu<\/p>\n<\/li>\n<\/ul>\n<p data-start=\"1189\" data-end=\"1210\"><strong data-start=\"1189\" data-end=\"1210\">Kullan\u0131m Alanlar\u0131<\/strong><\/p>\n<ul data-start=\"1212\" data-end=\"1369\">\n<li data-start=\"1212\" data-end=\"1253\">\n<p data-start=\"1214\" data-end=\"1253\">Do\u011fa y\u00fcr\u00fcy\u00fc\u015fleri ve kamp aktiviteleri<\/p>\n<\/li>\n<li data-start=\"1254\" data-end=\"1290\">\n<p data-start=\"1256\" data-end=\"1290\">Arama kurtarma ve afet durumlar\u0131<\/p>\n<\/li>\n<li data-start=\"1291\" data-end=\"1325\">\n<p data-start=\"1293\" data-end=\"1325\">G\u00fcvenlik ve i\u015f sahas\u0131 ekipleri<\/p>\n<\/li>\n<li data-start=\"1326\" data-end=\"1369\">\n<p data-start=\"1328\" data-end=\"1369\">Deprem telsizi olarak bireysel kullan\u0131m<\/p>\n<\/li>\n<\/ul>\n<p data-start=\"1371\" data-end=\"1580\">GYQ Q990 modeli, g\u00fc\u00e7l\u00fc bataryas\u0131, su ge\u00e7irmez g\u00f6vdesi ve y\u00fcksek ses kalitesi ile g\u00fcvenli ve kesintisiz ileti\u015fim sunar. \u0130htiyac\u0131n\u0131z olan her yerde yan\u0131n\u0131zda g\u00fcvenle ta\u015f\u0131yabilece\u011finiz ideal bir telsiz \u00e7\u00f6z\u00fcm\u00fcd\u00fcr.<\/p>\n","protected":false},"excerpt":{"rendered":"<p>GYQ Q990 Su Ge\u00e7irmez PMR El Telsizi \u2013 15 Kilometre Menzil GYQ Q990, a\u00e7\u0131k alanda on be\u015f kilometreye kadar g\u00f6r\u00fc\u015fme mesafesi sunan, IP67 sertifikal\u0131 su ge\u00e7irmez yap\u0131ya sahip lisanss\u0131z bir PMR el telsizidir. Acil durumlar, do\u011fa aktiviteleri ve profesyonel kullan\u0131m i\u00e7in ideal bir \u00e7\u00f6z\u00fcmd\u00fcr. \u00d6ne \u00c7\u0131kan \u00d6zellikler A\u00e7\u0131k alanda on be\u015f kilometreye kadar g\u00f6r\u00fc\u015fme mesafesi [&hellip;]<\/p>\n","protected":false},"featured_media":4541,"template":"","meta":[],"product_brand":[153],"product_cat":[108],"product_tag":[],"class_list":{"0":"post-4540","1":"product","2":"type-product","3":"status-publish","4":"has-post-thumbnail","6":"product_brand-gyq","7":"product_cat-pmr-i-profesyonel-el-telsizi","9":"first","10":"instock","11":"shipping-taxable","12":"product-type-simple"},"_links":{"self":[{"href":"https:\/\/foxelektronik.com\/index.php\/wp-json\/wp\/v2\/product\/4540","targetHints":{"allow":["GET"]}}],"collection":[{"href":"https:\/\/foxelektronik.com\/index.php\/wp-json\/wp\/v2\/product"}],"about":[{"href":"https:\/\/foxelektronik.com\/index.php\/wp-json\/wp\/v2\/types\/product"}],"wp:featuredmedia":[{"embeddable":true,"href":"https:\/\/foxelektronik.com\/index.php\/wp-json\/wp\/v2\/media\/4541"}],"wp:attachment":[{"href":"https:\/\/foxelektronik.com\/index.php\/wp-json\/wp\/v2\/media?parent=4540"}],"wp:term":[{"taxonomy":"product_brand","embeddable":true,"href":"https:\/\/foxelektronik.com\/index.php\/wp-json\/wp\/v2\/product_brand?post=4540"},{"taxonomy":"product_cat","embeddable":true,"href":"https:\/\/foxelektronik.com\/index.php\/wp-json\/wp\/v2\/product_cat?post=4540"},{"taxonomy":"product_tag","embeddable":true,"href":"https:\/\/foxelektronik.com\/index.php\/wp-json\/wp\/v2\/product_tag?post=4540"}],"curies":[{"name":"wp","href":"https:\/\/api.w.org\/{rel}","templated":true}]}}