{"id":4543,"date":"2025-07-21T15:12:08","date_gmt":"2025-07-21T12:12:08","guid":{"rendered":"https:\/\/foxelektronik.com\/?post_type=product&#038;p=4543"},"modified":"2025-08-26T16:33:58","modified_gmt":"2025-08-26T13:33:58","slug":"worcex-pmr446-lk-66-acik-alan-15-km-mesafeli-pmr-telsiz-tekli-paket","status":"publish","type":"product","link":"https:\/\/foxelektronik.com\/index.php\/product\/worcex-pmr446-lk-66-acik-alan-15-km-mesafeli-pmr-telsiz-tekli-paket\/","title":{"rendered":"Worcex PMR446 LK-66 A\u00e7\u0131k Alan 15 Km Mesafeli Pmr Telsiz (Tekli Paket)"},"content":{"rendered":"<p data-start=\"112\" data-end=\"160\"><strong data-start=\"112\" data-end=\"160\">Worcex PMR446 LK 66 El Telsizi \u2013 Tekli Paket<\/strong><\/p>\n<p data-start=\"162\" data-end=\"498\">Worcex PMR446 LK 66 modeli, PMR 446 frekans band\u0131nda \u00e7al\u0131\u015fan, kompakt ve dayan\u0131kl\u0131 yap\u0131s\u0131yla dikkat \u00e7eken bir el telsizidir. Worcex PMR446 g\u00fcnl\u00fck kullan\u0131mda y\u00fcksek performans sunan bu model, a\u00e7\u0131k alanda on be\u015f kilometreye kadar kesintisiz ileti\u015fim sa\u011flar.Worcex PMR446 ergonomik tasar\u0131m\u0131 ve kolay ta\u015f\u0131nabilirli\u011fi ile profesyonel ya da bireysel kullan\u0131mlar i\u00e7in idealdir.<\/p>\n<p data-start=\"500\" data-end=\"524\"><strong data-start=\"500\" data-end=\"524\">\u00d6ne \u00c7\u0131kan \u00d6zellikler<\/strong><\/p>\n<ul data-start=\"526\" data-end=\"1147\">\n<li data-start=\"526\" data-end=\"558\">\n<p data-start=\"528\" data-end=\"558\">K\u00fc\u00e7\u00fck, \u015f\u0131k ve ergonomik yap\u0131<\/p>\n<\/li>\n<li data-start=\"559\" data-end=\"590\">\n<p data-start=\"561\" data-end=\"590\">Ak\u0131ll\u0131 masa\u00fcst\u00fc \u015farj cihaz\u0131<\/p>\n<\/li>\n<li data-start=\"591\" data-end=\"641\">\n<p data-start=\"593\" data-end=\"641\">USB \u015farj kablosu ile bilgisayardan \u015farj imkan\u0131<\/p>\n<\/li>\n<li data-start=\"642\" data-end=\"697\">\n<p data-start=\"644\" data-end=\"697\">Toz ge\u00e7irmezlik standard\u0131: IP elli d\u00f6rt ve elli be\u015f<\/p>\n<\/li>\n<li data-start=\"698\" data-end=\"727\">\n<p data-start=\"700\" data-end=\"727\">G\u00fc\u00e7l\u00fc ve net ses kalitesi<\/p>\n<\/li>\n<li data-start=\"728\" data-end=\"765\">\n<p data-start=\"730\" data-end=\"765\">On alt\u0131 kanal ileti\u015fim kapasitesi<\/p>\n<\/li>\n<li data-start=\"766\" data-end=\"807\">\n<p data-start=\"768\" data-end=\"807\">Y\u00fcksek kapasiteli lityum iyon batarya<\/p>\n<\/li>\n<li data-start=\"808\" data-end=\"859\">\n<p data-start=\"810\" data-end=\"859\">Uzun s\u00fcreli kullan\u0131m: sekiz ila yirmi d\u00f6rt saat<\/p>\n<\/li>\n<li data-start=\"860\" data-end=\"941\">\n<p data-start=\"862\" data-end=\"941\">Geni\u015f s\u0131cakl\u0131k aral\u0131\u011f\u0131nda \u00e7al\u0131\u015fabilir: eksi otuz ile art\u0131 altm\u0131\u015f derece aras\u0131<\/p>\n<\/li>\n<li data-start=\"942\" data-end=\"1005\">\n<p data-start=\"944\" data-end=\"1005\">FM ses \u00e7\u0131k\u0131\u015f\u0131: k\u0131rk be\u015f desibel geni\u015f, k\u0131rk iki desibel dar<\/p>\n<\/li>\n<li data-start=\"1006\" data-end=\"1042\">\n<p data-start=\"1008\" data-end=\"1042\">Ses \u00e7\u0131k\u0131\u015f g\u00fcc\u00fc: be\u015f y\u00fcz miliwatt<\/p>\n<\/li>\n<li data-start=\"1043\" data-end=\"1121\">\n<p data-start=\"1045\" data-end=\"1121\">Boyutlar: doksan alt\u0131 milimetreye elli be\u015f milimetreye yirmi iki milimetre<\/p>\n<\/li>\n<li data-start=\"1122\" data-end=\"1147\">\n<p data-start=\"1124\" data-end=\"1147\">A\u011f\u0131rl\u0131k: iki y\u00fcz gram<\/p>\n<\/li>\n<\/ul>\n<p data-start=\"1149\" data-end=\"1165\"><strong data-start=\"1149\" data-end=\"1165\">Pil \u00d6zelli\u011fi<\/strong><\/p>\n<p data-start=\"1167\" data-end=\"1306\">Worcex PMR446 Orijinal lityum iyon batarya ile rakiplerine g\u00f6re y\u00fczde yirmi be\u015f daha y\u00fcksek kapasite sunar. Bu sayede g\u00fcn boyu rahatl\u0131kla kullan\u0131labilir.<\/p>\n<p data-start=\"1308\" data-end=\"1324\"><strong data-start=\"1308\" data-end=\"1324\">Kutu \u0130\u00e7eri\u011fi<\/strong><\/p>\n<ul data-start=\"1326\" data-end=\"1496\">\n<li data-start=\"1326\" data-end=\"1365\">\n<p data-start=\"1328\" data-end=\"1365\">Bir adet Worcex LK 66 telsiz cihaz\u0131<\/p>\n<\/li>\n<li data-start=\"1366\" data-end=\"1398\">\n<p data-start=\"1368\" data-end=\"1398\">Bir adet lityum iyon batarya<\/p>\n<\/li>\n<li data-start=\"1399\" data-end=\"1436\">\n<p data-start=\"1401\" data-end=\"1436\">Bir adet duvar tipi \u015farj adapt\u00f6r\u00fc<\/p>\n<\/li>\n<li data-start=\"1437\" data-end=\"1466\">\n<p data-start=\"1439\" data-end=\"1466\">Bir adet USB \u015farj kablosu<\/p>\n<\/li>\n<li data-start=\"1467\" data-end=\"1496\">\n<p data-start=\"1469\" data-end=\"1496\">Bir adet kemer bel klipsi<\/p>\n<\/li>\n<\/ul>\n<p data-start=\"1498\" data-end=\"1517\"><strong data-start=\"1498\" data-end=\"1517\">Frekans Bilgisi<\/strong><\/p>\n<ul data-start=\"1519\" data-end=\"1823\">\n<li data-start=\"1519\" data-end=\"1562\">\n<p data-start=\"1521\" data-end=\"1562\">Frekans aral\u0131\u011f\u0131: PMR d\u00f6rt y\u00fcz k\u0131rk alt\u0131<\/p>\n<\/li>\n<li data-start=\"1563\" data-end=\"1598\">\n<p data-start=\"1565\" data-end=\"1598\">Kanal kapasitesi: on alt\u0131 kanal<\/p>\n<\/li>\n<li data-start=\"1599\" data-end=\"1634\">\n<p data-start=\"1601\" data-end=\"1634\">Pil voltaj\u0131: \u00fc\u00e7 nokta yedi volt<\/p>\n<\/li>\n<li data-start=\"1635\" data-end=\"1681\">\n<p data-start=\"1637\" data-end=\"1681\">Pil kapasitesi: bin be\u015f y\u00fcz miliamper saat<\/p>\n<\/li>\n<li data-start=\"1682\" data-end=\"1724\">\n<p data-start=\"1684\" data-end=\"1724\">Enerji de\u011feri: be\u015f nokta be\u015f watt saat<\/p>\n<\/li>\n<li data-start=\"1725\" data-end=\"1823\">\n<p data-start=\"1727\" data-end=\"1823\">G\u00f6r\u00fc\u015fme mesafesi: a\u00e7\u0131k alanda alt\u0131 ila on be\u015f kilometre (co\u011frafi ko\u015fullara ba\u011fl\u0131 olarak de\u011fi\u015fir)<\/p>\n<\/li>\n<\/ul>\n","protected":false},"excerpt":{"rendered":"<p>Worcex PMR446 LK 66 El Telsizi \u2013 Tekli Paket Worcex PMR446 LK 66 modeli, PMR 446 frekans band\u0131nda \u00e7al\u0131\u015fan, kompakt ve dayan\u0131kl\u0131 yap\u0131s\u0131yla dikkat \u00e7eken bir el telsizidir. Worcex PMR446 g\u00fcnl\u00fck kullan\u0131mda y\u00fcksek performans sunan bu model, a\u00e7\u0131k alanda on be\u015f kilometreye kadar kesintisiz ileti\u015fim sa\u011flar.Worcex PMR446 ergonomik tasar\u0131m\u0131 ve kolay ta\u015f\u0131nabilirli\u011fi ile profesyonel ya [&hellip;]<\/p>\n","protected":false},"featured_media":4105,"template":"","meta":[],"product_brand":[],"product_cat":[108],"product_tag":[],"class_list":{"0":"post-4543","1":"product","2":"type-product","3":"status-publish","4":"has-post-thumbnail","6":"product_cat-pmr-i-profesyonel-el-telsizi","8":"first","9":"instock","10":"shipping-taxable","11":"product-type-simple"},"_links":{"self":[{"href":"https:\/\/foxelektronik.com\/index.php\/wp-json\/wp\/v2\/product\/4543","targetHints":{"allow":["GET"]}}],"collection":[{"href":"https:\/\/foxelektronik.com\/index.php\/wp-json\/wp\/v2\/product"}],"about":[{"href":"https:\/\/foxelektronik.com\/index.php\/wp-json\/wp\/v2\/types\/product"}],"wp:featuredmedia":[{"embeddable":true,"href":"https:\/\/foxelektronik.com\/index.php\/wp-json\/wp\/v2\/media\/4105"}],"wp:attachment":[{"href":"https:\/\/foxelektronik.com\/index.php\/wp-json\/wp\/v2\/media?parent=4543"}],"wp:term":[{"taxonomy":"product_brand","embeddable":true,"href":"https:\/\/foxelektronik.com\/index.php\/wp-json\/wp\/v2\/product_brand?post=4543"},{"taxonomy":"product_cat","embeddable":true,"href":"https:\/\/foxelektronik.com\/index.php\/wp-json\/wp\/v2\/product_cat?post=4543"},{"taxonomy":"product_tag","embeddable":true,"href":"https:\/\/foxelektronik.com\/index.php\/wp-json\/wp\/v2\/product_tag?post=4543"}],"curies":[{"name":"wp","href":"https:\/\/api.w.org\/{rel}","templated":true}]}}