{"id":4547,"date":"2025-07-21T15:12:08","date_gmt":"2025-07-21T12:12:08","guid":{"rendered":"https:\/\/foxelektronik.com\/?post_type=product&#038;p=4547"},"modified":"2025-07-21T15:12:08","modified_gmt":"2025-07-21T12:12:08","slug":"gps-tespiti","status":"publish","type":"product","link":"https:\/\/foxelektronik.com\/index.php\/product\/gps-tespiti\/","title":{"rendered":"GPS Tespiti"},"content":{"rendered":"<h3 data-start=\"77\" data-end=\"119\"><strong data-start=\"81\" data-end=\"119\">GPS ve Gizli Cihaz Tespiti Hizmeti<\/strong><\/h3>\n<p data-start=\"121\" data-end=\"255\">Ev, ofis, i\u015fyeri ya da arac\u0131n\u0131zda izleniyor, dinleniyor ya da g\u00f6r\u00fcnt\u00fcleniyor olabilece\u011finizden \u015f\u00fcpheleniyorsan\u0131z <strong data-start=\"234\" data-end=\"254\">do\u011fru yerdesiniz<\/strong>.<\/p>\n<p data-start=\"257\" data-end=\"490\">Alan\u0131nda uzman teknik ekibimiz, geli\u015fmi\u015f cihazlar ve profesyonel y\u00f6ntemlerle <strong data-start=\"334\" data-end=\"404\">GPS takip cihaz\u0131, gizli kamera, ses kay\u0131t cihaz\u0131 ve dinleme cihaz\u0131<\/strong> gibi casus ekipmanlar\u0131n tespiti ve yerinin belirlenmesi konusunda hizmet vermektedir.<\/p>\n<p data-start=\"492\" data-end=\"609\">Size \u00f6zel g\u00fcvenli bir ortam olu\u015fturmak i\u00e7in \u00e7al\u0131\u015f\u0131yoruz.<br data-start=\"548\" data-end=\"551\" \/><strong data-start=\"551\" data-end=\"609\">Fiyat bilgisi ve randevu i\u00e7in bizimle ileti\u015fime ge\u00e7in.<\/strong><\/p>\n<p data-start=\"611\" data-end=\"747\">\u00a0<strong data-start=\"614\" data-end=\"632\">0212 599 0 369<\/strong><br data-start=\"632\" data-end=\"635\" \/>\u00a0<strong data-start=\"638\" data-end=\"656\">0539 858 56 45<\/strong><br data-start=\"656\" data-end=\"659\" \/>\u00a0<a class=\"\" href=\"http:\/\/www.foxelektronik.com\/\" target=\"_new\" rel=\"noopener\" data-start=\"662\" data-end=\"715\">www.foxelektronik.com<\/a><br data-start=\"715\" data-end=\"718\" \/>\u00a0<strong data-start=\"721\" data-end=\"747\"><a class=\"cursor-pointer\" rel=\"noopener\" data-start=\"723\" data-end=\"745\">info@foxelektronik.com<\/a><\/strong><\/p>\n","protected":false},"excerpt":{"rendered":"<p>GPS ve Gizli Cihaz Tespiti Hizmeti Ev, ofis, i\u015fyeri ya da arac\u0131n\u0131zda izleniyor, dinleniyor ya da g\u00f6r\u00fcnt\u00fcleniyor olabilece\u011finizden \u015f\u00fcpheleniyorsan\u0131z do\u011fru yerdesiniz. Alan\u0131nda uzman teknik ekibimiz, geli\u015fmi\u015f cihazlar ve profesyonel y\u00f6ntemlerle GPS takip cihaz\u0131, gizli kamera, ses kay\u0131t cihaz\u0131 ve dinleme cihaz\u0131 gibi casus ekipmanlar\u0131n tespiti ve yerinin belirlenmesi konusunda hizmet vermektedir. Size \u00f6zel g\u00fcvenli bir [&hellip;]<\/p>\n","protected":false},"featured_media":4113,"template":"","meta":[],"product_brand":[],"product_cat":[],"product_tag":[],"class_list":{"0":"post-4547","1":"product","2":"type-product","3":"status-publish","4":"has-post-thumbnail","7":"first","8":"instock","9":"shipping-taxable","10":"product-type-simple"},"_links":{"self":[{"href":"https:\/\/foxelektronik.com\/index.php\/wp-json\/wp\/v2\/product\/4547","targetHints":{"allow":["GET"]}}],"collection":[{"href":"https:\/\/foxelektronik.com\/index.php\/wp-json\/wp\/v2\/product"}],"about":[{"href":"https:\/\/foxelektronik.com\/index.php\/wp-json\/wp\/v2\/types\/product"}],"wp:featuredmedia":[{"embeddable":true,"href":"https:\/\/foxelektronik.com\/index.php\/wp-json\/wp\/v2\/media\/4113"}],"wp:attachment":[{"href":"https:\/\/foxelektronik.com\/index.php\/wp-json\/wp\/v2\/media?parent=4547"}],"wp:term":[{"taxonomy":"product_brand","embeddable":true,"href":"https:\/\/foxelektronik.com\/index.php\/wp-json\/wp\/v2\/product_brand?post=4547"},{"taxonomy":"product_cat","embeddable":true,"href":"https:\/\/foxelektronik.com\/index.php\/wp-json\/wp\/v2\/product_cat?post=4547"},{"taxonomy":"product_tag","embeddable":true,"href":"https:\/\/foxelektronik.com\/index.php\/wp-json\/wp\/v2\/product_tag?post=4547"}],"curies":[{"name":"wp","href":"https:\/\/api.w.org\/{rel}","templated":true}]}}