{"id":455,"date":"2025-06-06T15:11:51","date_gmt":"2025-06-06T12:11:51","guid":{"rendered":"http:\/\/softetik.com\/?post_type=product&#038;p=455"},"modified":"2025-06-06T15:11:51","modified_gmt":"2025-06-06T12:11:51","slug":"radiocom-bt-20-el-telsizi-poc-baskonus-hatli-sinirsiz-el-telsizi","status":"publish","type":"product","link":"https:\/\/foxelektronik.com\/index.php\/product\/radiocom-bt-20-el-telsizi-poc-baskonus-hatli-sinirsiz-el-telsizi\/","title":{"rendered":"Radiocom BT-20 El Telsizi &#8211; PoC Baskonu\u015f Hatl\u0131 S\u0131n\u0131rs\u0131z El Telsizi"},"content":{"rendered":"<p>Radiocom BT-20 El Telsizi &#8211; PoC Baskonu\u015f Hatl\u0131 S\u0131n\u0131rs\u0131z El Telsizi<\/p>\n<p>Radiocom BT-20 El Telsizi, \u00fcst\u00fcn performans ve ergonomik tasar\u0131m\u0131yla, t\u00fcm GSM operat\u00f6rlerinin 2G, 3G ve 4G \u015febekelerinde kesintisiz haberle\u015fme sa\u011flar. Y\u00fcksek ses kalitesi ve geni\u015f kapsama alan\u0131yla i\u015f ve acil durum haberle\u015fmelerinde g\u00fcvenilir bir \u00e7\u00f6z\u00fcm sunar. \u00d6zellikle grup ve birebir ileti\u015fim gereksinimleri i\u00e7in tasarlanm\u0131\u015ft\u0131r.<\/p>\n<p>&nbsp;<\/p>\n<p><strong>Genel \u00d6zellikler:<\/strong><\/p>\n<p>T\u00fcm GSM operat\u00f6rlerinin 2G, 3G ve 4G \u015febekelerini destekler<\/p>\n<p>Y\u00fcksek ve temiz ses kalitesi<\/p>\n<p>Grup, birebir ve acil \u00e7a\u011fr\u0131 yapabilme \u00f6zelli\u011fi<\/p>\n<p>Havadan (OTA) yaz\u0131l\u0131m g\u00fcncelleme deste\u011fi<\/p>\n<p>4 sat\u0131rl\u0131 renkli LCD ekran<\/p>\n<p>Dahili kullan\u0131c\u0131 rehberi ile pratik kullan\u0131m<\/p>\n<p>Y\u0131ll\u0131k d\u00fc\u015f\u00fck bir \u00fccret ile s\u0131n\u0131rs\u0131z haberle\u015fme imkan\u0131<\/p>\n<p>K\u00fc\u00e7\u00fck ve ergonomik boyutlar<\/p>\n<p>D\u00fc\u015f\u00fck batarya seviyesi uyar\u0131s\u0131<\/p>\n<p>4000 mAh kapasiteli Li-Ion batarya ile uzun s\u00fcreli kullan\u0131m<\/p>\n<p>Konu\u015fma \u00f6nceli\u011fi \u00f6zelli\u011fi ile acil durumlarda h\u0131zl\u0131 ileti\u015fim<\/p>\n<p>Dahili hassas GPS al\u0131c\u0131s\u0131 ile konum takibi<\/p>\n<p>Konu\u015fma izni tonu<\/p>\n<p><strong>Standart Paket \u0130\u00e7eri\u011fi:<\/strong><\/p>\n<p>Radiocom BT-20 El Telsizi<\/p>\n<p>4000 mAh Li-Ion Batarya<\/p>\n<p>USB Giri\u015fli \u015earj Adapt\u00f6r\u00fc<\/p>\n<p>Micro USB \u015earj Kablosu<\/p>\n<p>Micro USB Giri\u015fli \u015earj Yuvas\u0131<\/p>\n<p>T\u00fcrk\u00e7e Kullan\u0131m K\u0131lavuzu<\/p>\n<p>Garanti Belgesi<\/p>\n<p><strong>Opsiyonel Aksesuarlar:<\/strong><\/p>\n<p>Kulakl\u0131k<\/p>\n<p>Deri K\u0131l\u0131f<\/p>\n<p>Ara\u00e7 \u015earj Eliminat\u00f6r\u00fc<\/p>\n<p>Ara\u00e7 i\u00e7i vantuzlu telsiz tutma aparat\u0131<\/p>\n<p>Kemer Klipsi ve Vidalar\u0131<\/p>\n<p>Radiocom BT-20 El Telsizi ile g\u00fcvenilir ve s\u00fcrekli ileti\u015fim sa\u011flay\u0131n! Profesyonel kullan\u0131m i\u00e7in tasarlanan bu kompakt cihaz, zorlu \u015fartlarda bile y\u00fcksek performans sunar.<\/p>\n<p>&nbsp;<\/p>\n","protected":false},"excerpt":{"rendered":"<p>Radiocom BT-20 El Telsizi &#8211; PoC Baskonu\u015f Hatl\u0131 S\u0131n\u0131rs\u0131z El Telsizi Radiocom BT-20 El Telsizi, \u00fcst\u00fcn performans ve ergonomik tasar\u0131m\u0131yla, t\u00fcm GSM operat\u00f6rlerinin 2G, 3G ve 4G \u015febekelerinde kesintisiz haberle\u015fme sa\u011flar. Y\u00fcksek ses kalitesi ve geni\u015f kapsama alan\u0131yla i\u015f ve acil durum haberle\u015fmelerinde g\u00fcvenilir bir \u00e7\u00f6z\u00fcm sunar. \u00d6zellikle grup ve birebir ileti\u015fim gereksinimleri i\u00e7in tasarlanm\u0131\u015ft\u0131r. [&hellip;]<\/p>\n","protected":false},"featured_media":456,"template":"","meta":[],"product_brand":[81],"product_cat":[50],"product_tag":[],"class_list":{"0":"post-455","1":"product","2":"type-product","3":"status-publish","4":"has-post-thumbnail","6":"product_brand-radiocom","7":"product_cat-sim-kartli-bas-konus-telsiz-poc","9":"first","10":"instock","11":"shipping-taxable","12":"product-type-simple"},"_links":{"self":[{"href":"https:\/\/foxelektronik.com\/index.php\/wp-json\/wp\/v2\/product\/455","targetHints":{"allow":["GET"]}}],"collection":[{"href":"https:\/\/foxelektronik.com\/index.php\/wp-json\/wp\/v2\/product"}],"about":[{"href":"https:\/\/foxelektronik.com\/index.php\/wp-json\/wp\/v2\/types\/product"}],"wp:featuredmedia":[{"embeddable":true,"href":"https:\/\/foxelektronik.com\/index.php\/wp-json\/wp\/v2\/media\/456"}],"wp:attachment":[{"href":"https:\/\/foxelektronik.com\/index.php\/wp-json\/wp\/v2\/media?parent=455"}],"wp:term":[{"taxonomy":"product_brand","embeddable":true,"href":"https:\/\/foxelektronik.com\/index.php\/wp-json\/wp\/v2\/product_brand?post=455"},{"taxonomy":"product_cat","embeddable":true,"href":"https:\/\/foxelektronik.com\/index.php\/wp-json\/wp\/v2\/product_cat?post=455"},{"taxonomy":"product_tag","embeddable":true,"href":"https:\/\/foxelektronik.com\/index.php\/wp-json\/wp\/v2\/product_tag?post=455"}],"curies":[{"name":"wp","href":"https:\/\/api.w.org\/{rel}","templated":true}]}}