{"id":4555,"date":"2025-07-21T15:12:09","date_gmt":"2025-07-21T12:12:09","guid":{"rendered":"https:\/\/foxelektronik.com\/?post_type=product&#038;p=4555"},"modified":"2025-07-21T15:12:09","modified_gmt":"2025-07-21T12:12:09","slug":"diamond-bc-200l-uhf-sabit-anten-370-430-mhz","status":"publish","type":"product","link":"https:\/\/foxelektronik.com\/index.php\/product\/diamond-bc-200l-uhf-sabit-anten-370-430-mhz\/","title":{"rendered":"Diamond BC-200L UHF Sabit Anten 370-430 MHz"},"content":{"rendered":"<div>\n<div>\n<p data-start=\"88\" data-end=\"137\"><strong data-start=\"88\" data-end=\"137\">D\u0130AMOND BC-200L (370\u2013430 MHz) UHF \u00c7at\u0131 Anteni<\/strong><\/p>\n<p data-start=\"139\" data-end=\"530\">Diamond BC-200L, UHF band\u0131nda \u00e7al\u0131\u015fan, y\u00fcksek performansl\u0131 bir \u00e7at\u0131 antenidir. \u00d6zellikle sabit istasyonlar, emniyet birimleri, karakollar ve DMR sistemleri i\u00e7in ideal bir tercihtir. Anten, fabrika \u00e7\u0131k\u0131\u015f\u0131nda 370 MHz\u2019e ayarlanm\u0131\u015f olup, farkl\u0131 frekans aral\u0131klar\u0131 i\u00e7in i\u00e7erisinden \u00e7\u0131kan kesim tablosu do\u011frultusunda ayarlanarak kullan\u0131labilir. Bu sayede kullan\u0131c\u0131ya geni\u015f frekans esnekli\u011fi sunar.<\/p>\n<p data-start=\"532\" data-end=\"848\">Diamond BC-200L tek par\u00e7a beyaz fiber yap\u0131s\u0131 sayesinde hem hafif hem de olduk\u00e7a dayan\u0131kl\u0131d\u0131r. Diamond BC-200L g\u00fc\u00e7l\u00fc r\u00fczgar dayan\u0131m\u0131 ve y\u00fcksek \u00e7\u0131k\u0131\u015f g\u00fcc\u00fc kapasitesi ile zorlu hava ko\u015fullar\u0131nda bile g\u00fcvenilir ileti\u015fim sa\u011flar. 5.5 dB kazan\u00e7 sunan 2&#215;5\/8 dalga boyundaki bu anten, sinyal iletiminde verimlili\u011fi art\u0131rarak daha geni\u015f kapsama alan\u0131 sa\u011flar.<\/p>\n<p data-start=\"850\" data-end=\"872\"><strong data-start=\"850\" data-end=\"872\">Teknik \u00d6zellikler:<\/strong><\/p>\n<ul data-start=\"874\" data-end=\"1232\">\n<li data-start=\"874\" data-end=\"910\">\n<p data-start=\"876\" data-end=\"910\"><strong data-start=\"876\" data-end=\"896\">Frekans Aral\u0131\u011f\u0131:<\/strong> 370\u2013430 MHz<\/p>\n<\/li>\n<li data-start=\"911\" data-end=\"950\">\n<p data-start=\"913\" data-end=\"950\"><strong data-start=\"913\" data-end=\"940\">Fabrika \u00c7\u0131k\u0131\u015f Frekans\u0131:<\/strong> 370 MHz<\/p>\n<\/li>\n<li data-start=\"951\" data-end=\"973\">\n<p data-start=\"953\" data-end=\"973\"><strong data-start=\"953\" data-end=\"961\">Boy:<\/strong> 1.7 metre<\/p>\n<\/li>\n<li data-start=\"974\" data-end=\"997\">\n<p data-start=\"976\" data-end=\"997\"><strong data-start=\"976\" data-end=\"988\">A\u011f\u0131rl\u0131k:<\/strong> 0.9 kg<\/p>\n<\/li>\n<li data-start=\"998\" data-end=\"1036\">\n<p data-start=\"1000\" data-end=\"1036\"><strong data-start=\"1000\" data-end=\"1011\">Kazan\u00e7:<\/strong> 5.5 dB (2 x 5\/8 dalga)<\/p>\n<\/li>\n<li data-start=\"1037\" data-end=\"1070\">\n<p data-start=\"1039\" data-end=\"1070\"><strong data-start=\"1039\" data-end=\"1063\">Maksimum \u00c7\u0131k\u0131\u015f G\u00fcc\u00fc:<\/strong> 200W<\/p>\n<\/li>\n<li data-start=\"1071\" data-end=\"1112\">\n<p data-start=\"1073\" data-end=\"1112\"><strong data-start=\"1073\" data-end=\"1101\">Maksimum R\u00fczgar Direnci:<\/strong> 180 km\/s<\/p>\n<\/li>\n<li data-start=\"1113\" data-end=\"1154\">\n<p data-start=\"1115\" data-end=\"1154\"><strong data-start=\"1115\" data-end=\"1139\">Montaj Borusu Uyumu:<\/strong> 30\u201362 mm \u00e7ap<\/p>\n<\/li>\n<li data-start=\"1155\" data-end=\"1189\">\n<p data-start=\"1157\" data-end=\"1189\"><strong data-start=\"1157\" data-end=\"1177\">Radyal Uzunlu\u011fu:<\/strong> 3 x 19 cm<\/p>\n<\/li>\n<li data-start=\"1190\" data-end=\"1232\">\n<p data-start=\"1192\" data-end=\"1232\"><strong data-start=\"1192\" data-end=\"1211\">Konnekt\u00f6r Tipi:<\/strong> UHF \/ PL-259 Erkek<\/p>\n<\/li>\n<\/ul>\n<p data-start=\"1234\" data-end=\"1457\">Bu anten, \u00f6zellikle profesyonel telsiz kullan\u0131c\u0131lar\u0131 i\u00e7in tasarlanm\u0131\u015f olup sabit kurulum gerektiren durumlarda uzun \u00f6m\u00fcrl\u00fc ve etkili ileti\u015fim \u00e7\u00f6z\u00fcmleri sunar. Montaj\u0131 kolayd\u0131r ve standart UHF ba\u011flant\u0131lar\u0131 ile tam uyumludur.<\/p>\n<\/div>\n<\/div>\n","protected":false},"excerpt":{"rendered":"<p>D\u0130AMOND BC-200L (370\u2013430 MHz) UHF \u00c7at\u0131 Anteni Diamond BC-200L, UHF band\u0131nda \u00e7al\u0131\u015fan, y\u00fcksek performansl\u0131 bir \u00e7at\u0131 antenidir. \u00d6zellikle sabit istasyonlar, emniyet birimleri, karakollar ve DMR sistemleri i\u00e7in ideal bir tercihtir. Anten, fabrika \u00e7\u0131k\u0131\u015f\u0131nda 370 MHz\u2019e ayarlanm\u0131\u015f olup, farkl\u0131 frekans aral\u0131klar\u0131 i\u00e7in i\u00e7erisinden \u00e7\u0131kan kesim tablosu do\u011frultusunda ayarlanarak kullan\u0131labilir. Bu sayede kullan\u0131c\u0131ya geni\u015f frekans esnekli\u011fi sunar. [&hellip;]<\/p>\n","protected":false},"featured_media":4129,"template":"","meta":[],"product_brand":[137],"product_cat":[],"product_tag":[],"class_list":{"0":"post-4555","1":"product","2":"type-product","3":"status-publish","4":"has-post-thumbnail","6":"product_brand-diamond-antenna","8":"first","9":"instock","10":"shipping-taxable","11":"product-type-simple"},"_links":{"self":[{"href":"https:\/\/foxelektronik.com\/index.php\/wp-json\/wp\/v2\/product\/4555","targetHints":{"allow":["GET"]}}],"collection":[{"href":"https:\/\/foxelektronik.com\/index.php\/wp-json\/wp\/v2\/product"}],"about":[{"href":"https:\/\/foxelektronik.com\/index.php\/wp-json\/wp\/v2\/types\/product"}],"wp:featuredmedia":[{"embeddable":true,"href":"https:\/\/foxelektronik.com\/index.php\/wp-json\/wp\/v2\/media\/4129"}],"wp:attachment":[{"href":"https:\/\/foxelektronik.com\/index.php\/wp-json\/wp\/v2\/media?parent=4555"}],"wp:term":[{"taxonomy":"product_brand","embeddable":true,"href":"https:\/\/foxelektronik.com\/index.php\/wp-json\/wp\/v2\/product_brand?post=4555"},{"taxonomy":"product_cat","embeddable":true,"href":"https:\/\/foxelektronik.com\/index.php\/wp-json\/wp\/v2\/product_cat?post=4555"},{"taxonomy":"product_tag","embeddable":true,"href":"https:\/\/foxelektronik.com\/index.php\/wp-json\/wp\/v2\/product_tag?post=4555"}],"curies":[{"name":"wp","href":"https:\/\/api.w.org\/{rel}","templated":true}]}}