{"id":4556,"date":"2025-07-21T15:12:09","date_gmt":"2025-07-21T12:12:09","guid":{"rendered":"https:\/\/foxelektronik.com\/?post_type=product&#038;p=4556"},"modified":"2025-07-21T15:12:09","modified_gmt":"2025-07-21T12:12:09","slug":"anytone-at-d878-uv-plus-type-c-batarya","status":"publish","type":"product","link":"https:\/\/foxelektronik.com\/index.php\/product\/anytone-at-d878-uv-plus-type-c-batarya\/","title":{"rendered":"\ufeffAnytone AT-D878 UV Plus TYPE-C Batarya"},"content":{"rendered":"<p data-start=\"60\" data-end=\"111\"><strong data-start=\"60\" data-end=\"111\">Anytone AT-D878 UV Plus Type C Batarya 3100 mAh<\/strong><\/p>\n<p data-start=\"113\" data-end=\"457\">Anytone AT-D878 UV Plus telsiz kullan\u0131c\u0131lar\u0131 i\u00e7in \u00f6zel olarak geli\u015ftirilen bu batarya, y\u00fcksek kapasitesi ve modern \u015farj ba\u011flant\u0131 deste\u011fiyle \u00f6ne \u00e7\u0131kar. 3100 mAh kapasitesi sayesinde, telsizinizin uzun s\u00fcreli ve kesintisiz \u015fekilde \u00e7al\u0131\u015fmas\u0131n\u0131 sa\u011flar. G\u00fcnl\u00fck kullan\u0131mda ya da profesyonel sahalarda telsizinizi s\u0131k s\u0131k \u015farj etme ihtiyac\u0131n\u0131 azalt\u0131r.<\/p>\n<p data-start=\"459\" data-end=\"796\">Anytone AT-D878 yeni nesil Type C \u015farj ba\u011flant\u0131 noktas\u0131 sayesinde daha h\u0131zl\u0131 ve g\u00fcvenli \u015farj imkan\u0131 sunar. Bu sayede geleneksel \u015farj y\u00f6ntemlerine k\u0131yasla daha pratik ve dayan\u0131kl\u0131 bir kullan\u0131m deneyimi sa\u011flar. \u00d6zellikle yo\u011fun saha \u00e7al\u0131\u015fmalar\u0131, acil durum g\u00f6revleri veya uzun s\u00fcreli haberle\u015fme gerektiren durumlar i\u00e7in ideal bir yedek batarya se\u00e7ene\u011fidir.<\/p>\n<p data-start=\"798\" data-end=\"1092\">Anytone AT-D878 dayan\u0131kl\u0131 d\u0131\u015f yap\u0131s\u0131 darbelere kar\u015f\u0131 diren\u00e7li olup, Li-ion h\u00fccre teknolojisi sayesinde hafif ancak g\u00fc\u00e7l\u00fc bir enerji kayna\u011f\u0131 sunar. Kompakt tasar\u0131m\u0131 sayesinde cihazla tam uyumlu bir \u015fekilde oturur ve telsizin genel ergonomisini bozmaz. Batarya kolayca tak\u0131l\u0131p \u00e7\u0131kar\u0131labilir \u015fekilde \u00fcretilmi\u015ftir.<\/p>\n<p data-start=\"1094\" data-end=\"1131\"><strong data-start=\"1094\" data-end=\"1102\">Not:<\/strong> Klips fiyata dahil de\u011fildir.<\/p>\n<p data-start=\"1133\" data-end=\"1155\"><strong data-start=\"1133\" data-end=\"1155\">Teknik \u00d6zellikler:<\/strong><\/p>\n<ul data-start=\"1157\" data-end=\"1309\">\n<li data-start=\"1157\" data-end=\"1175\">\n<p data-start=\"1159\" data-end=\"1175\">Model: QB 44HL<\/p>\n<\/li>\n<li data-start=\"1176\" data-end=\"1197\">\n<p data-start=\"1178\" data-end=\"1197\">Gerilim: 7.4 Volt<\/p>\n<\/li>\n<li data-start=\"1198\" data-end=\"1220\">\n<p data-start=\"1200\" data-end=\"1220\">Kapasite: 3100 mAh<\/p>\n<\/li>\n<li data-start=\"1221\" data-end=\"1245\">\n<p data-start=\"1223\" data-end=\"1245\">Batarya Tipi: Li-ion<\/p>\n<\/li>\n<li data-start=\"1246\" data-end=\"1269\">\n<p data-start=\"1248\" data-end=\"1269\">\u015earj Giri\u015fi: Type C<\/p>\n<\/li>\n<li data-start=\"1270\" data-end=\"1309\">\n<p data-start=\"1272\" data-end=\"1309\">Uyumlu Model: Anytone AT D878 UV Plus<\/p>\n<\/li>\n<\/ul>\n","protected":false},"excerpt":{"rendered":"<p>Anytone AT-D878 UV Plus Type C Batarya 3100 mAh Anytone AT-D878 UV Plus telsiz kullan\u0131c\u0131lar\u0131 i\u00e7in \u00f6zel olarak geli\u015ftirilen bu batarya, y\u00fcksek kapasitesi ve modern \u015farj ba\u011flant\u0131 deste\u011fiyle \u00f6ne \u00e7\u0131kar. 3100 mAh kapasitesi sayesinde, telsizinizin uzun s\u00fcreli ve kesintisiz \u015fekilde \u00e7al\u0131\u015fmas\u0131n\u0131 sa\u011flar. G\u00fcnl\u00fck kullan\u0131mda ya da profesyonel sahalarda telsizinizi s\u0131k s\u0131k \u015farj etme ihtiyac\u0131n\u0131 azalt\u0131r. [&hellip;]<\/p>\n","protected":false},"featured_media":4131,"template":"","meta":[],"product_brand":[],"product_cat":[],"product_tag":[],"class_list":{"0":"post-4556","1":"product","2":"type-product","3":"status-publish","4":"has-post-thumbnail","7":"first","8":"instock","9":"shipping-taxable","10":"product-type-simple"},"_links":{"self":[{"href":"https:\/\/foxelektronik.com\/index.php\/wp-json\/wp\/v2\/product\/4556","targetHints":{"allow":["GET"]}}],"collection":[{"href":"https:\/\/foxelektronik.com\/index.php\/wp-json\/wp\/v2\/product"}],"about":[{"href":"https:\/\/foxelektronik.com\/index.php\/wp-json\/wp\/v2\/types\/product"}],"wp:featuredmedia":[{"embeddable":true,"href":"https:\/\/foxelektronik.com\/index.php\/wp-json\/wp\/v2\/media\/4131"}],"wp:attachment":[{"href":"https:\/\/foxelektronik.com\/index.php\/wp-json\/wp\/v2\/media?parent=4556"}],"wp:term":[{"taxonomy":"product_brand","embeddable":true,"href":"https:\/\/foxelektronik.com\/index.php\/wp-json\/wp\/v2\/product_brand?post=4556"},{"taxonomy":"product_cat","embeddable":true,"href":"https:\/\/foxelektronik.com\/index.php\/wp-json\/wp\/v2\/product_cat?post=4556"},{"taxonomy":"product_tag","embeddable":true,"href":"https:\/\/foxelektronik.com\/index.php\/wp-json\/wp\/v2\/product_tag?post=4556"}],"curies":[{"name":"wp","href":"https:\/\/api.w.org\/{rel}","templated":true}]}}