{"id":4577,"date":"2025-07-21T15:12:10","date_gmt":"2025-07-21T12:12:10","guid":{"rendered":"https:\/\/foxelektronik.com\/?post_type=product&#038;p=4577"},"modified":"2025-07-21T15:12:10","modified_gmt":"2025-07-21T12:12:10","slug":"wln-pmr-telsiz-bataryasi-kb-5c","status":"publish","type":"product","link":"https:\/\/foxelektronik.com\/index.php\/product\/wln-pmr-telsiz-bataryasi-kb-5c\/","title":{"rendered":"WLN PMR TELS\u0130Z BATARYASI KB-5C"},"content":{"rendered":"<h3 data-start=\"105\" data-end=\"185\"><strong data-start=\"109\" data-end=\"185\">WLN PMR Telsiz Bataryas\u0131 KB-5C \u2013 1500 mAh Li-ion Y\u00fcksek Performansl\u0131 Batarya<\/strong><\/h3>\n<p data-start=\"187\" data-end=\"547\"><strong data-start=\"187\" data-end=\"217\">WLN KB-5C PMR Telsiz Bataryas\u0131<\/strong>, sahada uzun s\u00fcreli ileti\u015fim ihtiyac\u0131na y\u00f6nelik olarak tasarlanm\u0131\u015f, g\u00fcvenilir ve dayan\u0131kl\u0131 bir \u00e7\u00f6z\u00fcmd\u00fcr. Hafif ve kompakt yap\u0131s\u0131yla kullan\u0131c\u0131ya ta\u015f\u0131nabilirlik kolayl\u0131\u011f\u0131 sunarken, i\u00e7inde bar\u0131nd\u0131rd\u0131\u011f\u0131 <strong data-start=\"417\" data-end=\"439\">Li-ion teknolojisi<\/strong> ile y\u00fcksek enerji verimlili\u011fi sa\u011flar. Bu sayede telsiz cihaz\u0131n\u0131z daha uzun s\u00fcre kesintisiz \u015fekilde \u00e7al\u0131\u015f\u0131r.<\/p>\n<p data-start=\"549\" data-end=\"855\">Geli\u015fmi\u015f h\u00fccre yap\u0131s\u0131 ve patentli teknoloji sayesinde enerji d\u00fc\u015f\u00fc\u015fleri minimize edilmi\u015ftir. Bu da telsiz performans\u0131n\u0131n s\u00fcrekli olarak stabil kalmas\u0131na olanak tan\u0131r. \u00d6zellikle profesyonel kullan\u0131mda dayan\u0131kl\u0131l\u0131\u011f\u0131 ile \u00f6n plana \u00e7\u0131kan <strong data-start=\"781\" data-end=\"790\">KB-5C<\/strong>, kolay \u015farj edilebilir yap\u0131s\u0131 ve geni\u015f uyumlulu\u011fu ile \u00f6ne \u00e7\u0131kar.<\/p>\n<hr data-start=\"857\" data-end=\"860\" \/>\n<h3 data-start=\"862\" data-end=\"887\"><strong data-start=\"866\" data-end=\"887\">Teknik \u00d6zellikler<\/strong><\/h3>\n<ul data-start=\"888\" data-end=\"1065\">\n<li data-start=\"888\" data-end=\"932\">\n<p data-start=\"890\" data-end=\"932\"><strong data-start=\"890\" data-end=\"907\">Batarya Tipi:<\/strong> Li-ion (\u015earj Edilebilir)<\/p>\n<\/li>\n<li data-start=\"933\" data-end=\"953\">\n<p data-start=\"935\" data-end=\"953\"><strong data-start=\"935\" data-end=\"945\">Model:<\/strong> KB-5C<\/p>\n<\/li>\n<li data-start=\"954\" data-end=\"984\">\n<p data-start=\"956\" data-end=\"984\"><strong data-start=\"956\" data-end=\"974\">Enerji De\u011feri:<\/strong> 5.55 Wh<\/p>\n<\/li>\n<li data-start=\"985\" data-end=\"1006\">\n<p data-start=\"987\" data-end=\"1006\"><strong data-start=\"987\" data-end=\"999\">Gerilim:<\/strong> 3.7V<\/p>\n<\/li>\n<li data-start=\"1007\" data-end=\"1033\">\n<p data-start=\"1009\" data-end=\"1033\"><strong data-start=\"1009\" data-end=\"1022\">Kapasite:<\/strong> 1500 mAh<\/p>\n<\/li>\n<li data-start=\"1034\" data-end=\"1065\">\n<p data-start=\"1036\" data-end=\"1065\"><strong data-start=\"1036\" data-end=\"1048\">A\u011f\u0131rl\u0131k:<\/strong> Hafif ve kompakt<\/p>\n<\/li>\n<\/ul>\n<hr data-start=\"1067\" data-end=\"1070\" \/>\n<h3 data-start=\"1072\" data-end=\"1102\"><strong data-start=\"1076\" data-end=\"1102\">Uyumlu Cihaz Modelleri<\/strong><\/h3>\n<ul data-start=\"1103\" data-end=\"1172\">\n<li data-start=\"1103\" data-end=\"1115\">\n<p data-start=\"1105\" data-end=\"1115\">Mars Pro<\/p>\n<\/li>\n<li data-start=\"1116\" data-end=\"1126\">\n<p data-start=\"1118\" data-end=\"1126\">Zetcom<\/p>\n<\/li>\n<li data-start=\"1127\" data-end=\"1139\">\n<p data-start=\"1129\" data-end=\"1139\">Teknoben<\/p>\n<\/li>\n<li data-start=\"1140\" data-end=\"1147\">\n<p data-start=\"1142\" data-end=\"1147\">WLN<\/p>\n<\/li>\n<li data-start=\"1148\" data-end=\"1160\">\n<p data-start=\"1150\" data-end=\"1160\">HTY Plus<\/p>\n<\/li>\n<li data-start=\"1161\" data-end=\"1172\">\n<p data-start=\"1163\" data-end=\"1172\">Retevis<\/p>\n<\/li>\n<\/ul>\n<hr data-start=\"1174\" data-end=\"1177\" \/>\n<h3 data-start=\"1179\" data-end=\"1207\"><strong data-start=\"1183\" data-end=\"1207\">Neden KB-5C Batarya?<\/strong><\/h3>\n<ul data-start=\"1208\" data-end=\"1421\">\n<li data-start=\"1208\" data-end=\"1258\">\n<p data-start=\"1210\" data-end=\"1258\">Y\u00fcksek kapasite ile daha uzun telsiz kullan\u0131m\u0131<\/p>\n<\/li>\n<li data-start=\"1259\" data-end=\"1294\">\n<p data-start=\"1261\" data-end=\"1294\">Hafif yap\u0131s\u0131yla konforlu ta\u015f\u0131ma<\/p>\n<\/li>\n<li data-start=\"1295\" data-end=\"1341\">\n<p data-start=\"1297\" data-end=\"1341\">Enerji verimlili\u011fi sa\u011flayan ak\u0131ll\u0131 tasar\u0131m<\/p>\n<\/li>\n<li data-start=\"1342\" data-end=\"1389\">\n<p data-start=\"1344\" data-end=\"1389\">Telsizlere tam uyumlu, sorunsuz entegrasyon<\/p>\n<\/li>\n<li data-start=\"1390\" data-end=\"1421\">\n<p data-start=\"1392\" data-end=\"1421\">H\u0131zl\u0131 ve pratik \u015farj imkan\u0131<\/p>\n<\/li>\n<\/ul>\n<hr data-start=\"1423\" data-end=\"1426\" \/>\n<p data-start=\"1428\" data-end=\"1597\"><strong data-start=\"1428\" data-end=\"1459\">WLN PMR lisanss\u0131z el telsizleri<\/strong> ile tam uyumlu olan KB-5C batarya, ister bireysel kullan\u0131mda ister profesyonel g\u00f6revlerde telsizinizin performans\u0131n\u0131 en \u00fcst d\u00fczeye ta\u015f\u0131r.<\/p>\n","protected":false},"excerpt":{"rendered":"<p>WLN PMR Telsiz Bataryas\u0131 KB-5C \u2013 1500 mAh Li-ion Y\u00fcksek Performansl\u0131 Batarya WLN KB-5C PMR Telsiz Bataryas\u0131, sahada uzun s\u00fcreli ileti\u015fim ihtiyac\u0131na y\u00f6nelik olarak tasarlanm\u0131\u015f, g\u00fcvenilir ve dayan\u0131kl\u0131 bir \u00e7\u00f6z\u00fcmd\u00fcr. Hafif ve kompakt yap\u0131s\u0131yla kullan\u0131c\u0131ya ta\u015f\u0131nabilirlik kolayl\u0131\u011f\u0131 sunarken, i\u00e7inde bar\u0131nd\u0131rd\u0131\u011f\u0131 Li-ion teknolojisi ile y\u00fcksek enerji verimlili\u011fi sa\u011flar. Bu sayede telsiz cihaz\u0131n\u0131z daha uzun s\u00fcre kesintisiz [&hellip;]<\/p>\n","protected":false},"featured_media":4164,"template":"","meta":[],"product_brand":[],"product_cat":[],"product_tag":[],"class_list":{"0":"post-4577","1":"product","2":"type-product","3":"status-publish","4":"has-post-thumbnail","7":"first","8":"instock","9":"shipping-taxable","10":"product-type-simple"},"_links":{"self":[{"href":"https:\/\/foxelektronik.com\/index.php\/wp-json\/wp\/v2\/product\/4577","targetHints":{"allow":["GET"]}}],"collection":[{"href":"https:\/\/foxelektronik.com\/index.php\/wp-json\/wp\/v2\/product"}],"about":[{"href":"https:\/\/foxelektronik.com\/index.php\/wp-json\/wp\/v2\/types\/product"}],"wp:featuredmedia":[{"embeddable":true,"href":"https:\/\/foxelektronik.com\/index.php\/wp-json\/wp\/v2\/media\/4164"}],"wp:attachment":[{"href":"https:\/\/foxelektronik.com\/index.php\/wp-json\/wp\/v2\/media?parent=4577"}],"wp:term":[{"taxonomy":"product_brand","embeddable":true,"href":"https:\/\/foxelektronik.com\/index.php\/wp-json\/wp\/v2\/product_brand?post=4577"},{"taxonomy":"product_cat","embeddable":true,"href":"https:\/\/foxelektronik.com\/index.php\/wp-json\/wp\/v2\/product_cat?post=4577"},{"taxonomy":"product_tag","embeddable":true,"href":"https:\/\/foxelektronik.com\/index.php\/wp-json\/wp\/v2\/product_tag?post=4577"}],"curies":[{"name":"wp","href":"https:\/\/api.w.org\/{rel}","templated":true}]}}