{"id":4594,"date":"2025-07-21T15:12:13","date_gmt":"2025-07-21T12:12:13","guid":{"rendered":"https:\/\/foxelektronik.com\/?post_type=product&#038;p=4594"},"modified":"2025-07-21T15:12:13","modified_gmt":"2025-07-21T12:12:13","slug":"motorola-dp1400-sarj-tablasi","status":"publish","type":"product","link":"https:\/\/foxelektronik.com\/index.php\/product\/motorola-dp1400-sarj-tablasi\/","title":{"rendered":"\ufeffMotorola DP1400 \u015earj Tablas\u0131"},"content":{"rendered":"<p data-start=\"61\" data-end=\"123\"><strong data-start=\"61\" data-end=\"123\">Motorola DP1400\/ CP040 \/ CP140 \u00a0 Telsiz Uyumlu \u015earj Tablas\u0131<\/strong><\/p>\n<p data-start=\"125\" data-end=\"367\">Motorola&#8217;n\u0131n CP ve DP serisi telsizleri i\u00e7in \u00f6zel olarak \u00fcretilmi\u015f olan bu \u015farj tablas\u0131, telsizlerinizi h\u0131zl\u0131 ve g\u00fcvenli \u015fekilde \u015farj etmenizi sa\u011flar. Hem masa\u00fcst\u00fc kullan\u0131ma uygun olmas\u0131 hem de sa\u011flam yap\u0131s\u0131yla uzun \u00f6m\u00fcrl\u00fc bir kullan\u0131m sunar.<\/p>\n<p data-start=\"369\" data-end=\"389\"><strong data-start=\"369\" data-end=\"389\">Uyumlu Modeller:<\/strong><\/p>\n<ul data-start=\"390\" data-end=\"447\">\n<li data-start=\"390\" data-end=\"408\">\n<p data-start=\"392\" data-end=\"408\">Motorola CP040<\/p>\n<\/li>\n<li data-start=\"409\" data-end=\"427\">\n<p data-start=\"411\" data-end=\"427\">Motorola CP140<\/p>\n<\/li>\n<li data-start=\"428\" data-end=\"447\">\n<p data-start=\"430\" data-end=\"447\">Motorola DP1400<\/p>\n<\/li>\n<\/ul>\n<p data-start=\"449\" data-end=\"466\"><strong data-start=\"449\" data-end=\"466\">Kutu \u0130\u00e7eri\u011fi:<\/strong><\/p>\n<ul data-start=\"467\" data-end=\"524\">\n<li data-start=\"467\" data-end=\"497\">\n<p data-start=\"469\" data-end=\"497\">1 adet \u015farj tablas\u0131 (slot)<\/p>\n<\/li>\n<li data-start=\"498\" data-end=\"524\">\n<p data-start=\"500\" data-end=\"524\">1 adet 220V AC adapt\u00f6r<\/p>\n<\/li>\n<\/ul>\n<p data-start=\"526\" data-end=\"551\"><strong data-start=\"526\" data-end=\"551\">\u00d6ne \u00c7\u0131kan \u00d6zellikler:<\/strong><\/p>\n<ul data-start=\"552\" data-end=\"690\">\n<li data-start=\"552\" data-end=\"578\">\n<p data-start=\"554\" data-end=\"578\">Tak-\u00e7al\u0131\u015ft\u0131r kolayl\u0131\u011f\u0131<\/p>\n<\/li>\n<li data-start=\"579\" data-end=\"602\">\n<p data-start=\"581\" data-end=\"602\">Dayan\u0131kl\u0131 d\u0131\u015f g\u00f6vde<\/p>\n<\/li>\n<li data-start=\"603\" data-end=\"640\">\n<p data-start=\"605\" data-end=\"640\">LED \u0131\u015f\u0131kl\u0131 \u015farj durumu g\u00f6stergesi<\/p>\n<\/li>\n<li data-start=\"641\" data-end=\"690\">\n<p data-start=\"643\" data-end=\"690\">\u0130\u015f yeri, depo ve saha kullan\u0131m\u0131 i\u00e7in idealdir<\/p>\n<\/li>\n<\/ul>\n<p data-start=\"692\" data-end=\"767\">Telsizlerinizi h\u0131zl\u0131 ve g\u00fcvenli \u015fekilde \u015farj etmek i\u00e7in ideal bir \u00e7\u00f6z\u00fcmd\u00fcr.<\/p>\n","protected":false},"excerpt":{"rendered":"<p>Motorola DP1400\/ CP040 \/ CP140 \u00a0 Telsiz Uyumlu \u015earj Tablas\u0131 Motorola&#8217;n\u0131n CP ve DP serisi telsizleri i\u00e7in \u00f6zel olarak \u00fcretilmi\u015f olan bu \u015farj tablas\u0131, telsizlerinizi h\u0131zl\u0131 ve g\u00fcvenli \u015fekilde \u015farj etmenizi sa\u011flar. Hem masa\u00fcst\u00fc kullan\u0131ma uygun olmas\u0131 hem de sa\u011flam yap\u0131s\u0131yla uzun \u00f6m\u00fcrl\u00fc bir kullan\u0131m sunar. Uyumlu Modeller: Motorola CP040 Motorola CP140 Motorola DP1400 Kutu [&hellip;]<\/p>\n","protected":false},"featured_media":4595,"template":"","meta":[],"product_brand":[70],"product_cat":[],"product_tag":[],"class_list":{"0":"post-4594","1":"product","2":"type-product","3":"status-publish","4":"has-post-thumbnail","6":"product_brand-motorola","8":"first","9":"instock","10":"shipping-taxable","11":"product-type-simple"},"_links":{"self":[{"href":"https:\/\/foxelektronik.com\/index.php\/wp-json\/wp\/v2\/product\/4594","targetHints":{"allow":["GET"]}}],"collection":[{"href":"https:\/\/foxelektronik.com\/index.php\/wp-json\/wp\/v2\/product"}],"about":[{"href":"https:\/\/foxelektronik.com\/index.php\/wp-json\/wp\/v2\/types\/product"}],"wp:featuredmedia":[{"embeddable":true,"href":"https:\/\/foxelektronik.com\/index.php\/wp-json\/wp\/v2\/media\/4595"}],"wp:attachment":[{"href":"https:\/\/foxelektronik.com\/index.php\/wp-json\/wp\/v2\/media?parent=4594"}],"wp:term":[{"taxonomy":"product_brand","embeddable":true,"href":"https:\/\/foxelektronik.com\/index.php\/wp-json\/wp\/v2\/product_brand?post=4594"},{"taxonomy":"product_cat","embeddable":true,"href":"https:\/\/foxelektronik.com\/index.php\/wp-json\/wp\/v2\/product_cat?post=4594"},{"taxonomy":"product_tag","embeddable":true,"href":"https:\/\/foxelektronik.com\/index.php\/wp-json\/wp\/v2\/product_tag?post=4594"}],"curies":[{"name":"wp","href":"https:\/\/api.w.org\/{rel}","templated":true}]}}